{"id":18234,"date":"2020-03-02T19:51:15","date_gmt":"2020-03-02T18:51:15","guid":{"rendered":"https:\/\/neocatechumenaleiter.org\/paroles-de-papes\/st-jean-paul-ii\/le-pape-jean-paul-ii-aux-psalmistes-des-communautes-neocatechumenales-a-langelus-dominical-21-mars-1982\/"},"modified":"2021-08-10T11:01:34","modified_gmt":"2021-08-10T10:01:34","slug":"le-pape-jean-paul-ii-aux-psalmistes-des-communautes-neocatechumenales-a-langelus-dominical-21-mars-1982","status":"publish","type":"page","link":"https:\/\/neocatechumenaleiter.org\/fr\/paroles-de-papes\/st-jean-paul-ii\/le-pape-jean-paul-ii-aux-psalmistes-des-communautes-neocatechumenales-a-langelus-dominical-21-mars-1982\/","title":{"rendered":"Le Pape Jean-Paul II aux psalmistes des Communaut\u00e9s N\u00e9ocat\u00e9chum\u00e9nales \u00e0 l&rsquo; \u00ab\u00a0Angelus\u00a0\u00bb dominical 21 mars 1982"},"content":{"rendered":"\n<h1 class=\"has-text-align-center wp-block-heading\">Le Pape Jean-Paul II aux psalmistes des Communaut\u00e9s N\u00e9ocat\u00e9chum\u00e9nales \u00e0 l&rsquo; \u00ab\u00a0Angelus\u00a0\u00bb dominical 21 mars 1982<\/h1>\n\n<div style=\"height:20px\" aria-hidden=\"true\" class=\"wp-block-spacer\"><\/div>\n\n<h4 class=\"has-text-align-center wp-block-heading\">Saint Jean-Paul II<\/h4>\n\n<div style=\"height:20px\" aria-hidden=\"true\" class=\"wp-block-spacer\"><\/div>\n\n<p><strong>Rome, 21 mars 1982 *<\/strong><\/p>\n\n<p><em>Nous rapportons une partie du discours prononc\u00e9 par le Saint-P\u00e8re avant l\u2019 \u00ab Angelus \u00bb dominical : \u00ab\u00a0<\/em><\/p>\n\n<p>Je voudrais revenir encore sur le th\u00e8me <em>La R\u00e9conciliation et la P\u00e9nitence dans la mission de l\u2019\u00c9glise<\/em>, th\u00e8me qui nous a accompagn\u00e9 tout au long du Car\u00eame, dans la perspective du Synode des \u00c9v\u00eaques actuellement en pr\u00e9paration. <br\/><br\/>&#13;\nLa r\u00e9conciliation premi\u00e8re et fondamentale avec Dieu, en J\u00e9sus Christ, et la premi\u00e8re conversion (c\u2019est-\u00e0-dire la p\u00e9nitence) s\u2019accomplissent dans le Sacrement du Bapt\u00eame. <br\/><br\/>&#13;\nDans le cas du Bapt\u00eame des adultes, cette premi\u00e8re conversion \u00e0 Dieu et la r\u00e9conciliation fondamentale avec Lui en Christ sont le fruit d\u2019une longue pr\u00e9paration : d\u2019une profonde initiation. Cette pr\u00e9paration &#8211; d\u00e8s les premiers si\u00e8cles de l\u2019\u00c9glise &#8211; s\u2019appelle cat\u00e9chum\u00e9nat. <br\/><br\/>&#13;\nLe <strong>Cat\u00e9chum\u00e9nat <\/strong>a toujours \u00e9t\u00e9 particuli\u00e8rement fort dans la p\u00e9riode du Car\u00eame. Cette tradition demeure encore vivante de nos jours o\u00f9 beaucoup de nouveau-n\u00e9s, au sein des familles chr\u00e9tiennes, re\u00e7oivent le sacrement du Bapt\u00eame. Mais, de nos jours aussi, le <strong>Car\u00eame doit servir <\/strong>\u2013 sinon \u00e0 la pr\u00e9paration de la premi\u00e8re conversion au moyen du <strong>Bapt\u00eame <\/strong>&#8211; <strong>au moins \u00e0 son approfondissement et \u00e0 son renouvellement<\/strong>. Et combien de fois ne doit-il pas servir \u00e0 une nouvelle conversion et r\u00e9conciliation avec Dieu dans le sacrement de la P\u00e9nitence ! &#13;\n<\/p>\n\n<div class=\"wp-block-image\"><figure class=\"alignleft size-medium\"><img loading=\"lazy\" decoding=\"async\" width=\"245\" height=\"300\" src=\"https:\/\/neocatechumenaleiter.org\/wp-content\/uploads\/2020\/03\/Camino_Neocatecumenal_Juan_Pablo_II_encuentro_salmistas_1982-245x300.jpg\" alt=\"\" class=\"wp-image-1668\" srcset=\"https:\/\/neocatechumenaleiter.org\/wp-content\/uploads\/2020\/03\/Camino_Neocatecumenal_Juan_Pablo_II_encuentro_salmistas_1982-245x300.jpg 245w, https:\/\/neocatechumenaleiter.org\/wp-content\/uploads\/2020\/03\/Camino_Neocatecumenal_Juan_Pablo_II_encuentro_salmistas_1982.jpg 563w\" sizes=\"auto, (max-width: 245px) 100vw, 245px\" \/><\/figure><\/div>\n\n<p>C\u2019est pourquoi, la cat\u00e9ch\u00e8se de l\u2019\u00c9glise s\u2019intensifie particuli\u00e8rement pendant cette p\u00e9riode du Car\u00eame, de diverses mani\u00e8res (en paroisse, en groupe ou par des exercices spirituels individuels, ou dans des retraites). <\/p>\n\n<p>La cat\u00e9ch\u00e8se est aussi le meilleur moyen pour r\u00e9fl\u00e9chir sur le probl\u00e8me m\u00eame de la r\u00e9conciliation et de la p\u00e9nitence dans la mission de l\u2019\u00c9glise, comme l\u2019attend de nous le Synode des \u00c9v\u00eaques. <br\/><br\/>&#13;\nNous recommandons \u00e0 Dieu ce travail de Car\u00eame de l\u2019\u00c9glise, par l\u2019intercession de la M\u00e8re du Verbe Incarn\u00e9\u2026 <br\/><br\/>&#13;\nJ\u2019adresse un salut cordial aux psalmistes des Communaut\u00e9s N\u00e9ocat\u00e9chum\u00e9nales, venus \u00e0 Rome pour une r\u00e9union de pr\u00e9paration \u00e0 la liturgie du triduum Pascal.<\/p>\n\n<p>Bien-aim\u00e9s, que <strong>le myst\u00e8re du Christ ressuscit\u00e9<\/strong>, que vous vous appr\u00eatez \u00e0 c\u00e9l\u00e9brer par vos chants, soit aussi c\u00e9l\u00e9br\u00e9 par votre vie, de sorte que par l\u2019accord harmonieux des paroles et des actes, soit exalt\u00e9 face au monde Celui qui \u00ab <strong>en mourant a d\u00e9truit la mort et en ressuscitant nous a rendu la vie <\/strong>\u00bb. <\/p>\n\n<p>\u00c0 vous tous et \u00e0 vos proches je donne ma b\u00e9n\u00e9diction apostolique. &#13;\n <br\/><br\/><em>&#13;\n(*) Cf. \u00ab L&rsquo;Osservatore Romano \u00bb, 22-23 mars 1982.&#13;\n<\/em><\/p>\n","protected":false},"excerpt":{"rendered":"<p>Le Pape Jean-Paul II aux psalmistes des Communaut\u00e9s N\u00e9ocat\u00e9chum\u00e9nales \u00e0 l&rsquo; \u00ab\u00a0Angelus\u00a0\u00bb dominical 21 mars 1982 Saint Jean-Paul II Rome, 21 mars 1982 * Nous rapportons une partie du discours prononc\u00e9 par le Saint-P\u00e8re avant l\u2019 \u00ab Angelus \u00bb dominical : \u00ab\u00a0 Je voudrais revenir encore sur le th\u00e8me La R\u00e9conciliation et la P\u00e9nitence dans la mission de l\u2019\u00c9glise, th\u00e8me qui nous a accompagn\u00e9 tout au long du Car\u00eame, dans<\/p>\n<div class=\"read-more\"><a class=\"btn read-more-btn\" href=\"https:\/\/neocatechumenaleiter.org\/fr\/paroles-de-papes\/st-jean-paul-ii\/le-pape-jean-paul-ii-aux-psalmistes-des-communautes-neocatechumenales-a-langelus-dominical-21-mars-1982\/\">En savoir plus<\/a><\/div>\n","protected":false},"author":2,"featured_media":0,"parent":5064,"menu_order":15,"comment_status":"closed","ping_status":"closed","template":"","meta":{"footnotes":""},"class_list":["post-18234","page","type-page","status-publish","hentry"],"_links":{"self":[{"href":"https:\/\/neocatechumenaleiter.org\/fr\/wp-json\/wp\/v2\/pages\/18234","targetHints":{"allow":["GET"]}}],"collection":[{"href":"https:\/\/neocatechumenaleiter.org\/fr\/wp-json\/wp\/v2\/pages"}],"about":[{"href":"https:\/\/neocatechumenaleiter.org\/fr\/wp-json\/wp\/v2\/types\/page"}],"author":[{"embeddable":true,"href":"https:\/\/neocatechumenaleiter.org\/fr\/wp-json\/wp\/v2\/users\/2"}],"replies":[{"embeddable":true,"href":"https:\/\/neocatechumenaleiter.org\/fr\/wp-json\/wp\/v2\/comments?post=18234"}],"version-history":[{"count":4,"href":"https:\/\/neocatechumenaleiter.org\/fr\/wp-json\/wp\/v2\/pages\/18234\/revisions"}],"predecessor-version":[{"id":24065,"href":"https:\/\/neocatechumenaleiter.org\/fr\/wp-json\/wp\/v2\/pages\/18234\/revisions\/24065"}],"up":[{"embeddable":true,"href":"https:\/\/neocatechumenaleiter.org\/fr\/wp-json\/wp\/v2\/pages\/5064"}],"wp:attachment":[{"href":"https:\/\/neocatechumenaleiter.org\/fr\/wp-json\/wp\/v2\/media?parent=18234"}],"curies":[{"name":"wp","href":"https:\/\/api.w.org\/{rel}","templated":true}]}}