{"id":18238,"date":"2020-03-02T03:32:17","date_gmt":"2020-03-02T02:32:17","guid":{"rendered":"https:\/\/neocatechumenaleiter.org\/paroles-de-papes\/st-jean-paul-ii\/visite-a-la-paroisse-sainte-francoise-romaine-28-novembre-1981\/"},"modified":"2021-08-10T11:01:17","modified_gmt":"2021-08-10T10:01:17","slug":"visite-a-la-paroisse-sainte-francoise-romaine-28-novembre-1981","status":"publish","type":"page","link":"https:\/\/neocatechumenaleiter.org\/fr\/paroles-de-papes\/st-jean-paul-ii\/visite-a-la-paroisse-sainte-francoise-romaine-28-novembre-1981\/","title":{"rendered":"Visite \u00e0 la paroisse Sainte Fran\u00e7oise Romaine 28 novembre 1981"},"content":{"rendered":"\n<h1 class=\"has-text-align-center wp-block-heading\">Visite \u00e0 la paroisse Sainte Fran\u00e7oise Romaine 28 novembre 1981<\/h1>\n\n<div style=\"height:20px\" aria-hidden=\"true\" class=\"wp-block-spacer\"><\/div>\n\n<h4 class=\"has-text-align-center wp-block-heading\">Saint Jean-Paul II<\/h4>\n\n<div style=\"height:20px\" aria-hidden=\"true\" class=\"wp-block-spacer\"><\/div>\n\n<p><strong>Rome, 28 novembre 1981 *<\/strong><\/p>\n\n<p><em>R\u00e9unis dans une salle, tous les groupes d\u2019adultes actifs dans la paroisse \u00e9taient repr\u00e9sent\u00e9s : le Tiers-Ordre Franciscain, l\u2019Apostolat de la Pri\u00e8re, le groupe Saint Vincent-de-Paul, le groupe d\u2019entraide, le groupe N\u00e9ocat\u00e9chum\u00e9nal. Le Saint P\u00e8re leur a adress\u00e9 une br\u00e8ve r\u00e9flexion spirituelle : <\/em><\/p>\n\n<p>Les divers groupes spirituels r\u00e9pondent aux diff\u00e9rents charismes. Charisme Franciscain, charisme du Tiers Ordre, charisme de Saint Vincent pour le groupe caritatif et ensuite le <strong>charisme N\u00e9ocat\u00e9chum\u00e9nal<\/strong>. Comme Saint Paul l\u2019enseignait, <strong>ces charismes constituent un corps spirituel<\/strong>. Les charismes divers font partie du corps spirituel et tirent leur caract\u00e9ristique de l\u2019Esprit. <br\/><br\/>&#13;\nLes charismes sont divers comme les cellules du corps physique, mais l\u2019unique Esprit les fait vivre de la m\u00eame vie. Je souhaite que la parole de Saint Paul soit votre enseignement, votre but dans cette paroisse, et soit pour vous source de paix et de progr\u00e8s spirituel. <br\/><br\/><em>&#13;\n (*) Cf. \u00ab L&rsquo;Osservatore Romano \u00bb, 30 novembre \u2013 1er d\u00e9cembre 1981. &#13;\n<\/em><\/p>\n","protected":false},"excerpt":{"rendered":"<p>Visite \u00e0 la paroisse Sainte Fran\u00e7oise Romaine 28 novembre 1981 Saint Jean-Paul II Rome, 28 novembre 1981 * R\u00e9unis dans une salle, tous les groupes d\u2019adultes actifs dans la paroisse \u00e9taient repr\u00e9sent\u00e9s : le Tiers-Ordre Franciscain, l\u2019Apostolat de la Pri\u00e8re, le groupe Saint Vincent-de-Paul, le groupe d\u2019entraide, le groupe N\u00e9ocat\u00e9chum\u00e9nal. Le Saint P\u00e8re leur a adress\u00e9 une br\u00e8ve r\u00e9flexion spirituelle : Les divers groupes spirituels r\u00e9pondent aux diff\u00e9rents charismes. Charisme<\/p>\n<div class=\"read-more\"><a class=\"btn read-more-btn\" href=\"https:\/\/neocatechumenaleiter.org\/fr\/paroles-de-papes\/st-jean-paul-ii\/visite-a-la-paroisse-sainte-francoise-romaine-28-novembre-1981\/\">En savoir plus<\/a><\/div>\n","protected":false},"author":2,"featured_media":0,"parent":5064,"menu_order":10,"comment_status":"closed","ping_status":"closed","template":"","meta":{"footnotes":""},"class_list":["post-18238","page","type-page","status-publish","hentry"],"_links":{"self":[{"href":"https:\/\/neocatechumenaleiter.org\/fr\/wp-json\/wp\/v2\/pages\/18238","targetHints":{"allow":["GET"]}}],"collection":[{"href":"https:\/\/neocatechumenaleiter.org\/fr\/wp-json\/wp\/v2\/pages"}],"about":[{"href":"https:\/\/neocatechumenaleiter.org\/fr\/wp-json\/wp\/v2\/types\/page"}],"author":[{"embeddable":true,"href":"https:\/\/neocatechumenaleiter.org\/fr\/wp-json\/wp\/v2\/users\/2"}],"replies":[{"embeddable":true,"href":"https:\/\/neocatechumenaleiter.org\/fr\/wp-json\/wp\/v2\/comments?post=18238"}],"version-history":[{"count":2,"href":"https:\/\/neocatechumenaleiter.org\/fr\/wp-json\/wp\/v2\/pages\/18238\/revisions"}],"predecessor-version":[{"id":24036,"href":"https:\/\/neocatechumenaleiter.org\/fr\/wp-json\/wp\/v2\/pages\/18238\/revisions\/24036"}],"up":[{"embeddable":true,"href":"https:\/\/neocatechumenaleiter.org\/fr\/wp-json\/wp\/v2\/pages\/5064"}],"wp:attachment":[{"href":"https:\/\/neocatechumenaleiter.org\/fr\/wp-json\/wp\/v2\/media?parent=18238"}],"curies":[{"name":"wp","href":"https:\/\/api.w.org\/{rel}","templated":true}]}}