{"id":18240,"date":"2020-03-02T03:30:33","date_gmt":"2020-03-02T02:30:33","guid":{"rendered":"https:\/\/neocatechumenaleiter.org\/paroles-de-papes\/st-jean-paul-ii\/le-pape-jean-paul-ii-aux-psalmistes-des-communautes-neocatechumenales-san-damaso-31-mars-1981\/"},"modified":"2021-08-10T11:01:11","modified_gmt":"2021-08-10T10:01:11","slug":"le-pape-jean-paul-ii-aux-psalmistes-des-communautes-neocatechumenales-san-damaso-31-mars-1981","status":"publish","type":"page","link":"https:\/\/neocatechumenaleiter.org\/fr\/paroles-de-papes\/st-jean-paul-ii\/le-pape-jean-paul-ii-aux-psalmistes-des-communautes-neocatechumenales-san-damaso-31-mars-1981\/","title":{"rendered":"Le Pape Jean-Paul II aux psalmistes des Communaut\u00e9s N\u00e9ocat\u00e9chum\u00e9nales San Damaso 31 mars 1981"},"content":{"rendered":"\n<h1 class=\"has-text-align-center wp-block-heading\">Le Pape Jean-Paul II aux psalmistes des Communaut\u00e9s N\u00e9ocat\u00e9chum\u00e9nales San Damaso 31 mars 1981<\/h1>\n\n<div style=\"height:20px\" aria-hidden=\"true\" class=\"wp-block-spacer\"><\/div>\n\n<h4 class=\"has-text-align-center wp-block-heading\">Saint Jean-Paul II<\/h4>\n\n<div style=\"height:20px\" aria-hidden=\"true\" class=\"wp-block-spacer\"><\/div>\n\n<p><strong>Cit\u00e9 du Vatican \u2013 Cour San Damaso, 31 mars 1981 *<\/strong><\/p>\n\n<p><em>Plus de 3000 chanteurs-psalmistes issus de nombreuses Communaut\u00e9s N\u00e9ocat\u00e9chum\u00e9nales italiennes ont conclu hier soir, en pr\u00e9sence du Saint-P\u00e8re dans la cour Saint Damase, leur journ\u00e9e de rassemblement national pour pr\u00e9parer les chants de la Veill\u00e9e Pascale. <\/em><\/p>\n\n<div class=\"wp-block-image\"><figure class=\"alignright size-large\"><img loading=\"lazy\" decoding=\"async\" width=\"690\" height=\"553\" src=\"https:\/\/neocatechumenaleiter.org\/wp-content\/uploads\/2020\/03\/Camino_Neocatecumenal_Juan_Pablo_II_encuentro_salmistas_1981.jpg\" alt=\"\" class=\"wp-image-1527\" srcset=\"https:\/\/neocatechumenaleiter.org\/wp-content\/uploads\/2020\/03\/Camino_Neocatecumenal_Juan_Pablo_II_encuentro_salmistas_1981.jpg 690w, https:\/\/neocatechumenaleiter.org\/wp-content\/uploads\/2020\/03\/Camino_Neocatecumenal_Juan_Pablo_II_encuentro_salmistas_1981-300x240.jpg 300w\" sizes=\"auto, (max-width: 690px) 100vw, 690px\" \/><\/figure><\/div>\n\n<p><em>Les chanteurs, r\u00e9unis pendant toute la journ\u00e9e d\u2019hier dans un th\u00e9\u00e2tre de Rome, ont souhait\u00e9 cette rencontre avec le Pape pour lui offrir, \u00e0 travers le chant, le signe d\u2019un t\u00e9moignage chr\u00e9tien et le sens de leur engagement. Dans les Communaut\u00e9s N\u00e9ocat\u00e9chum\u00e9nales, plus de 2000 dans toute l\u2019Italie, le chanteur-psalmiste est celui qui, m\u00eame si il n\u2019a pas un don particulier pour le chant ou une sensibilit\u00e9 musicale marqu\u00e9e, arrive n\u00e9anmoins \u00e0 interpr\u00e9ter le chant comme une pri\u00e8re et r\u00e9ussit \u00e0 transmettre aux autres le sens du chant-pri\u00e8re. Hier soir, guid\u00e9s par Kiko Arg\u00fcello, l\u2019animateur des Communaut\u00e9s N\u00e9ocat\u00e9chum\u00e9nales, ils ont offert au Saint-P\u00e8re le fruit de leur intense travail de pr\u00e9paration ex\u00e9cutant quelques psaumes r\u00e9adapt\u00e9s dans un style plus moderne et quelques chants significatifs gr\u00e2ce auxquels durant la Veill\u00e9e pascale ils feront vivre \u00e0 leurs fr\u00e8res de communaut\u00e9s la v\u00e9ritable attente de la R\u00e9surrection. En ce sens, le chant interpr\u00e9t\u00e9 hier soir pour le Pape par un groupe d\u2019enfants appartenant \u00e0 quatre Communaut\u00e9s N\u00e9ocat\u00e9chum\u00e9nales de Rome \u00e9tait un exemple significatif. <\/em><\/p>\n\n<p><em>\u00ab Pourquoi \u2013 se sont demand\u00e9 ces enfants dont l\u2019\u00e2ge oscillait entre quatre et six ans \u2013 cette nuit est diff\u00e9rente ? \u00bb. \u00ab Pourquoi toutes les autres nuits nous allons au lit tr\u00e8s t\u00f4t, apr\u00e8s avoir d\u00een\u00e9, et cette nuit nous veillons tard et nous n\u2019avons m\u00eame pas d\u00een\u00e9 ? \u00bb \u00ab Pourquoi toutes les autres nuits nous n\u2019attendons personne et cette nuit nous attendons quelqu\u2019un ? \u00bb. \u00ab En quoi cette nuit est-elle diff\u00e9rente de toutes les autres nuits ? \u00bb. Alors c\u2019est toute la communaut\u00e9 qui leur r\u00e9pond en chantant la joie de la R\u00e9surrection. <\/em><\/p>\n\n<p><em>Kiko a expliqu\u00e9 au Saint P\u00e8re : \u00ab Ainsi nous vivrons notre P\u00e2que aux c\u00f4t\u00e9s de nos fr\u00e8res et de nos enfants \u00bb.<\/em><\/p>\n\n<p><em>Apr\u00e8s les chants, le Saint P\u00e8re a remerci\u00e9 les psalmistes pour cette rencontre si fortement souhait\u00e9e, et pour le t\u00e9moignage qu\u2019ils \u00e9taient venus lui rendre avec leurs chants : <\/em><\/p>\n\n<p>L\u2019\u00c9glise \u2013 <em>a par ailleurs dit ensuite le Saint P\u00e8re<\/em> \u2013 se pr\u00e9pare pendant tout le temps du Car\u00eame \u00e0 c\u00e9l\u00e9brer la nuit pascale du Seigneur, sa R\u00e9surrection. Elle le fait pour que le Seigneur trouve nos c\u0153urs pr\u00e9par\u00e9s, m\u00fbrs, m\u00fbrs pour son myst\u00e8re, m\u00fbrs pour son amour. C\u2019est sans aucun doute par le <strong>t\u00e9moignage de la Parole de Dieu et avec des gestes d\u2019amour que nous devons m\u00fbrir en vue de cette nuit et de cet amour d\u00e9finitif qui nous a \u00e9t\u00e9 r\u00e9v\u00e9l\u00e9 dans la nuit pascale.<\/strong> Ainsi je vous souhaite de bien vous pr\u00e9parer \u00e0 ce grand myst\u00e8re qui est au centre de notre foi, et qui est aussi au centre de l\u2019histoire de l\u2019homme et du cosmos. <br\/><brs>&#13;\nJe vous ai rencontr\u00e9s d\u00e9j\u00e0 plusieurs fois, dans diff\u00e9rentes paroisses de Rome et j\u2019esp\u00e8re que dans ces paroisses vous collaborez avec les cur\u00e9s et les \u00e9v\u00eaques des secteurs du dioc\u00e8se de Rome, avec le cardinal Vicaire, parce que c\u2019est ainsi que vous confirmez aussi votre enthousiasme pascal. <strong>La P\u00e2que, c\u2019est le jour de l\u2019\u00c9glise<\/strong>. C\u2019est dans l\u2019\u00c9glise, dans son ensemble, dans sa vie, que nous devons chercher un espace, l\u2019espace authentique de notre enthousiasme religieux et de notre apostolat. <br\/><br\/>&#13;\nJe voudrais vous remercier pour votre visite, pour tous ces chants religieux si beaux, et que vous avez chant\u00e9s avec beaucoup de force, avec beaucoup d\u2019enthousiasme. Je vous remercie pour cette belle visite et je vous b\u00e9nis tous ; je b\u00e9nis vos familles et vos enfants, ceux aussi qui ce soir ont particip\u00e9 de mani\u00e8re sp\u00e9ciale et tr\u00e8s belle. &#13;\n<\/brs><\/p>\n\n<p>Je voudrais dire un mot en particulier \u00e0 tous les souffrants qui vous sont proches. Transmettez-leur \u00e0 tous cette parole et ce souvenir du Pape, parce que spirituellement ils me sont toujours tr\u00e8s proches, puisqu\u2019ils participent de fa\u00e7on toute particuli\u00e8re \u00e0 la passion de notre Seigneur J\u00e9sus Christ, et ainsi participant au myst\u00e8re de sa passion, ils nous pr\u00e9parent \u00e0 sa P\u00e2que. <br\/><br\/>&#13;\nPour finir, je veux vous b\u00e9nir en b\u00e9nissant aussi toutes les personnes qui vous sont ch\u00e8res, \u00e0 Rome et aussi dans toutes les autres villes d\u2019Italie et hors d\u2019Italie. <br\/><br\/><em>&#13;\n (*) Cf. \u00ab L&rsquo;Osservatore Romano \u00bb, 2 avril 1981. &#13;\n<\/em><\/p>\n","protected":false},"excerpt":{"rendered":"<p>Le Pape Jean-Paul II aux psalmistes des Communaut\u00e9s N\u00e9ocat\u00e9chum\u00e9nales San Damaso 31 mars 1981 Saint Jean-Paul II Cit\u00e9 du Vatican \u2013 Cour San Damaso, 31 mars 1981 * Plus de 3000 chanteurs-psalmistes issus de nombreuses Communaut\u00e9s N\u00e9ocat\u00e9chum\u00e9nales italiennes ont conclu hier soir, en pr\u00e9sence du Saint-P\u00e8re dans la cour Saint Damase, leur journ\u00e9e de rassemblement national pour pr\u00e9parer les chants de la Veill\u00e9e Pascale. Les chanteurs, r\u00e9unis pendant toute la<\/p>\n<div class=\"read-more\"><a class=\"btn read-more-btn\" href=\"https:\/\/neocatechumenaleiter.org\/fr\/paroles-de-papes\/st-jean-paul-ii\/le-pape-jean-paul-ii-aux-psalmistes-des-communautes-neocatechumenales-san-damaso-31-mars-1981\/\">En savoir plus<\/a><\/div>\n","protected":false},"author":2,"featured_media":0,"parent":5064,"menu_order":9,"comment_status":"closed","ping_status":"closed","template":"","meta":{"footnotes":""},"class_list":["post-18240","page","type-page","status-publish","hentry"],"_links":{"self":[{"href":"https:\/\/neocatechumenaleiter.org\/fr\/wp-json\/wp\/v2\/pages\/18240","targetHints":{"allow":["GET"]}}],"collection":[{"href":"https:\/\/neocatechumenaleiter.org\/fr\/wp-json\/wp\/v2\/pages"}],"about":[{"href":"https:\/\/neocatechumenaleiter.org\/fr\/wp-json\/wp\/v2\/types\/page"}],"author":[{"embeddable":true,"href":"https:\/\/neocatechumenaleiter.org\/fr\/wp-json\/wp\/v2\/users\/2"}],"replies":[{"embeddable":true,"href":"https:\/\/neocatechumenaleiter.org\/fr\/wp-json\/wp\/v2\/comments?post=18240"}],"version-history":[{"count":2,"href":"https:\/\/neocatechumenaleiter.org\/fr\/wp-json\/wp\/v2\/pages\/18240\/revisions"}],"predecessor-version":[{"id":24026,"href":"https:\/\/neocatechumenaleiter.org\/fr\/wp-json\/wp\/v2\/pages\/18240\/revisions\/24026"}],"up":[{"embeddable":true,"href":"https:\/\/neocatechumenaleiter.org\/fr\/wp-json\/wp\/v2\/pages\/5064"}],"wp:attachment":[{"href":"https:\/\/neocatechumenaleiter.org\/fr\/wp-json\/wp\/v2\/media?parent=18240"}],"curies":[{"name":"wp","href":"https:\/\/api.w.org\/{rel}","templated":true}]}}