{"id":18242,"date":"2020-03-02T02:22:10","date_gmt":"2020-03-02T01:22:10","guid":{"rendered":"https:\/\/neocatechumenaleiter.org\/paroles-de-papes\/st-jean-paul-ii\/visite-du-pape-jean-paul-ii-a-la-paroisse-de-la-nativite-de-notre-seigneur-jesus-christ-14-decembre-1980\/"},"modified":"2021-08-10T11:01:00","modified_gmt":"2021-08-10T10:01:00","slug":"visite-du-pape-jean-paul-ii-a-la-paroisse-de-la-nativite-de-notre-seigneur-jesus-christ-14-decembre-1980","status":"publish","type":"page","link":"https:\/\/neocatechumenaleiter.org\/fr\/paroles-de-papes\/st-jean-paul-ii\/visite-du-pape-jean-paul-ii-a-la-paroisse-de-la-nativite-de-notre-seigneur-jesus-christ-14-decembre-1980\/","title":{"rendered":"Visite du Pape Jean-Paul II \u00e0 la paroisse de la Nativit\u00e9 de Notre Seigneur J\u00e9sus-Christ 14 d\u00e9cembre 1980"},"content":{"rendered":"\n<h1 class=\"has-text-align-center wp-block-heading\">Visite du Pape Jean-Paul II \u00e0 la paroisse de la Nativit\u00e9 de Notre Seigneur J\u00e9sus-Christ 14 d\u00e9cembre 1980<\/h1>\n\n<div style=\"height:20px\" aria-hidden=\"true\" class=\"wp-block-spacer\"><\/div>\n\n<h4 class=\"has-text-align-center wp-block-heading\">Saint Jean-Paul II<\/h4>\n\n<div style=\"height:20px\" aria-hidden=\"true\" class=\"wp-block-spacer\"><\/div>\n\n<p><strong>Rome, 14 d\u00e9cembre 1980 * <\/strong><\/p>\n\n<p><em>Sorti de la salle o\u00f9 \u00e9taient r\u00e9unis les cat\u00e9chistes, le Saint P\u00e8re est descendu par un escalier raide qui d\u00e9bouchait dans une chapelle souterraine r\u00e9cemment repeinte en blanc et orn\u00e9e seulement d\u2019une grande croix de fer forg\u00e9. C\u2019est le lieu de rencontre des quatre Communaut\u00e9s N\u00e9ocat\u00e9chum\u00e9nales qui sont en train de parcourir ce qu\u2019elles appellent \u00ab le Chemin \u00bb au sein de la paroisse de la Nativit\u00e9. Elles ont accueilli le Pape chantant et  battant des mains. Kiko, l\u2019initiateur de ces communaut\u00e9s, a salu\u00e9 le Pape au nom de tous. <br\/><br\/>&#13;\n\u00c0 la fin des chants, le Saint P\u00e8re a voulu rappeler les nombreuses rencontres qu\u2019il avait d\u00e9j\u00e0 eues avec ces communaut\u00e9s, dans presque toutes les paroisses qu\u2019il a visit\u00e9es. Voici ce qu\u2019a dit le Pape : &#13;\n<\/em><\/p>\n\n<div class=\"wp-block-image\"><figure class=\"alignright size-large\"><img loading=\"lazy\" decoding=\"async\" width=\"273\" height=\"404\" src=\"https:\/\/neocatechumenaleiter.org\/wp-content\/uploads\/2020\/03\/Camino_Neocatecumenal_Juan_Pablo_II_visita_parroquia_Natividad_1980.jpg\" alt=\"\" class=\"wp-image-1505\" srcset=\"https:\/\/neocatechumenaleiter.org\/wp-content\/uploads\/2020\/03\/Camino_Neocatecumenal_Juan_Pablo_II_visita_parroquia_Natividad_1980.jpg 273w, https:\/\/neocatechumenaleiter.org\/wp-content\/uploads\/2020\/03\/Camino_Neocatecumenal_Juan_Pablo_II_visita_parroquia_Natividad_1980-203x300.jpg 203w\" sizes=\"auto, (max-width: 273px) 100vw, 273px\" \/><\/figure><\/div>\n\n<p>Nous nous sommes rencontr\u00e9s plusieurs fois dans diff\u00e9rentes paroisses de Rome. La derni\u00e8re fois, c\u2019\u00e9tait dans la paroisse des Saints Martyrs Canadiens. En venant ici, j\u2019ai rencontr\u00e9 beaucoup d\u2019enfants et je les ai embrass\u00e9s, et ceci m\u2019a fait imm\u00e9diatement r\u00e9fl\u00e9chir sur les paroles du Seigneur, lorsqu\u2019il dit que nous devons tous devenir comme des enfants ; m\u00eame si nous avons cinquante ou soixante ans comme moi, ou plus, nous devons \u00eatre comme des enfants. Il s\u2019agit pr\u00e9cis\u00e9ment de la r\u00e9alit\u00e9 surnaturelle de filiation, celle qui s\u2019enracine, qui commence en nous au moment du Bapt\u00eame. <strong>Vous \u00eates, comme n\u00e9ocat\u00e9chum\u00e8nes, dans votre spiritualit\u00e9, centr\u00e9s sur le myst\u00e8re du Bapt\u00eame ; vous devez vivre profond\u00e9ment le myst\u00e8re de la filiation divine, \u00eatre des fils de Dieu<\/strong> et vivre tout ce qui rel\u00e8ve de cette r\u00e9alit\u00e9 qui constitue le vrai dynamisme de la filiation divine. <\/p>\n\n<p>C\u2019est essentiellement  ce que je voulais vous dire ; mais je le dis \u00e0 vous de fa\u00e7on particuli\u00e8re parce que vous \u00eates paroissiens de cette paroisse de la Nativit\u00e9 o\u00f9 le myst\u00e8re du Fils de Dieu fait homme est au centre de la vie communautaire, et aussi parce que la F\u00eate de No\u00ebl est proche. Je vous souhaite de toujours cheminer et progresser dans cette r\u00e9alit\u00e9 int\u00e9rieure et surnaturelle qui est la r\u00e9alit\u00e9 de la Gr\u00e2ce, de la Gr\u00e2ce des fils adoptifs de Dieu, rendus semblables \u00e0 son Fils unique, lui qui s\u2019est fait homme pour s\u2019approcher de nous et nous rendre semblables \u00e0 Lui. <br\/><br\/><em>&#13;\nKiko a pr\u00e9sent\u00e9 ensuite au Pape quelques cat\u00e9chistes itin\u00e9rants qui, issus de la paroisse de la Nativit\u00e9 et form\u00e9s en son sein, sont en train de porter maintenant leur t\u00e9moignage dans divers pays du monde. Parmi eux, un jeune pr\u00eatre, juste de retour d\u2019Am\u00e9rique Latine, a voulu exposer au Pape la gravit\u00e9 de la situation \u00e0 laquelle missionnaires et cat\u00e9chistes sont confront\u00e9s particuli\u00e8rement en Am\u00e9rique Centrale et en Am\u00e9rique du Sud. <\/em><br\/><br\/>&#13;\nNous avons besoin &#8211; <em>a dit ce pr\u00eatre<\/em> \u2013 d\u2019\u00eatre encourag\u00e9s, Saint-P\u00e8re, parce que la situation que l\u2019Am\u00e9rique Centrale est en train de vivre est tr\u00e8s difficile. Nous sommes arriv\u00e9s ici nous demandant, comme Saint Paul, si nous ne courrons pas en vain, parce que nous sommes dans une situation telle que nous ne savons pas si l\u2019\u00c9glise est celle de la r\u00e9volution, comme nous le disent beaucoup l\u00e0-bas, ou celle qui annonce J\u00e9sus Christ. &#13;\n<\/p>\n\n<p><em>Le Saint P\u00e8re a donn\u00e9 au pr\u00eatre, d\u2019une voix forte et claire, la r\u00e9ponse suivante : <\/em><\/p>\n\n<p><strong>Annoncez seulement le Christ ! <\/strong><\/p>\n\n<p>Je te donne tout de suite la r\u00e9ponse : <strong>annoncez J\u00e9sus-Christ ! Et seulement le Christ. <\/strong><em>(Un tonnerre d\u2019applaudissements est venu appuyer les paroles du Pape).<\/em> Je peux ajouter \u2013 <em>a ensuite poursuivi le Saint P\u00e8re<\/em> \u2013 qu\u2019il ne s\u2019\u00e9coule pas un seul jour sans que je prie pour ces pays, surtout pour ceux qui sont les plus tourment\u00e9s, et que je suis avec amour et confiance. Vous devez savoir \u2013 <em>a conclu le Pape apr\u00e8s un instant de silence<\/em> \u2013 qu\u2019il y a aussi l\u00e0-bas une M\u00e8re tr\u00e8s forte ! <br\/><br\/><em>&#13;\n (*) Cf. \u00ab L&rsquo;Osservatore Romano \u00bb, 15-16 d\u00e9cembre 1980&#13;\n<\/em><\/p>\n","protected":false},"excerpt":{"rendered":"<p>Visite du Pape Jean-Paul II \u00e0 la paroisse de la Nativit\u00e9 de Notre Seigneur J\u00e9sus-Christ 14 d\u00e9cembre 1980 Saint Jean-Paul II Rome, 14 d\u00e9cembre 1980 * Sorti de la salle o\u00f9 \u00e9taient r\u00e9unis les cat\u00e9chistes, le Saint P\u00e8re est descendu par un escalier raide qui d\u00e9bouchait dans une chapelle souterraine r\u00e9cemment repeinte en blanc et orn\u00e9e seulement d\u2019une grande croix de fer forg\u00e9. C\u2019est le lieu de rencontre des quatre<\/p>\n<div class=\"read-more\"><a class=\"btn read-more-btn\" href=\"https:\/\/neocatechumenaleiter.org\/fr\/paroles-de-papes\/st-jean-paul-ii\/visite-du-pape-jean-paul-ii-a-la-paroisse-de-la-nativite-de-notre-seigneur-jesus-christ-14-decembre-1980\/\">En savoir plus<\/a><\/div>\n","protected":false},"author":2,"featured_media":0,"parent":5064,"menu_order":8,"comment_status":"closed","ping_status":"closed","template":"","meta":{"footnotes":""},"class_list":["post-18242","page","type-page","status-publish","hentry"],"_links":{"self":[{"href":"https:\/\/neocatechumenaleiter.org\/fr\/wp-json\/wp\/v2\/pages\/18242","targetHints":{"allow":["GET"]}}],"collection":[{"href":"https:\/\/neocatechumenaleiter.org\/fr\/wp-json\/wp\/v2\/pages"}],"about":[{"href":"https:\/\/neocatechumenaleiter.org\/fr\/wp-json\/wp\/v2\/types\/page"}],"author":[{"embeddable":true,"href":"https:\/\/neocatechumenaleiter.org\/fr\/wp-json\/wp\/v2\/users\/2"}],"replies":[{"embeddable":true,"href":"https:\/\/neocatechumenaleiter.org\/fr\/wp-json\/wp\/v2\/comments?post=18242"}],"version-history":[{"count":4,"href":"https:\/\/neocatechumenaleiter.org\/fr\/wp-json\/wp\/v2\/pages\/18242\/revisions"}],"predecessor-version":[{"id":24008,"href":"https:\/\/neocatechumenaleiter.org\/fr\/wp-json\/wp\/v2\/pages\/18242\/revisions\/24008"}],"up":[{"embeddable":true,"href":"https:\/\/neocatechumenaleiter.org\/fr\/wp-json\/wp\/v2\/pages\/5064"}],"wp:attachment":[{"href":"https:\/\/neocatechumenaleiter.org\/fr\/wp-json\/wp\/v2\/media?parent=18242"}],"curies":[{"name":"wp","href":"https:\/\/api.w.org\/{rel}","templated":true}]}}