{"id":18246,"date":"2020-10-07T18:56:44","date_gmt":"2020-10-07T17:56:44","guid":{"rendered":"https:\/\/neocatechumenaleiter.org\/paroles-de-papes\/st-jean-paul-ii\/le-pape-jean-paul-ii-aux-catechistes-itinerants-du-chemin-neocatechumenal-29-septembre-1979\/"},"modified":"2020-10-07T18:56:45","modified_gmt":"2020-10-07T17:56:45","slug":"le-pape-jean-paul-ii-aux-catechistes-itinerants-du-chemin-neocatechumenal-29-septembre-1979","status":"publish","type":"page","link":"https:\/\/neocatechumenaleiter.org\/fr\/paroles-de-papes\/st-jean-paul-ii\/le-pape-jean-paul-ii-aux-catechistes-itinerants-du-chemin-neocatechumenal-29-septembre-1979\/","title":{"rendered":"Le Pape Jean-Paul II aux cat\u00e9chistes itin\u00e9rants du Chemin N\u00e9ocat\u00e9chum\u00e9nal 29 septembre 1979"},"content":{"rendered":"\n<h1 class=\"has-text-align-center wp-block-heading\">Le Pape Jean-Paul II aux cat\u00e9chistes itin\u00e9rants du Chemin N\u00e9ocat\u00e9chum\u00e9nal 29 septembre 1979<\/h1>\n\n<div style=\"height:20px\" aria-hidden=\"true\" class=\"wp-block-spacer\"><\/div>\n\n<h4 class=\"has-text-align-center wp-block-heading\">Saint Jean-Paul II<\/h4>\n\n<div style=\"height:20px\" aria-hidden=\"true\" class=\"wp-block-spacer\"><\/div>\n\n<div class=\"wp-block-image is-style-default\"><figure class=\"alignright size-large\"><img loading=\"lazy\" decoding=\"async\" width=\"400\" height=\"295\" src=\"https:\/\/neocatechumenaleiter.org\/wp-content\/uploads\/2020\/03\/Camino_Neocatecumenal_Juan_Pablo_II_visita_audiencia_general_1979.jpg\" alt=\"\" class=\"wp-image-1291\" srcset=\"https:\/\/neocatechumenaleiter.org\/wp-content\/uploads\/2020\/03\/Camino_Neocatecumenal_Juan_Pablo_II_visita_audiencia_general_1979.jpg 400w, https:\/\/neocatechumenaleiter.org\/wp-content\/uploads\/2020\/03\/Camino_Neocatecumenal_Juan_Pablo_II_visita_audiencia_general_1979-300x221.jpg 300w\" sizes=\"auto, (max-width: 400px) 100vw, 400px\" \/><\/figure><\/div>\n\n<p><strong>Cit\u00e9 du Vatican, Audience G\u00e9n\u00e9rale: 26 septembre 1979 *&#013;\n<\/strong><\/p>\n\n<p><em>Aux pr\u00eatres et aux la\u00efcs itin\u00e9rants appartenant aux Communaut\u00e9s N\u00e9ocat\u00e9chum\u00e9nales Jean-Paul II a dit : <\/em><\/p>\n\n<p>\u2026 Participe \u00e0 l\u2019Audience de ce jour un groupe important relevant du Mouvement qui se propose d\u2019<strong>aider les chr\u00e9tiens \u00e0 red\u00e9couvrir la r\u00e9alit\u00e9 du Bapt\u00eame<\/strong> afin d\u2019en vivre, dans la joie, la richesse lib\u00e9ratrice. Puisse votre t\u00e9moignage, en pleine harmonie avec vos pasteurs l\u00e9gitimes, susciter chez beaucoup de fr\u00e8res le d\u00e9sir et l\u2019engagement d\u2019une vie plus coh\u00e9rente avec les exigences du Bapt\u00eame et de son in\u00e9puisable richesse. <br \/><br \/>&#013;\nQue ma b\u00e9n\u00e9diction apostolique vous accompagne. <br \/><br \/><em>&#013;\n(*) Cf. \u00abL&rsquo;Osservatore Romano\u00bb, 28 septembre 1979. <\/em>&#013;\n<\/p>\n","protected":false},"excerpt":{"rendered":"<p>Le Pape Jean-Paul II aux cat\u00e9chistes itin\u00e9rants du Chemin N\u00e9ocat\u00e9chum\u00e9nal 29 septembre 1979 Saint Jean-Paul II Cit\u00e9 du Vatican, Audience G\u00e9n\u00e9rale: 26 septembre 1979 *&#013; Aux pr\u00eatres et aux la\u00efcs itin\u00e9rants appartenant aux Communaut\u00e9s N\u00e9ocat\u00e9chum\u00e9nales Jean-Paul II a dit : \u2026 Participe \u00e0 l\u2019Audience de ce jour un groupe important relevant du Mouvement qui se propose d\u2019aider les chr\u00e9tiens \u00e0 red\u00e9couvrir la r\u00e9alit\u00e9 du Bapt\u00eame afin d\u2019en vivre, dans la<\/p>\n<div class=\"read-more\"><a class=\"btn read-more-btn\" href=\"https:\/\/neocatechumenaleiter.org\/fr\/paroles-de-papes\/st-jean-paul-ii\/le-pape-jean-paul-ii-aux-catechistes-itinerants-du-chemin-neocatechumenal-29-septembre-1979\/\">En savoir plus<\/a><\/div>\n","protected":false},"author":2,"featured_media":0,"parent":5064,"menu_order":2,"comment_status":"closed","ping_status":"closed","template":"","meta":{"footnotes":""},"class_list":["post-18246","page","type-page","status-publish","hentry"],"_links":{"self":[{"href":"https:\/\/neocatechumenaleiter.org\/fr\/wp-json\/wp\/v2\/pages\/18246","targetHints":{"allow":["GET"]}}],"collection":[{"href":"https:\/\/neocatechumenaleiter.org\/fr\/wp-json\/wp\/v2\/pages"}],"about":[{"href":"https:\/\/neocatechumenaleiter.org\/fr\/wp-json\/wp\/v2\/types\/page"}],"author":[{"embeddable":true,"href":"https:\/\/neocatechumenaleiter.org\/fr\/wp-json\/wp\/v2\/users\/2"}],"replies":[{"embeddable":true,"href":"https:\/\/neocatechumenaleiter.org\/fr\/wp-json\/wp\/v2\/comments?post=18246"}],"version-history":[{"count":1,"href":"https:\/\/neocatechumenaleiter.org\/fr\/wp-json\/wp\/v2\/pages\/18246\/revisions"}],"predecessor-version":[{"id":18247,"href":"https:\/\/neocatechumenaleiter.org\/fr\/wp-json\/wp\/v2\/pages\/18246\/revisions\/18247"}],"up":[{"embeddable":true,"href":"https:\/\/neocatechumenaleiter.org\/fr\/wp-json\/wp\/v2\/pages\/5064"}],"wp:attachment":[{"href":"https:\/\/neocatechumenaleiter.org\/fr\/wp-json\/wp\/v2\/media?parent=18246"}],"curies":[{"name":"wp","href":"https:\/\/api.w.org\/{rel}","templated":true}]}}