{"id":18248,"date":"2020-10-07T19:04:01","date_gmt":"2020-10-07T18:04:01","guid":{"rendered":"https:\/\/neocatechumenaleiter.org\/paroles-de-papes\/st-jean-paul-ii\/visite-a-la-paroisse-saint-basile-10-mars-1979\/"},"modified":"2020-10-07T19:04:36","modified_gmt":"2020-10-07T18:04:36","slug":"visite-a-la-paroisse-saint-basile-10-mars-1979","status":"publish","type":"page","link":"https:\/\/neocatechumenaleiter.org\/fr\/paroles-de-papes\/st-jean-paul-ii\/visite-a-la-paroisse-saint-basile-10-mars-1979\/","title":{"rendered":"Visite \u00e0 la paroisse Saint Basile 10 mars 1979"},"content":{"rendered":"\n<h1 class=\"has-text-align-center wp-block-heading\">Visite \u00e0 la paroisse Saint Basile 10 mars 1979<\/h1>\n\n<div style=\"height:20px\" aria-hidden=\"true\" class=\"wp-block-spacer\"><\/div>\n\n<h4 class=\"has-text-align-center wp-block-heading\">Saint Jean-Paul II<\/h4>\n\n<div style=\"height:20px\" aria-hidden=\"true\" class=\"wp-block-spacer\"><\/div>\n\n<p><strong>Rome, 10 mars 1979 *<\/strong><\/p>\n\n<p><em>Pr\u00e9sentation du cur\u00e9 le P\u00e8re Carmelo : <\/em><br \/><br \/>&#013;\nSaint P\u00e8re, voici r\u00e9unies ici quatre Communaut\u00e9s N\u00e9ocat\u00e9chum\u00e9nales. Les communaut\u00e9s sont fond\u00e9es sur un tripode : le mercredi nous avons l\u2019\u00e9coute de la Parole de Dieu, et le samedi, la c\u00e9l\u00e9bration de l\u2019eucharistie. La c\u00e9l\u00e9bration de la Parole est pr\u00e9par\u00e9e par des groupes. Ensuite la communaut\u00e9 s\u2019appuie sur le second pilier qui est l\u2019Eucharistie, apr\u00e8s des cat\u00e9ch\u00e8ses approfondies sur le myst\u00e8re eucharistique. Le troisi\u00e8me pilier est la vie communautaire, lors de convivences ; arriver \u00e0 vivre dans la communaut\u00e9 pas seulement une vie commune, mais une vie communautaire. La premi\u00e8re de ces quatre communaut\u00e9s est n\u00e9e il y a quatre ans, puis, ann\u00e9e apr\u00e8s ann\u00e9e, sont n\u00e9es les autres. Et voici Gioacchino, le cat\u00e9chiste qui est venu  pour la toute premi\u00e8re fois.   &#013;\n<\/p>\n\n<p><em>Gioacchino, s\u2019adressant au Saint P\u00e8re, a dit : <\/em><br \/><br \/>&#013;\nSaint P\u00e8re, nous tous ici r\u00e9unis, nous sommes contents de vous avoir parmi nous, de vous accueillir \u00ab au nom du Seigneur \u00bb, comme \u00ab celui qui vient au nom du Seigneur \u00bb. Nous voulons vous exprimer, moi au nom de tous ces fr\u00e8res, la grande joie de pouvoir d\u00e9couvrir dans ce Chemin N\u00e9ocat\u00e9chum\u00e9nal l\u2019\u00c9glise comme notre m\u00e8re, qui est en train de nous porter peu \u00e0 peu  \u00e0 red\u00e9couvrir notre Bapt\u00eame. Nous sentons une immense gratitude envers le Seigneur et envers l\u2019\u00c9glise parce que ce chemin nous aide beaucoup \u00e0 sentir le Seigneur J\u00e9sus Christ vivant et pr\u00e9sent dans notre vie et cr\u00e9e la communion fraternelle. Nous remercions l\u2019\u00c9glise \u2013 et Votre pr\u00e9sence aujourd\u2019hui parmi nous la rend particuli\u00e8rement pr\u00e9sente et vivante \u2013 qui est en train de nous faire ce grand don de red\u00e9couvrir notre Bapt\u00eame. Maintenant, comme Vous nous invitez \u00e0 le faire, nous chantons avec Vous\u2026 &#013;\n<\/p>\n\n<p><strong>Pour cela nous chantons : La  mort est engloutie dans la Victoire !<\/strong><\/p>\n\n<p><em>Voici les paroles que le Pape a prononc\u00e9es en improvisant : <\/em><\/p>\n\n<div class=\"wp-block-image is-style-default\"><figure class=\"alignleft size-large\"><img loading=\"lazy\" decoding=\"async\" width=\"400\" height=\"321\" src=\"https:\/\/neocatechumenaleiter.org\/wp-content\/uploads\/2020\/03\/Camino_Neocatecumenal_Juan_Pablo_II_visita_parroquia_San_Basilio_1979.jpg\" alt=\"\" class=\"wp-image-1278\" srcset=\"https:\/\/neocatechumenaleiter.org\/wp-content\/uploads\/2020\/03\/Camino_Neocatecumenal_Juan_Pablo_II_visita_parroquia_San_Basilio_1979.jpg 400w, https:\/\/neocatechumenaleiter.org\/wp-content\/uploads\/2020\/03\/Camino_Neocatecumenal_Juan_Pablo_II_visita_parroquia_San_Basilio_1979-300x241.jpg 300w\" sizes=\"auto, (max-width: 400px) 100vw, 400px\" \/><\/figure><\/div>\n\n<p>De toutes les paroles que vous avez dites, la plus importante est celle de <strong>re-d\u00e9couvrir<\/strong>. Beaucoup pensent tout savoir : l\u2019\u00c9glise, le Christ, l\u2019\u00c9vangile, Dieu ; on sait tout, on sait tout, rien \u00e0 d\u00e9couvrir. Ce qu\u2019on nous a appris \u00e0 l\u2019\u00e9cole, l\u2019\u00e9cole suffit ; ensuite c\u2019est oubli\u00e9, mais on sait tout ! Au contraire tout est \u00e0 d\u00e9couvrir, tout est \u00e0 red\u00e9couvrir. Seule la foi qui sait se d\u00e9couvrir elle-m\u00eame, son contenu, son comportement fondamental, est la foi, la foi dynamique. Et pour l\u2019\u00c9glise, pour le peuple de Dieu il faut cette foi dynamique, qui cherche \u00e0 d\u00e9couvrir, qui sait se d\u00e9couvrir. <\/p>\n\n<p>Alors je vous souhaite d\u2019aller de l\u2019avant sur la route que vous avez commenc\u00e9e, de d\u00e9couvrir toujours plus le myst\u00e8re de l\u2019\u00c9glise, le myst\u00e8re du Christ, le myst\u00e8re de Dieu. Ainsi cette d\u00e9couverte conduit aussi \u00e0 soi-m\u00eame ; parce que le myst\u00e8re du Christ, le myst\u00e8re de l\u2019\u00c9glise finalement nous explique nous-m\u00eames. Et moi je ne peux pas vivre sans l\u2019\u00c9glise, sans comprendre qui je suis, sans me comprendre. Il y a un effort tr\u00e8s heureux, tr\u00e8s positif et je vous souhaite de pers\u00e9v\u00e9rer. &#013;\n<br \/><br \/><em>&#013;\n (*) Cf. \u00abL&rsquo;Osservatore Romano\u00bb, 11-12 mars 1979. <\/em>&#013;\n<\/p>\n","protected":false},"excerpt":{"rendered":"<p>Visite \u00e0 la paroisse Saint Basile 10 mars 1979 Saint Jean-Paul II Rome, 10 mars 1979 * Pr\u00e9sentation du cur\u00e9 le P\u00e8re Carmelo : &#013; Saint P\u00e8re, voici r\u00e9unies ici quatre Communaut\u00e9s N\u00e9ocat\u00e9chum\u00e9nales. Les communaut\u00e9s sont fond\u00e9es sur un tripode : le mercredi nous avons l\u2019\u00e9coute de la Parole de Dieu, et le samedi, la c\u00e9l\u00e9bration de l\u2019eucharistie. La c\u00e9l\u00e9bration de la Parole est pr\u00e9par\u00e9e par des groupes. Ensuite la<\/p>\n<div class=\"read-more\"><a class=\"btn read-more-btn\" href=\"https:\/\/neocatechumenaleiter.org\/fr\/paroles-de-papes\/st-jean-paul-ii\/visite-a-la-paroisse-saint-basile-10-mars-1979\/\">En savoir plus<\/a><\/div>\n","protected":false},"author":2,"featured_media":0,"parent":5064,"menu_order":0,"comment_status":"closed","ping_status":"closed","template":"","meta":{"footnotes":""},"class_list":["post-18248","page","type-page","status-publish","hentry"],"_links":{"self":[{"href":"https:\/\/neocatechumenaleiter.org\/fr\/wp-json\/wp\/v2\/pages\/18248","targetHints":{"allow":["GET"]}}],"collection":[{"href":"https:\/\/neocatechumenaleiter.org\/fr\/wp-json\/wp\/v2\/pages"}],"about":[{"href":"https:\/\/neocatechumenaleiter.org\/fr\/wp-json\/wp\/v2\/types\/page"}],"author":[{"embeddable":true,"href":"https:\/\/neocatechumenaleiter.org\/fr\/wp-json\/wp\/v2\/users\/2"}],"replies":[{"embeddable":true,"href":"https:\/\/neocatechumenaleiter.org\/fr\/wp-json\/wp\/v2\/comments?post=18248"}],"version-history":[{"count":3,"href":"https:\/\/neocatechumenaleiter.org\/fr\/wp-json\/wp\/v2\/pages\/18248\/revisions"}],"predecessor-version":[{"id":18251,"href":"https:\/\/neocatechumenaleiter.org\/fr\/wp-json\/wp\/v2\/pages\/18248\/revisions\/18251"}],"up":[{"embeddable":true,"href":"https:\/\/neocatechumenaleiter.org\/fr\/wp-json\/wp\/v2\/pages\/5064"}],"wp:attachment":[{"href":"https:\/\/neocatechumenaleiter.org\/fr\/wp-json\/wp\/v2\/media?parent=18248"}],"curies":[{"name":"wp","href":"https:\/\/api.w.org\/{rel}","templated":true}]}}