{"id":36648,"date":"2023-10-10T09:32:15","date_gmt":"2023-10-10T08:32:15","guid":{"rendered":"https:\/\/neocatechumenaleiter.org\/carnet-de-chants-ressuscite\/"},"modified":"2026-01-21T22:16:48","modified_gmt":"2026-01-21T21:16:48","slug":"carnet-de-chants-ressuscite","status":"publish","type":"page","link":"https:\/\/neocatechumenaleiter.org\/fr\/carnet-de-chants-ressuscite\/","title":{"rendered":"Carnet de chants &#8211; Ressuscit\u00e9"},"content":{"rendered":"<div class=\"wp-block-image\">\n<figure class=\"aligncenter size-full\"><a href=\"https:\/\/www.chantscnc.fr\/\"><img decoding=\"async\" src=\"https:\/\/neocatechumenaleiter.org\/wp-content\/uploads\/2025\/12\/chemin-neocatechumenal-carnet-de-chants-ressuscite-pq.png\" alt=\"Chemin n&#xE9;ocat&#xE9;chum&#xE9;nal Carnet de chants &#x2013; Ressuscit&#xE9; en ligne disponible sur Google Play et l'App Store\" class=\"wp-image-39951\"\/><\/a><\/figure><\/div>\n<div style=\"height:30px\" aria-hidden=\"true\" class=\"wp-block-spacer\"><\/div>\n\n<h4 class=\"wp-block-heading has-text-align-center\"><strong>Carnet de chants &#8211; Ressuscit\u00e9<\/strong><\/h4>\n\n<div style=\"height:30px\" aria-hidden=\"true\" class=\"wp-block-spacer\"><\/div>\n\n<p>Dans le Chemin N\u00e9ocat\u00e9chum\u00e9nal, nous voyons appara\u00eetre aujourd\u2019hui un service humble et essentiel, qui est celui du Chanteur.<\/p>\n\n<p>Dans cet itin\u00e9raire d\u2019\u00e9ducation \u00e0 la Foi, le chanteur a la mission d\u2019aider \u00e0 la cr\u00e9ation de la communaut\u00e9 liturgique, ou, mieux encore, de la recr\u00e9er ; de transformer souvent une pluralit\u00e9, dans une unit\u00e9 de culte : \u00ab D\u2019une seule voix, d\u2019un seul coeur et d\u2019une seule \u00e2me. \u00bb<\/p>\n\n<p>Culte spirituel qui s\u2019exprime dans l\u2019action liturgique de la communaut\u00e9. Culte spirituel qui est source in\u00e9puisable, dans notre cheminement historique, de ce qu\u2019il y a de plus profond\u00e9ment innocent : le sentiment de notre p\u00e9ch\u00e9 illumin\u00e9 par l\u2019ineffable amour de quelqu\u2019un qui nous aime tels que nous sommes, qui nous aime m\u00eame si nous avons \u00e9t\u00e9 ses ennemis ; source de la conversion, source de la foi.<\/p>\n\n<div style=\"height:30px\" aria-hidden=\"true\" class=\"wp-block-spacer\"><\/div>\n\n<hr class=\"wp-block-separator has-alpha-channel-opacity\"\/>\n\n<div style=\"height:60px\" aria-hidden=\"true\" class=\"wp-block-spacer\"><\/div>\r\n\r\n<h3 class=\"wp-block-heading has-text-align-center\">App\u00a0\u00a0disponible<\/h3>\r\n\r\n<div class=\"wp-block-columns are-vertically-aligned-center is-layout-flex wp-container-core-columns-is-layout-1 wp-block-columns-is-layout-flex\">\r\n   <div class=\"wp-block-column is-vertically-aligned-center is-layout-flow wp-block-column-is-layout-flow\">\r\n\r\n\t<div style=\"height:50px\" aria-hidden=\"true\" class=\"wp-block-spacer\"><\/div>\r\n    <a target=\"_blank\" href=\"https:\/\/play.google.com\/store\/apps\/details?id=com.jeanb2r.ChantsCNC\"><img decoding=\"async\" src=\"https:\/\/neocatechumenaleiter.org\/wp-content\/uploads\/2025\/03\/logo-google-play-button.png\" alt=\"\" class=\"wp-image\"\/><\/a>\r\n    <div style=\"height:50px\" aria-hidden=\"true\" class=\"wp-block-spacer\"><\/div>\r\n   <\/div>\r\n\r\n   <div class=\"wp-block-column is-vertically-aligned-center is-layout-flow wp-block-column-is-layout-flow\">\r\n\t<div style=\"height:50px\" aria-hidden=\"true\" class=\"wp-block-spacer\"><\/div>\r\n    <a target=\"_blank\" href=\"https:\/\/apps.apple.com\/fr\/app\/ressuscit%C3%A9\/id6755198614\"><img decoding=\"async\" src=\"https:\/\/neocatechumenaleiter.org\/wp-content\/uploads\/2025\/03\/logo-apple-store-button.png\" alt=\"\" class=\"wp-image\"\/><\/a>\r\n    <div style=\"height:47px\" aria-hidden=\"true\" class=\"wp-block-spacer\"><\/div>\r\n   <\/div>\r\n<\/div>\r\n\r\n<div style=\"height:30px\" aria-hidden=\"true\" class=\"wp-block-spacer\"><\/div>\r\n<hr class=\"wp-block-separator has-alpha-channel-opacity\"\/><div style=\"height:60px\" aria-hidden=\"true\" class=\"wp-block-spacer\"><\/div>\r\n\r\n<h4 class=\"wp-block-heading has-text-align-center\"><strong>Rechercher un chant ou un mot<\/strong><\/h4>\r\n\r\n<section id=\"search-cantos\" class=\"widget widget_search\"><form role=\"search\" method=\"get\" class=\"search-form\" action=\"https:\/\/www.chantscnc.fr\/\">\r\n\t<label for=\"search-form-cantos\">\r\n\t\t<span class=\"screen-reader-text\">Rechercher un chant ou un mot<\/span>\r\n        \t<input type=\"search\" id=\"search-form-cantos\" class=\"search-field\" placeholder=\"Recherchez des chansons par titre ou par mot \u2026\" value=\"\" name=\"s\"\/><\/label>\r\n\t<button type=\"submit\" class=\"search-submit\">\r\n    \t<span class=\"screen-reader-text\">Rechercher<\/span>\r\n        <i class=\"icon-magnifier\"><\/i>\r\n    <\/button>\r\n<\/form>\r\n<\/section><div style=\"height:30px\" aria-hidden=\"true\" class=\"wp-block-spacer\"><\/div>\n\n<hr class=\"wp-block-separator has-alpha-channel-opacity\"\/>\n\n<div class=\"wp-block-columns are-vertically-aligned-center is-layout-flex wp-container-core-columns-is-layout-9d6595d7 wp-block-columns-is-layout-flex\">\n<div class=\"wp-block-column is-vertically-aligned-center cantoral blanco is-layout-flow wp-block-column-is-layout-flow\">\n<div style=\"height:50px\" aria-hidden=\"true\" class=\"wp-block-spacer\"><\/div>\n\n\n\n<h3 class=\"wp-block-heading has-text-align-center\"><a href=\"https:\/\/www.chantscnc.fr\/category\/precatechumenat\/\">Pr\u00e9cat\u00e9chum\u00e9nat<\/a><\/h3>\n\n\n\n<div style=\"height:50px\" aria-hidden=\"true\" class=\"wp-block-spacer\"><\/div>\n<\/div>\n\n\n\n<div class=\"wp-block-column is-vertically-aligned-center cantoral azul is-layout-flow wp-block-column-is-layout-flow\">\n<div style=\"height:50px\" aria-hidden=\"true\" class=\"wp-block-spacer\"><\/div>\n\n\n\n<h3 class=\"wp-block-heading has-text-align-center\"><a href=\"https:\/\/www.chantscnc.fr\/category\/catechumenat\/\">Cat\u00e9chum\u00e9nat<\/a><\/h3>\n\n\n\n<div style=\"height:47px\" aria-hidden=\"true\" class=\"wp-block-spacer\"><\/div>\n<\/div>\n<\/div>\n\n<div class=\"wp-block-columns are-vertically-aligned-center is-layout-flex wp-container-core-columns-is-layout-9d6595d7 wp-block-columns-is-layout-flex\">\n<div class=\"wp-block-column is-vertically-aligned-center cantoral verde is-layout-flow wp-block-column-is-layout-flow\">\n<div style=\"height:50px\" aria-hidden=\"true\" class=\"wp-block-spacer\"><\/div>\n\n\n\n<h3 class=\"wp-block-heading has-text-align-center\"><a href=\"https:\/\/www.chantscnc.fr\/category\/election\/\">\u00c9lection<\/a><\/h3>\n\n\n\n<div style=\"height:50px\" aria-hidden=\"true\" class=\"wp-block-spacer\"><\/div>\n<\/div>\n\n\n\n<div class=\"wp-block-column is-vertically-aligned-center cantoral amarillo is-layout-flow wp-block-column-is-layout-flow\">\n<div style=\"height:50px\" aria-hidden=\"true\" class=\"wp-block-spacer\"><\/div>\n\n\n\n<h3 class=\"wp-block-heading has-text-align-center\"><a href=\"https:\/\/www.chantscnc.fr\/category\/chants-liturgiques\/\">Liturgie<\/a><\/h3>\n\n\n\n<div style=\"height:50px\" aria-hidden=\"true\" class=\"wp-block-spacer\"><\/div>\n<\/div>\n<\/div>\n\n<hr class=\"wp-block-separator has-alpha-channel-opacity\"\/>\n\n<div style=\"height:30px\" aria-hidden=\"true\" class=\"wp-block-spacer\"><\/div>\n<div class=\"wp-block-image\">\n<figure class=\"aligncenter size-large\"><a href=\"https:\/\/www.chantscnc.fr\/\"><img decoding=\"async\" src=\"https:\/\/neocatechumenaleiter.org\/wp-content\/uploads\/2023\/12\/chemin-neocatechumenal-carnet-de-chants-ressuscite-kiko-arguello.jpeg\" alt=\"Carnet de chants &quot;Ressuscit&#xE9;&quot;\" class=\"wp-image-397\"\/><\/a><\/figure><\/div>","protected":false},"excerpt":{"rendered":"<p>Carnet de chants &#8211; Ressuscit\u00e9 Dans le Chemin N\u00e9ocat\u00e9chum\u00e9nal, nous voyons appara\u00eetre aujourd\u2019hui un service humble et essentiel, qui est celui du Chanteur. Dans cet itin\u00e9raire d\u2019\u00e9ducation \u00e0 la Foi, le chanteur a la mission d\u2019aider \u00e0 la cr\u00e9ation de la communaut\u00e9 liturgique, ou, mieux encore, de la recr\u00e9er ; de transformer souvent une pluralit\u00e9, dans une unit\u00e9 de culte : \u00ab D\u2019une seule voix, d\u2019un seul coeur et d\u2019une<\/p>\n<div class=\"read-more\"><a class=\"btn read-more-btn\" href=\"https:\/\/neocatechumenaleiter.org\/fr\/carnet-de-chants-ressuscite\/\">En savoir plus<\/a><\/div>\n","protected":false},"author":2,"featured_media":0,"parent":0,"menu_order":0,"comment_status":"closed","ping_status":"closed","template":"","meta":{"footnotes":""},"class_list":["post-36648","page","type-page","status-publish","hentry"],"_links":{"self":[{"href":"https:\/\/neocatechumenaleiter.org\/fr\/wp-json\/wp\/v2\/pages\/36648","targetHints":{"allow":["GET"]}}],"collection":[{"href":"https:\/\/neocatechumenaleiter.org\/fr\/wp-json\/wp\/v2\/pages"}],"about":[{"href":"https:\/\/neocatechumenaleiter.org\/fr\/wp-json\/wp\/v2\/types\/page"}],"author":[{"embeddable":true,"href":"https:\/\/neocatechumenaleiter.org\/fr\/wp-json\/wp\/v2\/users\/2"}],"replies":[{"embeddable":true,"href":"https:\/\/neocatechumenaleiter.org\/fr\/wp-json\/wp\/v2\/comments?post=36648"}],"version-history":[{"count":23,"href":"https:\/\/neocatechumenaleiter.org\/fr\/wp-json\/wp\/v2\/pages\/36648\/revisions"}],"predecessor-version":[{"id":46855,"href":"https:\/\/neocatechumenaleiter.org\/fr\/wp-json\/wp\/v2\/pages\/36648\/revisions\/46855"}],"wp:attachment":[{"href":"https:\/\/neocatechumenaleiter.org\/fr\/wp-json\/wp\/v2\/media?parent=36648"}],"curies":[{"name":"wp","href":"https:\/\/api.w.org\/{rel}","templated":true}]}}