{"id":3921,"date":"2020-02-25T03:14:42","date_gmt":"2020-02-25T02:14:42","guid":{"rendered":"http:\/\/15.188.244.8.xip.io\/histoire\/kiko-arguello\/"},"modified":"2021-08-10T10:56:16","modified_gmt":"2021-08-10T09:56:16","slug":"kiko-arguello","status":"publish","type":"page","link":"https:\/\/neocatechumenaleiter.org\/fr\/histoire\/kiko-arguello\/","title":{"rendered":"Kiko Arg\u00fcello"},"content":{"rendered":"\n<h1 class=\"wp-block-heading\"><strong>Kiko Arg\u00fcello<\/strong><\/h1>\n\n<div class=\"wp-block-image is-style-circle-mask\"><figure class=\"alignleft size-medium\"><img loading=\"lazy\" decoding=\"async\" width=\"245\" height=\"300\" src=\"https:\/\/neocatechumenaleiter.org\/wp-content\/uploads\/2020\/02\/Camino_Neocatecumenal_Kiko_Arguello-245x300.jpg\" alt=\"Kiko Arg&#xFC;ello\" class=\"wp-image-220\"\/><\/figure><\/div>\n\n<p>Francisco Jos\u00e9 G\u00f3mez de Arg\u00fcello Wirtz, est n\u00e9 \u00e0 Le\u00f3n le 9 janvier 1939. Il \u00e9tudie les Beaux-Arts \u00e0 l\u2019Acad\u00e9mie de San Fernando \u00e0 Madrid. En 1959, il re\u00e7oit le Prix National Extraordinaire de Peinture. Apr\u00e8s une profonde crise existentielle, il se produit en lui une conversion s\u00e9rieuse qui le porte \u00e0 d\u00e9dier sa vie \u00e0 J\u00e9sus-Christ et \u00e0 l\u2019\u00c9glise.<\/p>\n\n<p>En 1960, ensemble avec le sculpteur Coomontes et le cr\u00e9ateur de vitraux Mu\u00f1oz de Pablos, il fonde le groupe de recherche et de d\u00e9veloppement de l\u2019Art Sacr\u00e9 \u00ab Gremio 62 \u00bb. Ils r\u00e9alisent des expositions \u00e0 Madrid (Biblioth\u00e8que Nationale) et repr\u00e9sentent l\u2019Espagne, sur nomination du Minist\u00e8res des relations culturelles, \u00e0 l\u2019Exposition Universelle d\u2019Art Sacr\u00e9 \u00e0 Royan (France) en 1964. En Hollande (1965), ils exposent certaines de ses \u0153uvres (Galerie \u00ab Nouvelles images \u00bb).<\/p>\n\n<p>Convaincu que le Christ est pr\u00e9sent dans la souffrance des innocents et des derniers de la terre, il va vivre en 1964 au milieu des pauvres, en s\u2019en allant dans un bidonville \u00e0 Palomeras Altas, dans les environs de Madrid. C\u2019est l\u00e0 qu\u2019il connut Carmen Hern\u00e1ndez. Sous l\u2019impulsion des pauvres qui les entourent, ils trouvent une forme de pr\u00e9dication, une synth\u00e8se k\u00e9rygmatico-cat\u00e9ch\u00e9tique, donna lieu \u00e0 la formation d\u2019une petite communaut\u00e9 chr\u00e9tienne. Cette communaut\u00e9, dans laquelle l\u2019amour du Christ crucifi\u00e9 se rendit visible, devint une semence qui, gr\u00e2ce \u00e0 l\u2019archev\u00eaque de Madrid d\u2019alors, Mgr Casimiro Morcillo, fut plant\u00e9e dans les paroisses de Madrid et plus tard de Rome et d\u2019autres nations.<\/p>\n\n<p>Apr\u00e8s sa conversion, il met son art au service de l\u2019\u00c9glise, en particulier, par la peinture, la musique, l\u2019architecture et la sculpture, ces deux derni\u00e8res pour promouvoir une \u00ab nouvelle esth\u00e9tique \u00bb qui conduit les hommes \u00e0 la foi.<\/p>\n\n<p>En tant que peintre, il a r\u00e9alis\u00e9 des \u0153uvres importantes dans le monde entier. En Espagne, surtout \u00e0 Madrid \u2013 en particulier la couronne myst\u00e9rique de la cath\u00e9drale \u2013 ou \u00e0 Murcie. En Italie, il a r\u00e9cemment peint une grande fresque dans le s\u00e9minaire Redemptoris Mater \u00e0 Rome. On trouve ses \u0153uvres dans les paroisses romaines, comme les Martyrs canadiens, et dans des villes comme Plaisance et P\u00e9rouse. Un autre exemple est la grande fresque sur le Jugement dernier \u00e0 la Domus Galilaeae (Isra\u00ebl), un centre situ\u00e9 sur le Mont des B\u00e9atitudes et qui, \u00e0 la demande expresse de Jean-Paul II, sert \u00e9galement \u00e0 construire des ponts avec le peuple juif.<\/p>\n\n<p>En tant qu\u2019architecte, il a d\u00e9velopp\u00e9 un nouveau mod\u00e8le de paroisse et de s\u00e9minaire bas\u00e9 sur la nouvelle esth\u00e9tique et dans lesquels on trouve \u00e9galement des vitraux cr\u00e9\u00e9s par lui. Il y a des exemples en Espagne, en Italie, au Nicaragua, aux \u00c9tats-Unis, en Finlande, en R\u00e9publique dominicaine et dans certains pays d\u2019Asie et d\u2019Afrique. En particulier, l\u2019\u0153uvre la plus significative est la Domus Galilaeae.<\/p>\n\n<p>Au cours de ces ann\u00e9es, Kiko Arg\u00fcello a d\u00e9velopp\u00e9 pour le Chemin N\u00e9ocat\u00e9chum\u00e9nal diff\u00e9rentes cr\u00e9ations musicales. Depuis qu\u2019il s\u2019est rendu dans les baraques de Palomeras Altas avec une Bible et une guitare, il a compos\u00e9 plus de 300 chants qui constituent le carnet de chants appel\u00e9 \u00ab RESSUCIT\u00c9 &#8211; Chants pour les communaut\u00e9s n\u00e9ocat\u00e9chum\u00e9nales \u00bb. Quelques-uns sont actuellement jou\u00e9s dans de nombreuses paroisses du monde entier et d\u2019autres ont \u00e9t\u00e9 chant\u00e9s \u00e0 de nombreuses reprises en pr\u00e9sence de diff\u00e9rents papes. Pour ces chants, Kiko a con\u00e7u des accompagnements musicaux utilisant une grande nombre d\u2019instruments.<\/p>\n\n<p>En 2010, Kiko forme l\u2019Orchestre symphonique du Chemin N\u00e9ocat\u00e9chum\u00e9nal et compose l\u2019\u0153uvre \u00ab La souffrance des innocents \u00bb, qui d\u00e9crit \u00e0 travers la musique la douleur de la Vierge au pied de la croix. Apr\u00e8s s\u2019\u00eatre produit en Isra\u00ebl devant diverses autorit\u00e9s et 200 \u00e9v\u00eaques, les H\u00e9breux ont \u00e9t\u00e9 profond\u00e9ment impressionn\u00e9s. Ils ont reconnu qu\u2019ils se sentaient compris et aim\u00e9s par l\u2019\u00c9glise face \u00e0 la douleur de la Shoah (l\u2019Holocauste). \u00c0 partir de ce moment-l\u00e0, cette symphonie a constitu\u00e9 un pont de dialogue entre le peuple juif et l\u2019\u00c9glise catholique. Depuis sa composition, elle a \u00e9t\u00e9 interpr\u00e9t\u00e9e dans diff\u00e9rents lieux comme le Vatican \u2013 une fois devant Beno\u00eet XVI &#8211; J\u00e9rusalem, Bethl\u00e9em, Madrid, Paris, Tokyo, New York, Chicago, Boston, D\u00fcsseldorf ou Auschwitz, entre autres.<\/p>\n\n<p>Kiko Arg\u00fcello est \u00e9galement l\u2019auteur de deux livres : en 2012, il a publi\u00e9 \u00ab Le k\u00e9rygme, dans les baraques avec les pauvres \u00bb et en 2016, \u00ab Annotations. 1988-2014 \u00bb.<\/p>\n","protected":false},"excerpt":{"rendered":"<p>Kiko Arg\u00fcello Francisco Jos\u00e9 G\u00f3mez de Arg\u00fcello Wirtz, est n\u00e9 \u00e0 Le\u00f3n le 9 janvier 1939. Il \u00e9tudie les Beaux-Arts \u00e0 l\u2019Acad\u00e9mie de San Fernando \u00e0 Madrid. En 1959, il re\u00e7oit le Prix National Extraordinaire de Peinture. Apr\u00e8s une profonde crise existentielle, il se produit en lui une conversion s\u00e9rieuse qui le porte \u00e0 d\u00e9dier sa vie \u00e0 J\u00e9sus-Christ et \u00e0 l\u2019\u00c9glise. En 1960, ensemble avec le sculpteur Coomontes et<\/p>\n<div class=\"read-more\"><a class=\"btn read-more-btn\" href=\"https:\/\/neocatechumenaleiter.org\/fr\/histoire\/kiko-arguello\/\">En savoir plus<\/a><\/div>\n","protected":false},"author":2,"featured_media":0,"parent":3919,"menu_order":0,"comment_status":"closed","ping_status":"closed","template":"","meta":{"footnotes":""},"class_list":["post-3921","page","type-page","status-publish","hentry"],"_links":{"self":[{"href":"https:\/\/neocatechumenaleiter.org\/fr\/wp-json\/wp\/v2\/pages\/3921","targetHints":{"allow":["GET"]}}],"collection":[{"href":"https:\/\/neocatechumenaleiter.org\/fr\/wp-json\/wp\/v2\/pages"}],"about":[{"href":"https:\/\/neocatechumenaleiter.org\/fr\/wp-json\/wp\/v2\/types\/page"}],"author":[{"embeddable":true,"href":"https:\/\/neocatechumenaleiter.org\/fr\/wp-json\/wp\/v2\/users\/2"}],"replies":[{"embeddable":true,"href":"https:\/\/neocatechumenaleiter.org\/fr\/wp-json\/wp\/v2\/comments?post=3921"}],"version-history":[{"count":9,"href":"https:\/\/neocatechumenaleiter.org\/fr\/wp-json\/wp\/v2\/pages\/3921\/revisions"}],"predecessor-version":[{"id":20089,"href":"https:\/\/neocatechumenaleiter.org\/fr\/wp-json\/wp\/v2\/pages\/3921\/revisions\/20089"}],"up":[{"embeddable":true,"href":"https:\/\/neocatechumenaleiter.org\/fr\/wp-json\/wp\/v2\/pages\/3919"}],"wp:attachment":[{"href":"https:\/\/neocatechumenaleiter.org\/fr\/wp-json\/wp\/v2\/media?parent=3921"}],"curies":[{"name":"wp","href":"https:\/\/api.w.org\/{rel}","templated":true}]}}