{"id":3927,"date":"2020-02-25T03:18:03","date_gmt":"2020-02-25T02:18:03","guid":{"rendered":"http:\/\/15.188.244.8.xip.io\/histoire\/mario-pezzi\/"},"modified":"2021-08-10T10:56:28","modified_gmt":"2021-08-10T09:56:28","slug":"mario-pezzi","status":"publish","type":"page","link":"https:\/\/neocatechumenaleiter.org\/fr\/histoire\/mario-pezzi\/","title":{"rendered":"Mario Pezzi"},"content":{"rendered":"\n<h1 class=\"wp-block-heading\"><strong>Mario Pezzi<\/strong><\/h1>\n\n<div class=\"wp-block-image is-style-circle-mask\"><figure class=\"alignleft size-medium\"><img loading=\"lazy\" decoding=\"async\" width=\"245\" height=\"300\" src=\"https:\/\/neocatechumenaleiter.org\/wp-content\/uploads\/2020\/02\/Camino_Neocatecumenal_Mario_Pezzi-245x300.jpg\" alt=\"Mario Pezzi\" class=\"wp-image-230\" srcset=\"https:\/\/neocatechumenaleiter.org\/wp-content\/uploads\/2020\/02\/Camino_Neocatecumenal_Mario_Pezzi-245x300.jpg 245w, https:\/\/neocatechumenaleiter.org\/wp-content\/uploads\/2020\/02\/Camino_Neocatecumenal_Mario_Pezzi-837x1024.jpg 837w, https:\/\/neocatechumenaleiter.org\/wp-content\/uploads\/2020\/02\/Camino_Neocatecumenal_Mario_Pezzi-768x940.jpg 768w, https:\/\/neocatechumenaleiter.org\/wp-content\/uploads\/2020\/02\/Camino_Neocatecumenal_Mario_Pezzi.jpg 994w\" sizes=\"auto, (max-width: 245px) 100vw, 245px\" \/><\/figure><\/div>\n\n<p>Mario Pezzi est n\u00e9 \u00e0 Gottolengo (Brescia, Italie) le 19 septembre 1942. Il est le troisi\u00e8me de cinq enfants. Il entre au s\u00e9minaire des Missionnaires Comboniens \u00e0 10 ans. Apr\u00e8s le Noviciat, il est envoy\u00e9 par les Sup\u00e9rieurs \u00e0 Rome au Scolasticat International. Il \u00e9tudie la Th\u00e9ologie \u00e0 l\u2019Universit\u00e9 Pontificale Urbanienne. Il re\u00e7oit l\u2019ordination sacerdotale le 19 mars 1969 et commence le doctorat en Th\u00e9ologie Dogmatique \u00e0 l\u2019Universit\u00e9 Pontificale Gr\u00e9gorienne avec le Professeur P\u00e8re Zoltan Alszeghy.<\/p>\n\n<p>En cette m\u00eame ann\u00e9e, il connait Kiko et Carmen, initiateurs du Chemin N\u00e9ocat\u00e9chum\u00e9nal. Il assiste aux derni\u00e8res cat\u00e9ch\u00e8ses \u00e0 la paroisse de la Nativit\u00e9 de Rome. En janvier 1970, il re\u00e7oit les cat\u00e9ch\u00e8ses du Chemin \u00e0 la paroisse Saint Jean de Dieu, o\u00f9 il faisait son Service pastoral. Il entre dans la premi\u00e8re communaut\u00e9 n\u00e9ocat\u00e9chum\u00e9nale de cette paroisse. Voyant dans le Chemin une esp\u00e9rance pour le cat\u00e9chum\u00e9nat dans les missions en Afrique, surtout apr\u00e8s la tragique exp\u00e9rience des massacres entre chr\u00e9tiens au Burundi, il obtient la permission des Sup\u00e9rieurs pour faire une exp\u00e9rience comme itin\u00e9rant du Chemin en ayant en vue la mission en Afrique. En septembre 1970, il interrompt les \u00e9tudes de Doctorat. Il est envoy\u00e9 par Kiko et Carmen pour commencer le Chemin dans deux paroisses du dioc\u00e8se de Brescia et de Milan, et en janvier 1971 \u00e0 la paroisse Saint L\u00e9on \u00e0 Catania.<\/p>\n\n<p>En juin 1971, il a \u00e9t\u00e9 invit\u00e9 par Kiko et Carmen \u00e0 remplacer Don Francesco Cuppini, le pr\u00eatre qui les avait accompagn\u00e9s depuis 1968, faisant ainsi partie de leur \u00e9quipe pendant les p\u00e9riodes o\u00f9 ils \u00e9vang\u00e9lisaient en Italie, surtout \u00e0 Rome, \u00e0 Florence et \u00e0 Ivrea. Quand Kiko et Carmen \u00e9taient en Espagne, accompagn\u00e9s par le P\u00e8re Jes\u00fas Bl\u00e1zquez comme presbytre, le P\u00e8re Mario est envoy\u00e9 \u00e9vang\u00e9liser en Lombardie et ensuite au Portugal. En d\u00e9cembre 1981, avec une lettre du Sup\u00e9rieur G\u00e9n\u00e9ral des Comboniens, il est envoy\u00e9 comme combonien itin\u00e9rant pour commencer le Chemin \u00e0 Khartoum (Soudan), c\u0153ur des missions comboniennes, et ensuite, en mars 1982, \u00e0 Kampala (Ouganda).  Depuis cette ann\u00e9e-l\u00e0, il a r\u00e9alis\u00e9 de nombreux voyages en Afrique : il a visit\u00e9 de nombreux \u00c9v\u00eaques au Kenya, les familles en mission en C\u00f4te d\u2019ivoire, au Cameroun, en Zambie, les S\u00e9minaires Redemptoris Mater de Kitwe (Zambie), Douala (Cameroun), Dar es salam (Tanzanie), Goma (Congo) et Morondave (Madagascar). Il a visit\u00e9 en outre plusieurs \u00e9v\u00eaques, d\u2019abords en Angola, ensuite au Mozambique pour ouvrir le Chemin. Il a \u00e9t\u00e9 \u00e0 Bangui (R\u00e9publique centrafricaine) et \u00e0 Bujumbura (Burundi). <\/p>\n\n<p>Depuis 1982, il a \u00e9t\u00e9 appel\u00e9 \u00e0 faire partie de l\u2019\u00e9quipe responsable du Chemin N\u00e9ocat\u00e9chum\u00e9nal ensemble avec Kiko et Carmen, \u00e0 temps plein, en les accompagnant dans les relations avec les Papes, le Saint-Si\u00e8ge, les \u00c9v\u00eaques, dans les passages, dans les convivences mondiales des Itin\u00e9rants et dans les voyages et les rencontres internationales, jusqu\u2019au jour d\u2019aujourd\u2019hui. En 1992, la Nouvelle Direction des Comboniens l\u2019a invit\u00e9 \u00e0 revenir dans l\u2019Institut ou bien \u00e0 s\u2019incardiner dans le Dioc\u00e8se de Rome. Ayant laiss\u00e9 l\u2019Institut, le Cardinal Vicaire, Mgr Camillo Ruini, l\u2019accueilli comme Presbytre Cat\u00e9chiste Itin\u00e9rant.<\/p>\n\n<p>Avec l\u2019approbation des Statuts en 2002 ad experimentum, et en 2008 de fa\u00e7on d\u00e9finitive, il a \u00e9t\u00e9 nomm\u00e9 par le Saint-Si\u00e8ge presbytre de l\u2019\u00c9quipe Internationale ensemble avec Kiko et Carmen (avant la mort de celle-ci).<\/p>\n","protected":false},"excerpt":{"rendered":"<p>Mario Pezzi Mario Pezzi est n\u00e9 \u00e0 Gottolengo (Brescia, Italie) le 19 septembre 1942. Il est le troisi\u00e8me de cinq enfants. Il entre au s\u00e9minaire des Missionnaires Comboniens \u00e0 10 ans. Apr\u00e8s le Noviciat, il est envoy\u00e9 par les Sup\u00e9rieurs \u00e0 Rome au Scolasticat International. Il \u00e9tudie la Th\u00e9ologie \u00e0 l\u2019Universit\u00e9 Pontificale Urbanienne. Il re\u00e7oit l\u2019ordination sacerdotale le 19 mars 1969 et commence le doctorat en Th\u00e9ologie Dogmatique \u00e0 l\u2019Universit\u00e9<\/p>\n<div class=\"read-more\"><a class=\"btn read-more-btn\" href=\"https:\/\/neocatechumenaleiter.org\/fr\/histoire\/mario-pezzi\/\">En savoir plus<\/a><\/div>\n","protected":false},"author":2,"featured_media":0,"parent":3919,"menu_order":0,"comment_status":"closed","ping_status":"closed","template":"","meta":{"footnotes":""},"class_list":["post-3927","page","type-page","status-publish","hentry"],"_links":{"self":[{"href":"https:\/\/neocatechumenaleiter.org\/fr\/wp-json\/wp\/v2\/pages\/3927","targetHints":{"allow":["GET"]}}],"collection":[{"href":"https:\/\/neocatechumenaleiter.org\/fr\/wp-json\/wp\/v2\/pages"}],"about":[{"href":"https:\/\/neocatechumenaleiter.org\/fr\/wp-json\/wp\/v2\/types\/page"}],"author":[{"embeddable":true,"href":"https:\/\/neocatechumenaleiter.org\/fr\/wp-json\/wp\/v2\/users\/2"}],"replies":[{"embeddable":true,"href":"https:\/\/neocatechumenaleiter.org\/fr\/wp-json\/wp\/v2\/comments?post=3927"}],"version-history":[{"count":3,"href":"https:\/\/neocatechumenaleiter.org\/fr\/wp-json\/wp\/v2\/pages\/3927\/revisions"}],"predecessor-version":[{"id":23778,"href":"https:\/\/neocatechumenaleiter.org\/fr\/wp-json\/wp\/v2\/pages\/3927\/revisions\/23778"}],"up":[{"embeddable":true,"href":"https:\/\/neocatechumenaleiter.org\/fr\/wp-json\/wp\/v2\/pages\/3919"}],"wp:attachment":[{"href":"https:\/\/neocatechumenaleiter.org\/fr\/wp-json\/wp\/v2\/media?parent=3927"}],"curies":[{"name":"wp","href":"https:\/\/api.w.org\/{rel}","templated":true}]}}