{"id":3929,"date":"2020-02-25T03:20:35","date_gmt":"2020-02-25T02:20:35","guid":{"rendered":"http:\/\/15.188.244.8.xip.io\/histoire\/maria-ascension\/"},"modified":"2026-03-12T16:54:24","modified_gmt":"2026-03-12T15:54:24","slug":"maria-ascension","status":"publish","type":"page","link":"https:\/\/neocatechumenaleiter.org\/fr\/histoire\/maria-ascension\/","title":{"rendered":"Mar\u00eda Ascensi\u00f3n"},"content":{"rendered":"\n<h1 class=\"wp-block-heading\"><strong>Mar\u00eda Ascensi\u00f3n Romero<\/strong><\/h1>\n<div class=\"wp-block-image is-style-circle-mask\">\n<figure class=\"alignleft size-medium\"><img loading=\"lazy\" decoding=\"async\" width=\"245\" height=\"300\" src=\"https:\/\/neocatechumenaleiter.org\/wp-content\/uploads\/2020\/02\/Camino_Neocatecumenal_Maria_Ascension_Romero-245x300.jpg\" alt=\"Mar&#xED;a Ascensi&#xF3;n Romero\" class=\"wp-image-235\" srcset=\"https:\/\/neocatechumenaleiter.org\/wp-content\/uploads\/2020\/02\/Camino_Neocatecumenal_Maria_Ascension_Romero-245x300.jpg 245w, https:\/\/neocatechumenaleiter.org\/wp-content\/uploads\/2020\/02\/Camino_Neocatecumenal_Maria_Ascension_Romero-837x1024.jpg 837w, https:\/\/neocatechumenaleiter.org\/wp-content\/uploads\/2020\/02\/Camino_Neocatecumenal_Maria_Ascension_Romero-768x940.jpg 768w, https:\/\/neocatechumenaleiter.org\/wp-content\/uploads\/2020\/02\/Camino_Neocatecumenal_Maria_Ascension_Romero.jpg 994w\" sizes=\"auto, (max-width: 245px) 100vw, 245px\" \/><\/figure><\/div>\n<p>Mar\u00eda Ascensi\u00f3n Romero Ant\u00f3n a \u00e9t\u00e9 ins\u00e9r\u00e9e dans l\u2019\u00e9quipe internationale du Chemin N\u00e9ocat\u00e9chum\u00e9nal en janvier 2018, apr\u00e8s que le Dicast\u00e8re pour les La\u00efcs, la Famille et la Vie du Saint-Si\u00e8ge l\u2019ait demand\u00e9 conform\u00e9ment aux Statuts du Chemin.<\/p>\n\n<p>Mar\u00eda Ascensi\u00f3n Romero Ant\u00f3n est n\u00e9e le 27 mai \u00e0 Tudela, Navarre (Espagne). Elle est la troisi\u00e8me de quatre enfants. Elle a \u00e9tudi\u00e9 au Coll\u00e8ge de Marie (le m\u00eame o\u00f9 a \u00e9t\u00e9 form\u00e9e Carmen Hern\u00e1ndez). Plus tard, elle est partie \u00e0 Soria pour faire des \u00e9tudes d\u2019institutrice. C\u2019est l\u00e0, \u00e0 19 ans, qu\u2019elle a connu le Chemin N\u00e9ocat\u00e9chum\u00e9nal.<\/p>\n\n<p>Elle a chemin\u00e9 pendant de nombreuses ann\u00e9es dans une communaut\u00e9 n\u00e9ocat\u00e9chum\u00e9nale de Tudela. Puis elle a d\u00e9m\u00e9nag\u00e9 \u00e0 Madrid pour travailler comme institutrice. L\u00e0, elle a continu\u00e9 le Chemin dans la paroisse Sainte Catherine de Sienne.<\/p>\n\n<p>Lors des JMJ de Saint-Jacques-de-Compostelle avec saint Jean-Paul II, elle a ressenti l&rsquo;appel \u00e0 l&rsquo;\u00e9vang\u00e9lisation, qu&rsquo;elle a confirm\u00e9 lors de la Rencontre vocationnelle de Saragosse avec les initiateurs du Chemin.<\/p>\n\n<p>En 1991, elle a effectu\u00e9 sa premi\u00e8re mission itin\u00e9rante dans le dioc\u00e8se de Ciudad Real (Espagne). En 1992, elle part pour la mission dans l&rsquo;ancienne URSS, o\u00f9 elle passera 25 ans \u00e0 \u00e9vang\u00e9liser dans diff\u00e9rents pays : Bi\u00e9lorussie, Kazakhstan et Russie.<\/p>\n\n<p>Le 2 f\u00e9vrier 2018, elle a \u00e9t\u00e9 officiellement nomm\u00e9e membre de l&rsquo;\u00c9quipe Internationale du Chemin N\u00e9ocat\u00e9chum\u00e9nal.<\/p>\n","protected":false},"excerpt":{"rendered":"<p>Mar\u00eda Ascensi\u00f3n Romero Mar\u00eda Ascensi\u00f3n Romero Ant\u00f3n a \u00e9t\u00e9 ins\u00e9r\u00e9e dans l\u2019\u00e9quipe internationale du Chemin N\u00e9ocat\u00e9chum\u00e9nal en janvier 2018, apr\u00e8s que le Dicast\u00e8re pour les La\u00efcs, la Famille et la Vie du Saint-Si\u00e8ge l\u2019ait demand\u00e9 conform\u00e9ment aux Statuts du Chemin. Mar\u00eda Ascensi\u00f3n Romero Ant\u00f3n est n\u00e9e le 27 mai \u00e0 Tudela, Navarre (Espagne). Elle est la troisi\u00e8me de quatre enfants. Elle a \u00e9tudi\u00e9 au Coll\u00e8ge de Marie (le m\u00eame o\u00f9<\/p>\n<div class=\"read-more\"><a class=\"btn read-more-btn\" href=\"https:\/\/neocatechumenaleiter.org\/fr\/histoire\/maria-ascension\/\">En savoir plus<\/a><\/div>\n","protected":false},"author":2,"featured_media":0,"parent":3919,"menu_order":0,"comment_status":"closed","ping_status":"closed","template":"","meta":{"footnotes":""},"class_list":["post-3929","page","type-page","status-publish","hentry"],"_links":{"self":[{"href":"https:\/\/neocatechumenaleiter.org\/fr\/wp-json\/wp\/v2\/pages\/3929","targetHints":{"allow":["GET"]}}],"collection":[{"href":"https:\/\/neocatechumenaleiter.org\/fr\/wp-json\/wp\/v2\/pages"}],"about":[{"href":"https:\/\/neocatechumenaleiter.org\/fr\/wp-json\/wp\/v2\/types\/page"}],"author":[{"embeddable":true,"href":"https:\/\/neocatechumenaleiter.org\/fr\/wp-json\/wp\/v2\/users\/2"}],"replies":[{"embeddable":true,"href":"https:\/\/neocatechumenaleiter.org\/fr\/wp-json\/wp\/v2\/comments?post=3929"}],"version-history":[{"count":4,"href":"https:\/\/neocatechumenaleiter.org\/fr\/wp-json\/wp\/v2\/pages\/3929\/revisions"}],"predecessor-version":[{"id":48097,"href":"https:\/\/neocatechumenaleiter.org\/fr\/wp-json\/wp\/v2\/pages\/3929\/revisions\/48097"}],"up":[{"embeddable":true,"href":"https:\/\/neocatechumenaleiter.org\/fr\/wp-json\/wp\/v2\/pages\/3919"}],"wp:attachment":[{"href":"https:\/\/neocatechumenaleiter.org\/fr\/wp-json\/wp\/v2\/media?parent=3929"}],"curies":[{"name":"wp","href":"https:\/\/api.w.org\/{rel}","templated":true}]}}