{"id":48317,"date":"2025-12-10T03:10:12","date_gmt":"2025-12-10T02:10:12","guid":{"rendered":"https:\/\/neocatechumenaleiter.org\/paroles-de-papes\/leon-xiv\/"},"modified":"2026-03-20T15:44:48","modified_gmt":"2026-03-20T14:44:48","slug":"leon-xiv","status":"publish","type":"page","link":"https:\/\/neocatechumenaleiter.org\/fr\/paroles-de-papes\/leon-xiv\/","title":{"rendered":"L\u00e9on XIV"},"content":{"rendered":"\n<h1 class=\"wp-block-heading has-text-align-center\">L\u00e9on XIV<\/h1>\n\n<div style=\"height:20px\" aria-hidden=\"true\" class=\"wp-block-spacer\"><\/div>\n\n<h4 class=\"wp-block-heading has-text-align-center\">Biographie<\/h4>\n\n<div style=\"height:20px\" aria-hidden=\"true\" class=\"wp-block-spacer\"><\/div>\n<div class=\"wp-block-image is-style-default\">\n<figure data-wp-context=\"{&quot;imageId&quot;:&quot;69dd0cc0d29e8&quot;}\" data-wp-interactive=\"core\/image\" data-wp-key=\"69dd0cc0d29e8\" class=\"alignleft size-medium wp-lightbox-container\"><img loading=\"lazy\" decoding=\"async\" width=\"250\" height=\"300\" data-wp-class--hide=\"state.isContentHidden\" data-wp-class--show=\"state.isContentVisible\" data-wp-init=\"callbacks.setButtonStyles\" data-wp-on--click=\"actions.showLightbox\" data-wp-on--load=\"callbacks.setButtonStyles\" data-wp-on-window--resize=\"callbacks.setButtonStyles\" src=\"https:\/\/neocatechumenaleiter.org\/wp-content\/uploads\/2025\/12\/Papa-Leone-XIV-foto-ufficiale_Copyright-VATICAN-MEDIA-500x600-2-250x300.jpg\" alt=\"Pape L&#xE9;on XIV\" class=\"wp-image-46111\" srcset=\"https:\/\/neocatechumenaleiter.org\/wp-content\/uploads\/2025\/12\/Papa-Leone-XIV-foto-ufficiale_Copyright-VATICAN-MEDIA-500x600-2-250x300.jpg 250w, https:\/\/neocatechumenaleiter.org\/wp-content\/uploads\/2025\/12\/Papa-Leone-XIV-foto-ufficiale_Copyright-VATICAN-MEDIA-500x600-2.jpg 500w\" sizes=\"auto, (max-width: 250px) 100vw, 250px\" \/><button\n\t\t\tclass=\"lightbox-trigger\"\n\t\t\ttype=\"button\"\n\t\t\taria-haspopup=\"dialog\"\n\t\t\taria-label=\"Agrandir\"\n\t\t\tdata-wp-init=\"callbacks.initTriggerButton\"\n\t\t\tdata-wp-on--click=\"actions.showLightbox\"\n\t\t\tdata-wp-style--right=\"state.imageButtonRight\"\n\t\t\tdata-wp-style--top=\"state.imageButtonTop\"\n\t\t>\n\t\t\t<svg xmlns=\"http:\/\/www.w3.org\/2000\/svg\" width=\"12\" height=\"12\" fill=\"none\" viewBox=\"0 0 12 12\">\n\t\t\t\t<path fill=\"#fff\" d=\"M2 0a2 2 0 0 0-2 2v2h1.5V2a.5.5 0 0 1 .5-.5h2V0H2Zm2 10.5H2a.5.5 0 0 1-.5-.5V8H0v2a2 2 0 0 0 2 2h2v-1.5ZM8 12v-1.5h2a.5.5 0 0 0 .5-.5V8H12v2a2 2 0 0 1-2 2H8Zm2-12a2 2 0 0 1 2 2v2h-1.5V2a.5.5 0 0 0-.5-.5H8V0h2Z\" \/>\n\t\t\t<\/svg>\n\t\t<\/button><figcaption class=\"wp-element-caption\"><strong>\u00a9<\/strong>Vatican media<\/figcaption><\/figure><\/div>\n<p>Robert Francis Prevost est n\u00e9 le <strong>14 septembre 1955<\/strong> \u00e0 <strong>Chicago, dans l&rsquo;Illinois, aux \u00c9tats-Unis<\/strong>.<\/p>\n\n<p>D\u00e8s son plus jeune \u00e2ge, il est entr\u00e9 <strong>dans l&rsquo;ordre de Saint Augustin (OSA)<\/strong>, o\u00f9 il a prononc\u00e9 ses v\u0153ux solennels le 29 ao\u00fbt 1981 et a \u00e9t\u00e9 ordonn\u00e9 pr\u00eatre le 19 juin 1982.<\/p>\n\n<p>Il a termin\u00e9 ses \u00e9tudes sup\u00e9rieures dans divers instituts : un <strong>Master en th\u00e9ologie <\/strong>\u00e0 la Catholic Theological Uni\u00f3n de Chicago et un <strong>doctorat en droit canonique <\/strong>\u00e0 l&rsquo;Universit\u00e9 pontificale Saint-Thomas d&rsquo;Aquin \u00e0 Rome (Angelicum).<\/p>\n\n<p>En 1985, il a \u00e9t\u00e9 envoy\u00e9 comme missionnaire augustinien au P\u00e9rou, \u00e0 Chulucanas, puis \u00e0 Trujillo en 1988, o\u00f9 il a servi comme prieur de la communaut\u00e9 (1988-1992). En 1999, il a \u00e9t\u00e9 \u00e9lu prieur provincial de la province \u00ab Mother of Good Counsel \u00bb \u00e0 Chicago.<\/p>\n\n<p>De 2001 \u00e0 2013, il a occup\u00e9 le poste de prieur g\u00e9n\u00e9ral <strong>de l&rsquo;Ordre de Saint-Augustin<\/strong>.<\/p>\n\n<p>En 2014, il a \u00e9t\u00e9 nomm\u00e9 administrateur apostolique du dioc\u00e8se de Chiclayo et <strong>ordonn\u00e9 \u00e9v\u00eaque <\/strong>le 12 d\u00e9cembre, jour de la f\u00eate de Notre-Dame de Guadalupe. \u00c9v\u00eaque de Chiclayo depuis le 26 novembre 2025. Vice-pr\u00e9sident de la Conf\u00e9rence \u00e9piscopale p\u00e9ruvienne de 2018 \u00e0 2023.<\/p>\n\n<p>Il est membre de la Congr\u00e9gation pour le Clerg\u00e9 en 2019 et membre de la Congr\u00e9gation pour les \u00e9v\u00eaques en 2020. Le 15 avril de la m\u00eame ann\u00e9e, le pape le nomme administrateur apostolique du dioc\u00e8se de Callao.<\/p>\n\n<p>Le 20 janvier 2023, le pape l&rsquo;a nomm\u00e9 <strong>pr\u00e9fet du Dicast\u00e8re pour les \u00e9v\u00eaques<\/strong>. La m\u00eame ann\u00e9e, il a \u00e9t\u00e9 <strong>cr\u00e9\u00e9 et proclam\u00e9 cardinal <\/strong>ainsi que pr\u00e9sident de la <strong>Commission pontificale pour l&rsquo;Am\u00e9rique latine<\/strong>.<\/p>\n\n<p>Apr\u00e8s la mort du pape Fran\u00e7ois, le conclave r\u00e9uni \u00e0 Rome \u00e9lit Robert Prevost comme nouveau <strong>Pontife le 8 mai 2025<\/strong>, f\u00eate de Notre-Dame de Pomp\u00e9i.<\/p>\n\n<p>La devise du pape L\u00e9on XIV est \u00ab <strong><em>in Illo uno unum <\/em><\/strong>\u00bb, ce qui se traduit par \u00ab <strong>en l&rsquo;Un, nous sommes un<\/strong> \u00bb ou \u00ab en lui, un seul \u00bb. Cette phrase, tir\u00e9e d&rsquo;une exposition de saint Augustin sur le Psaume 127, manifeste sa pens\u00e9e sur l&rsquo;unit\u00e9 et la communion des chr\u00e9tiens en Christ.<\/p>\n\n<div style=\"height:20px\" aria-hidden=\"true\" class=\"wp-block-spacer\"><\/div>\n\n<hr class=\"wp-block-separator aligncenter has-alpha-channel-opacity is-style-wide\"\/>\n\n<div style=\"height:20px\" aria-hidden=\"true\" class=\"wp-block-spacer\"><\/div>\n\n<h3 class=\"wp-block-heading has-text-align-center\">Documentation<\/h3>\n\n<div style=\"height:40px\" aria-hidden=\"true\" class=\"wp-block-spacer\"><\/div>\n\n<section id=\"search-2\" class=\"widget widget_search\"><form role=\"search\" method=\"get\" class=\"search-form\" action=\"https:\/\/neocatechumenaleiter.org\/fr\">\r\n\t<label for=\"search-form-5e59be1dc1b02\">\r\n\t\t<span class=\"screen-reader-text\">Chercher:<\/span>\r\n        <input type=\"search\" id=\"search-form-5e59be1dc1b02\" class=\"search-field\" placeholder=\"Chercher \u2026\" value=\"\" name=\"s\"\/><\/label>\r\n\t<button type=\"submit\" class=\"search-submit\">\r\n    \t<span class=\"screen-reader-text\">Chercher<\/span>\r\n        <i class=\"icon-magnifier\"><\/i>\r\n    <\/button>\r\n<\/form>\r\n<\/section>\n<div style=\"height:40px\" aria-hidden=\"true\" class=\"wp-block-spacer\"><\/div>\n\n<div class=\"wp-block-columns are-vertically-aligned-center is-layout-flex wp-container-core-columns-is-layout-9d6595d7 wp-block-columns-is-layout-flex\">\n<div class=\"wp-block-column is-vertically-aligned-center is-layout-flow wp-block-column-is-layout-flow\">\n<h4 class=\"wp-block-heading has-text-align-center\">Ann\u00e9e 2025<\/h4>\n\n\n\n<div style=\"height:20px\" aria-hidden=\"true\" class=\"wp-block-spacer\"><\/div>\n\n\n\n<figure class=\"wp-block-embed aligncenter is-type-wp-embed is-provider-camino-neocatecumenal wp-block-embed-camino-neocatecumenal\"><div class=\"wp-block-embed__wrapper\">\r\n<blockquote class=\"wp-embedded-content\" data-secret=\"WqK6yLePcr\"><a href=\"https:\/\/neocatechumenaleiter.org\/fr\/le-pape-leon-xiv-recoit-kiko-arguello-initiateur-du-chemin-neocatechumenal\/\">Le Pape L\u00e9on XIV re\u00e7oit Kiko Arg\u00fcello, initiateur du Chemin N\u00e9ocat\u00e9chum\u00e9nal<\/a><\/blockquote><iframe loading=\"lazy\" class=\"wp-embedded-content\" sandbox=\"allow-scripts\" security=\"restricted\" style=\"position: absolute; visibility: hidden;\" title=\"\u00ab\u00a0Le Pape L\u00e9on XIV re\u00e7oit Kiko Arg\u00fcello, initiateur du Chemin N\u00e9ocat\u00e9chum\u00e9nal\u00a0\u00bb &#8212; Chemin N\u00e9ocat\u00e9chum\u00e9nal\" src=\"https:\/\/neocatechumenaleiter.org\/fr\/le-pape-leon-xiv-recoit-kiko-arguello-initiateur-du-chemin-neocatechumenal\/embed\/#?secret=Qxgh5thhTO#?secret=WqK6yLePcr\" data-secret=\"WqK6yLePcr\" width=\"600\" height=\"338\" frameborder=\"0\" marginwidth=\"0\" marginheight=\"0\" scrolling=\"no\"><\/iframe>\r\n<\/div><\/figure><br>\n<\/div>\n\n\n\n<div class=\"wp-block-column is-vertically-aligned-center is-layout-flow wp-block-column-is-layout-flow\">\n<h4 class=\"wp-block-heading has-text-align-center\">Ann\u00e9e 2026<\/h4>\n\n\n\n<div style=\"height:20px\" aria-hidden=\"true\" class=\"wp-block-spacer\"><\/div>\n\n\n\n<figure class=\"wp-block-embed aligncenter is-type-wp-embed is-provider-camino-neocatecumenal wp-block-embed-camino-neocatecumenal\"><div class=\"wp-block-embed__wrapper\">\r\n<blockquote class=\"wp-embedded-content\" data-secret=\"rjfGSp9IgP\"><a href=\"https:\/\/neocatechumenaleiter.org\/fr\/le-chemin-neocatechumenal-une-precieuse-contribution-a-la-vie-de-leglise\/\">Le Chemin N\u00e9ocat\u00e9chum\u00e9nal : \u00ab Une pr\u00e9cieuse contribution \u00e0 la vie de l\u2019\u00c9glise \u00bb<\/a><\/blockquote><iframe loading=\"lazy\" class=\"wp-embedded-content\" sandbox=\"allow-scripts\" security=\"restricted\" style=\"position: absolute; visibility: hidden;\" title=\"\u00ab\u00a0Le Chemin N\u00e9ocat\u00e9chum\u00e9nal : \u00ab Une pr\u00e9cieuse contribution \u00e0 la vie de l\u2019\u00c9glise \u00bb\u00a0\u00bb &#8212; Chemin N\u00e9ocat\u00e9chum\u00e9nal\" src=\"https:\/\/neocatechumenaleiter.org\/fr\/le-chemin-neocatechumenal-une-precieuse-contribution-a-la-vie-de-leglise\/embed\/#?secret=sPjO7ZZC5y#?secret=rjfGSp9IgP\" data-secret=\"rjfGSp9IgP\" width=\"600\" height=\"338\" frameborder=\"0\" marginwidth=\"0\" marginheight=\"0\" scrolling=\"no\"><\/iframe>\r\n<\/div><\/figure><br>\n<\/div>\n<\/div>\n\n<div style=\"height:40px\" aria-hidden=\"true\" class=\"wp-block-spacer\"><\/div>\n","protected":false},"excerpt":{"rendered":"<p>L\u00e9on XIV Biographie Robert Francis Prevost est n\u00e9 le 14 septembre 1955 \u00e0 Chicago, dans l&rsquo;Illinois, aux \u00c9tats-Unis. D\u00e8s son plus jeune \u00e2ge, il est entr\u00e9 dans l&rsquo;ordre de Saint Augustin (OSA), o\u00f9 il a prononc\u00e9 ses v\u0153ux solennels le 29 ao\u00fbt 1981 et a \u00e9t\u00e9 ordonn\u00e9 pr\u00eatre le 19 juin 1982. Il a termin\u00e9 ses \u00e9tudes sup\u00e9rieures dans divers instituts : un Master en th\u00e9ologie \u00e0 la Catholic Theological<\/p>\n<div class=\"read-more\"><a class=\"btn read-more-btn\" href=\"https:\/\/neocatechumenaleiter.org\/fr\/paroles-de-papes\/leon-xiv\/\">En savoir plus<\/a><\/div>\n","protected":false},"author":2,"featured_media":0,"parent":3937,"menu_order":0,"comment_status":"closed","ping_status":"closed","template":"","meta":{"footnotes":""},"class_list":["post-48317","page","type-page","status-publish","hentry"],"_links":{"self":[{"href":"https:\/\/neocatechumenaleiter.org\/fr\/wp-json\/wp\/v2\/pages\/48317","targetHints":{"allow":["GET"]}}],"collection":[{"href":"https:\/\/neocatechumenaleiter.org\/fr\/wp-json\/wp\/v2\/pages"}],"about":[{"href":"https:\/\/neocatechumenaleiter.org\/fr\/wp-json\/wp\/v2\/types\/page"}],"author":[{"embeddable":true,"href":"https:\/\/neocatechumenaleiter.org\/fr\/wp-json\/wp\/v2\/users\/2"}],"replies":[{"embeddable":true,"href":"https:\/\/neocatechumenaleiter.org\/fr\/wp-json\/wp\/v2\/comments?post=48317"}],"version-history":[{"count":3,"href":"https:\/\/neocatechumenaleiter.org\/fr\/wp-json\/wp\/v2\/pages\/48317\/revisions"}],"predecessor-version":[{"id":48329,"href":"https:\/\/neocatechumenaleiter.org\/fr\/wp-json\/wp\/v2\/pages\/48317\/revisions\/48329"}],"up":[{"embeddable":true,"href":"https:\/\/neocatechumenaleiter.org\/fr\/wp-json\/wp\/v2\/pages\/3937"}],"wp:attachment":[{"href":"https:\/\/neocatechumenaleiter.org\/fr\/wp-json\/wp\/v2\/media?parent=48317"}],"curies":[{"name":"wp","href":"https:\/\/api.w.org\/{rel}","templated":true}]}}