{"id":5052,"date":"2020-02-28T05:58:40","date_gmt":"2020-02-28T04:58:40","guid":{"rendered":"https:\/\/neocatechumenaleiter.org\/paroles-de-papes\/st-paul-vi\/"},"modified":"2026-03-20T15:46:27","modified_gmt":"2026-03-20T14:46:27","slug":"st-paul-vi","status":"publish","type":"page","link":"https:\/\/neocatechumenaleiter.org\/fr\/paroles-de-papes\/st-paul-vi\/","title":{"rendered":"St Paul VI"},"content":{"rendered":"\n<h1 class=\"has-text-align-center wp-block-heading\">St Paul VI<\/h1>\n\n<div style=\"height:20px\" aria-hidden=\"true\" class=\"wp-block-spacer\"><\/div>\n\n<h4 class=\"has-text-align-center wp-block-heading\">Biographie<\/h4>\n\n<div style=\"height:20px\" aria-hidden=\"true\" class=\"wp-block-spacer\"><\/div>\n\n<div class=\"wp-block-image is-style-default\"><figure class=\"alignleft size-medium is-resized\"><img loading=\"lazy\" decoding=\"async\" src=\"https:\/\/neocatechumenaleiter.org\/wp-content\/uploads\/2020\/02\/Camino_Neocatecumenal_S_Pablo_VI-250x300.jpg\" alt=\"\" class=\"wp-image-891\" width=\"250\" height=\"300\" srcset=\"https:\/\/neocatechumenaleiter.org\/wp-content\/uploads\/2020\/02\/Camino_Neocatecumenal_S_Pablo_VI-250x300.jpg 250w, https:\/\/neocatechumenaleiter.org\/wp-content\/uploads\/2020\/02\/Camino_Neocatecumenal_S_Pablo_VI.jpg 500w\" sizes=\"auto, (max-width: 250px) 100vw, 250px\" \/><\/figure><\/div>\n\n<p>Giovanni Battista Enrico Antonio Maria Montini est n\u00e9 en Lombardie (Italie) le 26 septembre 1897.<\/p>\n\n<p>Il fut ordonn\u00e9 pr\u00eatre le 29 mai 1920.<\/p>\n\n<p>En 1954, il fut ordonn\u00e9 \u00c9v\u00eaque et en 1958, il fut cr\u00e9\u00e9 Cardinal par Saint Jean XXIII.<\/p>\n\n<p>Le 21 juin 1963, il a \u00e9t\u00e9 choisi comme Pontife de l\u2019\u00c9glise Catholique, en prenant le nom de Paul VI.<\/p>\n\n<p>En 1965 il a \u00e9tabli le Synode des \u00c9v\u00eaques et des P\u00e8res Conciliaires.<\/p>\n\n<p>Il a conclu le Concile Vatican II. Il fut un d\u00e9fenseur de la vie et de la famille avec son encyclique <em>Humanae Vitae<\/em> qu\u2019il \u00e9crit en 1968. <\/p>\n\n<p>Paul VI est d\u00e9c\u00e9d\u00e9 \u00e0 Castel Gandolfo le 6 ao\u00fbt 1978 apr\u00e8s un pontificat de 15 ans.<\/p>\n\n<p>Il a \u00e9t\u00e9 b\u00e9atifi\u00e9 le 19 octobre 2014 et canonis\u00e9 le 14 octobre 2018 par le Pape Fran\u00e7ois.<\/p>\n\n<div style=\"height:20px\" aria-hidden=\"true\" class=\"wp-block-spacer\"><\/div>\n\n<hr class=\"wp-block-separator\"\/>\n\n<div style=\"height:20px\" aria-hidden=\"true\" class=\"wp-block-spacer\"><\/div>\n\n<h3 class=\"has-text-align-center wp-block-heading\">Documents<\/h3>\n\n<div style=\"height:20px\" aria-hidden=\"true\" class=\"wp-block-spacer\"><\/div>\n\n<div class=\"columna-papas\">\r\n    <h4 class=\"has-text-align-center\">Ann\u00e9e 1974<\/h4>\r\n    <div style=\"height:20px\" aria-hidden=\"true\" class=\"wp-block-spacer\"><\/div>\r\n    <a href=\"https:\/\/neocatechumenaleiter.org\/fr\/paroles-de-papes\/st-paul-vi\/audience-generale-8-mai-1974\/\"><h6 class=\"has-text-align-center\">Audience g\u00e9n\u00e9rale 8-V-1974<\/h6><\/a>\r\n<\/div>\r\n<div class=\"columna-papas\" style=\"background: #f7f7f7;\">\r\n    <h4 class=\"has-text-align-center\">Ann\u00e9e 1977<\/h4>\r\n    <div style=\"height:20px\" aria-hidden=\"true\" class=\"wp-block-spacer\"><\/div>\r\n    <a href=\"https:\/\/neocatechumenaleiter.org\/fr\/paroles-de-papes\/st-paul-vi\/audience-generale-12-janvier-1977\/\"><h6 class=\"has-text-align-center\">Audience g\u00e9n\u00e9rale 12-I-1977<\/h6><\/a>\r\n<\/div>\n","protected":false},"excerpt":{"rendered":"<p>St Paul VI Biographie Giovanni Battista Enrico Antonio Maria Montini est n\u00e9 en Lombardie (Italie) le 26 septembre 1897. Il fut ordonn\u00e9 pr\u00eatre le 29 mai 1920. En 1954, il fut ordonn\u00e9 \u00c9v\u00eaque et en 1958, il fut cr\u00e9\u00e9 Cardinal par Saint Jean XXIII. Le 21 juin 1963, il a \u00e9t\u00e9 choisi comme Pontife de l\u2019\u00c9glise Catholique, en prenant le nom de Paul VI. En 1965 il a \u00e9tabli le<\/p>\n<div class=\"read-more\"><a class=\"btn read-more-btn\" href=\"https:\/\/neocatechumenaleiter.org\/fr\/paroles-de-papes\/st-paul-vi\/\">En savoir plus<\/a><\/div>\n","protected":false},"author":2,"featured_media":0,"parent":3937,"menu_order":0,"comment_status":"closed","ping_status":"closed","template":"","meta":{"footnotes":""},"class_list":["post-5052","page","type-page","status-publish","hentry"],"_links":{"self":[{"href":"https:\/\/neocatechumenaleiter.org\/fr\/wp-json\/wp\/v2\/pages\/5052","targetHints":{"allow":["GET"]}}],"collection":[{"href":"https:\/\/neocatechumenaleiter.org\/fr\/wp-json\/wp\/v2\/pages"}],"about":[{"href":"https:\/\/neocatechumenaleiter.org\/fr\/wp-json\/wp\/v2\/types\/page"}],"author":[{"embeddable":true,"href":"https:\/\/neocatechumenaleiter.org\/fr\/wp-json\/wp\/v2\/users\/2"}],"replies":[{"embeddable":true,"href":"https:\/\/neocatechumenaleiter.org\/fr\/wp-json\/wp\/v2\/comments?post=5052"}],"version-history":[{"count":14,"href":"https:\/\/neocatechumenaleiter.org\/fr\/wp-json\/wp\/v2\/pages\/5052\/revisions"}],"predecessor-version":[{"id":48331,"href":"https:\/\/neocatechumenaleiter.org\/fr\/wp-json\/wp\/v2\/pages\/5052\/revisions\/48331"}],"up":[{"embeddable":true,"href":"https:\/\/neocatechumenaleiter.org\/fr\/wp-json\/wp\/v2\/pages\/3937"}],"wp:attachment":[{"href":"https:\/\/neocatechumenaleiter.org\/fr\/wp-json\/wp\/v2\/media?parent=5052"}],"curies":[{"name":"wp","href":"https:\/\/api.w.org\/{rel}","templated":true}]}}