{"id":5071,"date":"2020-02-29T19:59:09","date_gmt":"2020-02-29T18:59:09","guid":{"rendered":"https:\/\/neocatechumenaleiter.org\/paroles-de-papes\/benoit-xvi\/"},"modified":"2021-08-10T11:05:19","modified_gmt":"2021-08-10T10:05:19","slug":"benoit-xvi","status":"publish","type":"page","link":"https:\/\/neocatechumenaleiter.org\/fr\/paroles-de-papes\/benoit-xvi\/","title":{"rendered":"Beno\u00eet XVI"},"content":{"rendered":"\n<h1 class=\"has-text-align-center wp-block-heading\">Beno\u00eet XVI<\/h1>\n\n<div style=\"height:21px\" aria-hidden=\"true\" class=\"wp-block-spacer\"><\/div>\n\n<h4 class=\"has-text-align-center wp-block-heading\">BIOGRAPHIE<\/h4>\n\n<div style=\"height:20px\" aria-hidden=\"true\" class=\"wp-block-spacer\"><\/div>\n\n<div class=\"wp-block-image is-style-default\"><figure class=\"alignleft size-medium\"><img loading=\"lazy\" decoding=\"async\" width=\"250\" height=\"300\" src=\"https:\/\/neocatechumenaleiter.org\/wp-content\/uploads\/2020\/02\/Camino_Neocatecumenal_Papa_Benedicto_XVI-250x300.jpg\" alt=\"Pape &#xE9;m&#xE9;rite Beno&#xEE;t XVI\" class=\"wp-image-873\" srcset=\"https:\/\/neocatechumenaleiter.org\/wp-content\/uploads\/2020\/02\/Camino_Neocatecumenal_Papa_Benedicto_XVI-250x300.jpg 250w, https:\/\/neocatechumenaleiter.org\/wp-content\/uploads\/2020\/02\/Camino_Neocatecumenal_Papa_Benedicto_XVI.jpg 500w\" sizes=\"auto, (max-width: 250px) 100vw, 250px\" \/><\/figure><\/div>\n\n<p>Joseph Ratzinger est n\u00e9 \u00e0 Marktl am Inn (Allemagne) le 16 avril 1927.<\/p>\n\n<p>Il a \u00e9t\u00e9 ordonn\u00e9 pr\u00eatre le 29 juin 1961 \u00e0 Munich. En 1953, il a obtenu le doctorat en th\u00e9ologie.<\/p>\n\n<p>En 1977, il a \u00e9t\u00e9 nomm\u00e9 Archev\u00eaque de Munich et Freising et Cardinal en 1977 par Paul VI.<\/p>\n\n<p>En 1981, il fut nomm\u00e9 par Jean-Paul II Pr\u00e9fet de la Congr\u00e9gation pour la Doctrine de la Foi, Pr\u00e9sident de la Commission Pontificale Biblique et de la Commission Pontificale Th\u00e9ologique Internationale. Il a \u00e9t\u00e9 pr\u00e9sident de la Commission pour la pr\u00e9paration du Cat\u00e9chisme de l\u2019\u00c9glise Catholique, qu\u2019il a pr\u00e9sent\u00e9 au Saint P\u00e8re.<\/p>\n\n<p>Le 19 avril 2005, il a \u00e9t\u00e9 \u00e9lu Pontife de l\u2019\u00c9glise Catholique en prenant le nom de Beno\u00eet XVI.<\/p>\n\n<p>Le 11 f\u00e9vrier 2013, il a d\u00e9missionn\u00e9 du Pontificat de l\u2019\u00c9glise Catholique, en devenant Pape \u00c9m\u00e9rite.<\/p>\n\n<div style=\"height:20px\" aria-hidden=\"true\" class=\"wp-block-spacer\"><\/div>\n\n<hr class=\"wp-block-separator\"\/>\n\n<div style=\"height:20px\" aria-hidden=\"true\" class=\"wp-block-spacer\"><\/div>\n\n<h3 class=\"has-text-align-center wp-block-heading\">Documents<\/h3>\n\n<div style=\"height:20px\" aria-hidden=\"true\" class=\"wp-block-spacer\"><\/div>\n<section id=\"search-2\" class=\"widget widget_search\"><form role=\"search\" method=\"get\" class=\"search-form\" action=\"https:\/\/neocatechumenaleiter.org\/fr\/\">\r\n\t<label for=\"search-form-5e59be1dc1b02\">\r\n\t\t<span class=\"screen-reader-text\">Chercher:<\/span>\r\n        <input type=\"search\" id=\"search-form-5e59be1dc1b02\" class=\"search-field\" placeholder=\"Chercher \u2026\" value=\"\" name=\"s\"\/><\/label>\r\n\t<button type=\"submit\" class=\"search-submit\">\r\n    \t<span class=\"screen-reader-text\">Chercher<\/span>\r\n        <i class=\"icon-magnifier\"><\/i>\r\n    <\/button>\r\n<\/form>\r\n<\/section>\n<div style=\"height:20px\" aria-hidden=\"true\" class=\"wp-block-spacer\"><\/div>\n<div class=\"columna-papas\">\r\n    <h4 class=\"has-text-align-center\">Ann\u00e9e 2005<\/h4>\r\n    <div style=\"height:20px\" aria-hidden=\"true\" class=\"wp-block-spacer\"><\/div>\r\n    <a href=\"https:\/\/neocatechumenaleiter.org\/fr\/paroles-de-papes\/benoit-xvi\/audience-privee-aux-initiateurs-du-chemin-neocatechumenal-19-xi-2005\/\"><h6 class=\"has-text-align-left\">Audience priv\u00e9e avec les initiateurs du Chemin N\u00e9ocat\u00e9chum\u00e9nal 19-XI-2005<\/h6><\/a>\r\n<\/div>\r\n<div class=\"columna-papas\" style=\"background: #f7f7f7;\">\r\n    <h4 class=\"has-text-align-center\">Ann\u00e9e 2006<\/h4>\r\n    <div style=\"height:20px\" aria-hidden=\"true\" class=\"wp-block-spacer\"><\/div>\r\n    <a href=\"https:\/\/neocatechumenaleiter.org\/fr\/paroles-de-papes\/benoit-xvi\/discours-au-chemin-neocatechumenal-12-i-2006\/\"><h6 class=\"has-text-align-left\">Discours au Chemin N\u00e9ocat\u00e9chum\u00e9nal 12-I-2006<\/h6><\/a>\r\n    <hr class=\"wp-block-separator\"\/><a href=\"https:\/\/neocatechumenaleiter.org\/fr\/paroles-de-papes\/benoit-xvi\/benoit-xvi-a-langelus-un-chemin-de-redecouverte-de-la-foi\/\"><h6 class=\"has-text-align-left\">Angelus sur la place Saint-Pierre 29-X-2006<\/h6><\/a>\r\n    <hr class=\"wp-block-separator\"\/><a href=\"https:\/\/neocatechumenaleiter.org\/fr\/paroles-de-papes\/benoit-xvi\/convivence-des-eveques-de-lasie-et-de-laustralie-domus-galilaeae-18-24-novembre-2006\/\"><h6 class=\"has-text-align-left\">Convivence des \u00e9v\u00eaques de l&rsquo;Asie et de l&rsquo;Australie dans la Domus Galilaeae 18-XI-2006<\/h6><\/a>\r\n<\/div>\n<div style=\"height:20px\" aria-hidden=\"true\" class=\"wp-block-spacer\"><\/div>\n<div class=\"columna-papas\">\r\n    <h4 class=\"has-text-align-center\">Ann\u00e9e 2007<\/h4>\r\n    <div style=\"height:20px\" aria-hidden=\"true\" class=\"wp-block-spacer\"><\/div>\r\n    <a href=\"https:\/\/neocatechumenaleiter.org\/fr\/paroles-de-papes\/benoit-xvi\/rencontre-de-benoit-xvi-avec-les-cures-et-le-clerge-du-diocese-de-rome-22-fevrier-2007\/\"><h6 class=\"has-text-align-left\">Rencontre des cur\u00e9s et du clerg\u00e9 de Rome 22-II-2007<\/h6><\/a>\r\n    <hr class=\"wp-block-separator\"\/><a href=\"https:\/\/neocatechumenaleiter.org\/fr\/paroles-de-papes\/benoit-xvi\/audience-privee-du-pape-benoit-xvi-aux-initiateurs-du-chemin-neocatechumenal-26-mai-2007\/\"><h6 class=\"has-text-align-left\">Audience priv\u00e9e aux initiateurs du Chemin 26-V-2007<\/h6><\/a>\r\n<\/div>\r\n<div class=\"columna-papas\" style=\"background: #f7f7f7;\">\r\n    <h4 class=\"has-text-align-center\">Ann\u00e9e 2008<\/h4>\r\n    <div style=\"height:20px\" aria-hidden=\"true\" class=\"wp-block-spacer\"><\/div>\r\n    <a href=\"https:\/\/neocatechumenaleiter.org\/fr\/paroles-de-papes\/benoit-xvi\/convivence-de-plus-de-200-eveques-et-9-cardinaux-de-leurope-a-la-domus-galilaeae-24-iii-2008\/\"><h6 class=\"has-text-align-left\">\r\nConvivence des \u00e9v\u00eaques d&rsquo;Europe dans la Domus Galilaeae 24-III-2008<\/h6><\/a>\r\n<\/div>\n<div style=\"height:20px\" aria-hidden=\"true\" class=\"wp-block-spacer\"><\/div>\n<div class=\"columna-papas\">\r\n    <h4 class=\"has-text-align-center\">Ann\u00e9e 2009<\/h4>\r\n    <div style=\"height:20px\" aria-hidden=\"true\" class=\"wp-block-spacer\"><\/div>\r\n    <a href=\"https:\/\/neocatechumenaleiter.org\/fr\/paroles-de-papes\/benoit-xvi\/discours-pour-les-quarante-ans-du-debut-du-chemin\/\"><h6 class=\"has-text-align-left\">Discours pour les Quarante Ans du Chemin 10-I-2009<\/h6><\/a>\r\n<\/div>\r\n<div class=\"columna-papas\" style=\"background: #f7f7f7;\">\r\n    <h4 class=\"has-text-align-center\">Ann\u00e9e 2010<\/h4>\r\n    <div style=\"height:20px\" aria-hidden=\"true\" class=\"wp-block-spacer\"><\/div>\r\n    <a href=\"https:\/\/neocatechumenaleiter.org\/fr\/paroles-de-papes\/benoit-xvi\/audience-aux-initiateurs-du-chemin-neocatechumenal-13-xi-2010\/\"><h6 class=\"has-text-align-left\">Audience aux initiateurs du Chemin N\u00e9ocat\u00e9chum\u00e9nal 13-XI-2010<\/h6><\/a>\r\n<\/div>\n<div style=\"height:20px\" aria-hidden=\"true\" class=\"wp-block-spacer\"><\/div>\n<div class=\"columna-papas\">\r\n    <h4 class=\"has-text-align-center\">Ann\u00e9e 2011<\/h4>\r\n    <div style=\"height:20px\" aria-hidden=\"true\" class=\"wp-block-spacer\"><\/div>\r\n    <a href=\"https:\/\/neocatechumenaleiter.org\/fr\/paroles-de-papes\/benoit-xvi\/audience-envoi-des-familles-e-missio-ad-gentes-17-i-2011\/\"><h6 class=\"has-text-align-left\">AUDIENCE ET ENVOI DES FAMILLES EN \u00ab MISSIO AD GENTES \u00bb 17-I-2011<\/h6><\/a>\r\n    <hr class=\"wp-block-separator\"\/><a href=\"https:\/\/neocatechumenaleiter.org\/fr\/paroles-de-papes\/benoit-xvi\/regina-coeli-visite-a-aquilee-et-venise-8-v-2011\/\"><h6 class=\"has-text-align-left\">\u00abRegina Coeli\u00bb visite \u00e0 Aquileia et Venise 8-V-2011<\/h6><\/a>\r\n<\/div>\r\n<div class=\"columna-papas\" style=\"background: #f7f7f7;\">\r\n    <h4 class=\"has-text-align-center\">Ann\u00e9e 2012<\/h4>\r\n    <div style=\"height:20px\" aria-hidden=\"true\" class=\"wp-block-spacer\"><\/div>\r\n    <a href=\"https:\/\/neocatechumenaleiter.org\/fr\/paroles-de-papes\/benoit-xvi\/audience-envoi-missio-ad-gentes-20-i-2012\/\"><h6 class=\"has-text-align-left\">AUDIENCE ET ENVOI DE 15 \u00ab MISSIO AD GENTES \u00bb 20-I-2012<\/h6><\/a>\r\n<\/div>","protected":false},"excerpt":{"rendered":"<p>Beno\u00eet XVI BIOGRAPHIE Joseph Ratzinger est n\u00e9 \u00e0 Marktl am Inn (Allemagne) le 16 avril 1927. Il a \u00e9t\u00e9 ordonn\u00e9 pr\u00eatre le 29 juin 1961 \u00e0 Munich. En 1953, il a obtenu le doctorat en th\u00e9ologie. En 1977, il a \u00e9t\u00e9 nomm\u00e9 Archev\u00eaque de Munich et Freising et Cardinal en 1977 par Paul VI. En 1981, il fut nomm\u00e9 par Jean-Paul II Pr\u00e9fet de la Congr\u00e9gation pour la Doctrine de<\/p>\n<div class=\"read-more\"><a class=\"btn read-more-btn\" href=\"https:\/\/neocatechumenaleiter.org\/fr\/paroles-de-papes\/benoit-xvi\/\">En savoir plus<\/a><\/div>\n","protected":false},"author":2,"featured_media":0,"parent":3937,"menu_order":2,"comment_status":"closed","ping_status":"closed","template":"","meta":{"footnotes":""},"class_list":["post-5071","page","type-page","status-publish","hentry"],"_links":{"self":[{"href":"https:\/\/neocatechumenaleiter.org\/fr\/wp-json\/wp\/v2\/pages\/5071","targetHints":{"allow":["GET"]}}],"collection":[{"href":"https:\/\/neocatechumenaleiter.org\/fr\/wp-json\/wp\/v2\/pages"}],"about":[{"href":"https:\/\/neocatechumenaleiter.org\/fr\/wp-json\/wp\/v2\/types\/page"}],"author":[{"embeddable":true,"href":"https:\/\/neocatechumenaleiter.org\/fr\/wp-json\/wp\/v2\/users\/2"}],"replies":[{"embeddable":true,"href":"https:\/\/neocatechumenaleiter.org\/fr\/wp-json\/wp\/v2\/comments?post=5071"}],"version-history":[{"count":14,"href":"https:\/\/neocatechumenaleiter.org\/fr\/wp-json\/wp\/v2\/pages\/5071\/revisions"}],"predecessor-version":[{"id":18147,"href":"https:\/\/neocatechumenaleiter.org\/fr\/wp-json\/wp\/v2\/pages\/5071\/revisions\/18147"}],"up":[{"embeddable":true,"href":"https:\/\/neocatechumenaleiter.org\/fr\/wp-json\/wp\/v2\/pages\/3937"}],"wp:attachment":[{"href":"https:\/\/neocatechumenaleiter.org\/fr\/wp-json\/wp\/v2\/media?parent=5071"}],"curies":[{"name":"wp","href":"https:\/\/api.w.org\/{rel}","templated":true}]}}