{"id":6362,"date":"2020-04-02T14:21:15","date_gmt":"2020-04-02T13:21:15","guid":{"rendered":"https:\/\/neocatechumenaleiter.org\/mail_ok\/"},"modified":"2020-05-26T21:45:13","modified_gmt":"2020-05-26T20:45:13","slug":"mail_ok","status":"publish","type":"page","link":"https:\/\/neocatechumenaleiter.org\/fr\/mail_ok\/","title":{"rendered":"Mail_ok"},"content":{"rendered":"\n<h2 class=\"has-text-align-center wp-block-heading\">Votre message a \u00e9t\u00e9 envoy\u00e9 correctement.<\/h2>\n\n<div style=\"height:20px\" aria-hidden=\"true\" class=\"wp-block-spacer\"><\/div>\n\n<h5 class=\"has-text-align-center wp-block-heading\">Nous enverrons notre r\u00e9ponse \u00e0 l&rsquo;adresse mail que vous avez fournie sur le formulaire, si n\u00e9cessaire. <\/h5>\n","protected":false},"excerpt":{"rendered":"<p>Votre message a \u00e9t\u00e9 envoy\u00e9 correctement. Nous enverrons notre r\u00e9ponse \u00e0 l&rsquo;adresse mail que vous avez fournie sur le formulaire, si n\u00e9cessaire.<\/p>\n","protected":false},"author":2,"featured_media":0,"parent":0,"menu_order":0,"comment_status":"closed","ping_status":"closed","template":"","meta":{"footnotes":""},"class_list":["post-6362","page","type-page","status-publish","hentry"],"_links":{"self":[{"href":"https:\/\/neocatechumenaleiter.org\/fr\/wp-json\/wp\/v2\/pages\/6362","targetHints":{"allow":["GET"]}}],"collection":[{"href":"https:\/\/neocatechumenaleiter.org\/fr\/wp-json\/wp\/v2\/pages"}],"about":[{"href":"https:\/\/neocatechumenaleiter.org\/fr\/wp-json\/wp\/v2\/types\/page"}],"author":[{"embeddable":true,"href":"https:\/\/neocatechumenaleiter.org\/fr\/wp-json\/wp\/v2\/users\/2"}],"replies":[{"embeddable":true,"href":"https:\/\/neocatechumenaleiter.org\/fr\/wp-json\/wp\/v2\/comments?post=6362"}],"version-history":[{"count":2,"href":"https:\/\/neocatechumenaleiter.org\/fr\/wp-json\/wp\/v2\/pages\/6362\/revisions"}],"predecessor-version":[{"id":12411,"href":"https:\/\/neocatechumenaleiter.org\/fr\/wp-json\/wp\/v2\/pages\/6362\/revisions\/12411"}],"wp:attachment":[{"href":"https:\/\/neocatechumenaleiter.org\/fr\/wp-json\/wp\/v2\/media?parent=6362"}],"curies":[{"name":"wp","href":"https:\/\/api.w.org\/{rel}","templated":true}]}}