{"id":9238,"date":"2020-03-04T00:39:08","date_gmt":"2020-03-03T23:39:08","guid":{"rendered":"https:\/\/neocatechumenaleiter.org\/paroles-de-papes\/st-jean-paul-ii\/rencontre-a-vienne-en-presence-de-nombreux-eveques-europeens-13-4-1993\/"},"modified":"2021-08-10T11:03:02","modified_gmt":"2021-08-10T10:03:02","slug":"rencontre-a-vienne-en-presence-de-nombreux-eveques-europeens-13-4-1993","status":"publish","type":"page","link":"https:\/\/neocatechumenaleiter.org\/fr\/paroles-de-papes\/st-jean-paul-ii\/rencontre-a-vienne-en-presence-de-nombreux-eveques-europeens-13-4-1993\/","title":{"rendered":"Rencontre \u00e0 Vienne en pr\u00e9sence de nombreux \u00e9v\u00eaques europ\u00e9ens 13 avril 1993"},"content":{"rendered":"\n<h1 class=\"has-text-align-center wp-block-heading\">Rencontre \u00e0 Vienne en pr\u00e9sence de nombreux \u00e9v\u00eaques europ\u00e9ens 13 avril 1993<\/h1>\n\n<div style=\"height:20px\" aria-hidden=\"true\" class=\"wp-block-spacer\"><\/div>\n\n<h4 class=\"has-text-align-center wp-block-heading\">Saint Jean-Paul II<\/h4>\n\n<div style=\"height:20px\" aria-hidden=\"true\" class=\"wp-block-spacer\"><\/div>\n\n<p><strong>Vienne, 13-17 avril 1993 *<\/strong><\/p>\n\n<p><em>L&rsquo;Europe sera-t-elle chr\u00e9tienne en l&rsquo;an 2000 ? Pour r\u00e9pondre \u00e0 cette question du Saint-P\u00e8re, cinq cardinaux et 120 \u00e9v\u00eaques de tous les pays d&rsquo;Europe, du Portugal \u00e0 la Russie, se sont r\u00e9unis pendant cinq jours \u00e0 Vienne du 13 au 17 avril 1993.<\/em><em> La r\u00e9union a \u00e9t\u00e9 ouverte le mercredi 14 avril au matin par le cardinal Gro\u00ebr qui a soulign\u00e9 l&rsquo;importance du Chemin N\u00e9ocat\u00e9chum\u00e9nal pour l&rsquo;\u00c9glise au seuil du troisi\u00e8me mill\u00e9naire. Le vice-pr\u00e9sident du Conseil pontifical pour les la\u00efcs, Mgr Paul Cordes, a lu la lettre du Saint-P\u00e8re.<\/em><\/p>\n\n<div class=\"wp-block-image\"><figure class=\"aligncenter size-large\"><img loading=\"lazy\" decoding=\"async\" width=\"400\" height=\"276\" src=\"https:\/\/neocatechumenaleiter.org\/wp-content\/uploads\/2020\/03\/Camino_Neocatecumenal_Juan_Pablo_II_encuentro_viena_obispos_1993.jpg\" alt=\"\" class=\"wp-image-2461\" srcset=\"https:\/\/neocatechumenaleiter.org\/wp-content\/uploads\/2020\/03\/Camino_Neocatecumenal_Juan_Pablo_II_encuentro_viena_obispos_1993.jpg 400w, https:\/\/neocatechumenaleiter.org\/wp-content\/uploads\/2020\/03\/Camino_Neocatecumenal_Juan_Pablo_II_encuentro_viena_obispos_1993-300x207.jpg 300w\" sizes=\"auto, (max-width: 400px) 100vw, 400px\" \/><\/figure><\/div>\n\n<p><em>Nous reportons ici la lettre :<\/em><\/p>\n\n<p>V\u00e9n\u00e9r\u00e9s Fr\u00e8res dans l\u2019\u00c9piscopat,&#13;\ntr\u00e8s chers Fr\u00e8res et S\u0153urs !<br\/><br\/>&#13;\n&#13;\nC\u2019est pour moi un grand motif de consolation, quelques ann\u00e9es apr\u00e8s mon appel pour une nouvelle \u00e9vang\u00e9lisation de l\u2019Europe, de vous savoir r\u00e9unis \u00e0 Vienne pour r\u00e9fl\u00e9chir ensemble sur les fruits de l\u2019activit\u00e9 missionnaire que les pr\u00eatres, les itin\u00e9rants et les familles en mission du Chemin n\u00e9ocat\u00e9chum\u00e9nal d\u00e9ploient avec un \u00e9lan g\u00e9n\u00e9reux et un grand z\u00e8le pour l\u2019\u00c9vangile.&#13;\n<br\/><br\/>&#13;\n\u00c0 l\u2019occasion de l\u2019ouverture des travaux de l\u2019Assembl\u00e9e Sp\u00e9ciale pour l\u2019Europe, le 5 juin 1990, je relevais avec peine que dans notre continent beaucoup se sont habitu\u00e9s \u00e0 consid\u00e9rer la r\u00e9alit\u00e9 \u00ab comme si Dieu n\u2019existait pas \u00bb. Dans une perspective de ce  type \u2013 ajoutais-je \u2013 l\u2019homme \u00ab devient la source de la loi morale, et cette seule loi, que l\u2019homme se donne \u00e0 lui-m\u00eame, constitue la mesure de sa conscience et de son comportement \u00bb (Enseignements, vol. XIII, 1, 1990, pag. 1517 ss.). D\u2019autre part, on ne peut pas nier que l\u2019Esprit Saint, gr\u00e2ce au Concile Vatican II, a suscit\u00e9 des instruments valables \u2013 et parmi eux le Chemin n\u00e9ocat\u00e9chum\u00e9nal \u2013 pour r\u00e9pondre aux interrogations de l\u2019homme contemporain. Apr\u00e8s quelques ann\u00e9es, \u00e0 la lumi\u00e8re des r\u00e9sultats obtenus, j\u2019ai jug\u00e9 bon d\u2019encourager par \u00e9crit cette exp\u00e9rience en vue de la nouvelle \u00e9vang\u00e9lisation, en souhaitant qu\u2019elle soit aid\u00e9e et exploit\u00e9e par mes Fr\u00e8res dans l\u2019\u00c9piscopat (cf. Lettre du 30 ao\u00fbt 1990).&#13;\n<br\/><br\/>&#13;\nNombre d\u2019entre vous \u00eates des t\u00e9moins directs de ces r\u00e9sultats, si ce n\u2019est des protagonistes par l\u2019aide accord\u00e9e \u00e0 la diffusion de cette nouvelle r\u00e9alit\u00e9 eccl\u00e9siale ; c\u2019est pour cela que votre r\u00e9flexion d\u2019aujourd\u2019hui est particuli\u00e8rement importante, comme l\u2019a \u00e9t\u00e9 celle des \u00c9v\u00eaques du continent am\u00e9ricain pendant la rencontre de l\u2019ann\u00e9e derni\u00e8re \u00e0 Saint Domingue.&#13;\n<br\/><br\/>&#13;\nLe Chemin n\u00e9ocat\u00e9chum\u00e9nal, au sein duquel, m\u00fbrissent les itin\u00e9rants et les familles en mission, peut r\u00e9pondre aux d\u00e9fis du s\u00e9cularisme, de la diffusion des sectes et au manque de vocations. La r\u00e9flexion sur la Parole de Dieu et la participation \u00e0 l\u2019Eucharistie rendent possible une initiation graduelle aux saints Myst\u00e8res, ils forment des cellules vivantes d\u2019\u00c9glise, ils renouvellent la vitalit\u00e9 des Paroisses avec des chr\u00e9tiens murs capables de t\u00e9moigner de la v\u00e9rit\u00e9 avec une foi v\u00e9cue radicalement.&#13;\n<br\/><br\/>&#13;\nCe Chemin appara\u00eet comme particuli\u00e8rement apte \u00e0 contribuer, dans les zones d\u00e9christianis\u00e9es, \u00e0 la \u00ab reimplantatio Ecclesiae \u00bb, en portant l\u2019homme dans son comportement moral \u00e0 l\u2019ob\u00e9issance \u00e0 la v\u00e9rit\u00e9 r\u00e9v\u00e9l\u00e9e et en reconstruisant m\u00eame jusqu\u2019au tissu social, d\u00e9compos\u00e9 par le manque de connaissance de Dieu et de son Amour. Et d\u00e9j\u00e0 dans quelques r\u00e9gions des noyaux de familles missionnaires capables d\u2019\u00eatre lumi\u00e8re du Christ et exemple de vie se forment.&#13;\n<br\/><br\/>&#13;\nMais une telle mission ne serait pas possible sans des presbytres pr\u00e9par\u00e9s \u00e0 accompagner et \u00e0 soutenir par leur minist\u00e8re ordonn\u00e9 cette \u0153uvre pour la nouvelle \u00e9vang\u00e9lisation. Je suis reconnaissant au Seigneur qui a voulu que surgissent de nombreuses vocations et par suite la constitution de s\u00e9minaires dioc\u00e9sains et missionnaires dans divers pays d\u2019Europe, appel\u00e9s du doux nom de la Vierge Marie, \u00ab Redemptoris Mater \u00bb. &#13;\n<br\/><br\/>&#13;\nJe mets aussi votre rencontre sous sa protection maternelle et son inspiration puissante, car elle pourra donner \u00e9lan et courage renouvel\u00e9s dans votre engagement apostolique envers l\u2019homme contemporain, qui a besoin de la conduite des Pasteurs et des t\u00e9moins qu\u2019ils envoient pour conna\u00eetre Dieu, invoquer son nom et en recevoir le salut.&#13;\n<br\/><br\/>&#13;\nQue la lumi\u00e8re du Seigneur Ressuscit\u00e9, que nous avons c\u00e9l\u00e9br\u00e9 dans la Veill\u00e9e Pascale, continue \u00e0 resplendir en vous ,en vous soutenant dans votre mission au service de l\u2019\u00c9glise et de l\u2019humanit\u00e9 tout enti\u00e8re.&#13;\n<\/p>\n\n<p>Du Vatican, le 12 Avril 1993.<br\/><br\/>Joannes Paulus II<br\/><br\/><em>(*) Cf. \u201cL\u2019 Osservatore Romano\u201d, 22 avril 1993<\/em><\/p>\n","protected":false},"excerpt":{"rendered":"<p>Rencontre \u00e0 Vienne en pr\u00e9sence de nombreux \u00e9v\u00eaques europ\u00e9ens 13 avril 1993 Saint Jean-Paul II Vienne, 13-17 avril 1993 * L&rsquo;Europe sera-t-elle chr\u00e9tienne en l&rsquo;an 2000 ? Pour r\u00e9pondre \u00e0 cette question du Saint-P\u00e8re, cinq cardinaux et 120 \u00e9v\u00eaques de tous les pays d&rsquo;Europe, du Portugal \u00e0 la Russie, se sont r\u00e9unis pendant cinq jours \u00e0 Vienne du 13 au 17 avril 1993. La r\u00e9union a \u00e9t\u00e9 ouverte le mercredi<\/p>\n<div class=\"read-more\"><a class=\"btn read-more-btn\" href=\"https:\/\/neocatechumenaleiter.org\/fr\/paroles-de-papes\/st-jean-paul-ii\/rencontre-a-vienne-en-presence-de-nombreux-eveques-europeens-13-4-1993\/\">En savoir plus<\/a><\/div>\n","protected":false},"author":2,"featured_media":0,"parent":5064,"menu_order":73,"comment_status":"closed","ping_status":"closed","template":"","meta":{"footnotes":""},"class_list":["post-9238","page","type-page","status-publish","hentry"],"_links":{"self":[{"href":"https:\/\/neocatechumenaleiter.org\/fr\/wp-json\/wp\/v2\/pages\/9238","targetHints":{"allow":["GET"]}}],"collection":[{"href":"https:\/\/neocatechumenaleiter.org\/fr\/wp-json\/wp\/v2\/pages"}],"about":[{"href":"https:\/\/neocatechumenaleiter.org\/fr\/wp-json\/wp\/v2\/types\/page"}],"author":[{"embeddable":true,"href":"https:\/\/neocatechumenaleiter.org\/fr\/wp-json\/wp\/v2\/users\/2"}],"replies":[{"embeddable":true,"href":"https:\/\/neocatechumenaleiter.org\/fr\/wp-json\/wp\/v2\/comments?post=9238"}],"version-history":[{"count":10,"href":"https:\/\/neocatechumenaleiter.org\/fr\/wp-json\/wp\/v2\/pages\/9238\/revisions"}],"predecessor-version":[{"id":24155,"href":"https:\/\/neocatechumenaleiter.org\/fr\/wp-json\/wp\/v2\/pages\/9238\/revisions\/24155"}],"up":[{"embeddable":true,"href":"https:\/\/neocatechumenaleiter.org\/fr\/wp-json\/wp\/v2\/pages\/5064"}],"wp:attachment":[{"href":"https:\/\/neocatechumenaleiter.org\/fr\/wp-json\/wp\/v2\/media?parent=9238"}],"curies":[{"name":"wp","href":"https:\/\/api.w.org\/{rel}","templated":true}]}}