{"id":9240,"date":"2020-05-02T15:45:14","date_gmt":"2020-05-02T14:45:14","guid":{"rendered":"https:\/\/neocatechumenaleiter.org\/paroles-de-papes\/st-jean-paul-ii\/lettre-du-pape-jean-paul-ii-a-mgr-paul-josef-cordes-30-viii-1990\/"},"modified":"2020-06-04T01:03:30","modified_gmt":"2020-06-04T00:03:30","slug":"lettre-du-pape-jean-paul-ii-a-mgr-paul-josef-cordes-30-viii-1990","status":"publish","type":"page","link":"https:\/\/neocatechumenaleiter.org\/fr\/paroles-de-papes\/st-jean-paul-ii\/lettre-du-pape-jean-paul-ii-a-mgr-paul-josef-cordes-30-viii-1990\/","title":{"rendered":"Lettre du Pape Jean Paul II \u00e0 Mgr. Paul Josef Cordes 30-VIII-1990"},"content":{"rendered":"\n<h1 class=\"has-text-align-center wp-block-heading\">Lettre du Pape Jean Paul II \u00e0 Mgr. Paul Josef Cordes 30-VIII-1990<\/h1>\n\n<div style=\"height:20px\" aria-hidden=\"true\" class=\"wp-block-spacer\"><\/div>\n\n<h4 class=\"has-text-align-center wp-block-heading\">St. Jean Paul II<\/h4>\n\n<div style=\"height:20px\" aria-hidden=\"true\" class=\"wp-block-spacer\"><\/div>\n\n<p><strong>LETTRE<br\/><em>\u00ab\u00a0OGNI QUALVOLTA\u00a0\u00bb<\/em><br\/>DE SA SAINTETE JEAN PAUL II<\/strong><\/p>\n\n<p><em>Au fr\u00e8re v\u00e9n\u00e9r\u00e9<br\/>&#13;\nMonseigneur PAUL JOSEF CORDES<br\/>&#13;\ncharg\u00e9 \u00ab\u00a0ad personam\u00a0\u00bb pour l&rsquo;apostolat<br\/>&#13;\ndes communaut\u00e9s n\u00e9ocat\u00e9chum\u00e9nales<\/em><\/p>\n\n<p>Chaque fois que l&rsquo;Esprit fait germer dans l&rsquo;\u00c9glise des impulsions pour une plus grande fid\u00e9lit\u00e9 \u00e0 l&rsquo;\u00c9vangile, de nouveaux charismes fleurissent qui manifestent une telle r\u00e9alit\u00e9 et de nouvelles institutions qui la mettent en pratique. C&rsquo;est ce qui s&rsquo;est pass\u00e9 apr\u00e8s le Concile de Trente et apr\u00e8s le Concile Vatican II. <\/p>\n\n<p>Parmi les r\u00e9alit\u00e9s suscit\u00e9es par l&rsquo;Esprit \u00e0 notre \u00e9poque, on trouve les communaut\u00e9s n\u00e9ocat\u00e9chum\u00e9nales, initi\u00e9es par M. K. Arg\u00fcello et Mme C. Hern\u00e1ndez (Madrid, Espagne), dont l&rsquo;efficacit\u00e9 dans le renouvellement de la vie chr\u00e9tienne a \u00e9t\u00e9 salu\u00e9e par mon pr\u00e9d\u00e9cesseur Paul VI comme un fruit du Conseil : \u00ab\u00a0Quelle joie et quelle esp\u00e9rance vous nous donnez par votre pr\u00e9sence et votre activit\u00e9 Vivre et promouvoir cet \u00e9veil est ce que vous appelez une forme de post-bapt\u00eame qui peut renouveler, dans les communaut\u00e9s chr\u00e9tiennes d&rsquo;aujourd&rsquo;hui, les effets de maturit\u00e9 et d&rsquo;approfondissement qui, dans l&rsquo;\u00c9glise primitive, se sont r\u00e9alis\u00e9s gr\u00e2ce \u00e0 la p\u00e9riode de pr\u00e9paration au bapt\u00eame\u00a0\u00bb (Paul VI aux communaut\u00e9s n\u00e9ocat\u00e9chum\u00e9nales, Audience g\u00e9n\u00e9rale, 8 mai 1974, in Notitiae 96 [1974] 230). Moi aussi, dans les nombreuses rencontres que j&rsquo;ai eues en tant qu&rsquo;\u00e9v\u00eaque de Rome, dans les paroisses romaines, avec les communaut\u00e9s n\u00e9ocat\u00e9chum\u00e9nales et leurs pasteurs, et dans mes voyages apostoliques dans de nombreux pays, j&rsquo;ai pu constater les nombreux fruits de la conversion personnelle et une fructueuse impulsion missionnaire.<\/p>\n\n<p>Ces communaut\u00e9s rendent visible dans les paroisses le signe de l&rsquo;\u00c9glise missionnaire et \u00ab\u00a0s&rsquo;efforcent d&rsquo;ouvrir la voie de l&rsquo;\u00e9vang\u00e9lisation \u00e0 ceux qui ont presque abandonn\u00e9 la vie chr\u00e9tienne, en leur offrant un itin\u00e9raire de type cat\u00e9chum\u00e9nal, qui passe par toutes les phases que, dans l&rsquo;\u00c9glise primitive, les cat\u00e9chum\u00e8nes traversaient avant de recevoir le sacrement du bapt\u00eame ; il les rapproche \u00e0 nouveau de l&rsquo;\u00c9glise et du Christ\u00a0\u00bb (cf. Catecumenato postbattesimale in Notitiae 96 [1974] 229). C&rsquo;est l&rsquo;annonce de l&rsquo;\u00c9vangile, le t\u00e9moignage en petites communaut\u00e9s et la c\u00e9l\u00e9bration de l&rsquo;Eucharistie en groupes (cf. Notificazione sulle celebrazioni nei gruppi del \u00ab\u00a0Camino neocatecumenale\u00a0\u00bb in L&rsquo;Obsservatore Romano, 24 d\u00e9cembre 1988) qui permet \u00e0 ses membres de se mettre au service du renouveau de l&rsquo;\u00c9glise.<\/p>\n\n<p>De nombreux fr\u00e8res dans l&rsquo;\u00e9piscopat ont reconnu les fruits de ce Chemin. Je voudrais me limiter \u00e0 rappeler l&rsquo;archev\u00eaque de Madrid de l&rsquo;\u00e9poque, Mgr Casimiro Morcillo, dans le dioc\u00e8se et sous la gouvernance duquel sont n\u00e9es en 1964 les communaut\u00e9s n\u00e9ocat\u00e9chum\u00e9nales qu&rsquo;il a accueillies avec tant d&rsquo;amour. Apr\u00e8s plus de vingt ans de vie des communaut\u00e9s, r\u00e9parties sur les cinq continents, <\/p>\n\n<p>&#8212; en tenant compte de la nouvelle vitalit\u00e9 qui anime les paroisses, de l&rsquo;\u00e9lan missionnaire et des fruits de conversion qui d\u00e9coulent du t\u00e9moignage des itin\u00e9rants et, plus r\u00e9cemment, du travail des familles qui \u00e9vang\u00e9lisent dans les zones d\u00e9christianis\u00e9es d&rsquo;Europe et du monde entier ; <\/p>\n\n<p>&#8211; en consid\u00e9rant les vocations \u00e0 la vie religieuse et au sacerdoce de ce Chemin et la naissance d&rsquo;\u00e9coles dioc\u00e9saines de formation au sacerdoce pour la nouvelle \u00e9vang\u00e9lisation, comme le Redemptoris Mater \u00e0 Rome ; <\/p>\n\n<p>&#8211; ayant vu la documentation que vous avez pr\u00e9sent\u00e9e : <\/p>\n\n<p>en r\u00e9ponse \u00e0 la demande qui m&rsquo;a \u00e9t\u00e9 adress\u00e9e, je reconnais e Chemin n\u00e9ocat\u00e9chum\u00e9nal comme un itin\u00e9raire de formation catholique, valable pour la soci\u00e9t\u00e9 et pour l&rsquo;\u00e9poque actuelle. <\/p>\n\n<p>Je souhaite donc vivement que les fr\u00e8res dans l&rsquo;\u00e9piscopat &#13;\nvalorisent et aident &#8211; avec leurs pr\u00eatres &#8211; cette \u0153uvre de nouvelle \u00e9vang\u00e9lisation, afin qu&rsquo;elle se r\u00e9alise selon les lignes propos\u00e9es par ses initiateurs, dans un esprit de service \u00e0 l&rsquo;Ordinaire du lieu et en communion avec lui, et dans le contexte de l&rsquo;unit\u00e9 de l&rsquo;\u00c9glise particuli\u00e8re avec l&rsquo;\u00c9glise universelle. <\/p>\n\n<p>En gage de ce vif d\u00e9sir, je vous donne ma b\u00e9n\u00e9diction apostolique ainsi qu&rsquo;\u00e0 tous ceux qui appartiennent aux communaut\u00e9s n\u00e9ocat\u00e9chum\u00e9nales. <\/p>\n\n<p>Depuis le Vatican, le 30 Ao\u00fbt 1990, XII du pontificat.<\/p>\n\n<p>JEAN PAUL\u00a0 II<\/p>\n","protected":false},"excerpt":{"rendered":"<p>Lettre du Pape Jean Paul II \u00e0 Mgr. Paul Josef Cordes 30-VIII-1990 St. Jean Paul II LETTRE\u00ab\u00a0OGNI QUALVOLTA\u00a0\u00bbDE SA SAINTETE JEAN PAUL II Au fr\u00e8re v\u00e9n\u00e9r\u00e9&#13; Monseigneur PAUL JOSEF CORDES&#13; charg\u00e9 \u00ab\u00a0ad personam\u00a0\u00bb pour l&rsquo;apostolat&#13; des communaut\u00e9s n\u00e9ocat\u00e9chum\u00e9nales Chaque fois que l&rsquo;Esprit fait germer dans l&rsquo;\u00c9glise des impulsions pour une plus grande fid\u00e9lit\u00e9 \u00e0 l&rsquo;\u00c9vangile, de nouveaux charismes fleurissent qui manifestent une telle r\u00e9alit\u00e9 et de nouvelles institutions qui la<\/p>\n<div class=\"read-more\"><a class=\"btn read-more-btn\" href=\"https:\/\/neocatechumenaleiter.org\/fr\/paroles-de-papes\/st-jean-paul-ii\/lettre-du-pape-jean-paul-ii-a-mgr-paul-josef-cordes-30-viii-1990\/\">En savoir plus<\/a><\/div>\n","protected":false},"author":2,"featured_media":0,"parent":5064,"menu_order":0,"comment_status":"closed","ping_status":"closed","template":"","meta":{"footnotes":""},"class_list":["post-9240","page","type-page","status-publish","hentry"],"_links":{"self":[{"href":"https:\/\/neocatechumenaleiter.org\/fr\/wp-json\/wp\/v2\/pages\/9240","targetHints":{"allow":["GET"]}}],"collection":[{"href":"https:\/\/neocatechumenaleiter.org\/fr\/wp-json\/wp\/v2\/pages"}],"about":[{"href":"https:\/\/neocatechumenaleiter.org\/fr\/wp-json\/wp\/v2\/types\/page"}],"author":[{"embeddable":true,"href":"https:\/\/neocatechumenaleiter.org\/fr\/wp-json\/wp\/v2\/users\/2"}],"replies":[{"embeddable":true,"href":"https:\/\/neocatechumenaleiter.org\/fr\/wp-json\/wp\/v2\/comments?post=9240"}],"version-history":[{"count":6,"href":"https:\/\/neocatechumenaleiter.org\/fr\/wp-json\/wp\/v2\/pages\/9240\/revisions"}],"predecessor-version":[{"id":13497,"href":"https:\/\/neocatechumenaleiter.org\/fr\/wp-json\/wp\/v2\/pages\/9240\/revisions\/13497"}],"up":[{"embeddable":true,"href":"https:\/\/neocatechumenaleiter.org\/fr\/wp-json\/wp\/v2\/pages\/5064"}],"wp:attachment":[{"href":"https:\/\/neocatechumenaleiter.org\/fr\/wp-json\/wp\/v2\/media?parent=9240"}],"curies":[{"name":"wp","href":"https:\/\/api.w.org\/{rel}","templated":true}]}}