{"id":9244,"date":"2020-05-02T16:21:41","date_gmt":"2020-05-02T15:21:41","guid":{"rendered":"https:\/\/neocatechumenaleiter.org\/paroles-de-papes\/benoit-xvi\/audience-envoi-missio-ad-gentes-20-i-2012\/"},"modified":"2020-06-09T20:57:50","modified_gmt":"2020-06-09T19:57:50","slug":"audience-envoi-missio-ad-gentes-20-i-2012","status":"publish","type":"page","link":"https:\/\/neocatechumenaleiter.org\/fr\/paroles-de-papes\/benoit-xvi\/audience-envoi-missio-ad-gentes-20-i-2012\/","title":{"rendered":"Audience et envoi de 15 \u00ab\u00a0Missio ad gentes\u00a0\u00bb 20-I-2012"},"content":{"rendered":"\n<h1 class=\"has-text-align-center wp-block-heading\">Audience et envoi de 15 \u00ab\u00a0Missio ad gentes\u00a0\u00bb 20-I-2012<\/h1>\n\n<div style=\"height:20px\" aria-hidden=\"true\" class=\"wp-block-spacer\"><\/div>\n\n<h4 class=\"has-text-align-center wp-block-heading\">Beno\u00eet XVI<\/h4>\n\n<div style=\"height:20px\" aria-hidden=\"true\" class=\"wp-block-spacer\"><\/div>\n\n<p><strong>Cit\u00e9 du Vatican &#8211; Salle Paul VI,\u00a0 Janvier 2012 *<\/strong><\/p>\n\n<p><em>Le 20 janvier 2012, \u00e0 l&rsquo;occasion de la publication du \u00ab\u00a0D\u00e9cret\u00a0\u00bb approuvant les c\u00e9l\u00e9brations pr\u00e9sentes dans le Directoire Cat\u00e9ch\u00e9tique du Chemin N\u00e9ocat\u00e9chum\u00e9nal, le Saint-P\u00e8re Beno\u00eet XVI a adress\u00e9 aux personnes pr\u00e9sentes le discours qui suit. <\/em>&#13;\n&#13;\n<em>\u00c0 l&rsquo;\u00e9v\u00e9nement important qui conclut l\u2019approbation du Chemin N\u00e9ocat\u00e9chum\u00e9nal (2008\u00a0: Statut ; 2010\u00a0: D\u00e9cret d\u2019approbation du Directoire cat\u00e9ch\u00e9tique du Chemin N\u00e9ocat\u00e9chum\u00e9nal\u00a0; 2011\u00a0: D\u00e9cret d&rsquo;approbation des c\u00e9l\u00e9brations qui accompagnent les diff\u00e9rentes phases du parcours de l&rsquo;initiation chr\u00e9tienne) \u00e9taient pr\u00e9sents les initiateurs, Kiko, Carmen et le p\u00e8re Mario, tous les itin\u00e9rants du monde, les familles en mission, les \u00ab\u00a0Missio ad gentes\u00a0\u00bb d\u00e9j\u00e0 envoy\u00e9es et les 15 nouvelles \u00ab\u00a0Missio ad gentes\u00a0\u00bb que le Pape a envoy\u00e9es. \u00c9taient aussi pr\u00e9sents les responsables des communaut\u00e9s qui ont compl\u00e9t\u00e9 l&rsquo;itin\u00e9raire n\u00e9ocat\u00e9chum\u00e9nal, les pr\u00eatres des Redemptoris Mater d&rsquo;Europe, les s\u00e9minaristes, les cat\u00e9chistes et les \u00ab\u00a0Communitates in missionem\u00a0\u00bb \u00e0 Rome.<\/em><\/p>\n\n<p><em>Chers fr\u00e8res et s\u0153urs,<\/em>&#13;\n&#13;\ncette ann\u00e9e aussi j\u2019ai la joie de pouvoir vous rencontrer et de partager avec vous ce moment d\u2019envoi en mission. J\u2019adresse un salut particulier \u00e0 Kiko Arg\u00fcello, \u00e0 Carmen Hernandez et au p\u00e8re Mario Pezzi, ainsi qu\u2019un salut affectueux \u00e0 vous tous : pr\u00eatres, s\u00e9minaristes, familles, formateurs et membres du Chemin n\u00e9ocat\u00e9chum\u00e9nal. Votre pr\u00e9sence aujourd\u2019hui est un t\u00e9moignage visible de votre joyeux engagement \u00e0 vivre la foi, en communion avec toute l\u2019\u00c9glise et avec le Successeur de Pierre, et \u00e0 \u00eatre de courageux annonciateurs de l\u2019\u00c9vangile.<\/p>\n\n<div class=\"wp-block-image is-style-default\"><figure class=\"alignright size-large\"><img loading=\"lazy\" decoding=\"async\" width=\"400\" height=\"267\" src=\"https:\/\/neocatechumenaleiter.org\/wp-content\/uploads\/2020\/02\/Camino_Neocatecumenal_Benedicto_XVI_envio_misiones_ad_gentes_2012.jpg\" alt=\"\" class=\"wp-image-1264\" srcset=\"https:\/\/neocatechumenaleiter.org\/wp-content\/uploads\/2020\/02\/Camino_Neocatecumenal_Benedicto_XVI_envio_misiones_ad_gentes_2012.jpg 400w, https:\/\/neocatechumenaleiter.org\/wp-content\/uploads\/2020\/02\/Camino_Neocatecumenal_Benedicto_XVI_envio_misiones_ad_gentes_2012-300x200.jpg 300w\" sizes=\"auto, (max-width: 400px) 100vw, 400px\" \/><\/figure><\/div>\n\n<p>Dans le passage de saint Matthieu que nous venons d\u2019\u00e9couter, les ap\u00f4tres re\u00e7oivent un mandat pr\u00e9cis de J\u00e9sus : \u00ab Allez, de toutes les nations faites des disciples \u00bb (<em>Mt<\/em>\u00a028, 19). Au d\u00e9but, ils avaient dout\u00e9, dans leur c\u0153ur r\u00e9gnait encore l\u2019incertitude, la stupeur face \u00e0 l\u2019\u00e9v\u00e9nement de la r\u00e9surrection. Et c\u2019est J\u00e9sus lui-m\u00eame, le Ressuscit\u00e9 \u2014 souligne l\u2019\u00e9vang\u00e9liste \u2014 qui s\u2019approche d\u2019eux, leur fait sentir sa pr\u00e9sence, les envoie enseigner tout ce qu\u2019il leur a communiqu\u00e9, en donnant une certitude qui accompagne tout annonciateur du Christ : \u00ab Et voici que je suis avec vous pour toujours jusqu&rsquo;\u00e0 la fin du monde \u00bb (<em>Mt<\/em>\u00a028, 20). Ce sont des paroles qui retentissent avec force dans votre c\u0153ur. Vous avez chant\u00e9\u00a0<em>Resurrexit<\/em>, qui exprime la foi dans le Vivant, en Celui qui, dans un acte supr\u00eame d\u2019amour, a vaincu le p\u00e9ch\u00e9 et la mort et qui donne \u00e0 l\u2019homme, \u00e0 nous, la chaleur de l\u2019amour de Dieu, l\u2019esp\u00e9rance d\u2019\u00eatre sauv\u00e9s, un avenir d\u2019\u00e9ternit\u00e9.&#13;\n&#13;\nAu cours de ces d\u00e9cennies de vie du Chemin, votre ferme engagement a \u00e9t\u00e9 de proclamer le Christ Ressuscit\u00e9, de r\u00e9pondre \u00e0 ses paroles avec g\u00e9n\u00e9rosit\u00e9, en abandonnant souvent vos certitudes personnelles et mat\u00e9rielles, en quittant \u00e9galement vos propres pays, en affrontant des situations nouvelles et pas toujours faciles. Apporter le Christ aux hommes et apporter les hommes au Christ: tel est ce qui anime toute \u0153uvre \u00e9vang\u00e9lisatrice. Vous l\u2019accomplissez sur un chemin qui aide \u00e0 faire red\u00e9couvrir \u00e0 celui qui a d\u00e9j\u00e0 re\u00e7u le bapt\u00eame, la beaut\u00e9 de la vie de foi, la joie d\u2019\u00eatre chr\u00e9tiens. Le fait de \u00absuivre le Christ\u00bb exige l\u2019aventure personnelle de la recherche de sa Personne, d\u2019aller avec Lui, mais comporte \u00e9galement de sortir de l\u2019enfermement du moi, de briser l\u2019individualisme qui caract\u00e9rise souvent la soci\u00e9t\u00e9 de notre temps, pour remplacer l\u2019\u00e9go\u00efsme par la communaut\u00e9 de l\u2019homme nouveau en J\u00e9sus Christ. Et cela se produit dans une profonde relation personnelle avec Lui, dans l\u2019\u00e9coute de sa parole, en parcourant le chemin qu\u2019il nous a indiqu\u00e9, mais cela a lieu \u00e9galement indissociablement en croyant avec son Eglise, avec ses saints, chez qui se fait toujours \u00e0 nouveau conna\u00eetre le v\u00e9ritable visage de l\u2019\u00c9pouse du Christ.<\/p>\n\n<p>C\u2019est un engagement \u2014 nous le savons \u2014 qui n\u2019est pas toujours facile. Vous \u00eates parfois pr\u00e9sents dans des lieux qui n\u00e9cessitent une premi\u00e8re annonce de l\u2019Evangile, la missio ad gentes ; souvent, en revanche, dans des zones qui, bien qu\u2019ayant connu le Christ, sont devenues indiff\u00e9rentes \u00e0 la foi: le s\u00e9cularisme y a \u00e9clips\u00e9 le sens de Dieu et voil\u00e9 les valeurs chr\u00e9tiennes. Que votre engagement et votre t\u00e9moignage soient l\u00e0 comme le levain qui, avec patience, en respectant les temps, avec sensus Ecclesiae, fait cro\u00eetre toute la masse. L\u2019\u00c9glise a reconnu dans le Chemin un don particulier que l\u2019Esprit Saint a donn\u00e9 \u00e0 notre \u00e9poque et l\u2019approbation des Statuts et du \u00ab Directoire cat\u00e9ch\u00e9tique \u00bb en sont un signe. Je vous encourage \u00e0 offrir votre contribution originale \u00e0 la cause de l\u2019Evangile. Dans votre \u0153uvre pr\u00e9cieuse recherchez toujours une profonde communion avec le Si\u00e8ge apostolique et avec les pasteurs des \u00c9glises particuli\u00e8res dans lesquelles vous \u00eates ins\u00e9r\u00e9s: l\u2019unit\u00e9 et l\u2019harmonie du Corps eccl\u00e9sial sont un important t\u00e9moignage au Christ et \u00e0 son \u00c9vangile dans le monde dans lequel nous vivons. Ch\u00e8res familles, l\u2019\u00c9glise vous remercie; elle a besoin de vous pour la nouvelle \u00e9vang\u00e9lisation. La famille est une cellule importante pour la communaut\u00e9 eccl\u00e9siale, o\u00f9 l\u2019on se forme \u00e0 la vie humaine et chr\u00e9tienne. C\u2019est avec une grande joie que je vois vos enfants, de nombreux enfants qui vous regardent, chers parents, qui regardent votre exemple. Une centaine de familles sont pr\u00eates \u00e0 partir pour 12 missions ad gentes. Je vous invite \u00e0 ne pas avoir peur : celui qui apporte l\u2019Evangile n\u2019est jamais seul. Je salue avec affection les pr\u00eatres et les s\u00e9minaristes : aimez le Christ et l\u2019\u00c9glise, transmettez la joie de l\u2019avoir rencontr\u00e9 et la beaut\u00e9 de tout Lui avoir donn\u00e9. Je salue \u00e9galement les itin\u00e9rants, les responsables et toutes les communaut\u00e9s du Chemin. Continuez \u00e0 \u00eatre g\u00e9n\u00e9reux avec le Seigneur : son r\u00e9confort ne vous fera jamais d\u00e9faut !<\/p>\n\n<p>Il y a un instant, vous a \u00e9t\u00e9 lu le D\u00e9cret par lequel sont approuv\u00e9es les c\u00e9l\u00e9brations pr\u00e9sentes dans le \u00ab Directoire cat\u00e9ch\u00e9tique du Chemin n\u00e9ocat\u00e9chum\u00e9nal \u00bb, qui sont strictement liturgiques, mais qui font partie de l\u2019itin\u00e9raire de croissance dans la foi. C\u2019est un autre \u00e9l\u00e9ment qui vous montre que l\u2019Eglise vous accompagne avec attention avec un patient discernement, qui comprend votre richesse, mais qui tient \u00e9galement compte de la communion et de l\u2019harmonie de tout le Corpus Ecclesiae.<\/p>\n\n<p>Ce fait m\u2019offre l\u2019occasion de formuler une br\u00e8ve pens\u00e9e sur la valeur de la liturgie. Le Concile Vatican ii la d\u00e9finit comme l\u2019\u0153uvre du Christ pr\u00eatre et de son corps qui est l\u2019Eglise (cf.\u00a0<em><a href=\"http:\/\/www.vatican.va\/archive\/hist_councils\/ii_vatican_council\/documents\/vat-ii_const_19631204_sacrosanctum-concilium_fr.html\">Sacrosanctum Concilium<\/a><\/em>, n. 7). A premi\u00e8re vue cela pourrait appara\u00eetre \u00e9trange, car il semble que l\u2019\u0153uvre du Christ d\u00e9signe les actions r\u00e9demptrices\u00a0<em>historiques\u00a0<\/em>de J\u00e9sus, sa Passion, sa Mort et sa R\u00e9surrection. En quel sens la liturgie est-elle alors l\u2019\u0153uvre du Christ ? La Passion, la Mort et la R\u00e9surrection de J\u00e9sus ne sont pas seulement des \u00e9v\u00e9nements historiques ; ils rejoignent et impr\u00e8gnent l\u2019histoire, mais ils la transcendent et demeurent toujours pr\u00e9sents dans le c\u0153ur du Christ. Dans l\u2019action liturgique de l\u2019Eglise se trouve la pr\u00e9sence active du Christ Ressuscit\u00e9, qui rend aujourd\u2019hui pr\u00e9sent et concret le Myst\u00e8re pascal lui-m\u00eame, pour notre salut. Il nous attire dans cet acte du don de Soi qui est toujours pr\u00e9sent dans son c\u0153ur et nous fait participer \u00e0 cette pr\u00e9sence du Myst\u00e8re pascal. Cette \u0153uvre du Seigneur J\u00e9sus, qui est le v\u00e9ritable contenu de la liturgie, le fait d\u2019entrer dans la pr\u00e9sence du Myst\u00e8re pascal, est \u00e9galement l\u2019\u0153uvre de l\u2019Eglise, qui, \u00e9tant son corps, est un unique sujet avec le Christ \u2014\u00a0<em>Christus totus caput et corpus \u2014<\/em>\u00a0dit saint Augustin. Dans la c\u00e9l\u00e9bration des sacrements, le Christ nous plonge dans le Myst\u00e8re pascal pour nous faire passer de la mort \u00e0 la vie, du p\u00e9ch\u00e9 \u00e0 l\u2019existence nouvelle en Christ.&#13;\n&#13;\nCela vaut de mani\u00e8re tr\u00e8s particuli\u00e8re pour la c\u00e9l\u00e9bration de l\u2019Eucharistie, qui, \u00e9tant le sommet de la vie chr\u00e9tienne, est \u00e9galement le pivot de sa red\u00e9couverte, \u00e0 laquelle le n\u00e9ocat\u00e9chum\u00e9nat tend. Comme le disent vos statuts, \u00ab L\u2019Eucharistie est essentielle au n\u00e9ocat\u00e9chum\u00e9nat, en tant que cat\u00e9chum\u00e9nat post-baptismal, v\u00e9cu en petite communaut\u00e9 \u00bb (art. 13 \u00a7 1). Pr\u00e9cis\u00e9ment dans le but de favoriser le rapprochement avec la richesse de la vie sacramentelle de la part de personnes qui se sont \u00e9loign\u00e9es de l\u2019Eglise, ou qui n\u2019ont pas re\u00e7u une formation adapt\u00e9e, les n\u00e9ocat\u00e9chum\u00e8nes peuvent c\u00e9l\u00e9brer l\u2019Eucharistie dominicale dans la petite communaut\u00e9, apr\u00e8s les premi\u00e8res v\u00eapres du dimanche, selon les dispositions de l\u2019\u00e9v\u00eaque dioc\u00e9sain (cf.\u00a0<em>Statuts<\/em>, art. 13 \u00a7 2). Mais chaque c\u00e9l\u00e9bration eucharistique est une action de l\u2019unique Christ avec son unique Eglise et donc essentiellement ouverte \u00e0 tous ceux qui appartiennent \u00e0 cette Eglise qui est la sienne. Ce caract\u00e8re public de l\u2019Eucharistie s\u2019exprime dans le fait que chaque c\u00e9l\u00e9bration de la Messe est, en derni\u00e8re analyse, dirig\u00e9e par l\u2019\u00e9v\u00eaque comme membre du coll\u00e8ge \u00e9piscopal, responsable pour une Eglise locale d\u00e9termin\u00e9e (cf. Conc. \u0153cum. Vat. II, Const. dogm.\u00a0<a href=\"http:\/\/www.vatican.va\/archive\/hist_councils\/ii_vatican_council\/documents\/vat-ii_const_19641121_lumen-gentium_fr.html\"><em>Lumen gentium<\/em><\/a>, n. 26). La c\u00e9l\u00e9bration dans les petites communaut\u00e9s, r\u00e9glement\u00e9e par les livres liturgiques, qui doivent \u00eatre suivis fid\u00e8lement, et avec les particularit\u00e9s approuv\u00e9es dans les statuts du Chemin, a pour t\u00e2che d\u2019aider ceux qui parcourent l\u2019itin\u00e9raire n\u00e9ocat\u00e9chum\u00e9nal \u00e0 percevoir la gr\u00e2ce d\u2019\u00eatre ins\u00e9r\u00e9s dans le myst\u00e8re salvifique du Christ, qui rend possible un t\u00e9moignage chr\u00e9tien capable d\u2019assumer \u00e9galement les caract\u00e9ristiques de la radicalit\u00e9. Dans le m\u00eame temps, la maturation progressive dans la foi de l\u2019individu et de la petite communaut\u00e9 doit favoriser leur insertion dans la vie de la grande communaut\u00e9 eccl\u00e9siale, qui trouve dans la c\u00e9l\u00e9bration liturgique de la paroisse, dans laquelle et pour laquelle se r\u00e9alise le n\u00e9ocat\u00e9chum\u00e9nat (cf.\u00a0<em>Statuts<\/em>, art. 6), sa forme ordinaire. Mais durant le chemin \u00e9galement, il est important de ne pas se s\u00e9parer de la communaut\u00e9 paroissiale, pr\u00e9cis\u00e9ment dans la c\u00e9l\u00e9bration de l\u2019Eucharistie qui est le lieu v\u00e9ritable de l\u2019unit\u00e9 de tous, o\u00f9 le Seigneur nous embrasse aux diff\u00e9rents stades de notre maturit\u00e9 spirituelle et nous unit dans l\u2019unique pain qui fait de nous un unique corps (cf. 1\u00a0<em>Co<\/em>\u00a010, 16sq).&#13;\n&#13;\nCourage ! Le Seigneur vous accompagne et moi aussi je vous assure de ma pri\u00e8re et je vous remercie des nombreux signes de proximit\u00e9. Je vous demande de vous rappeler \u00e9galement de moi dans vos pri\u00e8res. Que la Sainte Vierge Marie vous assiste avec son regard maternel et que vous soutienne ma B\u00e9n\u00e9diction apostolique, que j\u2019\u00e9tends \u00e0 tous les membres du Chemin. Merci ! \u00a9 <em>Copyright &#8211; Libreria Editrice Vaticana<\/em><\/p>\n\n<p><em>(*) Cfr. \u00abL\u2019Osservatore Romano\u00bb, 21 Janvier 2012.<\/em><\/p>\n","protected":false},"excerpt":{"rendered":"<p>Audience et envoi de 15 \u00ab\u00a0Missio ad gentes\u00a0\u00bb 20-I-2012 Beno\u00eet XVI Cit\u00e9 du Vatican &#8211; Salle Paul VI,\u00a0 Janvier 2012 * Le 20 janvier 2012, \u00e0 l&rsquo;occasion de la publication du \u00ab\u00a0D\u00e9cret\u00a0\u00bb approuvant les c\u00e9l\u00e9brations pr\u00e9sentes dans le Directoire Cat\u00e9ch\u00e9tique du Chemin N\u00e9ocat\u00e9chum\u00e9nal, le Saint-P\u00e8re Beno\u00eet XVI a adress\u00e9 aux personnes pr\u00e9sentes le discours qui suit. &#13; &#13; \u00c0 l&rsquo;\u00e9v\u00e9nement important qui conclut l\u2019approbation du Chemin N\u00e9ocat\u00e9chum\u00e9nal (2008\u00a0: Statut ;<\/p>\n<div class=\"read-more\"><a class=\"btn read-more-btn\" href=\"https:\/\/neocatechumenaleiter.org\/fr\/paroles-de-papes\/benoit-xvi\/audience-envoi-missio-ad-gentes-20-i-2012\/\">En savoir plus<\/a><\/div>\n","protected":false},"author":2,"featured_media":0,"parent":5071,"menu_order":11,"comment_status":"closed","ping_status":"closed","template":"","meta":{"footnotes":""},"class_list":["post-9244","page","type-page","status-publish","hentry"],"_links":{"self":[{"href":"https:\/\/neocatechumenaleiter.org\/fr\/wp-json\/wp\/v2\/pages\/9244","targetHints":{"allow":["GET"]}}],"collection":[{"href":"https:\/\/neocatechumenaleiter.org\/fr\/wp-json\/wp\/v2\/pages"}],"about":[{"href":"https:\/\/neocatechumenaleiter.org\/fr\/wp-json\/wp\/v2\/types\/page"}],"author":[{"embeddable":true,"href":"https:\/\/neocatechumenaleiter.org\/fr\/wp-json\/wp\/v2\/users\/2"}],"replies":[{"embeddable":true,"href":"https:\/\/neocatechumenaleiter.org\/fr\/wp-json\/wp\/v2\/comments?post=9244"}],"version-history":[{"count":6,"href":"https:\/\/neocatechumenaleiter.org\/fr\/wp-json\/wp\/v2\/pages\/9244\/revisions"}],"predecessor-version":[{"id":14603,"href":"https:\/\/neocatechumenaleiter.org\/fr\/wp-json\/wp\/v2\/pages\/9244\/revisions\/14603"}],"up":[{"embeddable":true,"href":"https:\/\/neocatechumenaleiter.org\/fr\/wp-json\/wp\/v2\/pages\/5071"}],"wp:attachment":[{"href":"https:\/\/neocatechumenaleiter.org\/fr\/wp-json\/wp\/v2\/media?parent=9244"}],"curies":[{"name":"wp","href":"https:\/\/api.w.org\/{rel}","templated":true}]}}