{"id":9246,"date":"2020-05-02T16:35:55","date_gmt":"2020-05-02T15:35:55","guid":{"rendered":"https:\/\/neocatechumenaleiter.org\/paroles-de-papes\/benoit-xvi\/audience-privee-aux-initiateurs-du-chemin-neocatechumenal-19-xi-2005\/"},"modified":"2020-06-14T03:08:31","modified_gmt":"2020-06-14T02:08:31","slug":"audience-privee-aux-initiateurs-du-chemin-neocatechumenal-19-xi-2005","status":"publish","type":"page","link":"https:\/\/neocatechumenaleiter.org\/fr\/paroles-de-papes\/benoit-xvi\/audience-privee-aux-initiateurs-du-chemin-neocatechumenal-19-xi-2005\/","title":{"rendered":"Audience priv\u00e9e aux initiateurs du Chemin 19-XI-2005"},"content":{"rendered":"\n<h1 class=\"has-text-align-center wp-block-heading\">Audience priv\u00e9e aux initiateurs du Chemin 19-XI-2005<\/h1>\n\n<div style=\"height:20px\" aria-hidden=\"true\" class=\"wp-block-spacer\"><\/div>\n\n<h4 class=\"has-text-align-center wp-block-heading\">Beno\u00eet XVI<\/h4>\n\n<div style=\"height:20px\" aria-hidden=\"true\" class=\"wp-block-spacer\"><\/div>\n\n<p><strong>Cit\u00e9 du Vatican, 19 novembre 2005<\/strong><\/p>\n\n<p><em>Le 19 novembre 2005, le Saint-P\u00e8re Beno\u00eet XVI a re\u00e7u en audience priv\u00e9e, pour la premi\u00e8re fois, les initiateurs du Chemin N\u00e9ocat\u00e9chum\u00e9nal.<br\/><br\/>Kiko a d\u00e9crit la r\u00e9union de cette mani\u00e8re:<\/em><\/p>\n\n<p>\u00ab\u00a0C&rsquo;\u00e9tait une r\u00e9union merveilleuse. Nous avions demand\u00e9 une audience avec le Pape, sachant que c&rsquo;\u00e9tait tr\u00e8s difficile, et il nous l&rsquo;a accord\u00e9e. Nous avons demand\u00e9 au Pape Beno\u00eet XVI s&rsquo;il pouvait, comme l&rsquo;a fait Jean-Paul II en envoyant plus de 400 familles dans le monde entier, donner le crucifix \u00e0 ces nouvelles familles et prendre une photo pour montrer, o\u00f9 qu&rsquo;elles aillent, qu&rsquo;elles sont catholiques, car elles iront dans des environnements tr\u00e8s difficiles en Am\u00e9rique et en Europe du Nord. Ils nous ont dit que le 12 janvier, le Pape est heureux d&rsquo;envoyer ces 200 familles dans le monde entier. C&rsquo;est une rencontre tr\u00e8s importante ! Ce sera la premi\u00e8re fois que le Pape Beno\u00eet XVI dira un mot sur le Chemin N\u00e9ocat\u00e9chum\u00e9nal devant toute l&rsquo;Eglise. Tout le monde l&rsquo;attend.<\/p>\n\n<p>L&rsquo;Audience priv\u00e9e que nous avons eue le 19 novembre \u00e9tait tr\u00e8s belle : j&rsquo;ai parl\u00e9 un peu du plan d&rsquo;\u00e9vang\u00e9lisation que nous avions pr\u00e9sent\u00e9 \u00e0 Jean-Paul II, avec une \u00ab\u00a0implantatio Ecclesiae\u00a0\u00bb avec les familles en mission, un peu comme le faisait Saint Beno\u00eet ; j&rsquo;ai montr\u00e9 au Pape une carte qui montre les 27 s\u00e9minaires d&rsquo;Europe et o\u00f9 se trouvent les familles en mission&#8230; Eh bien, quand il restait d\u00e9j\u00e0 5 minutes avant la fin de l&rsquo;Audience, le Pape a dit : \u00ab\u00a0Tr\u00e8s bien, maintenant parlons de la liturgie. Hier, j&rsquo;ai parl\u00e9 avec le cardinal Arinze et nous nous sommes mis d&rsquo;accord sur certaines choses\u00a0\u00bb. Il nous a dit que nous pouvons faire de courtes monitions aux lectures, quelques \u00e9chos \u00e0 la Parole, 3 ou 4, qui ne remplacent \u00e9videmment pas l&rsquo;hom\u00e9lie. La paix reste l\u00e0 o\u00f9 nous la faisons et pour la communion sous les deux esp\u00e8ces, nous pouvons continuer \u00e0 la faire comme nous l&rsquo;avons fait jusqu&rsquo;\u00e0 pr\u00e9sent, on le verra plus tard\u00a0\u00bb.<\/p>\n\n<div class=\"wp-block-image is-style-default\"><figure class=\"aligncenter size-large\"><img loading=\"lazy\" decoding=\"async\" width=\"614\" height=\"406\" src=\"https:\/\/neocatechumenaleiter.org\/wp-content\/uploads\/2020\/02\/Camino_Neocatecumenal_Benedicto_XVI_Kiko_Carmen_Mario_audiencia.jpg\" alt=\"\" class=\"wp-image-1098\" srcset=\"https:\/\/neocatechumenaleiter.org\/wp-content\/uploads\/2020\/02\/Camino_Neocatecumenal_Benedicto_XVI_Kiko_Carmen_Mario_audiencia.jpg 614w, https:\/\/neocatechumenaleiter.org\/wp-content\/uploads\/2020\/02\/Camino_Neocatecumenal_Benedicto_XVI_Kiko_Carmen_Mario_audiencia-300x198.jpg 300w\" sizes=\"auto, (max-width: 614px) 100vw, 614px\" \/><\/figure><\/div>\n","protected":false},"excerpt":{"rendered":"<p>Audience priv\u00e9e aux initiateurs du Chemin 19-XI-2005 Beno\u00eet XVI Cit\u00e9 du Vatican, 19 novembre 2005 Le 19 novembre 2005, le Saint-P\u00e8re Beno\u00eet XVI a re\u00e7u en audience priv\u00e9e, pour la premi\u00e8re fois, les initiateurs du Chemin N\u00e9ocat\u00e9chum\u00e9nal. Kiko a d\u00e9crit la r\u00e9union de cette mani\u00e8re: \u00ab\u00a0C&rsquo;\u00e9tait une r\u00e9union merveilleuse. Nous avions demand\u00e9 une audience avec le Pape, sachant que c&rsquo;\u00e9tait tr\u00e8s difficile, et il nous l&rsquo;a accord\u00e9e. Nous avons demand\u00e9<\/p>\n<div class=\"read-more\"><a class=\"btn read-more-btn\" href=\"https:\/\/neocatechumenaleiter.org\/fr\/paroles-de-papes\/benoit-xvi\/audience-privee-aux-initiateurs-du-chemin-neocatechumenal-19-xi-2005\/\">En savoir plus<\/a><\/div>\n","protected":false},"author":2,"featured_media":0,"parent":5071,"menu_order":0,"comment_status":"closed","ping_status":"closed","template":"","meta":{"footnotes":""},"class_list":["post-9246","page","type-page","status-publish","hentry"],"_links":{"self":[{"href":"https:\/\/neocatechumenaleiter.org\/fr\/wp-json\/wp\/v2\/pages\/9246","targetHints":{"allow":["GET"]}}],"collection":[{"href":"https:\/\/neocatechumenaleiter.org\/fr\/wp-json\/wp\/v2\/pages"}],"about":[{"href":"https:\/\/neocatechumenaleiter.org\/fr\/wp-json\/wp\/v2\/types\/page"}],"author":[{"embeddable":true,"href":"https:\/\/neocatechumenaleiter.org\/fr\/wp-json\/wp\/v2\/users\/2"}],"replies":[{"embeddable":true,"href":"https:\/\/neocatechumenaleiter.org\/fr\/wp-json\/wp\/v2\/comments?post=9246"}],"version-history":[{"count":6,"href":"https:\/\/neocatechumenaleiter.org\/fr\/wp-json\/wp\/v2\/pages\/9246\/revisions"}],"predecessor-version":[{"id":15842,"href":"https:\/\/neocatechumenaleiter.org\/fr\/wp-json\/wp\/v2\/pages\/9246\/revisions\/15842"}],"up":[{"embeddable":true,"href":"https:\/\/neocatechumenaleiter.org\/fr\/wp-json\/wp\/v2\/pages\/5071"}],"wp:attachment":[{"href":"https:\/\/neocatechumenaleiter.org\/fr\/wp-json\/wp\/v2\/media?parent=9246"}],"curies":[{"name":"wp","href":"https:\/\/api.w.org\/{rel}","templated":true}]}}