{"id":9248,"date":"2020-05-02T17:03:45","date_gmt":"2020-05-02T16:03:45","guid":{"rendered":"https:\/\/neocatechumenaleiter.org\/paroles-de-papes\/benoit-xvi\/discours-au-chemin-neocatechumenal-12-i-2006\/"},"modified":"2020-06-05T17:59:00","modified_gmt":"2020-06-05T16:59:00","slug":"discours-au-chemin-neocatechumenal-12-i-2006","status":"publish","type":"page","link":"https:\/\/neocatechumenaleiter.org\/fr\/paroles-de-papes\/benoit-xvi\/discours-au-chemin-neocatechumenal-12-i-2006\/","title":{"rendered":"Discours du Pape Benoit XVI au Chemin N\u00e9ocat\u00e9chum\u00e9nal 12-I-2006"},"content":{"rendered":"\n<h1 class=\"has-text-align-center wp-block-heading\">Discours du Pape au Chemin N\u00e9ocat\u00e9chum\u00e9nal 12-I-2006<\/h1>\n\n<div style=\"height:20px\" aria-hidden=\"true\" class=\"wp-block-spacer\"><\/div>\n\n<h4 class=\"has-text-align-center wp-block-heading\">Beno\u00eet XVI<\/h4>\n\n<div style=\"height:20px\" aria-hidden=\"true\" class=\"wp-block-spacer\"><\/div>\n\n<p><strong>Cit\u00e9 du Vatican \u2013 Salle Paul VI, 12 janvier 2006<\/strong><\/p>\n\n<p><strong>\u00ab\u00a0Gr\u00e2ce \u00e0 l&rsquo;adh\u00e9sion fid\u00e8le \u00e0 chaque directive de l&rsquo;\u00c9glise, vous rendrez encore plus efficace votre apostolat\u00a0\u00bb :<\/strong> <em>telle est l&rsquo;exhortation adress\u00e9e au Chemin N\u00e9ocat\u00e9chum\u00e9nal \u00e0 l&rsquo;occasion de l&rsquo;Audience tenue le jeudi 12 f\u00e9vrier au matin dans la salle Paul VI. <\/em>&#013;\n&#013;\n<em>Voici le texte du discours prononc\u00e9 par le Saint-P\u00e8re :<\/em><\/p>\n\n<p>\u00ab\u00a0Chers fr\u00e8res et s\u0153urs,&#013;\n&#013;\nMerci de tout c\u0153ur de votre visite, qui m&rsquo;offre l&rsquo;occasion d&rsquo;adresser \u00e9galement un salut particulier aux autres membres du Chemin n\u00e9ocat\u00e9chum\u00e9nal pr\u00e9sents \u00e0 travers le monde. J&rsquo;adresse une pens\u00e9e \u00e0 chacune des personnes pr\u00e9sentes, \u00e0 commencer par les v\u00e9n\u00e9r\u00e9s Cardinaux, \u00c9v\u00eaques et pr\u00eatres. Je salue les responsables du Chemin n\u00e9ocat\u00e9chum\u00e9nal:\u00a0 Monsieur Kiko Arg\u00fcello, que je remercie pour les paroles qu&rsquo;il m&rsquo;a adress\u00e9es en votre nom, Madame Carmen Hern\u00e1ndez et le P\u00e8re Mario Pezzi. Je salue les s\u00e9minaristes, les jeunes et en particulier les familles qui s&rsquo;appr\u00eatent \u00e0 recevoir le \u00ab\u00a0mandat\u00a0\u00bb missionnaire sp\u00e9cial de se rendre dans diff\u00e9rentes nations, en particulier en Am\u00e9rique latine.<\/p>\n\n<div class=\"wp-block-image is-style-default\"><figure class=\"alignleft size-large\"><img loading=\"lazy\" decoding=\"async\" width=\"400\" height=\"266\" src=\"https:\/\/neocatechumenaleiter.org\/wp-content\/uploads\/2020\/02\/Camino_Neocatecumenal_Audiencia_Papa_Benedicto_XVI_2006.jpg\" alt=\"\" class=\"wp-image-1109\" srcset=\"https:\/\/neocatechumenaleiter.org\/wp-content\/uploads\/2020\/02\/Camino_Neocatecumenal_Audiencia_Papa_Benedicto_XVI_2006.jpg 400w, https:\/\/neocatechumenaleiter.org\/wp-content\/uploads\/2020\/02\/Camino_Neocatecumenal_Audiencia_Papa_Benedicto_XVI_2006-300x200.jpg 300w\" sizes=\"auto, (max-width: 400px) 100vw, 400px\" \/><\/figure><\/div>\n\n<p>Il s&rsquo;agit l\u00e0 d&rsquo;une t\u00e2che qui vient s&rsquo;inscrire dans le contexte de la nouvelle \u00e9vang\u00e9lisation, dans laquelle la famille joue justement un r\u00f4le plus que jamais important. Vous avez demand\u00e9 que ce soit le Successeur de Pierre qui vous le remette, ainsi que cela advint d\u00e9j\u00e0 avec mon v\u00e9n\u00e9r\u00e9 Pr\u00e9d\u00e9cesseur Jean-Paul II le 12 d\u00e9cembre 1994, parce que votre action apostolique entend s&rsquo;inscrire au c\u0153ur de l&rsquo;\u00c9glise, en totale harmonie avec ses directives et en communion avec les \u00c9glises particuli\u00e8res o\u00f9 vous irez \u0153uvrer, en valorisant pleinement la richesse des charismes que le Seigneur a suscit\u00e9s \u00e0 travers les initiateurs du Chemin. Ch\u00e8res familles, le crucifix que vous recevrez sera votre ins\u00e9parable compagnon de route, tandis que vous proclamerez \u00e0 travers votre action missionnaire qu&rsquo;il n&rsquo;y a de salut qu&rsquo;en J\u00e9sus Christ, mort et ressuscit\u00e9. Vous serez ses t\u00e9moins doux et joyeux en parcourant dans la simplicit\u00e9 et la pauvret\u00e9 les routes de tous les continents, soutenus par la pri\u00e8re incessante et l&rsquo;\u00e9coute de la Parole de Dieu et nourris par la participation \u00e0 la vie liturgique des \u00c9glises particuli\u00e8res auxquelles vous \u00eates envoy\u00e9es.<\/p>\n\n<p>L&rsquo;importance de la liturgie et, en particulier, de la Messe dans l&rsquo;\u00e9vang\u00e9lisation a \u00e9t\u00e9 \u00e0 plusieurs reprises mise en \u00e9vidence par mes Pr\u00e9d\u00e9cesseurs, et votre longue exp\u00e9rience peut parfaitement confirmer que la place centrale du myst\u00e8re du Christ c\u00e9l\u00e9br\u00e9 dans les rites liturgiques constitue une voie privil\u00e9gi\u00e9e et indispensable pour construire des communaut\u00e9s chr\u00e9tiennes vivantes et pers\u00e9v\u00e9rantes. C&rsquo;est pr\u00e9cis\u00e9ment pour aider le Chemin n\u00e9ocat\u00e9chum\u00e9nal \u00e0 rendre encore plus incisive son action \u00e9vang\u00e9lisatrice en communion avec tout le Peuple de Dieu que la Congr\u00e9gation pour le Culte divin et la Discipline des Sacrements vous a r\u00e9cemment remis en mon nom certaines normes concernant la C\u00e9l\u00e9bration eucharistique, apr\u00e8s la p\u00e9riode d&rsquo;exp\u00e9rimentation qu&rsquo;avait conc\u00e9d\u00e9e le Serviteur de Dieu Jean-Paul II. Je suis certain que vous observerez attentivement ces normes, qui reprennent ce qui est pr\u00e9vu dans les livres liturgiques approuv\u00e9s par l&rsquo;\u00c9glise. Gr\u00e2ce \u00e0 l&rsquo;adh\u00e9sion fid\u00e8le \u00e0 chaque directive de l&rsquo;\u00c9glise, vous rendrez encore plus efficace votre apostolat en harmonie et en pleine communion avec le Pape et les Pasteurs de chaque dioc\u00e8se. Et ce faisant, le Seigneur continuera de vous b\u00e9nir par d&rsquo;abondants fruits pastoraux.<\/p>\n\n<div class=\"wp-block-image is-style-default\"><figure class=\"alignright size-large\"><img loading=\"lazy\" decoding=\"async\" width=\"400\" height=\"256\" src=\"https:\/\/neocatechumenaleiter.org\/wp-content\/uploads\/2020\/02\/Camino_Neocatecumenal_Audiencia_Papa_Benedicto_XVI_2006_familias-en-mision.jpg\" alt=\"\" class=\"wp-image-1116\" srcset=\"https:\/\/neocatechumenaleiter.org\/wp-content\/uploads\/2020\/02\/Camino_Neocatecumenal_Audiencia_Papa_Benedicto_XVI_2006_familias-en-mision.jpg 400w, https:\/\/neocatechumenaleiter.org\/wp-content\/uploads\/2020\/02\/Camino_Neocatecumenal_Audiencia_Papa_Benedicto_XVI_2006_familias-en-mision-300x192.jpg 300w\" sizes=\"auto, (max-width: 400px) 100vw, 400px\" \/><\/figure><\/div>\n\n<p>En effet, ces derni\u00e8res ann\u00e9es, vous avez pu r\u00e9aliser de nombreuses choses, et de nombreuses vocations au sacerdoce et \u00e0 la vie consacr\u00e9e sont n\u00e9es au sein de vos communaut\u00e9s. Aujourd&rsquo;hui, toutefois, c&rsquo;est plus particuli\u00e8rement vers les familles que se tourne notre attention. Plus de 200 d&rsquo;entre elles vont bient\u00f4t \u00eatre envoy\u00e9es en mission; ce sont des familles qui partent sans soutiens humains importants, mais en comptant avant tout sur l&rsquo;assistance de la Providence divine.<\/p>\n\n<p>Ch\u00e8res familles, vous pouvez t\u00e9moigner \u00e0 travers votre histoire que le Seigneur n&rsquo;abandonne pas ceux qui s&rsquo;en remettent \u00e0 Lui. Continuez \u00e0 diffuser l&rsquo;\u00c9vangile de la vie. O\u00f9 que vous conduise votre mission, laissez-vous \u00e9clairer par la parole r\u00e9confortante de J\u00e9sus:\u00a0 \u00ab\u00a0Cherchez d&rsquo;abord son Royaume et sa justice, et tout cela vous sera donn\u00e9 par surcro\u00eet\u00a0\u00bb et encore:\u00a0 \u00ab\u00a0Ne vous inqui\u00e9tez donc pas du lendemain, demain s&rsquo;inqui\u00e8tera de lui-m\u00eame\u00a0\u00bb (Mt 6, 33-34). Dans un monde qui cherche des certitudes humaines et des garanties terrestres, montrez que le Christ est le rocher solide sur lequel construire l&rsquo;\u00e9difice de sa propre existence et que la confiance plac\u00e9e en lui n&rsquo;est jamais vaine. Que la Sainte Famille de Nazareth vous prot\u00e8ge et soit votre mod\u00e8le. Je vous assure de ma pri\u00e8re ainsi que tous les membres du Chemin n\u00e9ocat\u00e9chum\u00e9nal, tandis que je donne \u00e0 chacun de vous la B\u00e9n\u00e9diction apostolique.\u00a0\u00bb<\/p>\n","protected":false},"excerpt":{"rendered":"<p>Discours du Pape au Chemin N\u00e9ocat\u00e9chum\u00e9nal 12-I-2006 Beno\u00eet XVI Cit\u00e9 du Vatican \u2013 Salle Paul VI, 12 janvier 2006 \u00ab\u00a0Gr\u00e2ce \u00e0 l&rsquo;adh\u00e9sion fid\u00e8le \u00e0 chaque directive de l&rsquo;\u00c9glise, vous rendrez encore plus efficace votre apostolat\u00a0\u00bb : telle est l&rsquo;exhortation adress\u00e9e au Chemin N\u00e9ocat\u00e9chum\u00e9nal \u00e0 l&rsquo;occasion de l&rsquo;Audience tenue le jeudi 12 f\u00e9vrier au matin dans la salle Paul VI. &#013; &#013; Voici le texte du discours prononc\u00e9 par le Saint-P\u00e8re<\/p>\n<div class=\"read-more\"><a class=\"btn read-more-btn\" href=\"https:\/\/neocatechumenaleiter.org\/fr\/paroles-de-papes\/benoit-xvi\/discours-au-chemin-neocatechumenal-12-i-2006\/\">En savoir plus<\/a><\/div>\n","protected":false},"author":2,"featured_media":0,"parent":5071,"menu_order":1,"comment_status":"closed","ping_status":"closed","template":"","meta":{"footnotes":""},"class_list":["post-9248","page","type-page","status-publish","hentry"],"_links":{"self":[{"href":"https:\/\/neocatechumenaleiter.org\/fr\/wp-json\/wp\/v2\/pages\/9248","targetHints":{"allow":["GET"]}}],"collection":[{"href":"https:\/\/neocatechumenaleiter.org\/fr\/wp-json\/wp\/v2\/pages"}],"about":[{"href":"https:\/\/neocatechumenaleiter.org\/fr\/wp-json\/wp\/v2\/types\/page"}],"author":[{"embeddable":true,"href":"https:\/\/neocatechumenaleiter.org\/fr\/wp-json\/wp\/v2\/users\/2"}],"replies":[{"embeddable":true,"href":"https:\/\/neocatechumenaleiter.org\/fr\/wp-json\/wp\/v2\/comments?post=9248"}],"version-history":[{"count":7,"href":"https:\/\/neocatechumenaleiter.org\/fr\/wp-json\/wp\/v2\/pages\/9248\/revisions"}],"predecessor-version":[{"id":13797,"href":"https:\/\/neocatechumenaleiter.org\/fr\/wp-json\/wp\/v2\/pages\/9248\/revisions\/13797"}],"up":[{"embeddable":true,"href":"https:\/\/neocatechumenaleiter.org\/fr\/wp-json\/wp\/v2\/pages\/5071"}],"wp:attachment":[{"href":"https:\/\/neocatechumenaleiter.org\/fr\/wp-json\/wp\/v2\/media?parent=9248"}],"curies":[{"name":"wp","href":"https:\/\/api.w.org\/{rel}","templated":true}]}}