{"id":9406,"date":"2020-05-05T14:30:43","date_gmt":"2020-05-05T13:30:43","guid":{"rendered":"https:\/\/neocatechumenaleiter.org\/paroles-de-papes\/benoit-xvi\/regina-coeli-visite-a-aquilee-et-venise-8-v-2011\/"},"modified":"2020-06-09T15:43:53","modified_gmt":"2020-06-09T14:43:53","slug":"regina-coeli-visite-a-aquilee-et-venise-8-v-2011","status":"publish","type":"page","link":"https:\/\/neocatechumenaleiter.org\/fr\/paroles-de-papes\/benoit-xvi\/regina-coeli-visite-a-aquilee-et-venise-8-v-2011\/","title":{"rendered":"\u00abRegina Coeli\u00bb \u00e0 l&rsquo;occasion de la visite \u00e0 Aquil\u00e9e et Venise  8-V-2011"},"content":{"rendered":"\n<h1 class=\"has-text-align-center wp-block-heading\">\u00abRegina Coeli\u00bb \u00e0 l&rsquo;occasion de la visite \u00e0 Aquil\u00e9e et Venise  8-V-2011<\/h1>\n\n<div style=\"height:20px\" aria-hidden=\"true\" class=\"wp-block-spacer\"><\/div>\n\n<h4 class=\"has-text-align-center wp-block-heading\">Beno\u00eet XVI<\/h4>\n\n<div style=\"height:20px\" aria-hidden=\"true\" class=\"wp-block-spacer\"><\/div>\n\n<p><strong>Parc Saint Julien &#8212; Mestre, 8 Mai 2011<\/strong><\/p>\n\n<p><em>Durant la visite pastorale \u00e0 Aquil\u00e9e et \u00e0 Venise, avant la r\u00e9citation du Regina C\u00e6li, Beno\u00eet XVI a demand\u00e9 d\u2019invoquer la Vierge afin qu\u2019elle soutienne et \u00ab\u00a0renforce l\u2019oeuvre de nombreux la\u00efcs qui collaborent activement \u00e0 la nouvelle \u00e9vang\u00e9lisation\u00a0\u00bb et parmi ceux ci il a \u00e9voqu\u00e9 le Chemin N\u00e9ocat\u00e9chum\u00e9nal.<\/em><\/p>\n\n<p>\u00ab\u00a0<em>Chers fr\u00e8res et s\u0153urs !<\/em>&#013;\n&#013;\nAu terme de cette c\u00e9l\u00e9bration eucharistique solennelle, nous tournons notre regard vers Marie, <em>Regina C\u00e6li. <\/em>Au matin de P\u00e2ques, elle est devenue la M\u00e8re du Ressuscit\u00e9 et son union avec Lui est tellement profonde que l\u00e0 o\u00f9 le Fils est pr\u00e9sent, sa M\u00e8re ne peut pas ne pas l&rsquo;\u00eatre. En ces lieux splendides, don et signe de la beaut\u00e9 de Dieu, combien de sanctuaires, d&rsquo;\u00e9glises et de chapelles sont d\u00e9di\u00e9s \u00e0 Marie! En Elle se refl\u00e8te le visage lumineux du Christ. Si nous la suivons docilement, la Vierge nous conduit \u00e0 Lui. En ces jours du Temps pascal, laissons-nous conqu\u00e9rir par le Christ ressuscit\u00e9. C&rsquo;est en Lui que commence le monde nouveau d&rsquo;amour et de paix qui constitue l&rsquo;aspiration profonde de chaque c\u0153ur humain. Que le Seigneur vous accorde, \u00e0 vous, habitants de ces terres riches d&rsquo;une longue histoire chr\u00e9tienne, de vivre l&rsquo;\u00c9vangile sur le mod\u00e8le de l&rsquo;\u00c9glise naissante, dans laquelle \u00ab la multitude des croyants n&rsquo;avait qu&rsquo;un c\u0153ur et qu&rsquo;une \u00e2me \u00bb (<em>Ac<\/em> 4, 32). Invoquons la Tr\u00e8s Sainte Vierge Marie qui a soutenu les premiers t\u00e9moins de son Fils dans la pr\u00e9dication de la Bonne Nouvelle, pour qu&rsquo;elle soutienne aussi les efforts apostoliques des pr\u00eatres ; qu&rsquo;elle fasse fructifier le t\u00e9moignage des religieux et des religieuses ; qu&rsquo;elle anime l&rsquo;\u0153uvre quotidienne des parents dans la premi\u00e8re transmission de la foi \u00e0 leurs enfants ; qu&rsquo;elle \u00e9claire la route des jeunes afin qu&rsquo;ils marchent, confiants, sur le chemin trac\u00e9 par la foi des p\u00e8res ; qu&rsquo;elle comble d&rsquo;une esp\u00e9rance in\u00e9branlable le c\u0153ur des personnes \u00e2g\u00e9es ; qu&rsquo;elle r\u00e9conforte par sa proximit\u00e9 les malades et toutes les personnes souffrantes ; qu&rsquo;elle renforce l&rsquo;\u0153uvre des nombreux la\u00efcs qui collaborent activement \u00e0 la nouvelle \u00e9vang\u00e9lisation, dans les paroisses, les associations comme les scouts et l&rsquo;Action catholique, si bien enracin\u00e9e et pr\u00e9sente ici, dans les Mouvements qui, avec la diversit\u00e9 de leurs charismes et de leur action, sont un signe de la richesse du tissu eccl\u00e9sial \u2014 je pense au Mouvement des Focolari, \u00e0 Communion et Lib\u00e9ration ou au Chemin n\u00e9ocat\u00e9chum\u00e9nal, pour n&rsquo;en citer que quelques-uns. Je vous encourage tous \u00e0 travailler dans un v\u00e9ritable esprit de communion dans cette grande vigne dans laquelle le Seigneur nous a appel\u00e9s \u00e0 \u0153uvrer. Marie, M\u00e8re du Ressuscit\u00e9 et de l&rsquo;Eglise, prie pour nous !\u00a0\u00bb.<\/p>\n","protected":false},"excerpt":{"rendered":"<p>\u00abRegina Coeli\u00bb \u00e0 l&rsquo;occasion de la visite \u00e0 Aquil\u00e9e et Venise 8-V-2011 Beno\u00eet XVI Parc Saint Julien &#8212; Mestre, 8 Mai 2011 Durant la visite pastorale \u00e0 Aquil\u00e9e et \u00e0 Venise, avant la r\u00e9citation du Regina C\u00e6li, Beno\u00eet XVI a demand\u00e9 d\u2019invoquer la Vierge afin qu\u2019elle soutienne et \u00ab\u00a0renforce l\u2019oeuvre de nombreux la\u00efcs qui collaborent activement \u00e0 la nouvelle \u00e9vang\u00e9lisation\u00a0\u00bb et parmi ceux ci il a \u00e9voqu\u00e9 le Chemin N\u00e9ocat\u00e9chum\u00e9nal.<\/p>\n<div class=\"read-more\"><a class=\"btn read-more-btn\" href=\"https:\/\/neocatechumenaleiter.org\/fr\/paroles-de-papes\/benoit-xvi\/regina-coeli-visite-a-aquilee-et-venise-8-v-2011\/\">En savoir plus<\/a><\/div>\n","protected":false},"author":2,"featured_media":0,"parent":5071,"menu_order":10,"comment_status":"closed","ping_status":"closed","template":"","meta":{"footnotes":""},"class_list":["post-9406","page","type-page","status-publish","hentry"],"_links":{"self":[{"href":"https:\/\/neocatechumenaleiter.org\/fr\/wp-json\/wp\/v2\/pages\/9406","targetHints":{"allow":["GET"]}}],"collection":[{"href":"https:\/\/neocatechumenaleiter.org\/fr\/wp-json\/wp\/v2\/pages"}],"about":[{"href":"https:\/\/neocatechumenaleiter.org\/fr\/wp-json\/wp\/v2\/types\/page"}],"author":[{"embeddable":true,"href":"https:\/\/neocatechumenaleiter.org\/fr\/wp-json\/wp\/v2\/users\/2"}],"replies":[{"embeddable":true,"href":"https:\/\/neocatechumenaleiter.org\/fr\/wp-json\/wp\/v2\/comments?post=9406"}],"version-history":[{"count":3,"href":"https:\/\/neocatechumenaleiter.org\/fr\/wp-json\/wp\/v2\/pages\/9406\/revisions"}],"predecessor-version":[{"id":14458,"href":"https:\/\/neocatechumenaleiter.org\/fr\/wp-json\/wp\/v2\/pages\/9406\/revisions\/14458"}],"up":[{"embeddable":true,"href":"https:\/\/neocatechumenaleiter.org\/fr\/wp-json\/wp\/v2\/pages\/5071"}],"wp:attachment":[{"href":"https:\/\/neocatechumenaleiter.org\/fr\/wp-json\/wp\/v2\/media?parent=9406"}],"curies":[{"name":"wp","href":"https:\/\/api.w.org\/{rel}","templated":true}]}}