{"id":9408,"date":"2020-05-05T15:05:17","date_gmt":"2020-05-05T14:05:17","guid":{"rendered":"https:\/\/neocatechumenaleiter.org\/paroles-de-papes\/benoit-xvi\/audience-envoi-des-familles-e-missio-ad-gentes-17-i-2011\/"},"modified":"2020-06-06T18:57:17","modified_gmt":"2020-06-06T17:57:17","slug":"audience-envoi-des-familles-e-missio-ad-gentes-17-i-2011","status":"publish","type":"page","link":"https:\/\/neocatechumenaleiter.org\/fr\/paroles-de-papes\/benoit-xvi\/audience-envoi-des-familles-e-missio-ad-gentes-17-i-2011\/","title":{"rendered":"Audience au Chemin N\u00e9ocat\u00e9chum\u00e9nal et envoi de plus de 200 familles en mission et de 13 \u00ab\u00a0Missio Ad gentes\u00a0\u00bb 17-I-2011"},"content":{"rendered":"\n<h1 class=\"has-text-align-center wp-block-heading\">Audience au Chemin N\u00e9ocat\u00e9chum\u00e9nal et envoi de plus de 200 familles en mission et de 13 \u00ab\u00a0Missio Ad gentes\u00a0\u00bb 17-I-2011<\/h1>\n\n<div style=\"height:20px\" aria-hidden=\"true\" class=\"wp-block-spacer\"><\/div>\n\n<h4 class=\"has-text-align-center wp-block-heading\">Beno\u00eet XVI<\/h4>\n\n<div style=\"height:20px\" aria-hidden=\"true\" class=\"wp-block-spacer\"><\/div>\n\n<div class=\"wp-block-image is-style-default\"><figure class=\"alignleft size-large\"><img loading=\"lazy\" decoding=\"async\" width=\"400\" height=\"267\" src=\"https:\/\/neocatechumenaleiter.org\/wp-content\/uploads\/2020\/02\/Camino_Neocatecumenal_Benedicto_XVI_audiencia_familias_mision_ad_gentes_2011.jpg\" alt=\"\" class=\"wp-image-1236\" srcset=\"https:\/\/neocatechumenaleiter.org\/wp-content\/uploads\/2020\/02\/Camino_Neocatecumenal_Benedicto_XVI_audiencia_familias_mision_ad_gentes_2011.jpg 400w, https:\/\/neocatechumenaleiter.org\/wp-content\/uploads\/2020\/02\/Camino_Neocatecumenal_Benedicto_XVI_audiencia_familias_mision_ad_gentes_2011-300x200.jpg 300w\" sizes=\"auto, (max-width: 400px) 100vw, 400px\" \/><\/figure><\/div>\n\n<p><strong>Cit\u00e9 du Vatican &#8212; Salle Paul VI, 17 janvier 2011<\/strong><\/p>\n\n<p><em>\u00ab\u00a0L\u2019annonce de l\u2019\u00e9vangile est le devoir de tous les chr\u00e9tiens, comme cons\u00e9quence de leur bapt\u00eame\u00a0\u00bb : le Pape l\u2019a rappel\u00e9 aux membres du Chemin N\u00e9ocat\u00e9chum\u00e9nal au cours de l\u2019audience de lundi matin 17 janvier dans la salle Paul VI.<\/em><\/p>\n\n<p>Nous publions ci-dessous le discours de Beno\u00eet XVI :<\/p>\n\n<p><em>\u00ab\u00a0Chers amis,<\/em>&#013;\n&#013;\nJe suis heureux de vous accueillir et de vous souhaiter une cordiale bienvenue. Je salue en particulier Kiko Argu\u00ebllo et Carmen Hern\u00e1ndez, initiateurs du Chemin n\u00e9ocat\u00e9chum\u00e9nal, et don Mario Pezzi, en les remerciant pour les paroles de salut et de pr\u00e9sentation qu\u2019ils m\u2019ont adress\u00e9es. Je salue chacun de vous ici pr\u00e9sents avec une vive affection: pr\u00eatres, s\u00e9minaristes, familles et membres du Chemin. Je rends gr\u00e2ce au Seigneur, car il nous offre l\u2019opportunit\u00e9 de cette rencontre, au cours de laquelle vous renouvelez votre lien avec le Successeur de Pierre, en accueillant \u00e0 nouveau le mandat que le Christ ressuscit\u00e9 donna aux disciples: \u00abAllez dans le monde entier. Proclamez la Bonne Nouvelle \u00e0 toute la cr\u00e9ation\u00bb (<em>Mc<\/em> 16, 15).<\/p>\n\n<p><strong>Depuis plus de quarante ans, le Chemin n\u00e9ocat\u00e9chum\u00e9nal contribue \u00e0 raviver et consolider dans les dioc\u00e8ses et dans les paroisses l\u2019Initiation chr\u00e9tienne, en favorisant une red\u00e9couverte graduelle et radicale des richesses du Bapt\u00eame<\/strong>, en aidant \u00e0 go\u00fbter la vie divine, la vie c\u00e9leste que le Seigneur a inaugur\u00e9e \u00e0 travers son incarnation, en venant parmi nous, en naissant comme l\u2019un d\u2019entre nous. Ce don de Dieu pour son \u00c9glise se place \u00ab\u00a0au service de l\u2019\u00e9v\u00eaque comme l\u2019une des modalit\u00e9s de r\u00e9alisation dioc\u00e9saine de l\u2019initiation chr\u00e9tienne et de l\u2019\u00e9ducation permanente dans la foi\u00a0\u00bb (<em>Statut, <\/em>art. 1 \u00a7 2). Ce service, comme vous le rappelait mon pr\u00e9d\u00e9cesseur, le serviteur de Dieu Paul VI, lors de la premi\u00e8re rencontre qu\u2019il eut avec vous en 1974, \u00ab\u00a0pourra renouveler dans les communaut\u00e9s chr\u00e9tiennes actuelles les effets de maturit\u00e9 et d\u2019approfondissement, qui dans l\u2019Eglise primitive \u00e9taient r\u00e9alis\u00e9s par la p\u00e9riode de pr\u00e9paration au bapt\u00eame\u00a0\u00bb (<em>Enseignements de Paul VI, <\/em>XII [1974], 406).<\/p>\n\n<div class=\"wp-block-image is-style-default\"><figure class=\"alignright size-large\"><img loading=\"lazy\" decoding=\"async\" width=\"400\" height=\"270\" src=\"https:\/\/neocatechumenaleiter.org\/wp-content\/uploads\/2020\/02\/Camino_Neocatecumenal_Benedicto_XVI_audiencia_familias_mision_ad_gentes_2011_orquesta.jpg\" alt=\"\" class=\"wp-image-1243\" srcset=\"https:\/\/neocatechumenaleiter.org\/wp-content\/uploads\/2020\/02\/Camino_Neocatecumenal_Benedicto_XVI_audiencia_familias_mision_ad_gentes_2011_orquesta.jpg 400w, https:\/\/neocatechumenaleiter.org\/wp-content\/uploads\/2020\/02\/Camino_Neocatecumenal_Benedicto_XVI_audiencia_familias_mision_ad_gentes_2011_orquesta-300x203.jpg 300w\" sizes=\"auto, (max-width: 400px) 100vw, 400px\" \/><\/figure><\/div>\n\n<p>Au cours des derni\u00e8res ann\u00e9es, a \u00e9t\u00e9 parcouru avec profit le processus de r\u00e9daction du Statut du Chemin n\u00e9ocat\u00e9chum\u00e9nal qui, apr\u00e8s une p\u00e9riode ad\u00e9quate de validit\u00e9 \u00abad experimentum \u00bb, a \u00e9t\u00e9 approuv\u00e9 d\u00e9finitivement en juin 2008. Un autre pas significatif a \u00e9t\u00e9 accompli au cours de ces journ\u00e9es, avec l\u2019approbation, par les dicast\u00e8res comp\u00e9tents du Saint-Si\u00e8ge, du \u00abDirectoire cat\u00e9ch\u00e9tique du Chemin n\u00e9ocat\u00e9chum\u00e9nal\u00bb. Avec ces sceaux eccl\u00e9siaux, le Seigneur confirme aujourd\u2019hui et vous confie \u00e0 nouveau cet instrument pr\u00e9cieux qu\u2019est le Chemin n\u00e9ocat\u00e9chum\u00e9nal, de mani\u00e8re \u00e0 ce que vous puissiez, en ob\u00e9issance filiale au Saint-Si\u00e8ge et aux pasteurs de l\u2019Eglise, contribuer avec un \u00e9lan et une ardeur renouvel\u00e9s, \u00e0 la red\u00e9couverte radicale et joyeuse du don du bapt\u00eame et offrir votre contribution originale \u00e0 la cause de la nouvelle \u00e9vang\u00e9lisation. L\u2019\u00c9glise a reconnu dans le Chemin n\u00e9ocat\u00e9chum\u00e9nal un don particulier de l\u2019Esprit Saint: comme tel, celui-ci tend naturellement \u00e0 s\u2019ins\u00e9rer dans la grande harmonie du Corps eccl\u00e9sial. Dans cette optique, je vous exhorte \u00e0 toujours rechercher une profonde communion avec les pasteurs et avec toutes les composantes des Eglises particuli\u00e8res et des milieux eccl\u00e9siaux, tr\u00e8s diff\u00e9rents, dans lesquels vous \u00eates appel\u00e9s \u00e0 \u0153uvrer. La communion fraternelle entre les disciples de J\u00e9sus est, en effet, le premier et le plus grand t\u00e9moignage au nom de J\u00e9sus Christ.<\/p>\n\n<p>Je suis particuli\u00e8rement heureux de pouvoir envoyer aujourd\u2019hui, dans diverses parties du monde, plus de 200 nouvelles familles, qui se sont rendues disponibles avec une grande g\u00e9n\u00e9rosit\u00e9 et qui partent pour la mission, s\u2019unissant id\u00e9alement aux pr\u00e8s de 600 autres qui \u0153uvrent d\u00e9j\u00e0 sur les cinq continents. Ch\u00e8res familles, que la foi que vous avez re\u00e7ue en don soit cette lumi\u00e8re pos\u00e9e sur le lampadaire, capable d\u2019indiquer aux hommes la voie du Ciel. C\u2019est avec le m\u00eame sentiment que j\u2019enverrai 13 nouvelles \u00abmissiones ad gentes\u00bb, qui seront appel\u00e9es \u00e0 \u00eatre une nouvelle pr\u00e9sence eccl\u00e9siale dans des milieux tr\u00e8s s\u00e9cularis\u00e9s de divers pays, ou dans des lieux dans lesquels le message du Christ n\u2019est pas encore parvenu. Puissiez-vous toujours sentir \u00e0 vos c\u00f4t\u00e9s la pr\u00e9sence vivante du Seigneur ressuscit\u00e9 et l\u2019accompagnement de nombreux fr\u00e8res, ainsi que la pri\u00e8re du Pape, qui est avec vous! <\/p>\n\n<p>Je salue avec affection les pr\u00eatres, provenant des s\u00e9minaires dioc\u00e9sains \u00ab\u00a0<em>Redemptoris Mater\u00a0\u00bb <\/em>d\u2019Europe, et les plus de deux mille s\u00e9minaristes ici pr\u00e9sents. Tr\u00e8s chers amis, <strong>vous \u00eates un signe sp\u00e9cial et \u00e9loquent des fruits de bien qui peuvent na\u00eetre de la red\u00e9couverte de la gr\u00e2ce du propre Bapt\u00eame.<\/strong> Nous nous tournons vers vous avec une esp\u00e9rance particuli\u00e8re: soyez des pr\u00eatres amoureux du Christ et de son Eglise, capables de transmettre au monde la joie d\u2019avoir rencontr\u00e9 le Seigneur et de pouvoir \u00eatre \u00e0 son service.&#013;\n&#013;\nJe salue \u00e9galement les cat\u00e9chistes itin\u00e9rants et ceux des Communaut\u00e9s n\u00e9ocat\u00e9chum\u00e9nales de Rome et du Latium et, avec une affection particuli\u00e8re, les \u226a<em>communitates in missionem\u00bb<\/em>. Vous avez abandonn\u00e9, pour ainsi dire, les certitudes de vos communaut\u00e9s d\u2019origine pour aller dans des lieux plus \u00e9loignes et difficiles, en acceptant d\u2019\u00eatre envoy\u00e9s pour aider les paroisses en difficult\u00e9 et pour rechercher la brebis \u00e9gar\u00e9e et la ramener dans la bergerie du Christ. Dans les souffrances ou les difficult\u00e9s que vous pouvez affronter, sentez-vous unis \u00e0 la souffrance du Christ sur la Croix, et \u00e0 son d\u00e9sir de rejoindre les nombreux fr\u00e8res \u00e9loign\u00e9s de la foi et de la v\u00e9rit\u00e9, pour les ramener \u00e0 la maison du P\u00e8re.<\/p>\n\n<div class=\"wp-block-image is-style-circle-mask\"><figure class=\"alignright size-large\"><img loading=\"lazy\" decoding=\"async\" width=\"400\" height=\"268\" src=\"https:\/\/neocatechumenaleiter.org\/wp-content\/uploads\/2020\/02\/Camino_Neocatecumenal_Benedicto_XVI_audiencia_familias_mision_ad_gentes_20112.jpg\" alt=\"\" class=\"wp-image-1250\" srcset=\"https:\/\/neocatechumenaleiter.org\/wp-content\/uploads\/2020\/02\/Camino_Neocatecumenal_Benedicto_XVI_audiencia_familias_mision_ad_gentes_20112.jpg 400w, https:\/\/neocatechumenaleiter.org\/wp-content\/uploads\/2020\/02\/Camino_Neocatecumenal_Benedicto_XVI_audiencia_familias_mision_ad_gentes_20112-300x201.jpg 300w\" sizes=\"auto, (max-width: 400px) 100vw, 400px\" \/><\/figure><\/div>\n\n<p>Comme je l\u2019ai \u00e9crit dans l\u2019Exhortation apostolique <em>Verbum Domini<\/em>, \u00ab\u00a0la mission de l\u2019Eglise ne peut \u00eatre consid\u00e9r\u00e9e comme une r\u00e9alit\u00e9 facultative ou optionnelle de la vie eccl\u00e9siale. Il s\u2019agit de laisser l\u2019Esprit Saint nous configurer au Christ m\u00eame [&#8230;] de mani\u00e8re \u00e0 communiquer la Parole par toute notre vie\u00a0\u00bb (n. 93). <strong>Tout le peuple de Dieu est un peuple \u00ab\u00a0envoy\u00e9\u00a0\u00bbet l\u2019annonce de l\u2019\u00c9vangile est un engagement de tous les chr\u00e9tiens, comme cons\u00e9quence du Bapt\u00eame<\/strong> (cf. <em>ibid.<\/em>, n. 94). Je vous invite \u00e0 vous arr\u00eater sur l\u2019Exhortation <em>Verbum Domini<\/em>, en r\u00e9fl\u00e9chissant de mani\u00e8re particuli\u00e8re sur la troisi\u00e8me partie du document, o\u00f9 il est question de \u00ab\u00a0La mission de l\u2019Eglise: annoncer la Parole de Dieu au monde.\u00a0\u00bb (nn. 90-98) Chers amis, <strong>sentons que nous participons nous aussi \u00e0 la recherche de salut du Seigneur J\u00e9sus, \u00e0 la mission qu\u2019Il confie \u00e0 toute l\u2019\u00c9glise.<\/strong> Que la Bienheureuse Vierge Marie, qui a inspir\u00e9 votre Chemin et qui vous a donn\u00e9 la famille de Nazareth comme mod\u00e8le de votre communaut\u00e9, vous accorde de vivre votre foi dans l\u2019humilit\u00e9, la simplicit\u00e9 et la louange. Qu\u2019elle interc\u00e8de pour vous tous et vous accompagne dans votre mission. Que vous soutienne \u00e9galement ma B\u00e9n\u00e9diction, que je vous donne de tout c\u0153ur, ainsi qu\u2019\u00e0 tous les membres du Chemin n\u00e9ocat\u00e9chum\u00e9nal pr\u00e9sents dans le monde.\u00a0\u00bb&#013;\n&#013;\n\u00a9 Copyright 2011 &#8211; Libreria Editrice Vaticana<\/p>\n","protected":false},"excerpt":{"rendered":"<p>Audience au Chemin N\u00e9ocat\u00e9chum\u00e9nal et envoi de plus de 200 familles en mission et de 13 \u00ab\u00a0Missio Ad gentes\u00a0\u00bb 17-I-2011 Beno\u00eet XVI Cit\u00e9 du Vatican &#8212; Salle Paul VI, 17 janvier 2011 \u00ab\u00a0L\u2019annonce de l\u2019\u00e9vangile est le devoir de tous les chr\u00e9tiens, comme cons\u00e9quence de leur bapt\u00eame\u00a0\u00bb : le Pape l\u2019a rappel\u00e9 aux membres du Chemin N\u00e9ocat\u00e9chum\u00e9nal au cours de l\u2019audience de lundi matin 17 janvier dans la salle Paul<\/p>\n<div class=\"read-more\"><a class=\"btn read-more-btn\" href=\"https:\/\/neocatechumenaleiter.org\/fr\/paroles-de-papes\/benoit-xvi\/audience-envoi-des-familles-e-missio-ad-gentes-17-i-2011\/\">En savoir plus<\/a><\/div>\n","protected":false},"author":2,"featured_media":0,"parent":5071,"menu_order":9,"comment_status":"closed","ping_status":"closed","template":"","meta":{"footnotes":""},"class_list":["post-9408","page","type-page","status-publish","hentry"],"_links":{"self":[{"href":"https:\/\/neocatechumenaleiter.org\/fr\/wp-json\/wp\/v2\/pages\/9408","targetHints":{"allow":["GET"]}}],"collection":[{"href":"https:\/\/neocatechumenaleiter.org\/fr\/wp-json\/wp\/v2\/pages"}],"about":[{"href":"https:\/\/neocatechumenaleiter.org\/fr\/wp-json\/wp\/v2\/types\/page"}],"author":[{"embeddable":true,"href":"https:\/\/neocatechumenaleiter.org\/fr\/wp-json\/wp\/v2\/users\/2"}],"replies":[{"embeddable":true,"href":"https:\/\/neocatechumenaleiter.org\/fr\/wp-json\/wp\/v2\/comments?post=9408"}],"version-history":[{"count":5,"href":"https:\/\/neocatechumenaleiter.org\/fr\/wp-json\/wp\/v2\/pages\/9408\/revisions"}],"predecessor-version":[{"id":13940,"href":"https:\/\/neocatechumenaleiter.org\/fr\/wp-json\/wp\/v2\/pages\/9408\/revisions\/13940"}],"up":[{"embeddable":true,"href":"https:\/\/neocatechumenaleiter.org\/fr\/wp-json\/wp\/v2\/pages\/5071"}],"wp:attachment":[{"href":"https:\/\/neocatechumenaleiter.org\/fr\/wp-json\/wp\/v2\/media?parent=9408"}],"curies":[{"name":"wp","href":"https:\/\/api.w.org\/{rel}","templated":true}]}}