{"id":9506,"date":"2020-05-06T15:27:32","date_gmt":"2020-05-06T14:27:32","guid":{"rendered":"https:\/\/neocatechumenaleiter.org\/paroles-de-papes\/benoit-xvi\/audience-aux-initiateurs-du-chemin-neocatechumenal-13-xi-2010\/"},"modified":"2020-06-06T18:32:52","modified_gmt":"2020-06-06T17:32:52","slug":"audience-aux-initiateurs-du-chemin-neocatechumenal-13-xi-2010","status":"publish","type":"page","link":"https:\/\/neocatechumenaleiter.org\/fr\/paroles-de-papes\/benoit-xvi\/audience-aux-initiateurs-du-chemin-neocatechumenal-13-xi-2010\/","title":{"rendered":"Audience priv\u00e9e de Beno\u00eet XVI aux initiateurs du Chemin N\u00e9ocat\u00e9chum\u00e9nal 13-XI-2010"},"content":{"rendered":"\n<h1 class=\"has-text-align-center wp-block-heading\">Audience priv\u00e9e de Beno\u00eet XVI aux initiateurs du Chemin N\u00e9ocat\u00e9chum\u00e9nal 13-XI-2010<\/h1>\n\n<div style=\"height:20px\" aria-hidden=\"true\" class=\"wp-block-spacer\"><\/div>\n\n<h4 class=\"has-text-align-center wp-block-heading\">Beno\u00eet XVI<\/h4>\n\n<div style=\"height:20px\" aria-hidden=\"true\" class=\"wp-block-spacer\"><\/div>\n\n<p>Cit\u00e9 du Vatican, 13 novembre 2010<\/p>\n\n<p><em>Kiko a d\u00e9crit l&rsquo;audience comme suit :<\/em> \u00ab\u00a0Le 13 novembre, Carmen, le P\u00e8re Mario et moi avons eu une audience priv\u00e9e avec le Saint P\u00e8re qui a \u00e9t\u00e9 vraiment tr\u00e8s bon avec nous.\u00a0\u00bb<\/p>\n\n<figure class=\"wp-block-gallery aligncenter columns-2 is-cropped wp-block-gallery-1 is-layout-flex wp-block-gallery-is-layout-flex\"><ul class=\"blocks-gallery-grid\"><li class=\"blocks-gallery-item\"><figure><img loading=\"lazy\" decoding=\"async\" width=\"400\" height=\"268\" src=\"https:\/\/neocatechumenaleiter.org\/wp-content\/uploads\/2020\/02\/Camino_Neocatecumenal_Benedicto_XVI_Kiko_Carmen_Mario_audiencia_20102.jpg\" alt=\"\" data-id=\"1217\" data-full-url=\"https:\/\/neocatechumenaleiter.org\/wp-content\/uploads\/2020\/02\/Camino_Neocatecumenal_Benedicto_XVI_Kiko_Carmen_Mario_audiencia_20102.jpg\" data-link=\"https:\/\/neocatechumenaleiter.org\/?attachment_id=1217\" class=\"wp-image-1219\" srcset=\"https:\/\/neocatechumenaleiter.org\/wp-content\/uploads\/2020\/02\/Camino_Neocatecumenal_Benedicto_XVI_Kiko_Carmen_Mario_audiencia_20102.jpg 400w, https:\/\/neocatechumenaleiter.org\/wp-content\/uploads\/2020\/02\/Camino_Neocatecumenal_Benedicto_XVI_Kiko_Carmen_Mario_audiencia_20102-300x201.jpg 300w\" sizes=\"auto, (max-width: 400px) 100vw, 400px\" \/><\/figure><\/li><li class=\"blocks-gallery-item\"><figure><img loading=\"lazy\" decoding=\"async\" width=\"400\" height=\"269\" src=\"https:\/\/neocatechumenaleiter.org\/wp-content\/uploads\/2020\/02\/Camino_Neocatecumenal_Benedicto_XVI_Kiko_Carmen_Mario_audiencia_2010.jpg\" alt=\"\" data-id=\"1224\" data-full-url=\"https:\/\/neocatechumenaleiter.org\/wp-content\/uploads\/2020\/02\/Camino_Neocatecumenal_Benedicto_XVI_Kiko_Carmen_Mario_audiencia_2010.jpg\" data-link=\"https:\/\/neocatechumenaleiter.org\/?attachment_id=1224\" class=\"wp-image-1226\" srcset=\"https:\/\/neocatechumenaleiter.org\/wp-content\/uploads\/2020\/02\/Camino_Neocatecumenal_Benedicto_XVI_Kiko_Carmen_Mario_audiencia_2010.jpg 400w, https:\/\/neocatechumenaleiter.org\/wp-content\/uploads\/2020\/02\/Camino_Neocatecumenal_Benedicto_XVI_Kiko_Carmen_Mario_audiencia_2010-300x202.jpg 300w\" sizes=\"auto, (max-width: 400px) 100vw, 400px\" \/><\/figure><\/li><\/ul><\/figure>","protected":false},"excerpt":{"rendered":"<p>Audience priv\u00e9e de Beno\u00eet XVI aux initiateurs du Chemin N\u00e9ocat\u00e9chum\u00e9nal 13-XI-2010 Beno\u00eet XVI Cit\u00e9 du Vatican, 13 novembre 2010 Kiko a d\u00e9crit l&rsquo;audience comme suit : \u00ab\u00a0Le 13 novembre, Carmen, le P\u00e8re Mario et moi avons eu une audience priv\u00e9e avec le Saint P\u00e8re qui a \u00e9t\u00e9 vraiment tr\u00e8s bon avec nous.\u00a0\u00bb<\/p>\n","protected":false},"author":2,"featured_media":0,"parent":5071,"menu_order":8,"comment_status":"closed","ping_status":"closed","template":"","meta":{"footnotes":""},"class_list":["post-9506","page","type-page","status-publish","hentry"],"_links":{"self":[{"href":"https:\/\/neocatechumenaleiter.org\/fr\/wp-json\/wp\/v2\/pages\/9506","targetHints":{"allow":["GET"]}}],"collection":[{"href":"https:\/\/neocatechumenaleiter.org\/fr\/wp-json\/wp\/v2\/pages"}],"about":[{"href":"https:\/\/neocatechumenaleiter.org\/fr\/wp-json\/wp\/v2\/types\/page"}],"author":[{"embeddable":true,"href":"https:\/\/neocatechumenaleiter.org\/fr\/wp-json\/wp\/v2\/users\/2"}],"replies":[{"embeddable":true,"href":"https:\/\/neocatechumenaleiter.org\/fr\/wp-json\/wp\/v2\/comments?post=9506"}],"version-history":[{"count":5,"href":"https:\/\/neocatechumenaleiter.org\/fr\/wp-json\/wp\/v2\/pages\/9506\/revisions"}],"predecessor-version":[{"id":13934,"href":"https:\/\/neocatechumenaleiter.org\/fr\/wp-json\/wp\/v2\/pages\/9506\/revisions\/13934"}],"up":[{"embeddable":true,"href":"https:\/\/neocatechumenaleiter.org\/fr\/wp-json\/wp\/v2\/pages\/5071"}],"wp:attachment":[{"href":"https:\/\/neocatechumenaleiter.org\/fr\/wp-json\/wp\/v2\/media?parent=9506"}],"curies":[{"name":"wp","href":"https:\/\/api.w.org\/{rel}","templated":true}]}}