{"id":9512,"date":"2020-05-06T15:57:29","date_gmt":"2020-05-06T14:57:29","guid":{"rendered":"https:\/\/neocatechumenaleiter.org\/paroles-de-papes\/benoit-xvi\/discours-pour-les-quarante-ans-du-debut-du-chemin\/"},"modified":"2020-06-29T11:43:16","modified_gmt":"2020-06-29T10:43:16","slug":"discours-pour-les-quarante-ans-du-debut-du-chemin","status":"publish","type":"page","link":"https:\/\/neocatechumenaleiter.org\/fr\/paroles-de-papes\/benoit-xvi\/discours-pour-les-quarante-ans-du-debut-du-chemin\/","title":{"rendered":"Discours du Pape Benoit XVI pour les Quarante ans du Chemin N\u00e9ocat\u00e9chum\u00e9nal \u00e0 Rome 10-I-2009"},"content":{"rendered":"\n<h1 class=\"has-text-align-center wp-block-heading\">Discours du Pape Benoit XVI pour les Quarante ans du Chemin N\u00e9ocat\u00e9chum\u00e9nal \u00e0 Rome 10-I-2009<\/h1>\n\n<div style=\"height:20px\" aria-hidden=\"true\" class=\"wp-block-spacer\"><\/div>\n\n<h4 class=\"has-text-align-center wp-block-heading\">Beno\u00eet XVI<\/h4>\n\n<div style=\"height:20px\" aria-hidden=\"true\" class=\"wp-block-spacer\"><\/div>\n\n<div class=\"wp-block-image is-style-circle-mask\"><figure class=\"alignleft size-large\"><img loading=\"lazy\" decoding=\"async\" width=\"400\" height=\"281\" src=\"https:\/\/neocatechumenaleiter.org\/wp-content\/uploads\/2020\/02\/Camino_Neocatecumenal_Benedicto_XVI_Celebracion_40_aniversario_Roma.jpg\" alt=\"\" class=\"wp-image-1187\" srcset=\"https:\/\/neocatechumenaleiter.org\/wp-content\/uploads\/2020\/02\/Camino_Neocatecumenal_Benedicto_XVI_Celebracion_40_aniversario_Roma.jpg 400w, https:\/\/neocatechumenaleiter.org\/wp-content\/uploads\/2020\/02\/Camino_Neocatecumenal_Benedicto_XVI_Celebracion_40_aniversario_Roma-300x211.jpg 300w\" sizes=\"auto, (max-width: 400px) 100vw, 400px\" \/><\/figure><\/div>\n\n<p>Basilique Vaticane, 10 janvier 2009<\/p>\n\n<p><em>Le 10 janvier 2009, dans la basilique Saint-Pierre<\/em> <em>remplie de fr\u00e8res des communaut\u00e9s, le 40<sup>e<\/sup> anniversaire du Chemin N\u00e9ocat\u00e9chum\u00e9nal dans le dioc\u00e8se de Rome a \u00e9t\u00e9 c\u00e9l\u00e9br\u00e9 lors d&rsquo;une c\u00e9r\u00e9monie br\u00e8ve mais solennelle. Le Saint-P\u00e8re \u00e9tait accompagn\u00e9 du cardinal-vicaire Agostino Vallini et du cardinal Stanislaw Rylko, Pr\u00e9sident du Conseil Pontifical pour les La\u00efcs. Dans la basilique, entre d&rsquo;autres, il y avait aussi le nouveau pr\u00e9fet des cultes, le cardinal Antonio Canizares. <\/em>&#013;\n&#013;\n<em>Au d\u00e9but de la c\u00e9r\u00e9monie, pr\u00e9sid\u00e9e par le Saint-P\u00e8re Beno\u00eet XVI, Kiko a pr\u00e9sent\u00e9 \u00e0 tous les participants la premi\u00e8re communaut\u00e9 du Saint-Sacrement et des Saints Martyrs canadiens qui f\u00eatent leurs 40 ans de Chemin, la premi\u00e8re communaut\u00e9 de la paroisse Notre Dame de Bonne Nouvelle \u00e0 Paris, les 14 \u00ab\u00a0communitates in missionem\u00a0\u00bb de Rome qui partent vers les p\u00e9riph\u00e9ries plus difficiles du dioc\u00e8se, les 14 \u00ab\u00a0Missio ad gentes\u00a0\u00bb des 5 continents, les 200 nouvelles familles qui partent en mission dans diff\u00e9rentes parties du monde, les 700 cat\u00e9chistes itin\u00e9rants responsables du Chemin N\u00e9ocat\u00e9chum\u00e9nal dans les nations, les 500 communaut\u00e9s pr\u00e9sentes dans 103 paroisses du dioc\u00e8se de Rome. <\/em>&#013;\n&#013;\n<em>La pr\u00e9sentation a \u00e9t\u00e9 suivie par la proclamation solennelle de l&rsquo;\u00c9vangile de Mt 10, 5-42 par le P\u00e8re Mario. <\/em>&#013;\n&#013;\n<em>Apr\u00e8s le discours, le Saint-P\u00e8re a b\u00e9ni et remis le crucifix \u00e0 ceux qui partaient. Apr\u00e8s la pri\u00e8re du Notre P\u00e8re et une monition de Carmen Hern\u00e1ndez qui a voulu faire m\u00e9moire des Papes qui ont marqu\u00e9 l&rsquo;histoire du Chemin &#8211; de Pie XII, pour le renouveau liturgique, \u00e0 Jean XXIII pour le Concile, \u00e0 Paul VI, Jean-Paul I et Jean-Paul II &#8211; avec les Congr\u00e9gations qui nous ont suivis pour la plupart et les Cardinaux Paul Cordes et Stanislaw Rylko, toute l&rsquo;assembl\u00e9e a chant\u00e9 solennellement le \u00ab\u00a0Te Deum\u00a0\u00bb d&rsquo;action de gr\u00e2ce.<\/em><\/p>\n\n<p><em>Le Pape s&rsquo;est adress\u00e9 aux personnes pr\u00e9sentes avec les mots suivants :<\/em><\/p>\n\n<div class=\"wp-block-image is-style-default\"><figure class=\"alignright size-large\"><img decoding=\"async\" src=\"https:\/\/neocatechumenaleiter.org\/wp-content\/uploads\/2020\/02\/Camino_Neocatecumenal_Benedicto_XVI_Kiko_Arguello_envio_misiones_ad_gentes_vaticano.jpg\" alt=\"Envoi des Missio Ad Gentes depuis Saint-Pierre\" class=\"wp-image-204\" \/><\/figure><\/div>\n\n<p><em>\u00ab\u00a0Chers fr\u00e8res et s\u0153urs!<\/em>&#013;\n&#013;\nC&rsquo;est avec une grande joie que je vous accueille aujourd&rsquo;hui aussi nombreux, \u00e0 l&rsquo;occasion du 40e anniversaire du d\u00e9but du Chemin n\u00e9ocat\u00e9chum\u00e9nal \u00e0 Rome, qui compte actuellement 500 communaut\u00e9s. Je vous adresse \u00e0 tous mon salut cordial. Je salue de mani\u00e8re particuli\u00e8re le cardinal-vicaire, Agostino Vallini, ainsi que le cardinal Stanislaw Rylko, pr\u00e9sident du <a href=\"http:\/\/www.vatican.va\/roman_curia\/pontifical_councils\/laity\/laity_it\/index_fr.htm\">Conseil pontifical pour les la\u00efcs<\/a>, qui vous a suivis avec d\u00e9vouement dans le parcours d&rsquo;approbation de vos statuts. Je salue les responsables du Chemin n\u00e9ocat\u00e9chum\u00e9nal:\u00a0 M. Kiko Arg\u00fcello, que je remercie cordialement des paroles enthousiastes et enthousiasmantes avec lesquelles il s&rsquo;est fait l&rsquo;interpr\u00e8te de vos sentiments \u00e0 tous. Je salue Mme Carmen Hern\u00e1ndez et le p\u00e8re Mario Pezzi. Je salue les communaut\u00e9s qui partent en mission vers les banlieues les plus d\u00e9munies de Rome, celles qui partent en \u00ab\u00a0<em>missio ad gentes<\/em>\u00a0\u00bb sur les cinq continents, les 200 nouvelles familles itin\u00e9rantes, et les 700 cat\u00e9chistes itin\u00e9rants responsables du Chemin n\u00e9ocat\u00e9chum\u00e9nal dans les diff\u00e9rents pays. Merci \u00e0 vous tous! Que le Seigneur vous accompagne!<\/p>\n\n<p>Notre rencontre se d\u00e9roule de mani\u00e8re significative dans la Basilique vaticane construite sur le s\u00e9pulcre de l&rsquo;Ap\u00f4tre Pierre. Ce fut pr\u00e9cis\u00e9ment lui, le Prince des Ap\u00f4tres qui, r\u00e9pondant \u00e0 la question avec laquelle J\u00e9sus interpellait les Douze sur son identit\u00e9, confessa avec \u00e9lan:  \u00ab\u00a0Tu es le Messie, le Fils du Dieu vivant\u00a0\u00bb (Mt 16, 16). Vous \u00eates r\u00e9unis ici aujourd&rsquo;hui pour renouveler cette profession de foi. Votre pr\u00e9sence, aussi nombreuse et anim\u00e9e, t\u00e9moigne des prodiges op\u00e9r\u00e9s par le Seigneur au cours des quatre derni\u00e8res d\u00e9cennies:  elle r\u00e9v\u00e8le \u00e9galement l&rsquo;engagement avec lequel vous entendez poursuivre le chemin commenc\u00e9, un chemin de fid\u00e8le imitation du Christ et de t\u00e9moignage courageux de son \u00c9vangile, non seulement ici \u00e0 Rome, mais partout o\u00f9 la Providence vous conduit; un chemin d&rsquo;adh\u00e9sion docile aux directives des pasteurs et de communion avec toutes les autres composantes du Peuple de Dieu. C&rsquo;est ce que vous entendez faire, bien conscients qu&rsquo;aider les hommes de notre temps \u00e0 rencontrer J\u00e9sus Christ, R\u00e9dempteur de l&rsquo;homme, constitue la mission de l&rsquo;Eglise et de chaque baptis\u00e9. Le \u00ab\u00a0Chemin n\u00e9ocat\u00e9chum\u00e9nal\u00a0\u00bb s&rsquo;inscrit dans cette mission eccl\u00e9siale comme l&rsquo;une des nombreuses voies suscit\u00e9es par l&rsquo;Esprit Saint avec le Concile Vatican II pour la nouvelle \u00e9vang\u00e9lisation.<\/p>\n\n<div class=\"wp-block-image is-style-default\"><figure class=\"alignleft size-large\"><img loading=\"lazy\" decoding=\"async\" width=\"400\" height=\"265\" src=\"https:\/\/neocatechumenaleiter.org\/wp-content\/uploads\/2020\/02\/Camino_Neocatecumenal_responsables_comunidades_roma.jpg\" alt=\"\" class=\"wp-image-1194\" srcset=\"https:\/\/neocatechumenaleiter.org\/wp-content\/uploads\/2020\/02\/Camino_Neocatecumenal_responsables_comunidades_roma.jpg 400w, https:\/\/neocatechumenaleiter.org\/wp-content\/uploads\/2020\/02\/Camino_Neocatecumenal_responsables_comunidades_roma-300x199.jpg 300w\" sizes=\"auto, (max-width: 400px) 100vw, 400px\" \/><\/figure><\/div>\n\n<p>Tout commen\u00e7a ici \u00e0 Rome, il y a quarante ans, lorsque dans la paroisse des \u00ab\u00a0Saints Martyrs canadiens\u00a0\u00bb se constitu\u00e8rent les premi\u00e8res communaut\u00e9s du Chemin n\u00e9ocat\u00e9chum\u00e9nal. Comment ne pas b\u00e9nir le Seigneur pour les fruits spirituels qui, \u00e0 travers la m\u00e9thode d&rsquo;\u00e9vang\u00e9lisation que vous mettez en \u0153uvre, ont pu \u00eatre recueillis au cours de ces ann\u00e9es? Combien de fra\u00eeches \u00e9nergies apostoliques ont \u00e9t\u00e9 suscit\u00e9es aussi bien parmi les pr\u00eatres que parmi les la\u00efcs! Combien d&rsquo;hommes et de femmes et combien de familles, qui s&rsquo;\u00e9taient \u00e9loign\u00e9es de la communaut\u00e9 eccl\u00e9siale ou avaient abandonn\u00e9 la pratique de la vie chr\u00e9tienne, \u00e0 travers l&rsquo;annonce du k\u00e9rygme et l&rsquo;itin\u00e9raire de red\u00e9couverte du Bapt\u00eame, ont \u00e9t\u00e9 aid\u00e9es \u00e0 retrouver la joie de la foi et l&rsquo;enthousiasme du t\u00e9moignage \u00e9vang\u00e9lique! La r\u00e9cente approbation des statuts du \u00ab\u00a0Chemin\u00a0\u00bb de la part du Conseil pontifical pour les la\u00efcs scella l&rsquo;estime et la bienveillance avec lesquelles le Saint-Si\u00e8ge suit l&rsquo;oeuvre que le Seigneur a suscit\u00e9e \u00e0 travers vos fondateurs. Le Pape, l&rsquo;Ev\u00eaque de Rome, vous remercie de ce g\u00e9n\u00e9reux service que vous rendez \u00e0 l&rsquo;\u00e9vang\u00e9lisation de cette ville et pour le d\u00e9vouement avec lequel vous vous prodiguez pour apporter l&rsquo;annonce chr\u00e9tienne dans tous les milieux. Merci \u00e0 vous tous.<\/p>\n\n<div class=\"wp-block-image is-style-default\"><figure class=\"alignright size-large\"><img loading=\"lazy\" decoding=\"async\" width=\"400\" height=\"267\" src=\"https:\/\/neocatechumenaleiter.org\/wp-content\/uploads\/2020\/02\/Camino_Neocatecumenal_Benedicto_XVI_Kiko_Arguello_presenta_comunidades.jpg\" alt=\"\" class=\"wp-image-1201\" srcset=\"https:\/\/neocatechumenaleiter.org\/wp-content\/uploads\/2020\/02\/Camino_Neocatecumenal_Benedicto_XVI_Kiko_Arguello_presenta_comunidades.jpg 400w, https:\/\/neocatechumenaleiter.org\/wp-content\/uploads\/2020\/02\/Camino_Neocatecumenal_Benedicto_XVI_Kiko_Arguello_presenta_comunidades-300x200.jpg 300w\" sizes=\"auto, (max-width: 400px) 100vw, 400px\" \/><\/figure><\/div>\n\n<p>Votre action apostolique d\u00e9j\u00e0 si digne d&rsquo;\u00e9loges sera encore plus efficace dans la mesure o\u00f9 vous vous efforcerez de cultiver constamment cette aspiration vers l&rsquo;unit\u00e9 que J\u00e9sus a transmise aux Douze au cours de la Derni\u00e8re C\u00e8ne. Nous avons entendu le chant:  en effet, avant la Passion, notre R\u00e9dempteur pria intens\u00e9ment pour que ses disciples soient un, de mani\u00e8re \u00e0 ce que le monde soit pouss\u00e9 \u00e0 croire en Lui (cf. Jn 17, 21), car cette unit\u00e9 ne peut venir que de la force de Dieu. C&rsquo;est cette unit\u00e9, don de l&rsquo;Esprit Saint et recherche incessante des croyants, qui fait de chaque communaut\u00e9 une articulation vivante et bien ins\u00e9r\u00e9e dans le Corps mystique du Christ. L&rsquo;unit\u00e9 des disciples du Seigneur appartient \u00e0 l&rsquo;essence de l&rsquo;Eglise et est la condition indispensable pour que son action \u00e9vang\u00e9lisatrice soit f\u00e9conde et cr\u00e9dible. Je connais le z\u00e8le avec lequel les communaut\u00e9s du Chemin n\u00e9ocat\u00e9chum\u00e9nal \u0153uvrent dans au moins 103 paroisses de Rome. Alors que je vous encourage \u00e0 poursuivre cet engagement, je vous exhorte \u00e0 intensifier votre adh\u00e9sion \u00e0 toutes les directives du cardinal-vicaire, mon collaborateur direct dans le gouvernement pastoral du dioc\u00e8se. Merci de votre \u00ab\u00a0oui\u00a0\u00bb qui vient bien \u00e9videmment du c\u0153ur. L&rsquo;insertion organique du \u00ab\u00a0Chemin\u00a0\u00bb dans la pastorale dioc\u00e9saine et son unit\u00e9 avec les autres r\u00e9alit\u00e9s eccl\u00e9siales seront b\u00e9n\u00e9fiques pour tout le peuple chr\u00e9tien et rendront plus fructueux l&rsquo;effort du dioc\u00e8se visant \u00e0 une annonce renouvel\u00e9e de l&rsquo;Evangile dans notre ville. En effet, nous avons besoin aujourd&rsquo;hui d&rsquo;une vaste action missionnaire qui fasse participer les diff\u00e9rentes r\u00e9alit\u00e9s eccl\u00e9siales, qui, tout en conservant chacune l&rsquo;originalit\u00e9 de leur propre charisme, doivent \u0153uvrer en harmonie en cherchant \u00e0 r\u00e9aliser cette \u00ab\u00a0pastorale int\u00e9gr\u00e9e\u00a0\u00bb qui a d\u00e9j\u00e0 permis d&rsquo;obtenir des r\u00e9sultats significatifs. Quant \u00e0 vous, en vous pla\u00e7ant avec une pleine disponibilit\u00e9 au service de l&rsquo;\u00e9v\u00eaque, comme le rappellent vos statuts, vous pourrez \u00eatre un exemple pour les nombreuses \u00c9glises locales, qui se tournent justement vers celle de Rome comme mod\u00e8le de r\u00e9f\u00e9rence.<\/p>\n\n<div class=\"wp-block-image is-style-circle-mask\"><figure class=\"alignleft size-large\"><img loading=\"lazy\" decoding=\"async\" width=\"400\" height=\"262\" src=\"https:\/\/neocatechumenaleiter.org\/wp-content\/uploads\/2020\/02\/Camino_Neocatecumenal_Benedicto_XVI_Carmen_Hernandez.jpg\" alt=\"\" class=\"wp-image-1208\" srcset=\"https:\/\/neocatechumenaleiter.org\/wp-content\/uploads\/2020\/02\/Camino_Neocatecumenal_Benedicto_XVI_Carmen_Hernandez.jpg 400w, https:\/\/neocatechumenaleiter.org\/wp-content\/uploads\/2020\/02\/Camino_Neocatecumenal_Benedicto_XVI_Carmen_Hernandez-300x197.jpg 300w\" sizes=\"auto, (max-width: 400px) 100vw, 400px\" \/><\/figure><\/div>\n\n<p>Il existe un autre fruit spirituel qui a m\u00fbri au cours de ces ann\u00e9es et pour lequel je voudrais remercier avec vous la divine Providence:  il s&rsquo;agit du grand nombre de pr\u00eatres et de personnes consacr\u00e9es que le Seigneur &#8211; Kiko nous en a parl\u00e9 &#8211; a suscit\u00e9s dans vos communaut\u00e9s. De nombreux pr\u00eatres sont engag\u00e9s dans les paroisses et dans d&rsquo;autres domaines d&rsquo;apostolat dioc\u00e9sain; de nombreux autres sont missionnaires itin\u00e9rants dans diff\u00e9rents pays:  ils rendent un service g\u00e9n\u00e9reux \u00e0 l&rsquo;\u00c9glise de Rome et l&rsquo;\u00c9glise de Rome offre un pr\u00e9cieux service \u00e0 l&rsquo;\u00e9vang\u00e9lisation dans le monde. Il s&rsquo;agit d&rsquo;un v\u00e9ritable \u00ab\u00a0printemps d&rsquo;esp\u00e9rance\u00a0\u00bb pour la communaut\u00e9 dioc\u00e9saine de Rome et pour l&rsquo;Eglise universelle! Je remercie le recteur et ses collaborateurs du s\u00e9minaire Redemptoris Mater de Rome pour l&rsquo;\u0153uvre d&rsquo;\u00e9ducation qu&rsquo;ils accomplissent. Nous savons tous que leur t\u00e2che n&rsquo;est pas facile, mais tr\u00e8s importante pour l&rsquo;avenir de l&rsquo;\u00c9glise. Je les encourage donc \u00e0 poursuivre cette mission, en adoptant les orientations de formation propos\u00e9es aussi bien par le Saint-Si\u00e8ge que par le dioc\u00e8se. L&rsquo;objectif auquel tous les formateurs doivent viser est celui de pr\u00e9parer des pr\u00eatres bien ins\u00e9r\u00e9s dans le presbyterium dioc\u00e9sain et dans la pastorale paroissiale et dioc\u00e9saine.<\/p>\n\n<p>Chers fr\u00e8res et s\u0153urs, la page \u00e9vang\u00e9lique qui a \u00e9t\u00e9 proclam\u00e9e, nous a rappel\u00e9 les exigences et les conditions de la mission apostolique. Les paroles de J\u00e9sus, que nous a rapport\u00e9es l&rsquo;Evang\u00e9liste saint Matthieu, retentissent comme une invitation \u00e0 ne pas nous d\u00e9courager face aux difficult\u00e9s, \u00e0 ne pas rechercher des succ\u00e8s humains, \u00e0 ne pas craindre les incompr\u00e9hensions et m\u00eame les pers\u00e9cutions. Elles nous encouragent plut\u00f4t \u00e0 placer notre confiance uniquement dans la puissance du Christ, \u00e0 se charger de \u00ab\u00a0sa propre croix\u00a0\u00bb et \u00e0 suivre les traces de notre R\u00e9dempteur qui, en ce temps de No\u00ebl qui vient de se terminer, nous est apparu dans l&rsquo;humilit\u00e9 et dans la pauvret\u00e9 de Bethl\u00e9em. Que la Sainte Vierge, mod\u00e8le de chaque disciple du Christ et \u00ab\u00a0maison de b\u00e9n\u00e9diction\u00a0\u00bb comme vous l&rsquo;avez chant\u00e9, vous aide \u00e0 r\u00e9aliser avec joie et fid\u00e9lit\u00e9 le mandat que l&rsquo;Eglise vous confie avec confiance. Alors que je vous remercie pour le service que vous rendez dans l&rsquo;Eglise de Rome, je vous assure de ma pri\u00e8re et vous b\u00e9nis de tout c\u0153ur, vous qui \u00eates ici pr\u00e9sents, ainsi que toutes les communaut\u00e9s du Chemin n\u00e9ocat\u00e9chum\u00e9nal pr\u00e9sentes partout dans le monde.\u00a0\u00bb \u00a9 Copyright 2009 &#8211; Libreria Editrice Vaticana<\/p>\n","protected":false},"excerpt":{"rendered":"<p>Discours du Pape Benoit XVI pour les Quarante ans du Chemin N\u00e9ocat\u00e9chum\u00e9nal \u00e0 Rome 10-I-2009 Beno\u00eet XVI Basilique Vaticane, 10 janvier 2009 Le 10 janvier 2009, dans la basilique Saint-Pierre remplie de fr\u00e8res des communaut\u00e9s, le 40e anniversaire du Chemin N\u00e9ocat\u00e9chum\u00e9nal dans le dioc\u00e8se de Rome a \u00e9t\u00e9 c\u00e9l\u00e9br\u00e9 lors d&rsquo;une c\u00e9r\u00e9monie br\u00e8ve mais solennelle. Le Saint-P\u00e8re \u00e9tait accompagn\u00e9 du cardinal-vicaire Agostino Vallini et du cardinal Stanislaw Rylko, Pr\u00e9sident du<\/p>\n<div class=\"read-more\"><a class=\"btn read-more-btn\" href=\"https:\/\/neocatechumenaleiter.org\/fr\/paroles-de-papes\/benoit-xvi\/discours-pour-les-quarante-ans-du-debut-du-chemin\/\">En savoir plus<\/a><\/div>\n","protected":false},"author":2,"featured_media":0,"parent":5071,"menu_order":7,"comment_status":"closed","ping_status":"closed","template":"","meta":{"footnotes":""},"class_list":["post-9512","page","type-page","status-publish","hentry"],"_links":{"self":[{"href":"https:\/\/neocatechumenaleiter.org\/fr\/wp-json\/wp\/v2\/pages\/9512","targetHints":{"allow":["GET"]}}],"collection":[{"href":"https:\/\/neocatechumenaleiter.org\/fr\/wp-json\/wp\/v2\/pages"}],"about":[{"href":"https:\/\/neocatechumenaleiter.org\/fr\/wp-json\/wp\/v2\/types\/page"}],"author":[{"embeddable":true,"href":"https:\/\/neocatechumenaleiter.org\/fr\/wp-json\/wp\/v2\/users\/2"}],"replies":[{"embeddable":true,"href":"https:\/\/neocatechumenaleiter.org\/fr\/wp-json\/wp\/v2\/comments?post=9512"}],"version-history":[{"count":20,"href":"https:\/\/neocatechumenaleiter.org\/fr\/wp-json\/wp\/v2\/pages\/9512\/revisions"}],"predecessor-version":[{"id":16265,"href":"https:\/\/neocatechumenaleiter.org\/fr\/wp-json\/wp\/v2\/pages\/9512\/revisions\/16265"}],"up":[{"embeddable":true,"href":"https:\/\/neocatechumenaleiter.org\/fr\/wp-json\/wp\/v2\/pages\/5071"}],"wp:attachment":[{"href":"https:\/\/neocatechumenaleiter.org\/fr\/wp-json\/wp\/v2\/media?parent=9512"}],"curies":[{"name":"wp","href":"https:\/\/api.w.org\/{rel}","templated":true}]}}