{"id":9701,"date":"2020-02-25T03:16:52","date_gmt":"2020-02-25T02:16:52","guid":{"rendered":"https:\/\/neocatechumenaleiter.org\/%d7%a7%d7%a8%d7%9e%d7%9f-%d7%94%d7%a8%d7%a0%d7%a0%d7%93%d7%99%d7%96\/"},"modified":"2021-08-10T10:56:22","modified_gmt":"2021-08-10T09:56:22","slug":"%d7%a7%d7%a8%d7%9e%d7%9f-%d7%94%d7%a8%d7%a0%d7%a0%d7%93%d7%99%d7%96","status":"publish","type":"page","link":"https:\/\/neocatechumenaleiter.org\/he\/%d7%94%d7%99%d7%a1%d7%98%d7%95%d7%a8%d7%99%d7%94\/%d7%a7%d7%a8%d7%9e%d7%9f-%d7%94%d7%a8%d7%a0%d7%a0%d7%93%d7%99%d7%96\/","title":{"rendered":"\u05e7\u05e8\u05de\u05df \u05d4\u05e8\u05e0\u05e0\u05d3\u05d9\u05d6"},"content":{"rendered":"\n<h1 class=\"wp-block-heading\"><strong>\u05e7\u05e8\u05de\u05df \u05d4\u05e8\u05e0\u05e0\u05d3\u05d9\u05d6<\/strong><\/h1>\n\n<div class=\"wp-block-image is-style-default\"><figure class=\"alignleft size-medium\"><img loading=\"lazy\" decoding=\"async\" width=\"245\" height=\"300\" src=\"https:\/\/neocatechumenaleiter.org\/wp-content\/uploads\/2020\/02\/Camino_Neocatecumenal_Carmen_Hernandez_psg-245x300.jpg\" alt=\"&#x5E7;&#x5E8;&#x5DE;&#x5DF; &#x5D4;&#x5E8;&#x5E0;&#x5E0;&#x5D3;&#x5D9;&#x5D6;\" class=\"wp-image-225\" srcset=\"https:\/\/neocatechumenaleiter.org\/wp-content\/uploads\/2020\/02\/Camino_Neocatecumenal_Carmen_Hernandez_psg-245x300.jpg 245w, https:\/\/neocatechumenaleiter.org\/wp-content\/uploads\/2020\/02\/Camino_Neocatecumenal_Carmen_Hernandez_psg.jpg 327w\" sizes=\"auto, (max-width: 245px) 100vw, 245px\" \/><\/figure><\/div>\n\n<h4 class=\"wp-block-heading\">24 \u05dc\u05e0\u05d5\u05d1\u05de\u05d1\u05e8 1930, \u2020\u05de\u05d3\u05e8\u05d9\u05d3 \u05d1-19 \u05dc\u05d9\u05d5\u05dc\u05d9 2016<\/h4>\n\n<p>\u05e7\u05e8\u05de\u05df, \u05de\u05ea\u05d7\u05d9\u05dc\u05ea \u05d4\u05d3\u05e8\u05da \u05d9\u05d7\u05d3 \u05e2\u05dd \u05e7\u05d9\u05e7\u05d5, \u05e0\u05d5\u05dc\u05d3\u05d4 \u05d1\u05d0\u05d5\u05dc\u05d5\u05d5\u05d9\u05d2\u05d4 (\u05e1\u05d5\u05b9\u05e8\u05d9\u05d4, \u05e1\u05e4\u05e8\u05d3) \u05d1-24 \u05dc\u05e0\u05d5\u05d1\u05de\u05d1\u05e8 1930. \u05d4\u05d9\u05d0 \u05d4\u05d9\u05dc\u05d3\u05d4 \u05d4\u05d7\u05de\u05d9\u05e9\u05d9\u05ea \u05de\u05d1\u05d9\u05df 9 \u05d0\u05d7\u05d9\u05dd \u2013 \u05d4\u05dd \u05d0\u05e8\u05d1\u05e2\u05d4 \u05d0\u05d7\u05d9\u05dd \u05d5\u05d0\u05e8\u05d1\u05e2 \u05d0\u05d7\u05d9\u05d5\u05ea \u2013 \u05d1\u05d9\u05dc\u05d3\u05d5\u05ea\u05d4 \u05d4\u05d9\u05d0 \u05d7\u05d9\u05d4 \u05d1\u05ea\u05d5\u05d3\u05d9\u05dc\u05d4 (\u05e0\u05d5\u05d5\u05d0\u05e8\u05d4, \u05e1\u05e4\u05e8\u05d3).<\/p>\n\n<p>\u05d1\u05ea\u05d5\u05d3\u05d9\u05dc\u05d4 \u05d4\u05d9\u05d0 \u05dc\u05de\u05d3\u05d4 \u05d1\u05d1\u05d9\u05ea \u05e1\u05e4\u05e8 \u05d4\u05e9\u05d9\u05d9\u05da \u05dc\u05de\u05e1\u05d3\u05e8 \u05de\u05e8\u05d9\u05d4 (Compa\u00f1\u00eda de Mar\u00eda) \u05d5\u05e9\u05dd \u05d4\u05db\u05d9\u05e8\u05d4 \u05dc\u05e8\u05d0\u05e9\u05d5\u05e0\u05d4 \u05d0\u05ea \u05de\u05e1\u05d3\u05e8 \u05d4\u05d9\u05e9\u05d5\u05e2\u05d9\u05dd (Compa\u00f1\u00eda de Jes\u00fas). \u05d1\u05d4\u05d9\u05d5\u05ea\u05d4 \u05e2\u05d3\u05d9\u05d9\u05df \u05e0\u05e2\u05e8\u05d4 \u05e6\u05e2\u05d9\u05e8\u05d4, \u05d4\u05e8\u05d2\u05d9\u05e9\u05d4 \u05d1\u05d4\u05e9\u05e8\u05d0\u05ea \u05d4\u05e8\u05d5\u05d7 \u05d4\u05de\u05d9\u05e1\u05d9\u05d5\u05e0\u05e8\u05d9\u05ea \u05e9\u05dc \u05d4\u05e7\u05d3\u05d5\u05e9 \u05e4\u05e8\u05e0\u05e1\u05d9\u05e1\u05e7\u05d5 \u05d7\u05d0\u05d5\u05d5\u05d9\u05d9\u05e8, \u05d0\u05ea \u05e7\u05e8\u05d9\u05d0\u05ea \u05d4\u05e7\u05d5\u05dc \u05d4\u05e4\u05e0\u05d9\u05de\u05d9 \u05dc\u05d4\u05d9\u05d5\u05ea \u05e9\u05dc\u05d9\u05d7\u05d4 \u05d1\u05d4\u05d5\u05d3\u05d5. \u05db\u05e8\u05e6\u05d5\u05e0\u05d5 \u05e9\u05dc \u05d0\u05d1\u05d9\u05d4, \u05d4\u05ea\u05d7\u05d9\u05dc\u05d4 \u05dc\u05d9\u05de\u05d5\u05d3\u05d9 \u05db\u05d9\u05de\u05d9\u05d4 \u05d1\u05de\u05d3\u05e8\u05d9\u05d3 \u05d1\u05e9\u05e0\u05ea 1948, \u05d5\u05e1\u05d9\u05d9\u05de\u05d4 \u05d0\u05ea \u05dc\u05d9\u05de\u05d5\u05d3\u05d9\u05d4 \u05d1\u05e6\u05d9\u05d5\u05e0\u05d9\u05dd \u05de\u05d0\u05d5\u05d3 \u05d2\u05d1\u05d5\u05d4\u05d9\u05dd \u05d1\u05e9\u05e0\u05ea 1954.<\/p>\n\n<p>Durante un tiempo trabaja con su padre en la  industria alimentaria en una f\u00e1brica que la familia ten\u00eda en And\u00fajar  (Ja\u00e9n), pero decide dejarlo para trasladarse a Javier, donde entra a  formar parte de un nuevo instituto misionero: las Misioneras de Cristo  Jes\u00fas. Despu\u00e9s del noviciado, estudi\u00f3 Teolog\u00eda en la casa de formaci\u00f3n  teol\u00f3gica para religiosos en Valencia. En 1960 fue destinada a la India.  Para esta misi\u00f3n tuvo que prepararse en Londres (en aquel entonces el  pa\u00eds asi\u00e1tico pertenec\u00eda a la Commonwealth), donde permaneci\u00f3 un a\u00f1o. En  ese tiempo, se dio un cambio de direcci\u00f3n en las Misioneras de Cristo  Jes\u00fas que limitaba su apertura a la misi\u00f3n, por lo que Carmen regresa de  Londres a Barcelona. All\u00ed conoce al padre Pedro Farn\u00e9s Scherer que acababa de cursar sus estudios en el Instituto de Liturgia de Par\u00eds, poco antes del Concilio Vaticano Il y que despu\u00e9s de \u00e9l particip\u00f3 activamente en el Consilium para su actuaci\u00f3n.<\/p>\n\n<p>\u05d1\u05de\u05d4\u05dc\u05da \u05d4\u05d4\u05e8\u05e6\u05d0\u05d5\u05ea \u05e9\u05dc\u05d5, \u05d4\u05e1\u05d1\u05d9\u05e8 \u05d4\u05d0\u05d1 \u05e4\u05d0\u05e8\u05e0\u05d9\u05e1 \u05d0\u05ea \u05de\u05e7\u05d5\u05e8\u05d5\u05ea \u05d4\u05e4\u05e1\u05d7\u05d0 \u05d5\u05d4\u05d0\u05d5\u05db\u05e8\u05d9\u05e1\u05d8\u05d9\u05d4 (\u05d4\u05de\u05d9\u05e1\u05d4) \u05d5\u05d4\u05e6\u05d9\u05d2 \u05d4\u05e9\u05e7\u05e4\u05d4 \u05de\u05d7\u05d5\u05d3\u05e9\u05ea \u05dc\u05db\u05e0\u05e1\u05d9\u05d9\u05d4 \u05e9\u05de\u05e6\u05d9\u05d2\u05d4 \u05d0\u05d5\u05ea\u05d4 \u05db\u05d0\u05d5\u05e8 \u05dc\u05e2\u05de\u05d9\u05dd. \u05dc\u05e7\u05e9\u05e8 \u05d4\u05d7\u05d9 \u05e9\u05dc \u05e7\u05e8\u05de\u05df \u05e2\u05dd \u05d9\u05d5\u05e6\u05e8\u05d9 \u05d4\u05d7\u05d9\u05d3\u05d5\u05e9 \u05e9\u05dc \u05de\u05d5\u05e2\u05e6\u05ea \u05d4\u05d5\u05d5\u05ea\u05d9\u05e7\u05df \u05d4\u05e9\u05e0\u05d9\u05d9\u05d4 \u05d4\u05d9\u05d9\u05ea\u05d4 \u05d4\u05e9\u05e4\u05e2\u05d4 \u05d0\u05d3\u05d9\u05e8\u05d4 \u05e2\u05dc \u05d4\u05db\u05e0\u05ea \u05d4\u05de\u05d1\u05e9\u05e8\u05d9\u05dd \u05d1\u05d3\u05e8\u05da \u05d4\u05e0\u05d0\u05d5\u05e7\u05d0\u05d8\u05e7\u05d5\u05de\u05e0\u05d0\u05dc\u05d9\u05ea. <\/p>\n\n<p>\u05de\u05d0\u05de\u05e6\u05e2 1963 \u05e2\u05d3 \u05d0\u05de\u05e6\u05e2 1964, \u05db\u05e8\u05de\u05df \u05d8\u05d9\u05d9\u05dc\u05d4 \u05d1\u05d0\u05e8\u05e5 \u05d4\u05e7\u05d3\u05d5\u05e9\u05d4 \u05e2\u05dd \u05db\u05ea\u05d1\u05d9 \u05d4\u05e7\u05d5\u05d3\u05e9, \u05d5\u05d4\u05db\u05d9\u05e8\u05d4 \u05d0\u05ea \u05d4\u05de\u05e7\u05d5\u05de\u05d5\u05ea \u05d4\u05e7\u05d3\u05d5\u05e9\u05d9\u05dd. \u05e2\u05dd \u05d7\u05d6\u05e8\u05ea\u05d4 \u05dc\u05de\u05d3\u05e8\u05d9\u05d3 \u05d4\u05d9\u05d0 \u05d4\u05d7\u05dc\u05d4 \u05dc\u05e2\u05d1\u05d5\u05d3 \u05d1\u05e6\u05e8\u05d9\u05e3 \u05d1\u05e4\u05d0\u05d5\u05d5\u05dc\u05d5\u05ea, \u05d5\u05d7\u05e9\u05d1\u05d4 \u05dc\u05dc\u05db\u05ea \u05d1\u05e9\u05dc\u05d9\u05d7\u05d5\u05ea \u05dc\u05d1\u05d5\u05dc\u05d9\u05d1\u05d9\u05d4 \u05e2\u05dd \u05d1\u05e0\u05d9 \u05d1\u05e8\u05d9\u05ea \u05d0\u05d7\u05e8\u05d9\u05dd. \u05e2\u05dd \u05d6\u05d0\u05ea, \u05e9\u05dd \u05d4\u05d5\u05d0 \u05e4\u05d2\u05e9\u05d4 \u05d0\u05ea \u05e7\u05d9\u05e7\u05d5 \u05d0\u05e8\u05d2\u05d5\u05dc\u05d5, \u05e9\u05d4\u05ea\u05d2\u05d5\u05e8\u05e8 \u05d1\u05e6\u05e8\u05d9\u05e3 \u05e4\u05d0\u05dc\u05d5\u05de\u05e8\u05d0\u05e1 \u05d0\u05dc\u05d8\u05d0\u05e1, \u05d5\u05de\u05d7\u05dc\u05d9\u05d8\u05d4 \u05dc\u05d4\u05d9\u05e9\u05d0\u05e8 \u05d1\u05d0\u05d5\u05ea\u05d5 \u05d0\u05d6\u05d5\u05e8. \u05d1\u05d9\u05df \u05d4\u05e2\u05e0\u05d9\u05d9\u05dd, \u05e9\u05e0\u05d9\u05d4\u05dd \u05d2\u05d9\u05dc\u05d5 \u05d0\u05ea \u05db\u05d5\u05d7\u05d4 \u05e9\u05dc \u05ea\u05e2\u05dc\u05d5\u05de\u05ea \u05d4\u05e4\u05e1\u05d7 \u05d5\u05d4\u05d8\u05e4\u05ea\u05d4 \u05e9\u05dc \u05d4\u05e7\u05e8\u05d9\u05d2\u05de\u05d4 (\u05d4\u05d1\u05e9\u05d5\u05e8\u05d4 \u05d4\u05d8\u05d5\u05d1\u05d4 \u05e9\u05dc \u05d9\u05e9\u05d5 \u05d4\u05de\u05ea \u05d5\u05d4\u05e7\u05dd) \u05d5\u05e9\u05dd \u05e8\u05d0\u05d5 \u05d0\u05ea \u05d4\u05e7\u05d4\u05d9\u05dc\u05d4 \u05d4\u05e8\u05d0\u05e9\u05d5\u05e0\u05d4 \u05e9\u05e0\u05d5\u05dc\u05d3\u05d4. \u05d4\u05d5\u05d3\u05d5\u05ea \u05dc\u05ea\u05de\u05d9\u05db\u05ea\u05d5 \u05dc\u05de\u05e6\u05d9\u05d0\u05d5\u05ea \u05d4\u05d7\u05d3\u05e9\u05d4 \u05e9\u05dc \u05d4\u05d0\u05e8\u05db\u05d9\u05d1\u05d9\u05e9\u05d5\u05e3 \u05e9\u05dc \u05de\u05d3\u05e8\u05d9\u05d3, \u05de\u05d5\u05e0\u05e1. \u05e7\u05d6\u05de\u05d9\u05e8\u05d5 \u05de\u05d5\u05e8\u05e6'\u05d9\u05dc\u05d5, \u05db\u05e8\u05de\u05df \u05de\u05e9\u05ea\u05e4\u05ea \u05e4\u05e2\u05d5\u05dc\u05d4 \u05e2\u05dd \u05e7\u05d9\u05e7\u05d5 \u05d5\u05d4\u05d5\u05d1\u05d9\u05dc\u05d5 \u05d0\u05ea \u05d4\u05e7\u05d4\u05d9\u05dc\u05d5\u05ea &#8211; \u05d4\u05ea\u05d7\u05d9\u05dc\u05d5 \u05d1\u05de\u05d3\u05e8\u05d9\u05d3, \u05d0\u05d7\u05e8 \u05db\u05da \u05dc\u05e8\u05d5\u05de\u05d0 \u05d5\u05de\u05d0\u05d6 \u05dc\u05e2\u05e8\u05d9\u05dd \u05d5\u05de\u05d3\u05d9\u05e0\u05d5\u05ea \u05d0\u05d7\u05e8\u05d5\u05ea -\u05d4\u05dd \u05e2\u05d1\u05d3\u05d5 \u05d9\u05d7\u05d3\u05d9\u05d5 \u05d1\u05e9\u05d9\u05ea\u05d5\u05e3 \u05e4\u05e2\u05d5\u05dc\u05d4 \u05dc\u05de\u05d8\u05e8\u05ea \u05d7\u05d9\u05d3\u05d5\u05e9 \u05d4\u05db\u05e0\u05d9\u05e1\u05d9\u05d9\u05d4.<\/p>\n\n<p>\u05e7\u05e8\u05de\u05df \u05d4\u05e8\u05e0\u05e0\u05d3\u05d9\u05d6 \u05e0\u05e4\u05d8\u05e8\u05d4 \u05d1-19 \u05dc\u05d9\u05d5\u05dc\u05d9 2016 \u05d1\u05de\u05d3\u05e8\u05d9\u05d3. \u05d1\u05d8\u05e7\u05e1 \u05d4\u05d4\u05dc\u05d5\u05d5\u05d9\u05d4 \u05e9\u05dc\u05d4 \u05e9\u05d1\u05e8\u05d0\u05e9\u05d5 \u05e2\u05de\u05d3 \u05e7\u05e8\u05d3\u05d9\u05e0\u05dc \u05de\u05d3\u05e8\u05d9\u05d3 \u05e7\u05e8\u05dc\u05d5\u05e1 \u05d0\u05d5\u05e1\u05d5\u05e8\u05d5 \u05e1\u05d9\u05d9\u05e8\u05d0 \u05d5\u05d1\u05d5 \u05e0\u05db\u05d7\u05d5 \u05d0\u05dc\u05e4\u05d9 \u05de\u05d0\u05de\u05d9\u05e0\u05d9\u05dd, \u05e6\u05d9\u05d9\u05df \u05d4\u05d0\u05d1 \u05de\u05e8\u05d9\u05d5 \u05e4\u05d8\u05e1\u05d9 \u05e9\u05de\u05d4 \u05e9\u05e7\u05e8\u05d4 \u05d1\u05d3\u05e8\u05da \u05d4\u05e0\u05d0\u05d5\u05e7\u05d0\u05d8\u05e7\u05d5\u05de\u05e0\u05d0\u05dc\u05d9\u05ea \u05d4\u05d5\u05d0 &quot;\u05d4\u05e8\u05d0\u05e9\u05d5\u05df \u05de\u05e1\u05d5\u05d2\u05d5 \u05d1\u05d4\u05d9\u05e1\u05d8\u05d5\u05e8\u05d9\u05d4: \u05de\u05e6\u05d9\u05d0\u05d5\u05ea \u05d7\u05d3\u05e9\u05d4 \u05d1\u05db\u05e0\u05e1\u05d9\u05d9\u05d4 \u05d4\u05e0\u05d5\u05d1\u05e2\u05ea \u05de\u05e9\u05d9\u05ea\u05d5\u05e3 \u05e4\u05e2\u05d5\u05dc\u05d4 \u05de\u05ea\u05de\u05e9\u05da \u05d1\u05d9\u05df \u05d0\u05d9\u05e9 \u05d5\u05d0\u05d9\u05e9\u05d4 \u05d1\u05de\u05e9\u05da \u05d9\u05d5\u05ea\u05e8 \u05de-50 \u05e9\u05e0\u05d4&quot;. \u05d1\u05e0\u05d5\u05e1\u05e3 \u05dc\u05db\u05da, \u05d4\u05d0\u05e4\u05d9\u05e4\u05d9\u05d5\u05e8 \u05e9\u05dc\u05d7 \u05de\u05db\u05ea\u05d1 \u05d1\u05d5 \u05d4\u05d3\u05d2\u05d9\u05e9 \u05d0\u05ea \u05d4\u05ea\u05e8\u05d2\u05e9\u05d5\u05ea\u05d5 \u05db\u05e9\u05e9\u05de\u05e2 \u05e2\u05dc \u05de\u05d5\u05ea\u05d4 \u05e9\u05dc \u05e7\u05e8\u05de\u05df \u05d5\u05ea\u05d9\u05d0\u05e8 \u05d0\u05ea \u05d7\u05d9\u05d9\u05d4 \u05db-&quot;\u05d7\u05d9\u05d9\u05dd \u05d0\u05e8\u05d5\u05db\u05d9\u05dd \u05d7\u05d3\u05d5\u05e8\u05d9 \u05d0\u05d4\u05d1\u05d4 \u05dc\u05d9\u05e9\u05d5\u05e2 \u05d5\u05de\u05dc\u05d0\u05d9 \u05d4\u05ea\u05dc\u05d4\u05d1\u05d5\u05ea \u05de\u05d9\u05e1\u05d9\u05d5\u05e0\u05e8\u05d9\u05ea&quot;. &quot;\u05d0\u05e0\u05d9 \u05de\u05d5\u05d3\u05d4 \u05dc\u05d0\u05dc \u05e2\u05dc \u05e2\u05d3\u05d5\u05ea \u05d4\u05d0\u05e9\u05d4 \u05d4\u05d6\u05d0\u05ea, \u05d0\u05d5\u05ea\u05d4 \u05d4\u05e0\u05d9\u05e2\u05d4 \u05d0\u05d4\u05d1\u05d4 \u05db\u05e0\u05d4 \u05dc\u05db\u05e0\u05e1\u05d9\u05d9\u05d4 \u05d5\u05d0\u05ea \u05d7\u05d9\u05d9\u05d4 \u05db\u05d5\u05dc\u05dd \u05d4\u05d9\u05d0 \u05de\u05e1\u05e8\u05d4 \u05dc\u05de\u05e2\u05df \u05d4\u05e4\u05e6\u05ea \u05d4\u05d1\u05e9\u05d5\u05e8\u05d5\u05ea \u05d4\u05d8\u05d5\u05d1\u05d5\u05ea \u05d1\u05db\u05dc \u05de\u05e7\u05d5\u05dd, \u05d0\u05e4\u05d9\u05dc\u05d5 \u05d1\u05de\u05e7\u05d5\u05de\u05d5\u05ea \u05de\u05d0\u05d5\u05d3 \u05e8\u05d7\u05d5\u05e7\u05d9\u05dd \u05d1\u05dc\u05d9 \u05dc\u05e9\u05db\u05d5\u05d7 \u05d0\u05ea \u05d4\u05d0\u05e0\u05e9\u05d9\u05dd \u05d4\u05db\u05d9 \u05de\u05d5\u05d6\u05e0\u05d7\u05d9\u05dd&quot;, \u05db\u05ea\u05d1 \u05d4\u05d0\u05e4\u05d9\u05e4\u05d9\u05d5\u05e8 \u05e4\u05e8\u05e0\u05e6\u05d9\u05e1\u05e7\u05d5\u05e1.<\/p>\n","protected":false},"excerpt":{"rendered":"<p>\u05e7\u05e8\u05de\u05df \u05d4\u05e8\u05e0\u05e0\u05d3\u05d9\u05d6 24 \u05dc\u05e0\u05d5\u05d1\u05de\u05d1\u05e8 1930, \u2020\u05de\u05d3\u05e8\u05d9\u05d3 \u05d1-19 \u05dc\u05d9\u05d5\u05dc\u05d9 2016 \u05e7\u05e8\u05de\u05df, \u05de\u05ea\u05d7\u05d9\u05dc\u05ea \u05d4\u05d3\u05e8\u05da \u05d9\u05d7\u05d3 \u05e2\u05dd \u05e7\u05d9\u05e7\u05d5, \u05e0\u05d5\u05dc\u05d3\u05d4 \u05d1\u05d0\u05d5\u05dc\u05d5\u05d5\u05d9\u05d2\u05d4 (\u05e1\u05d5\u05b9\u05e8\u05d9\u05d4, \u05e1\u05e4\u05e8\u05d3) \u05d1-24 \u05dc\u05e0\u05d5\u05d1\u05de\u05d1\u05e8 1930. \u05d4\u05d9\u05d0 \u05d4\u05d9\u05dc\u05d3\u05d4 \u05d4\u05d7\u05de\u05d9\u05e9\u05d9\u05ea \u05de\u05d1\u05d9\u05df 9 \u05d0\u05d7\u05d9\u05dd \u2013 \u05d4\u05dd \u05d0\u05e8\u05d1\u05e2\u05d4 \u05d0\u05d7\u05d9\u05dd \u05d5\u05d0\u05e8\u05d1\u05e2 \u05d0\u05d7\u05d9\u05d5\u05ea \u2013 \u05d1\u05d9\u05dc\u05d3\u05d5\u05ea\u05d4 \u05d4\u05d9\u05d0 \u05d7\u05d9\u05d4 \u05d1\u05ea\u05d5\u05d3\u05d9\u05dc\u05d4 (\u05e0\u05d5\u05d5\u05d0\u05e8\u05d4, \u05e1\u05e4\u05e8\u05d3). \u05d1\u05ea\u05d5\u05d3\u05d9\u05dc\u05d4 \u05d4\u05d9\u05d0 \u05dc\u05de\u05d3\u05d4 \u05d1\u05d1\u05d9\u05ea \u05e1\u05e4\u05e8 \u05d4\u05e9\u05d9\u05d9\u05da \u05dc\u05de\u05e1\u05d3\u05e8 \u05de\u05e8\u05d9\u05d4 (Compa\u00f1\u00eda de Mar\u00eda) \u05d5\u05e9\u05dd \u05d4\u05db\u05d9\u05e8\u05d4 \u05dc\u05e8\u05d0\u05e9\u05d5\u05e0\u05d4 \u05d0\u05ea \u05de\u05e1\u05d3\u05e8 \u05d4\u05d9\u05e9\u05d5\u05e2\u05d9\u05dd (Compa\u00f1\u00eda de Jes\u00fas). \u05d1\u05d4\u05d9\u05d5\u05ea\u05d4 \u05e2\u05d3\u05d9\u05d9\u05df \u05e0\u05e2\u05e8\u05d4 \u05e6\u05e2\u05d9\u05e8\u05d4, \u05d4\u05e8\u05d2\u05d9\u05e9\u05d4 \u05d1\u05d4\u05e9\u05e8\u05d0\u05ea \u05d4\u05e8\u05d5\u05d7 \u05d4\u05de\u05d9\u05e1\u05d9\u05d5\u05e0\u05e8\u05d9\u05ea \u05e9\u05dc<\/p>\n<div class=\"read-more\"><a class=\"btn read-more-btn\" href=\"https:\/\/neocatechumenaleiter.org\/he\/%d7%94%d7%99%d7%a1%d7%98%d7%95%d7%a8%d7%99%d7%94\/%d7%a7%d7%a8%d7%9e%d7%9f-%d7%94%d7%a8%d7%a0%d7%a0%d7%93%d7%99%d7%96\/\">\u05e7\u05e8\u05d0 \u05e2\u05d5\u05d3<\/a><\/div>\n","protected":false},"author":2,"featured_media":0,"parent":15884,"menu_order":0,"comment_status":"closed","ping_status":"closed","template":"","meta":{"footnotes":""},"class_list":["post-9701","page","type-page","status-publish","hentry"],"_links":{"self":[{"href":"https:\/\/neocatechumenaleiter.org\/he\/wp-json\/wp\/v2\/pages\/9701","targetHints":{"allow":["GET"]}}],"collection":[{"href":"https:\/\/neocatechumenaleiter.org\/he\/wp-json\/wp\/v2\/pages"}],"about":[{"href":"https:\/\/neocatechumenaleiter.org\/he\/wp-json\/wp\/v2\/types\/page"}],"author":[{"embeddable":true,"href":"https:\/\/neocatechumenaleiter.org\/he\/wp-json\/wp\/v2\/users\/2"}],"replies":[{"embeddable":true,"href":"https:\/\/neocatechumenaleiter.org\/he\/wp-json\/wp\/v2\/comments?post=9701"}],"version-history":[{"count":9,"href":"https:\/\/neocatechumenaleiter.org\/he\/wp-json\/wp\/v2\/pages\/9701\/revisions"}],"predecessor-version":[{"id":23765,"href":"https:\/\/neocatechumenaleiter.org\/he\/wp-json\/wp\/v2\/pages\/9701\/revisions\/23765"}],"up":[{"embeddable":true,"href":"https:\/\/neocatechumenaleiter.org\/he\/wp-json\/wp\/v2\/pages\/15884"}],"wp:attachment":[{"href":"https:\/\/neocatechumenaleiter.org\/he\/wp-json\/wp\/v2\/media?parent=9701"}],"curies":[{"name":"wp","href":"https:\/\/api.w.org\/{rel}","templated":true}]}}