{"id":10245,"date":"2020-05-13T09:21:44","date_gmt":"2020-05-13T08:21:44","guid":{"rendered":"https:\/\/neocatechumenaleiter.org\/rijeci-papa\/benedikt-xvi\/govor-neokatekumenskom-putu-12-i-2006\/"},"modified":"2020-05-13T09:23:58","modified_gmt":"2020-05-13T08:23:58","slug":"govor-neokatekumenskom-putu-12-i-2006","status":"publish","type":"page","link":"https:\/\/neocatechumenaleiter.org\/hr\/rijeci-papa\/benedikt-xvi\/govor-neokatekumenskom-putu-12-i-2006\/","title":{"rendered":"Govor Neokatekumenskom Putu 12-I-2006"},"content":{"rendered":"\n<h1 class=\"has-text-align-center wp-block-heading\">Govor Neokatekumenskom Putu 12-I-2006<\/h1>\n\n<div style=\"height:20px\" aria-hidden=\"true\" class=\"wp-block-spacer\"><\/div>\n\n<h4 class=\"has-text-align-center wp-block-heading\">Benedikt XVI<\/h4>\n\n<div style=\"height:20px\" aria-hidden=\"true\" class=\"wp-block-spacer\"><\/div>\n\n<p><strong>Vatikan &#8211; dvorana Pavla VI., 12. sije\u010dnja 2006<\/strong><\/p>\n\n<p>\u201eZahvaljuju\u0107i vjernom pridr\u017eavanju svih crkvenih uputstava, u\u010dinit \u0107ete svoj apostolat jo\u0161 u\u010dinkovitijim&#8221;: to je poticaj upu\u0107en Neokatekumenskom putu povodom audijencije odr\u017eanoga u \u010detvrtak 12. velja\u010de u sali Pavla VI.&#013;\n&#013;\nOvo je tekst govora Svetoga Oca:<\/p>\n\n<p>Draga bra\u0107o i sestre:&#013;\n&#013;\nOd srca vam zahvaljujem za ovaj va\u0161 posjet, koji mi daje priliku uputiti poseban pozdrav tako\u0111er i drugim \u010dlanovima Neokatekumenskog puta, ra\u0161irenog u mnogim dijelovima svijeta. Upu\u0107ujem moju misao svima prisutnima, po\u010devi od uzoritih kardinala, biskupa i sve\u0107enika. Pozdravljam i odgovorne Neokatekumenskog puta: gospodina Kika Arg\u00fcella, kojem zahvaljujem za rije\u010di koje mi je uputio u va\u0161e ime, gospo\u0111icu Carmen Hern\u00e0ndez i oca Marija Pezzija. Pozdravljam i bogoslove, mlade i posebice obitelji koje se pripremaju primiti jedno posebno misionarsko poslanje da bi oti\u0161li u razli\u010dite narode, ponajvi\u0161e u Latinskoj Americi.<\/p>\n\n<div class=\"wp-block-image is-style-default\"><figure class=\"alignleft size-large\"><img loading=\"lazy\" decoding=\"async\" width=\"400\" height=\"266\" src=\"https:\/\/neocatechumenaleiter.org\/wp-content\/uploads\/2020\/02\/Camino_Neocatecumenal_Audiencia_Papa_Benedicto_XVI_2006.jpg\" alt=\"\" class=\"wp-image-9249\" srcset=\"https:\/\/neocatechumenaleiter.org\/wp-content\/uploads\/2020\/02\/Camino_Neocatecumenal_Audiencia_Papa_Benedicto_XVI_2006.jpg 400w, https:\/\/neocatechumenaleiter.org\/wp-content\/uploads\/2020\/02\/Camino_Neocatecumenal_Audiencia_Papa_Benedicto_XVI_2006-300x200.jpg 300w\" sizes=\"auto, (max-width: 400px) 100vw, 400px\" \/><\/figure><\/div>\n\n<p>To je zada\u0107a koja se smje\u0161ta u kontekst nove evangelizacije, unutar koje upravo obitelj preuzima ulogu va\u017eniju nego ikad. Zatra\u017eili ste da vam to bude dodijeljeno od Petrovog Nasljednika, kao \u0161to se ve\u0107 dogodilo sa mojim pre\u010dasnim prethodnikom Ivanom Pavlom II. 12. prosinca 1994., a sve zbog toga jer se va\u0161e apostolsko djelovanje \u017eeli smjestiti u srce Crkve, u potpunu sukladnost sa njezinim smjernicama i u zajedni\u0161tvo sa partikularnim Crkvama u koje \u0107ete i\u0107i djelovati, cijene\u0107i u potpunosti bogatstvo karizmi koje je Gospodin podigao preko inicijatora Puta. Drage obitelji, raspelo koje \u0107ete primiti bit \u0107e va\u0161 nerazdvojivi pratitelj na putu, dok budete u va\u0161em misionarskom djelovanju navje\u0161tali da je samo u Isusu Kristu, umrlom i uskrsnulom, spasenje. Njegovi \u0107ete biti svjedoci, krotki i radosni prolaze\u0107i u jednostavnosti i siroma\u0161tvu cestama svakog kontinenta, podr\u017eani neprekidnom molitvom i slu\u0161anjem Bo\u017eje Rije\u010di i hranjeni sudjelovanjem u liturgijskom \u017eivotu partikularnih crkava kojima \u0107ete biti poslani.<\/p>\n\n<p>Na va\u017enost liturgije i, posebice, Svete Mise u evangelizaciji, vi\u0161e su puta ukazali moji Prethodnici, a va\u0161e dugotrajno iskustvo mo\u017ee dobro potvrditi kako sredi\u0161njost Kristovog otajstva, slavljenog u liturgijskim obredima, tvori privilegirani i neophodni put izgradnje \u017eivih i ustrajnih kr\u0161\u0107anskih zajednica1. Upravo da bi se pomoglo Neokatekumenskom putu u jo\u0161 ve\u0107oj prodornosti evangelizacijskog djelovanja u zajedni\u0161tvu sa cijelim Bo\u017ejim Narodom, nedavno vam je Kongregacija za bo\u017eanski kult i disciplinu sakramenata izdala u moje ime neke odredbe povezane sa Euharistijskim slavljem, nakon razdoblja iskustva podijeljenog od Sluge Bo\u017ejega Ivana Pavla II. Siguran sam da \u0107e ove odredbe, koje se nadovezuju na ono \u0161to je ve\u0107 predvi\u0111eno u liturgijskim knjigama potvr\u0111enima od Crkve, biti s va\u0161e strane pomno izvr\u0161avane. Zahvaljuju\u0107i vjerni\u010dkom prianjanju svakoj smjernici Crkve, vi \u010dinite jo\u0161 u\u010dinkovitijim va\u0161 apostolat u sukladnosti i punom zajedni\u0161tvu sa Papom i Pastirima svake biskupije. Tako \u010dine\u0107i, siguran sam2, Gospodin \u0107e vas nastaviti blagoslivljati obilnim pastoralnim plodovima.<\/p>\n\n<div class=\"wp-block-image is-style-default\"><figure class=\"alignright size-large\"><img loading=\"lazy\" decoding=\"async\" width=\"400\" height=\"256\" src=\"https:\/\/neocatechumenaleiter.org\/wp-content\/uploads\/2020\/02\/Camino_Neocatecumenal_Audiencia_Papa_Benedicto_XVI_2006_familias-en-mision.jpg\" alt=\"\" class=\"wp-image-9254\" srcset=\"https:\/\/neocatechumenaleiter.org\/wp-content\/uploads\/2020\/02\/Camino_Neocatecumenal_Audiencia_Papa_Benedicto_XVI_2006_familias-en-mision.jpg 400w, https:\/\/neocatechumenaleiter.org\/wp-content\/uploads\/2020\/02\/Camino_Neocatecumenal_Audiencia_Papa_Benedicto_XVI_2006_familias-en-mision-300x192.jpg 300w\" sizes=\"auto, (max-width: 400px) 100vw, 400px\" \/><\/figure><\/div>\n\n<p>Zapravo, tijekom ovih godina mnogo ste mogli ostvariti, a to vidimo i ovdje2, te su brojna sve\u0107eni\u010dka zvanja i zvanja na posve\u0107eni \u017eivot ro\u0111ena unutar va\u0161ih zajednica. Ipak, danas se posebice obiteljima upu\u0107uje na\u0161a pa\u017enja. Njih 200 spremne su biti poslane u misije, to su obitelji koje polaze bez velikih ljudskih oslonaca, ali ra\u010dunaju\u0107i prije svega na podr\u0161ku bo\u017eanske Providnosti.<\/p>\n\n<p>Drage obitelji, vi mo\u017eete svjedo\u010diti sa va\u0161om povije\u0161\u0107u da Gospodin ne napu\u0161ta one koji Mu se povjeravaju. Nastavite \u0161iriti evan\u0111elje \u017eivota. Gdjegod vas odvede va\u0161e poslanje, prepustite se rasvijetliti od Isusove rije\u010di utjehe: \u201eTra\u017eite najprije Bo\u017eje kraljevstvo i pravdu njegovu, i sve drugo \u0107e vam se nadodati\u201d, i jo\u0161 \u201eNe budite dakle zabrinuti za sutra, sutra \u0107e se samo brinuti za se. Dosta je svakom danu zla njegova\u201d (Mt 6,33-34). U svijetu koji tra\u017ei ljudske o\u010diglednosti i zemaljske sigurnosti, vi pokazujete da je Krist \u010dvrsta stijena na kojoj treba graditi zgradu vlastite egzistencije i da povjerenje stavljeno u Njega nije ikada uzaludno. Neka vas \u0161titi sveta Nazaretska Obitelj i neka vam bude uzor. Uvjeravam vas da \u0107u moliti za vas i za sve \u010dlanove Neokatekumenskog puta, dok svakome podjeljujem apostolski blagoslov.<\/p>\n","protected":false},"excerpt":{"rendered":"<p>Govor Neokatekumenskom Putu 12-I-2006 Benedikt XVI Vatikan &#8211; dvorana Pavla VI., 12. sije\u010dnja 2006 \u201eZahvaljuju\u0107i vjernom pridr\u017eavanju svih crkvenih uputstava, u\u010dinit \u0107ete svoj apostolat jo\u0161 u\u010dinkovitijim&#8221;: to je poticaj upu\u0107en Neokatekumenskom putu povodom audijencije odr\u017eanoga u \u010detvrtak 12. velja\u010de u sali Pavla VI.&#013; &#013; Ovo je tekst govora Svetoga Oca: Draga bra\u0107o i sestre:&#013; &#013; Od srca vam zahvaljujem za ovaj va\u0161 posjet, koji mi daje priliku uputiti poseban pozdrav<\/p>\n<div class=\"read-more\"><a class=\"btn read-more-btn\" href=\"https:\/\/neocatechumenaleiter.org\/hr\/rijeci-papa\/benedikt-xvi\/govor-neokatekumenskom-putu-12-i-2006\/\">Nastavi \u010ditati<\/a><\/div>\n","protected":false},"author":2,"featured_media":0,"parent":9751,"menu_order":1,"comment_status":"closed","ping_status":"closed","template":"","meta":{"footnotes":""},"class_list":["post-10245","page","type-page","status-publish","hentry"],"_links":{"self":[{"href":"https:\/\/neocatechumenaleiter.org\/hr\/wp-json\/wp\/v2\/pages\/10245","targetHints":{"allow":["GET"]}}],"collection":[{"href":"https:\/\/neocatechumenaleiter.org\/hr\/wp-json\/wp\/v2\/pages"}],"about":[{"href":"https:\/\/neocatechumenaleiter.org\/hr\/wp-json\/wp\/v2\/types\/page"}],"author":[{"embeddable":true,"href":"https:\/\/neocatechumenaleiter.org\/hr\/wp-json\/wp\/v2\/users\/2"}],"replies":[{"embeddable":true,"href":"https:\/\/neocatechumenaleiter.org\/hr\/wp-json\/wp\/v2\/comments?post=10245"}],"version-history":[{"count":3,"href":"https:\/\/neocatechumenaleiter.org\/hr\/wp-json\/wp\/v2\/pages\/10245\/revisions"}],"predecessor-version":[{"id":10248,"href":"https:\/\/neocatechumenaleiter.org\/hr\/wp-json\/wp\/v2\/pages\/10245\/revisions\/10248"}],"up":[{"embeddable":true,"href":"https:\/\/neocatechumenaleiter.org\/hr\/wp-json\/wp\/v2\/pages\/9751"}],"wp:attachment":[{"href":"https:\/\/neocatechumenaleiter.org\/hr\/wp-json\/wp\/v2\/media?parent=10245"}],"curies":[{"name":"wp","href":"https:\/\/api.w.org\/{rel}","templated":true}]}}