{"id":10249,"date":"2020-05-13T10:10:02","date_gmt":"2020-05-13T09:10:02","guid":{"rendered":"https:\/\/neocatechumenaleiter.org\/rijeci-papa\/benedikt-xvi\/susret-s-zupnicima-i-rimskim-klerom-22-ii-2007\/"},"modified":"2020-06-14T03:15:12","modified_gmt":"2020-06-14T02:15:12","slug":"susret-s-zupnicima-i-rimskim-klerom-22-ii-2007","status":"publish","type":"page","link":"https:\/\/neocatechumenaleiter.org\/hr\/rijeci-papa\/benedikt-xvi\/susret-s-zupnicima-i-rimskim-klerom-22-ii-2007\/","title":{"rendered":"Susret s \u017eupnicima i Rimskim klerom 22-II-2007"},"content":{"rendered":"\n<h1 class=\"has-text-align-center wp-block-heading\">Susret s \u017eupnicima i Rimskim klerom 22-II-2007<\/h1>\n\n<div style=\"height:20px\" aria-hidden=\"true\" class=\"wp-block-spacer\"><\/div>\n\n<h4 class=\"has-text-align-center wp-block-heading\">Benedikt XVI<\/h4>\n\n<div style=\"height:20px\" aria-hidden=\"true\" class=\"wp-block-spacer\"><\/div>\n\n<p><p><strong>Vatikan &#8211; Dvorana Blagoslova, 22. velja\u010de 2007. *<\/strong><\/p><\/p>\n\n<p>Tijekom godi\u0161njeg susreta Svetoga oca Benedikta XVI. s klerom njegove biskupije u Rimu, na kojem su neki \u017eupnici dobili priliku postavljati pitanja i dobiti odgovore od pape, \u017eupnika koji je pitao o tome kako se uklju\u010diti u razvitak slu\u017ebe jedinstvo u sveop\u0107oj Crkvi, papa je odgovorio govore\u0107i tako\u0111er o neokatekumenskom putu, o znanju koje je on osobno ima i o njegovom Statutu. <em>Tema o Crkvenim Pokretima i Novim Zajednicama, kao providonosnom daru za na\u0161a vremena, je bila predlo\u017eena od Padre Gerarda Raula Carcara, pripadnika Zajednice Otaca Sch\u00f6nstatta, koji je do\u0161ao u Rim prije \u0161est mjeseci iz Argentine, i danas je vikar suradnik na \u017eupi San Girolamo a Corviale. Radi se o stvarnosti koja ima kreativan zanos, gdje \u017eive vjeru i tra\u017ee nove \u017eivotne oblike kako bi prona\u0161li pravilno misionarsko smje\u0161tanje u Crkvi. Redovnik je pitao Papu savjet na koji na\u010din se uklju\u010diti da bi se stvarno razvila slu\u017eba jedinstva unutar sveop\u0107e Crkve.<\/em><\/p>\n\n<div class=\"wp-block-image is-style-default\"><figure class=\"alignleft size-large\"><img loading=\"lazy\" decoding=\"async\" width=\"400\" height=\"270\" src=\"https:\/\/neocatechumenaleiter.org\/wp-content\/uploads\/2020\/02\/Camino_Neocatecumenal_Benedicto_XVI_Encuentro_parrocos_Roma_2007.jpg\" alt=\"\" class=\"wp-image-8562\" srcset=\"https:\/\/neocatechumenaleiter.org\/wp-content\/uploads\/2020\/02\/Camino_Neocatecumenal_Benedicto_XVI_Encuentro_parrocos_Roma_2007.jpg 400w, https:\/\/neocatechumenaleiter.org\/wp-content\/uploads\/2020\/02\/Camino_Neocatecumenal_Benedicto_XVI_Encuentro_parrocos_Roma_2007-300x203.jpg 300w\" sizes=\"auto, (max-width: 400px) 100vw, 400px\" \/><\/figure><\/div>\n\n<p><em>Papin odgovor:<\/em><br\/>&#13;\n&#13;\nDakle, vidim da trebam biti kra\u0107i. Hvala na ovom pitanju. \u010cini mi se da ste naveli bitne izvore o tome \u0161to mogu re\u0107i o Pokretima. U tom smislu va\u0161e pitanje je ujedno i odgovor.&#13;\n&#13;\nHtio bih odmah precizirati da kroz ove mjesece primam talijanske biskupe u posjet \u201ead limina\u201d i tako mogu malko bolje nau\u010diti geografiju vjere u Italiji. Vidim toliko lijepih stvari skupa s problemima koje svi poznajemo. Nadasve vidim kako je vjera jo\u0161 uvijek ukorijenjena u talijansko srce, iako je, naravno, na mnogo na\u010dina ugro\u017eena dana\u0161njim situacijama. Pokreti tako\u0111er dobro prihva\u0107aju moju o\u010dinsku funkciju Pastira. Drugi su vi\u0161e kriti\u010dni i ka\u017eu kako se pokreti ne uklapaju. Mislim da su situacije stvarno razli\u010dite, sve ovisi o osobama o kojima se radi.<\/p>\n\n<p>\u010cini mi se da imamo dva temeljna pravila, o kojima ste Vi govorili. Prvo pravilo nam je dao sveti Pavao u Prvoj poslanici Solunjanima: ne gasite karizme. Ako nam Gospodin daje nove darove, trebamo biti zahvalni, iako su ponekad nezgodni. I lijepo je to \u0161to, bez inicijative hijerarhije, sa inicijativom od dolje, kako se ka\u017ee, ali i s inicijativom odozgo, to jest kao dar Duha Svetoga, ra\u0111aju se novi oblici \u017eivota u Crkvi, kao \u0161to su i ina\u010de ra\u0111ane u svim stolje\u0107ima.<\/p>\n\n<p>U po\u010detku su uvijek bile nezgodne: i sveti Franjo je bio vrlo nezgodan i za papu je bilo vrlo te\u0161ko dati, na kraju, kanonsku formu jednoj stvarnosti koja je bila puno ve\u0107a od juridi\u010dkih (pravnih) uredbi. Za svetog Franju je bila velika \u017ertva dati se zaglaviti u ovaj juridi\u010dki kostur, ali je na kraju tako ro\u0111ena jedna stvarnost koja \u017eivi i dan-danas i koja \u0107e \u017eivjeti u budu\u0107nosti: ona daje snagu i nove elemente \u017eivotu Crkve.&#13;\n&#13;\n\u017delim samo ovo re\u0107i: u svim stolje\u0107ima su se ra\u0111ali pokreti. Tako\u0111er sveti Benedikt, na po\u010detku je bio jedan pokret. Uklju\u010duju se u \u017eivot Crkve, ne bez patnji, ne bez pote\u0161ko\u0107a. Sam sveti Benedikt je trebao ispraviti po\u010detno vodstvo mona\u0161tva. I isto tako u na\u0161em stolje\u0107u Gospodin, Duh Sveti, nam je dao nove inicijative sa novim aspektima kr\u0161\u0107anskog \u017eivota: \u017eivljene od ljudskih osoba sa svojim ograni\u010denjima, one stvaraju i pote\u0161ko\u0107e.<\/p>\n\n<p>Dakle prvo pravilo: ne gasiti karizme, biti zahvalni iako su nezgodni. Drugo prvailo je ovo: Crkva je jedna; ako su Pokreti uistinu darovi Duha Svetoga, uklju\u010duju se i slu\u017ee Crkvi i u strpljivom dijalogu izme\u0111u Pastira i Pokreta se ra\u0111a plodna forma gdje ovi elementi postaju izgra\u0111uju\u0107i za Crkvu dana\u0161njice i sutra\u0161njice.&#13;\n&#13;\nOvaj dijalog je na svim razinama. Po\u010dinju\u0107i od \u017eupnika, od Biskupa i od Petrovog nasljednika u tijeku je tra\u017eanje shodnih struktura: u mnogim slu\u010dajevima je tra\u017eenje ve\u0107 dalo svoje plodove. U drugima se jo\u0161 tra\u017ei, na primjer, pita se da li nakon pet godina eksperimenta, trebaju biti potvr\u0111eni na definitivan na\u010din Statuti za Neokatekumenski put ili treba jo\u0161 neko vrijeme provjere ili se trebaju malo popraviti neki elementi ove strukture.<\/p>\n\n<p>U svakom slu\u010daju, ja sam upoznao Neokatekumene od po\u010detka. Bio je to dug put, sa mnogim komplikacijama koje postoje i danas, ali smo prona\u0161li eklezijalnu formu koja je ve\u0107 vrlo pobolj\u0161ala odnos izme\u0111u Pastira i Puta. I idemo naprijed ovako! Isto vrijedi i za ostale pokrete.&#13;\nSada kao sa\u017eetak dva temeljna pravila rekao bih: zahvalnost, strpljivost i prihva\u0107anje tako\u0111er i pote\u0161ko\u0107a koje su neizostavne. I u jednom braku su uvijek pote\u0161ko\u0107e i napetosti. Pa ipak idu naprijed i tako sazrijeva prava ljubav. Isto se doga\u0111a i u zajednici Crkve: imajmo zajedno strpljivosti. Tako\u0111er i razli\u010diti nivoi hijerarhije \u2013 od \u017eupnika, do Biskupa, do Velikog Sve\u0107enika \u2013 trebaju imati zajedno jednu kontinuiranu razmjenu ideja, trebaju promovirati razgovor kako bi zajedno prona\u0161li bolji put. Iskustva \u017eupnika su temeljna, a poslije tako\u0111er i iskustva biskupa i, recimo, sveop\u0107a perspektiva pape imaju vlastito teolo\u0161ko i pastoralno mjesto u Crkvi.<\/p>\n\n<div class=\"wp-block-image is-style-default\"><figure class=\"alignright size-large\"><img loading=\"lazy\" decoding=\"async\" width=\"400\" height=\"270\" src=\"https:\/\/neocatechumenaleiter.org\/wp-content\/uploads\/2020\/02\/Camino_Neocatecumenal_Benedicto_XVI_Encuentro_parrocos_Roma_20072.jpg\" alt=\"\" class=\"wp-image-8567\" srcset=\"https:\/\/neocatechumenaleiter.org\/wp-content\/uploads\/2020\/02\/Camino_Neocatecumenal_Benedicto_XVI_Encuentro_parrocos_Roma_20072.jpg 400w, https:\/\/neocatechumenaleiter.org\/wp-content\/uploads\/2020\/02\/Camino_Neocatecumenal_Benedicto_XVI_Encuentro_parrocos_Roma_20072-300x203.jpg 300w\" sizes=\"auto, (max-width: 400px) 100vw, 400px\" \/><\/figure><\/div>\n\n<p>Dakle, s jedne strane, imamo ovaj skup razli\u010ditih razina hijerarhije; s druge strane, tu je skup \u017eivljen u \u017eupi, sa strpljivo\u0161\u0107u i otvoreno\u0161\u0107u, u poslu\u0161nosti Gospodinu, stvara uistinu novu \u017eivotnost Crkve.<\/p>\n\n<p>Zahvalni smo Duhu Svetom za darove koje nam je dao. Poslu\u0161ni smo glasu Duha, ali smo tako\u0111er jasni u integriranju ovih elemenata u \u017eivot: ovaj kriterij slu\u017ei, na kraju, konkretnoj Crkvi i tako sa strpljivo\u0161\u0107u, s hrabro\u0161\u0107u i s dare\u017eljivo\u0161\u0107u sigurno \u0107e nas Gospodin voditi i pomo\u0107i nam.<\/p>\n\n<p><em>(*) Cfr. \u00abL\u2019Osservatore Romano\u00bb, 24 velja\u010de 2007.<\/em><\/p>\n","protected":false},"excerpt":{"rendered":"<p>Susret s \u017eupnicima i Rimskim klerom 22-II-2007 Benedikt XVI Vatikan &#8211; Dvorana Blagoslova, 22. velja\u010de 2007. * Tijekom godi\u0161njeg susreta Svetoga oca Benedikta XVI. s klerom njegove biskupije u Rimu, na kojem su neki \u017eupnici dobili priliku postavljati pitanja i dobiti odgovore od pape, \u017eupnika koji je pitao o tome kako se uklju\u010diti u razvitak slu\u017ebe jedinstvo u sveop\u0107oj Crkvi, papa je odgovorio govore\u0107i tako\u0111er o neokatekumenskom putu, o znanju<\/p>\n<div class=\"read-more\"><a class=\"btn read-more-btn\" href=\"https:\/\/neocatechumenaleiter.org\/hr\/rijeci-papa\/benedikt-xvi\/susret-s-zupnicima-i-rimskim-klerom-22-ii-2007\/\">Nastavi \u010ditati<\/a><\/div>\n","protected":false},"author":2,"featured_media":0,"parent":9751,"menu_order":4,"comment_status":"closed","ping_status":"closed","template":"","meta":{"footnotes":""},"class_list":["post-10249","page","type-page","status-publish","hentry"],"_links":{"self":[{"href":"https:\/\/neocatechumenaleiter.org\/hr\/wp-json\/wp\/v2\/pages\/10249","targetHints":{"allow":["GET"]}}],"collection":[{"href":"https:\/\/neocatechumenaleiter.org\/hr\/wp-json\/wp\/v2\/pages"}],"about":[{"href":"https:\/\/neocatechumenaleiter.org\/hr\/wp-json\/wp\/v2\/types\/page"}],"author":[{"embeddable":true,"href":"https:\/\/neocatechumenaleiter.org\/hr\/wp-json\/wp\/v2\/users\/2"}],"replies":[{"embeddable":true,"href":"https:\/\/neocatechumenaleiter.org\/hr\/wp-json\/wp\/v2\/comments?post=10249"}],"version-history":[{"count":12,"href":"https:\/\/neocatechumenaleiter.org\/hr\/wp-json\/wp\/v2\/pages\/10249\/revisions"}],"predecessor-version":[{"id":15849,"href":"https:\/\/neocatechumenaleiter.org\/hr\/wp-json\/wp\/v2\/pages\/10249\/revisions\/15849"}],"up":[{"embeddable":true,"href":"https:\/\/neocatechumenaleiter.org\/hr\/wp-json\/wp\/v2\/pages\/9751"}],"wp:attachment":[{"href":"https:\/\/neocatechumenaleiter.org\/hr\/wp-json\/wp\/v2\/media?parent=10249"}],"curies":[{"name":"wp","href":"https:\/\/api.w.org\/{rel}","templated":true}]}}