{"id":10261,"date":"2020-03-01T02:52:20","date_gmt":"2020-03-01T01:52:20","guid":{"rendered":"https:\/\/neocatechumenaleiter.org\/rijeci-papa\/sv-ivan-pavao-ii\/pohod-zupi-svetog-luke-evandeliste-4-11-1979\/"},"modified":"2021-08-10T11:00:26","modified_gmt":"2021-08-10T10:00:26","slug":"pohod-zupi-svetog-luke-evandeliste-4-11-1979","status":"publish","type":"page","link":"https:\/\/neocatechumenaleiter.org\/hr\/rijeci-papa\/sv-ivan-pavao-ii\/pohod-zupi-svetog-luke-evandeliste-4-11-1979\/","title":{"rendered":"Pohod \u017eupi svetog Luke Evan\u0111eliste 4-11-1979"},"content":{"rendered":"\n<h1 class=\"has-text-align-center wp-block-heading\">Pohod \u017eupi svetog Luke Evan\u0111eliste 4-11-1979<\/h1>\n\n<div style=\"height:20px\" aria-hidden=\"true\" class=\"wp-block-spacer\"><\/div>\n\n<h4 class=\"has-text-align-center wp-block-heading\">Sv. Ivan Pavao II<\/h4>\n\n<div style=\"height:20px\" aria-hidden=\"true\" class=\"wp-block-spacer\"><\/div>\n\n<p><strong>Rim, 4. studenog 1979. *<\/strong><\/p>\n\n<p>Posebno je bio znakovit susret s pet neokatekumenskih zajednica koje su zapo\u010deli svoju aktivnost u \u017eupi prije sedam godina (1972.).<br\/><em>Sveti Otac je zapo\u010deo razgovor s predstavnicima ovih zajednica koji su mu uputili rije\u010di pozdrava i predstavili se; izme\u0111u ostalog katehista Franco rekao je:<\/em><\/p>\n\n<p>\u00abI mi kao katehisti ove \u017eupe \u017eelimo ne\u0161to nadodati. Sveti O\u010de, veseli smo i zadivljeni \u010ditanjem, iako jo\u0161 nismo si\u0161li u dubine, onog divnog dokumenta \u201eCatechesi Tradendae&#8221;. Za nas je bila uistinu velika radost vidjeti kako istovremeno s ovim dokumentima koji proizlaze od crkvenog U\u010diteljstva postoji jedna stvarnost. U tom dokumentu Vi ste rekli kako je potrebno postojanje rasta u vjeri kako bi se formirale osobe koje bi prije svega mogle prihvatiti udaljene, raspr\u0161ene. Evo ovdje, po \u010dudu Gospodina, postoji jedna stvarnost koja raste. Mi smo prezadovoljni; i zbog ovih susreta koje Vi prire\u0111ujete! Nama se mnogo svi\u0111aju itineranti. Vi ste, Sveti O\u010de, uistinu Papa itinerant koji ide donose\u0107i Kerygmu, donose\u0107i navje\u0161taj Isusa Krista koji je uskrsnuo iz smrti, koji je i nas izvukao iz na\u0161e smrti\u00bb.<\/p>\n\n<p><em>Sveti Otac je, zatim, odr\u017eao slijede\u0107i govor:<\/em><\/p>\n\n<p>Vrlo dobro su govorili, sve\u0107enik koji vas poma\u017ee, koji nosi bradu, don Giancarlo, i Franco (Franco je jedan od vas, \u010dini mi se da je va\u0161 glasnogovornik), koji nam je odli\u010dno objasnio duh, atmosferu, sve ono \u0161to sa\u010dinjava va\u0161u skupinu; jer skupina nije samo broj, nego jedan duh. Skupina, ili radije zajednica, uvijek nastaje iznutra, u nutrini, i u nutrini nas dodiruje Duh Sveti, dodiruje svakog od nas, ono \u0161to svaki od nas jest, njegova osobna intimnost, njegova duhovna intimnost, ali nikoga od nas ne dodiruje napose, individualno, jer nas je stvorio da budemo zajednica, da \u017eivimo u zajedni\u0161tvu, dodiruje svakoga od nas da bi nas ponovno izgradio u zajedni\u0161tvu: i na taj na\u010din su obja\u0161njive i sve ove zajednice u kr\u0161\u0107anskom zajedni\u0161tvu, poput ove va\u0161e, poput svih va\u0161ih zajednica, a ima ih pet.<\/p>\n\n<p>Ja mislim da postoji jedno pravilo, vrlo jednostavno pravilo: da bi se moglo davati, mora se ne\u0161to imati. Naravno ne u materijalnom smislu, nego u duhovnom smislu. Da bi se moglo davati, treba unutra imati ne\u0161to \u0161to je nematerijalno, duhovno, a tu nevidljivu stvarnost treba otkriti.<\/p>\n\n<div class=\"wp-block-image is-style-default\"><figure class=\"alignright size-large\"><img loading=\"lazy\" decoding=\"async\" width=\"400\" height=\"322\" src=\"https:\/\/neocatechumenaleiter.org\/wp-content\/uploads\/2020\/03\/Camino_Neocatecumenal_Juan_Pablo_II_visita_parroquia_Luca_Evangelista_1979.jpg\" alt=\"\" class=\"wp-image-8283\" srcset=\"https:\/\/neocatechumenaleiter.org\/wp-content\/uploads\/2020\/03\/Camino_Neocatecumenal_Juan_Pablo_II_visita_parroquia_Luca_Evangelista_1979.jpg 400w, https:\/\/neocatechumenaleiter.org\/wp-content\/uploads\/2020\/03\/Camino_Neocatecumenal_Juan_Pablo_II_visita_parroquia_Luca_Evangelista_1979-300x242.jpg 300w\" sizes=\"auto, (max-width: 400px) 100vw, 400px\" \/><\/figure><\/div>\n\n<p>Ja, eto, mislim da je pravilo va\u0161eg Neokatekumenskog puta ovo: radi se o tom da se otkrije, da se ponovno otkrije ono \u0161to je unutra. Ima toliko kr\u0161tenih kr\u0161\u0107ana, ali mo\u017eda oni nisu otkrili svoje kr\u0161tenje, gotovo su ga i zaboravili. Kr\u0161teni su, njihovo je kr\u0161tenje upisano u mati\u010dnim knjigama, ubilje\u017eeno je u \u017eupi, ubilje\u017eeno je i u njihovu srcu, ali taj unutra\u0161nji upis ostaje kao mrtav, kao uspavan. Treba ga otkriti!&#13;\nKad se otkrije, onda se ima, i tada se mora davati. Po\u0161to je otkriveno, ne mo\u017ee se ne davati, jer nas ono \u0161to se otkrilo nagoni nas da dajemo. Tako su nastali svi apostoli, svi su apostoli nastali na ovaj na\u010din! Ja mislim da ako sada postoje katehisti itineranti, ako je tako\u0111er i Papa postao itinerant, onda je to plod onoga \u0161to je i on otkrio. Ako je jednom otkriveno to bogatstvo, taj misterij, misterij Krista, onaj misterij koji sa\u010dinjava na\u0161 osobni, duhovni, kr\u0161\u0107anski identitet, ne mo\u017eemo, a da ne nastojimo dati ga i drugima.<\/p>\n\n<p>Veoma sam zadovoljan s ovim susretom: \u017eelim vam da nastavite. Nastaviti zna\u010di slijediti Duha Svetoga i slijediti tako\u0111er i va\u0161 poziv, jer otkrivaju\u0107i otajstvo Krista \u017eivoga u nama, otkrivamo i na\u0161 poziv. Sada \u0107u vam svima podijeliti moj blagoslov.<\/p>\n\n<p><em>(*) Cfr. \u00abL\u2019Osservatore Romano\u00bb, 5-6 studenog 1979.<\/em><\/p>\n","protected":false},"excerpt":{"rendered":"<p>Pohod \u017eupi svetog Luke Evan\u0111eliste 4-11-1979 Sv. Ivan Pavao II Rim, 4. studenog 1979. * Posebno je bio znakovit susret s pet neokatekumenskih zajednica koje su zapo\u010deli svoju aktivnost u \u017eupi prije sedam godina (1972.).Sveti Otac je zapo\u010deo razgovor s predstavnicima ovih zajednica koji su mu uputili rije\u010di pozdrava i predstavili se; izme\u0111u ostalog katehista Franco rekao je: \u00abI mi kao katehisti ove \u017eupe \u017eelimo ne\u0161to nadodati. Sveti O\u010de, veseli<\/p>\n<div class=\"read-more\"><a class=\"btn read-more-btn\" href=\"https:\/\/neocatechumenaleiter.org\/hr\/rijeci-papa\/sv-ivan-pavao-ii\/pohod-zupi-svetog-luke-evandeliste-4-11-1979\/\">Nastavi \u010ditati<\/a><\/div>\n","protected":false},"author":2,"featured_media":0,"parent":9680,"menu_order":3,"comment_status":"closed","ping_status":"closed","template":"","meta":{"footnotes":""},"class_list":["post-10261","page","type-page","status-publish","hentry"],"_links":{"self":[{"href":"https:\/\/neocatechumenaleiter.org\/hr\/wp-json\/wp\/v2\/pages\/10261","targetHints":{"allow":["GET"]}}],"collection":[{"href":"https:\/\/neocatechumenaleiter.org\/hr\/wp-json\/wp\/v2\/pages"}],"about":[{"href":"https:\/\/neocatechumenaleiter.org\/hr\/wp-json\/wp\/v2\/types\/page"}],"author":[{"embeddable":true,"href":"https:\/\/neocatechumenaleiter.org\/hr\/wp-json\/wp\/v2\/users\/2"}],"replies":[{"embeddable":true,"href":"https:\/\/neocatechumenaleiter.org\/hr\/wp-json\/wp\/v2\/comments?post=10261"}],"version-history":[{"count":6,"href":"https:\/\/neocatechumenaleiter.org\/hr\/wp-json\/wp\/v2\/pages\/10261\/revisions"}],"predecessor-version":[{"id":14639,"href":"https:\/\/neocatechumenaleiter.org\/hr\/wp-json\/wp\/v2\/pages\/10261\/revisions\/14639"}],"up":[{"embeddable":true,"href":"https:\/\/neocatechumenaleiter.org\/hr\/wp-json\/wp\/v2\/pages\/9680"}],"wp:attachment":[{"href":"https:\/\/neocatechumenaleiter.org\/hr\/wp-json\/wp\/v2\/media?parent=10261"}],"curies":[{"name":"wp","href":"https:\/\/api.w.org\/{rel}","templated":true}]}}