{"id":10362,"date":"2020-05-14T09:42:48","date_gmt":"2020-05-14T08:42:48","guid":{"rendered":"https:\/\/neocatechumenaleiter.org\/rijeci-papa\/sv-ivan-pavao-ii\/pismo-sv-oca-ivana-pavla-ii-mons-paulu-josefu-cordesu-30-viii-1990\/"},"modified":"2020-06-03T18:35:05","modified_gmt":"2020-06-03T17:35:05","slug":"pismo-sv-oca-ivana-pavla-ii-mons-paulu-josefu-cordesu-30-viii-1990","status":"publish","type":"page","link":"https:\/\/neocatechumenaleiter.org\/hr\/rijeci-papa\/sv-ivan-pavao-ii\/pismo-sv-oca-ivana-pavla-ii-mons-paulu-josefu-cordesu-30-viii-1990\/","title":{"rendered":"Pismo sv. Oca Ivana Pavla II. mons. Paulu Josefu Cordesu 30-VIII-1990"},"content":{"rendered":"\n<h1 class=\"has-text-align-center wp-block-heading\">Pismo sv. Oca Ivana Pavla II. mons. Paulu Josefu Cordesu 30-VIII-1990<\/h1>\n\n<div style=\"height:20px\" aria-hidden=\"true\" class=\"wp-block-spacer\"><\/div>\n\n<h4 class=\"has-text-align-center wp-block-heading\">Sv. Ivan Pavao II<\/h4>\n\n<div style=\"height:20px\" aria-hidden=\"true\" class=\"wp-block-spacer\"><\/div>\n\n<p><strong>PISMO&#13;\n<em>&#8220;OGNI QUALVOLTA&#8221; <\/em>&#13;\nNJEGOVE SVETOSTI IVANA PAVLA II.\u00a0<\/strong><\/p>\n\n<p><em>Po\u0161tovanom bratu<br\/>&#13;\nMonsinjoru PAULU JOSEFU CORDES<br\/>&#13;\nDopredsjedniku Papinskog vije\u0107a za laike zadu\u017eenom &#8220;ad personam&#8221;<br\/>&#13;\npri apostolatu Neokatekumenskih zajednica<\/em><\/p>\n\n<p>Svaki put kada Duh Sveti u\u010dini da u Crkvi izniknu novi poticaji na ve\u0107u vjernost Evan\u0111elju, procvjetaju i nove karizme, koje o\u010dituju takve stvarnosti i nove ustanove koje ih provode u praksu. Tako je bilo poslije Tridentskog koncila i poslije Drugog vatikanskog.<\/p>\n\n<p>Me\u0111u stvarnostima ro\u0111enim od Duha u ovim na\u0161im danima, isti\u010du se Neokatekumenske zajednice, koje su zapo\u010deli gospodin Kiko Arg\u00fcello i gospo\u0111a Carmen Hern\u00e1ndez (Madrid, \u0160panjolska), kojih je djelotvornost pozdravio moj prethodnik Pavao VI. kao plod Koncila \u201eKoliku li nam radost i koliku nadu pru\u017eate va\u0161om nazo\u010dno\u0161\u0107u i va\u0161om djelatno\u0161\u0107u!&#8230; \u017divjeti i promicati ovu obnovu, jest, kako vi zovete, oblik \u201epokrsnog katekumenata&#8221;, koji \u0107e u dana\u0161njim kr\u0161\u0107anskim zajednicama mo\u0107i obnoviti one u\u010dinke zrelosti i produbljivanja, kakvi su se u prvotnoj Crkvi ostvarivali u periodu spremanja za kr\u0161tenje.&#8221; (Pavao VI. Neokatekumenskim zajednicama, generalna audijencija, 8. svibnja 1974., u Notitiae 96-96, 1974., 230). I ja sam tako\u0111er, na tolikim susretima \u0161to sam ih kao biskup Rima imao u rimskim \u017eupama s Neokatekumenskim zajednicama i njihovim pastirima, kao i na mojim apostolskim putovanjima po mnogim nacijama, mogao konstatirati obilne plodove osobnih obra\u0107enja i plodne misionarske poticaje.<\/p>\n\n<p>Te zajednice \u010dine vidljivim, u \u017eupama, znak misionarske Crkve i \u201etrude se da otvore put evangeliziranja za one koji su gotovo zanemarili kr\u0161\u0107anski \u017eivot, nude\u0107i im itinerarij katekumenskog tipa, koji prolazi kroz sve one faze kroz koje su u prvotnoj Crkvi prolazili katekumeni prije primanja sakramenta kr\u0161tenja; nanovo ih pribli\u017eava Crkvi i Kristu&#8221; (usp. Pokrsni katekumenat u Notitiae 96-96, 1974. 229). Navje\u0161taj Evan\u0111elja, svjedo\u010denje u malim zajednicama i slavljenje Euharistije u malim skupinama (usp. Priop\u0107enje o slavljima u grupama Neokatekumenskog puta u L&#8217;Osservatore Romano, od 24. prosinca 1988), omogu\u0107uje \u010dlanovima da se stave u slu\u017ebu obnove Crkve.<\/p>\n\n<p>Razna bra\u0107a u episkopatu prepoznala su plodove ovoga Puta. Ograni\u010davam se samo na spomen negda\u0161njeg biskupa Madrida, monsinjora Casimira Morcillo, u \u010dijoj biskupiji i pod \u010dijom su upravom ro\u0111ene, 1964. godine, Neokatekumenske zajednice, i koje je on prihvatio s velikom ljubavlju. Poslije vi\u0161e od dvadeset godina \u017eivota zajednica, pro\u0161irenih na pet kontinenata, <\/p>\n\n<p>&#8211; vode\u0107i ra\u010duna o novoj vitalnosti koja o\u017eivljava \u017eupe, o misionarskom zamahu i plodovima obra\u0107enja \u0161to cvatu iz zauzetosti itineranata i, odskora, o djelovanju Obitelji koje evangeliziraju u dekristijaniziranim podru\u010djima Europe i \u010ditavog svijeta; <\/p>\n\n<p>&#8211; promatraju\u0107i zvanja, proiza\u0161la iz ovog Puta, za redovni\u010dki \u017eivot i za prezbiterat, te nastajanje biskupijskih zavoda za formiranje prezbitera za novu evangelizaciju, kao \u0161to je Redemptoris Mater u Rimu;<\/p>\n\n<p>&#8211; imaju\u0107i uvid u od Vas mi prikazanu dokumentaciju:<\/p>\n\n<p>prihva\u0107aju\u0107i upravljenu mi molbu, priznajem Neokatekumenski put kao itinerarij katoli\u010dke formacije, valjanu za dru\u0161tvo i za dana\u0161nja vremena.<\/p>\n\n<p>Stoga \u017eelim, da bra\u0107a u episkopatu cijene i poma\u017eu -zajedno sa svojim prezbiterima- ovo djelo nove evangelizacije, da bi se ono ostvarilo prema linijama predlo\u017eenim od njegovih inicijatora, u duhu slu\u017eenja mjesnom ordinariju i zajedni\u0161tva s njime, i u kontekstu jedinstva mjesne Crkve sa sveop\u0107om Crkvom.<\/p>\n\n<p>Kao zalog ove \u017eelje podjeljujem Vama i svima pripadnicima Neokatekumenskih zajednica moj Apostolski blagoslov.<\/p>\n\n<p>Iz Vatikana, 30. kolovoza 1990., XII. pontifikata.<\/p>\n\n<p><strong>Ivan Pavao II.<\/strong><\/p>\n","protected":false},"excerpt":{"rendered":"<p>Pismo sv. Oca Ivana Pavla II. mons. Paulu Josefu Cordesu 30-VIII-1990 Sv. Ivan Pavao II PISMO&#13; &#8220;OGNI QUALVOLTA&#8221; &#13; NJEGOVE SVETOSTI IVANA PAVLA II.\u00a0 Po\u0161tovanom bratu&#13; Monsinjoru PAULU JOSEFU CORDES&#13; Dopredsjedniku Papinskog vije\u0107a za laike zadu\u017eenom &#8220;ad personam&#8221;&#13; pri apostolatu Neokatekumenskih zajednica Svaki put kada Duh Sveti u\u010dini da u Crkvi izniknu novi poticaji na ve\u0107u vjernost Evan\u0111elju, procvjetaju i nove karizme, koje o\u010dituju takve stvarnosti i nove ustanove koje<\/p>\n<div class=\"read-more\"><a class=\"btn read-more-btn\" href=\"https:\/\/neocatechumenaleiter.org\/hr\/rijeci-papa\/sv-ivan-pavao-ii\/pismo-sv-oca-ivana-pavla-ii-mons-paulu-josefu-cordesu-30-viii-1990\/\">Nastavi \u010ditati<\/a><\/div>\n","protected":false},"author":2,"featured_media":0,"parent":9680,"menu_order":0,"comment_status":"closed","ping_status":"closed","template":"","meta":{"footnotes":""},"class_list":["post-10362","page","type-page","status-publish","hentry"],"_links":{"self":[{"href":"https:\/\/neocatechumenaleiter.org\/hr\/wp-json\/wp\/v2\/pages\/10362","targetHints":{"allow":["GET"]}}],"collection":[{"href":"https:\/\/neocatechumenaleiter.org\/hr\/wp-json\/wp\/v2\/pages"}],"about":[{"href":"https:\/\/neocatechumenaleiter.org\/hr\/wp-json\/wp\/v2\/types\/page"}],"author":[{"embeddable":true,"href":"https:\/\/neocatechumenaleiter.org\/hr\/wp-json\/wp\/v2\/users\/2"}],"replies":[{"embeddable":true,"href":"https:\/\/neocatechumenaleiter.org\/hr\/wp-json\/wp\/v2\/comments?post=10362"}],"version-history":[{"count":10,"href":"https:\/\/neocatechumenaleiter.org\/hr\/wp-json\/wp\/v2\/pages\/10362\/revisions"}],"predecessor-version":[{"id":13459,"href":"https:\/\/neocatechumenaleiter.org\/hr\/wp-json\/wp\/v2\/pages\/10362\/revisions\/13459"}],"up":[{"embeddable":true,"href":"https:\/\/neocatechumenaleiter.org\/hr\/wp-json\/wp\/v2\/pages\/9680"}],"wp:attachment":[{"href":"https:\/\/neocatechumenaleiter.org\/hr\/wp-json\/wp\/v2\/media?parent=10362"}],"curies":[{"name":"wp","href":"https:\/\/api.w.org\/{rel}","templated":true}]}}