{"id":10372,"date":"2020-05-14T11:17:41","date_gmt":"2020-05-14T10:17:41","guid":{"rendered":"https:\/\/neocatechumenaleiter.org\/rijeci-papa\/sv-ivan-pavao-ii\/govor-clanovima-neokatekumenskog-puta-24-1-1997\/"},"modified":"2020-09-02T13:23:59","modified_gmt":"2020-09-02T12:23:59","slug":"govor-clanovima-neokatekumenskog-puta-24-1-1997","status":"publish","type":"page","link":"https:\/\/neocatechumenaleiter.org\/hr\/rijeci-papa\/sv-ivan-pavao-ii\/govor-clanovima-neokatekumenskog-puta-24-1-1997\/","title":{"rendered":"Govor \u010dlanovima Neokatekumenskog Puta 24-1-1997"},"content":{"rendered":"\n<h1 class=\"has-text-align-center wp-block-heading\">Govor \u010dlanovima Neokatekumenskog Puta 24-1-1997<\/h1>\n\n<div style=\"height:20px\" aria-hidden=\"true\" class=\"wp-block-spacer\"><\/div>\n\n<h4 class=\"has-text-align-center wp-block-heading\">Sv. Ivan Pavao II.<\/h4>\n\n<div style=\"height:20px\" aria-hidden=\"true\" class=\"wp-block-spacer\"><\/div>\n\n<p><strong>Vatikan\u00a0<\/strong><strong>\u2013 Sal<\/strong><strong>a C<\/strong><strong>lementina, 24. sije\u010dnja 1997.<\/strong><\/p>\n\n<p><em>Papa je primio u audijenciju<\/em>&#013;\n<em>itineranti Neokatekumenskog puta. Tijekom sastanka u S<\/em><em>ali C<\/em><em>lementina, Papa je odr\u017eao sljede\u0107i govor:<\/em><\/p>\n\n<p>Predraga bra\u0107o i sestre!&#013;\n&#013;\n1. Dobro do\u0161li u Papinu ku\u0107u! Srda\u010dno vas pozdravljam dragi itineranti, laici i sve\u0107enici, zajedno s va\u0161im odgovornima, za\u010detnicima Neokatekumenskog puta. Va\u0161a dana\u0161nja posjeta za mene je velika utjeha.&#013;\n&#013;\nZnam da izravno dolazite sa skupa koji ste imali na brdu Sinaj i na obalama Crvenoga mora. Zbog raznih razloga ovo je za vas bio povijesni trenutak. Kao mjesto va\u0161eg duhovnog okupljanja izabrali ste mjesto od visokog zna\u010denja za povijest spasenja, mjesto koje je vrlo prikladno za slu\u0161anje i razmi\u0161ljanje o Bo\u017ejoj Rije\u010di i bolje razumijevanje Bo\u017ejeg nacrta za vas.&#013;\n&#013;\nHtjeli ste se na ovaj na\u010din prisjetiti trideset godina djelovanja Puta. Koliki ste put prevalili s Gospodnjom pomo\u0107i! U ovim godinama Put se uistinu impresivno<em>\u00a0<\/em>razvijao i \u0161irio u Crkvi. Zapo\u010det me\u0111u barakama Madrida, kao evan\u0111eosko goru\u0161i\u010dino zrno, trideset godina kasnije postao je veliko stablo koje se ve\u0107 prote\u017ee u vi\u0161e od sto zemalja u svijetu, a tako\u0111er i sa znakovima nazo\u010dno\u0161\u0107u me\u0111u katolicima Crkava isto\u010dnog obreda.<\/p>\n\n<div class=\"wp-block-image\"><figure class=\"alignleft size-large\"><img loading=\"lazy\" decoding=\"async\" width=\"679\" height=\"562\" src=\"https:\/\/neocatechumenaleiter.org\/wp-content\/uploads\/2020\/03\/Camino_Neocatecumenal_Juan_Pablo_II_audiencia_hermanos_del_Camino_1997.jpg\" alt=\"\" class=\"wp-image-9470\" srcset=\"https:\/\/neocatechumenaleiter.org\/wp-content\/uploads\/2020\/03\/Camino_Neocatecumenal_Juan_Pablo_II_audiencia_hermanos_del_Camino_1997.jpg 679w, https:\/\/neocatechumenaleiter.org\/wp-content\/uploads\/2020\/03\/Camino_Neocatecumenal_Juan_Pablo_II_audiencia_hermanos_del_Camino_1997-300x248.jpg 300w\" sizes=\"auto, (max-width: 679px) 100vw, 679px\" \/><\/figure><\/div>\n\n<p>2. Kao svaka godi\u0161njica, tako i va\u0161a, vi\u0111ena u svjetlu vjere, pretvara se u priliku hvale i zahvaljivanja zbog izobilja darova koje vam je Gospodin udijelio u ovim godinama, i preko vas cijeloj Crkvi. Za mnoge neokatekumensko iskustvo je bilo jedan put obra\u0107enja i sazrijevanja u vjeri preko ponovnog otkrivanja kr\u0161tenja kao istinskog izvora \u017eivota i Euharistije kao najvi\u0161eg trenutka u postojanju kr\u0161\u0107anina: preko ponovnog otkrivanja Bo\u017eje rije\u010di<em>\u00a0<\/em>koja razlomljena u zajedni\u0161tvu bra\u0107e, postaje svjetlo i vodi\u010d \u017eivota: preko ponovnog otkrivanja Crkve<em>\u00a0<\/em>kao autenti\u010dne misionarske zajednice.&#013;\n&#013;\nKoliko je mladi\u0107a i djevojaka, zahvaljuju\u0107i Putu, otkrilo svoj sve\u0107eni\u010dki i redovni\u010dki poziv! Va\u0161 dana\u0161nji posjet nudi jednu sretnu prigodu i meni da bih se ujedinio s va\u0161om pjesmom hvale i zahvale za \u201cvelike stvari\u201d (<em>magnalia<\/em>) koje Bog \u010dini u iskustvu Puta.<\/p>\n\n<p>3. Njegova povijest je upisana u kontekstu onog cvjetanja pokreta i crkvenih udruga koje sa\u010dinjava jedno od najljep\u0161ih plodova duhovne obnove zapo\u010detog od Drugog Vatikanskog Sabora. To cvjetanje je bilo, a jo\u0161 je i sada, veliki dar Duha Svetoga i svijetli znak nade na pragu Tre\u0107eg Tisu\u0107lje\u0107a. Bilo pastiri, bilo vjernici laici, moraju znati prihvatiti ovaj dar sa zahvalno\u0161\u0107u, ali i sa osje\u0107ajem odgovornosti, ra\u010dunaju\u0107i da su \u201eu Crkvi, koliko institucionalni aspekt, toliko onaj karizmatski, koliko Hijerarhija, toliko udru\u017eenja i pokreti vjernika, jednako bitni i sudjeluju u \u017eivotu, u obnovi, u posve\u0107enju, iako na razli\u010dit na\u010din\u201d (Sudionicima Me\u0111unarodnog Kolokvija crkvenih Pokreta: <em>Insegnamenti,\u00a0<\/em>vol. X.1, 1987., 478).&#013;\n&#013;\nU dana\u0161njem svijetu, duboko sekulariziranom,\u00a0<em>nova evangelizacija\u00a0<\/em>se name\u0107e\u00a0<em>kao jedan od temeljnih izazova.<\/em>\u00a0Crkveni pokreti, koji su obilje\u017eeni ba\u0161 svojim misionarskim zanosom, pozvani su na posebnu obavezu u duhu zajedni\u0161tva i sura\u0111ivanja. U Enciklici\u00a0<em>Redemptoris missio\u00a0<\/em>napisao sam u odnosu na to: \u201eKad se s ponizno\u0161\u0107u uklope u \u017eivot mjesnih Crkava i kad ih biskupi i sve\u0107enici srda\u010dno prigrle u biskupijskim i \u017eupskim strukturama, ti su pokreti pravi Bo\u017eji dar za novu evangelizaciju i za misijsku djelatnost u u\u017eem smislu rije\u010di. Zato preporu\u010dujem njihovo \u0161irenje i kori\u0161tenje kako bi se vratila prodorna snaga, osobito me\u0111u mladima, kr\u0161\u0107anskom \u017eivotu\u201d (br. 72.).&#013;\n&#013;\nZbog toga sam za 1998. godinu, koja je u okviru pripreme na Veliki Jubilej posve\u0107ena Duhu Svetomu, preporu\u010dio jedno zajedni\u010dko svjedo\u010denje svih crkvenih pokreta, pod vodstvom Papinskog vije\u0107a za laike. Bit \u0107e to trenutak zajedni\u0161tva i ponovne obveze na slu\u017ebu misiji Crkve. Uvjeren sam da ne\u0107ete izostati sa tog susreta koji je veoma va\u017ean.<\/p>\n\n<div class=\"wp-block-image\"><figure class=\"alignright size-large\"><img loading=\"lazy\" decoding=\"async\" width=\"393\" height=\"353\" src=\"https:\/\/neocatechumenaleiter.org\/wp-content\/uploads\/2020\/03\/Camino_Neocatecumenal_Juan_Pablo_II_audiencia_hermanos_del_Camino_1997_2.jpg\" alt=\"\" class=\"wp-image-9475\" srcset=\"https:\/\/neocatechumenaleiter.org\/wp-content\/uploads\/2020\/03\/Camino_Neocatecumenal_Juan_Pablo_II_audiencia_hermanos_del_Camino_1997_2.jpg 393w, https:\/\/neocatechumenaleiter.org\/wp-content\/uploads\/2020\/03\/Camino_Neocatecumenal_Juan_Pablo_II_audiencia_hermanos_del_Camino_1997_2-300x269.jpg 300w\" sizes=\"auto, (max-width: 393px) 100vw, 393px\" \/><\/figure><\/div>\n\n<p>4. Neokatekumenski Put navr\u0161ava trideset godina \u017eivota: rekao bih, dob jedne zrelosti. Va\u0161 skup na Sinaju je otvorio pred vama, na neki na\u010din, jednu novu etapu. U pravi \u010das ste, dakle, \u017eeljeli osvrnuti pogled s duhom vjere ne samo prema pro\u0161losti, nego i prema budu\u0107nosti, pitaju\u0107i se koji bi bio Bo\u017eji nacrt \u0161to se ti\u010de Puta u ovom povijesnom trenutku. Gospodin je stavio u va\u0161e ruke jedno dragocjeno blago. Kako ga \u017eivjeti u punini? Kako ga razviti? Kako ga jo\u0161 bolje podijeliti s drugima? Kako ga braniti od razli\u010ditih opasnosti, ve\u0107 prisutnih i onih budu\u0107ih? To su neka od pitanja koja ste si postavili, kao odgovorni Puta ili kao itineranti prvog sata.  Da biste odgovorili na ova pitanja, u jednom ozra\u010dju molitve i dubokog razmi\u0161ljanja, po\u010deli ste na Sinaju proces sastavljanja Statuta Puta. To je vrlo va\u017ean korak koji otvara put prema formalno-pravnom priznanju od strane Crkve, daju\u0107i vam dodatno jamstvo autenti\u010dnosti va\u0161e karizme. Kako znamo, \u201csud o njihovoj ispravnosti (karizm\u00e2) i urednoj upotrebi spada na one koji upravljaju Crkvom, i na koje osobito spada ne ugasiti Duha, nego sve ispitati i zadr\u017eati \u0161to je dobro\u201d (Lumen gentium, 12).  Ohrabrujem vas da vodite naprijed zapo\u010deti posao, pod vodstvom Papinskog vije\u0107a za laike, i na poseban na\u010din njegovog Tajnika, Mons. Stanis\u0142ava Ry\u0142ka, ovdje nazo\u010dnog s vama. Na tom putu vas pratim  svojom posebnom molitvom.  Prije no \u0161to zaklju\u010dim, \u017eelio bih predati nekim sestrama jedan kri\u017e kao znak njihove vjernosti Crkvi i njihovog potpunog predanja evangelizatorskom poslanju. Neka je Gospodin Isus va\u0161a utjeha i va\u0161a potpora u trenucima te\u0161ko\u0107e. Presveta Djevica, Majka Crkve, neka vam bude uzor i vodi\u010d u svakoj prigodi.  S ovom \u010destitkom, dajem vama ovdje prisutnima i onima koji su anga\u017eirani na Neokatekumenskom putu, moj srda\u010dni blagoslov.<\/p>\n\n<figure class=\"wp-block-image size-large\"><img loading=\"lazy\" decoding=\"async\" width=\"675\" height=\"558\" src=\"https:\/\/neocatechumenaleiter.org\/wp-content\/uploads\/2020\/03\/Camino_Neocatecumenal_Juan_Pablo_II_audiencia_hermanos_del_Camino_1997_3.jpg\" alt=\"\" class=\"wp-image-9480\" srcset=\"https:\/\/neocatechumenaleiter.org\/wp-content\/uploads\/2020\/03\/Camino_Neocatecumenal_Juan_Pablo_II_audiencia_hermanos_del_Camino_1997_3.jpg 675w, https:\/\/neocatechumenaleiter.org\/wp-content\/uploads\/2020\/03\/Camino_Neocatecumenal_Juan_Pablo_II_audiencia_hermanos_del_Camino_1997_3-300x248.jpg 300w\" sizes=\"auto, (max-width: 675px) 100vw, 675px\" \/><\/figure>","protected":false},"excerpt":{"rendered":"<p>Govor \u010dlanovima Neokatekumenskog Puta 24-1-1997 Sv. Ivan Pavao II. Vatikan\u00a0\u2013 Sala Clementina, 24. sije\u010dnja 1997. Papa je primio u audijenciju&#013; itineranti Neokatekumenskog puta. Tijekom sastanka u Sali Clementina, Papa je odr\u017eao sljede\u0107i govor: Predraga bra\u0107o i sestre!&#013; &#013; 1. Dobro do\u0161li u Papinu ku\u0107u! Srda\u010dno vas pozdravljam dragi itineranti, laici i sve\u0107enici, zajedno s va\u0161im odgovornima, za\u010detnicima Neokatekumenskog puta. Va\u0161a dana\u0161nja posjeta za mene je velika utjeha.&#013; &#013; Znam da<\/p>\n<div class=\"read-more\"><a class=\"btn read-more-btn\" href=\"https:\/\/neocatechumenaleiter.org\/hr\/rijeci-papa\/sv-ivan-pavao-ii\/govor-clanovima-neokatekumenskog-puta-24-1-1997\/\">Nastavi \u010ditati<\/a><\/div>\n","protected":false},"author":2,"featured_media":0,"parent":9680,"menu_order":87,"comment_status":"closed","ping_status":"closed","template":"","meta":{"footnotes":""},"class_list":["post-10372","page","type-page","status-publish","hentry"],"_links":{"self":[{"href":"https:\/\/neocatechumenaleiter.org\/hr\/wp-json\/wp\/v2\/pages\/10372","targetHints":{"allow":["GET"]}}],"collection":[{"href":"https:\/\/neocatechumenaleiter.org\/hr\/wp-json\/wp\/v2\/pages"}],"about":[{"href":"https:\/\/neocatechumenaleiter.org\/hr\/wp-json\/wp\/v2\/types\/page"}],"author":[{"embeddable":true,"href":"https:\/\/neocatechumenaleiter.org\/hr\/wp-json\/wp\/v2\/users\/2"}],"replies":[{"embeddable":true,"href":"https:\/\/neocatechumenaleiter.org\/hr\/wp-json\/wp\/v2\/comments?post=10372"}],"version-history":[{"count":13,"href":"https:\/\/neocatechumenaleiter.org\/hr\/wp-json\/wp\/v2\/pages\/10372\/revisions"}],"predecessor-version":[{"id":17066,"href":"https:\/\/neocatechumenaleiter.org\/hr\/wp-json\/wp\/v2\/pages\/10372\/revisions\/17066"}],"up":[{"embeddable":true,"href":"https:\/\/neocatechumenaleiter.org\/hr\/wp-json\/wp\/v2\/pages\/9680"}],"wp:attachment":[{"href":"https:\/\/neocatechumenaleiter.org\/hr\/wp-json\/wp\/v2\/media?parent=10372"}],"curies":[{"name":"wp","href":"https:\/\/api.w.org\/{rel}","templated":true}]}}