{"id":10385,"date":"2020-03-04T00:53:11","date_gmt":"2020-03-03T23:53:11","guid":{"rendered":"https:\/\/neocatechumenaleiter.org\/rijeci-papa\/sv-ivan-pavao-ii\/homilija-u-rimskom-sjemenistu-redemptoris-mater-31-10-1993\/"},"modified":"2021-08-10T11:03:25","modified_gmt":"2021-08-10T10:03:25","slug":"homilija-u-rimskom-sjemenistu-redemptoris-mater-31-10-1993","status":"publish","type":"page","link":"https:\/\/neocatechumenaleiter.org\/hr\/rijeci-papa\/sv-ivan-pavao-ii\/homilija-u-rimskom-sjemenistu-redemptoris-mater-31-10-1993\/","title":{"rendered":"Homilija u Rimskom sjemeni\u0161tu Redemptoris Mater 31-10-1993"},"content":{"rendered":"\n<h1 class=\"has-text-align-center wp-block-heading\">Homilija u Rimskom sjemeni\u0161tu Redemptoris Mater 31-10-1993<\/h1>\n\n<div style=\"height:20px\" aria-hidden=\"true\" class=\"wp-block-spacer\"><\/div>\n\n<h4 class=\"has-text-align-center wp-block-heading\">Sv. Ivan Pavao II.<\/h4>\n\n<div style=\"height:20px\" aria-hidden=\"true\" class=\"wp-block-spacer\"><\/div>\n\n<p><strong>Vatikan &#8211; Kapela \u201eRedemptoris Mater<\/strong><strong>\u201c<\/strong><strong>, 31. listopada 1993.<\/strong><\/p>\n\n<p><em>Upravo<\/em><em>\u00a0<\/em><em>je<\/em><em>\u00a0<\/em><em>produbljenje<\/em><em>\u00a0<\/em><em>duhovnog<\/em><em>\u00a0\u017e<\/em><em>ivota,<\/em><em>\u00a0<\/em><em>u<\/em><em>\u00a0<\/em><em>prihva<\/em><em>\u0107<\/em><em>anju<\/em><em>\u00a0<\/em><em>evan<\/em><em>\u0111<\/em><em>eoskog <\/em><em>\u201e<\/em><em>radikalizma<\/em><em>\u201c,\u00a0<\/em><em>najplodniji<\/em><em>\u00a0<\/em><em>teren<\/em><em>\u00a0<\/em><em>za<\/em><em>\u00a0<\/em><em>klijanje<\/em><em>\u00a0<\/em><em>poziva<\/em><em>.\u00a0<\/em><em>To je ustvrdio Ivan Pavao II. u homiliji koju je odr\u017eao prilikom sv. Mise u zajednici rimskog sjemeni\u0161ta \u201eRedemptoris mater\u201d.<\/em><\/p>\n\n<div class=\"wp-block-image\"><figure class=\"alignleft size-medium\"><img loading=\"lazy\" decoding=\"async\" width=\"300\" height=\"248\" src=\"https:\/\/neocatechumenaleiter.org\/wp-content\/uploads\/2020\/03\/Camino_Neocatecumenal_Juan_Pablo_II_homilia_seminario_redemptoris_mater_Roma_1993-300x248.jpg\" alt=\"\" class=\"wp-image-2515\" srcset=\"https:\/\/neocatechumenaleiter.org\/wp-content\/uploads\/2020\/03\/Camino_Neocatecumenal_Juan_Pablo_II_homilia_seminario_redemptoris_mater_Roma_1993-300x248.jpg 300w, https:\/\/neocatechumenaleiter.org\/wp-content\/uploads\/2020\/03\/Camino_Neocatecumenal_Juan_Pablo_II_homilia_seminario_redemptoris_mater_Roma_1993.jpg 689w\" sizes=\"auto, (max-width: 300px) 100vw, 300px\" \/><\/figure><\/div>\n\n<p>Hvaljen Isus!&#13;\n&#13;\n1. Po\u0161tovana bra\u0107o u Episkopatu i Sve\u0107eni\u0161tvu, sva bra\u0107o i sestre!&#13;\n&#13;\n\u201eBili smo me\u0111u vama nje\u017eni kao majka \u0161to hrani i njeguje svoju djecu.\u201c (1Sol 2,7): rije\u010di su Sv. Pavla Solunjanima.&#13;\n&#13;\nSvaki prezbiter bi trebao u\u010diniti dijelom sebe ove rije\u010di Svetog Pavla koje su premalo slu\u0161ane. Maj\u010dinska slika koju si pridaje, jedna je od najsugestivnijih za izra\u017eavanje ljepote sve\u0107eni\u010dkog poziva. Ta slika ne ukazuje samo na ja\u010dinu ljubavi i privr\u017eenosti, ve\u0107 upu\u0107uje i na intimnu vezu apostolske slu\u017ebe i slu\u017ebe novog ro\u0111enja u Kristu po Duhu Svetom (usp. Iv 3,5-8). Majka hrani i brine se za svoju djecu.&#13;\n&#13;\nUkoliko donosi bo\u017eansku rije\u010d propovijedanja, apostol je sredstvo tog duhovnog preporoda i na taj na\u010din je kao majka. On za bra\u0107u utjelovljuje \u201emaj\u010dinstvo\u201c Crkve. Po\u0161to je pozvan da ih preko Evan\u0111elja ra\u0111a u Kristu (usp. 1Kor 4,15), mo\u017eemo re\u0107i da im nije samo otac, ve\u0107 i majka, \u201eotac\u201c i \u201emajka\u201c, spreman predati im ne samo Evan\u0111elje, nego i \u201esam svoj \u017eivot\u201c (usp. 1Sol 2,8).<\/p>\n\n<p>2. Koje li razlike izme\u0111u ove slike apostolata i one koja proizlazi iz druga dva \u010ditanja, obilje\u017eenih o\u0161trim i strogim opomenama! Ona se odnose na sve\u0107enike Starog Saveza, pismoznance, farizeje, ali ukazuju i na rizike devijacije koja \u010deka u zasjedi i na\u0161u slu\u017ebu. \u201eVi ste s puta za\u0161li, u\u010dinili ste da se mnogi o Zakon spoti\u010du\u201d (Mal 2,8). Ova rije\u010d proroka Malahije podcrtava veliku odgovornost koju slu\u017eitelji oltara imaju prema Rije\u010d. Njihova nedosljednost je dvostruko te\u017ea, jer sa sobom nosi i sablazan. Jao onima koji bi trebali biti odgajatelji naroda Bo\u017ejeg, a zapravo su kamen spoticanja! Ni\u0161ta bla\u017ee nisu ni Isusove rije\u010di o onima koji su zasjeli na Mojsijevu stolicu, ne kao ponizni slu\u017ebenici Rije\u010di Bo\u017eje ve\u0107 kao oni koji pohlepno tra\u017ee ljudske hvale. U njima se rije\u010d i \u017eivot sna\u017eno suprotstavljaju: oni su u\u010ditelji onoga \u0161to sami ne \u010dine, name\u0107u bremena koja sami ni ne poku\u0161avaju nositi, zahtijevaju da ih se zove \u201erabbi\u201c \u2013 a taj naziv im ne pripada, \u201ejer jedan je va\u0161 U\u010ditelj\u201c, Krist (usp. Mt 23,10).<\/p>\n\n<div class=\"wp-block-image\"><figure class=\"alignright size-large\"><img loading=\"lazy\" decoding=\"async\" width=\"676\" height=\"507\" src=\"https:\/\/neocatechumenaleiter.org\/wp-content\/uploads\/2020\/03\/Camino_Neocatecumenal_Juan_Pablo_II_homilia_seminario_redemptoris_mater_Roma_1993_2.jpg\" alt=\"\" class=\"wp-image-8219\" srcset=\"https:\/\/neocatechumenaleiter.org\/wp-content\/uploads\/2020\/03\/Camino_Neocatecumenal_Juan_Pablo_II_homilia_seminario_redemptoris_mater_Roma_1993_2.jpg 676w, https:\/\/neocatechumenaleiter.org\/wp-content\/uploads\/2020\/03\/Camino_Neocatecumenal_Juan_Pablo_II_homilia_seminario_redemptoris_mater_Roma_1993_2-300x225.jpg 300w\" sizes=\"auto, (max-width: 676px) 100vw, 676px\" \/><\/figure><\/div>\n\n<p>3.\u00a0Tako nam Rije\u010d Bo\u017eja, s jedne strane pokazuje autenti\u010dni model apostolskog i sve\u0107eni\u010dkog poziva, a s druge strane mogu\u0107a izopa\u010denja.\u00a0Rije\u010d Bo\u017eja na ovoj liturgiji tu je upravo zbog ovog mog susreta s vama, \u201eRedemptoris Mater\u201d, odgovornima i studentima, klericima, rimskog sjemeni\u0161ta\u00a0koje nosi isto ime kao i ova kapela: \u201eRedemptoris Mater\u201d.\u00a0To nam sna\u017eno doziva u pamet otkupljenje, sje\u0107a nas na \u201eRedemptor Hominis\u201d, \u201eRedemptoris Mater\u201d, \u201eRedemptoris Custos\u201d, i tako\u0111er na \u201eRedemptoris Missio\u201d. Dakle, u ovoj kapeli posve\u0107enoj Redemptoris Mater, pozdravljam bogoslove i poglavare \u201eRedemptoris Mater\u201d.&#13;\n&#13;\nPozdravljam rimskog kardinala vikara, Camilla Ruinia, koji je na neki na\u010din prvi odgovorni va\u0161eg sjemeni\u0161ta, jer ono, iako odre\u0111eno za misionarsku svrhu, ima konfiguraciju sjemeni\u0161ta Rimske biskupije i ono to jest. Pozdravljam va\u0161eg rektora, mons. Giulia Salimeia, va\u0161eg duhovnika mons. Maximina Romera de Lema te zahvaljujem obojici \u0161to su \u017eeljeli preuzeti ovu va\u017enu zada\u0107u odgojitelja u \u201eRedemptoris Mater\u201c, nakon toliko godina rada u Rimskoj kuriji i u Rimskom vikarijatu. Pozdravljam sve vas, dragi bogoslovi, svakog pojedina\u010dno, gledaju\u0107i u vama budu\u0107e sve\u0107enike, koji ste ve\u0107 napravili jedan izbor i uputili se prema Kristovu sve\u010deni\u0161tvu.&#13;\n&#13;\nVa\u017eno je i znakovito da ste otkrili sve\u0107eni\u010dki poziv preko\u00a0Neokatekumenskog puta, i sada nastavljate svoj itinerarij formacije, slijede\u0107i \u2013 kako i dolikuje \u2013 smjernice koje Crkva propisuje za sve pripravnike na sve\u0107eni\u0161tvo. Cilj kojemu smjerate jest duboko ukorijenjenje u Kristu, pra\u0107eno\u00a0potpunim, srda\u010dnim prianjanjem uz Crkvu. To je neodrecivi temelj vjerodostojne formacije za sve\u0107eni\u0161tvo te jamstvo Bo\u017ejeg blagoslova\u00a0na ovom sve\u0107eni\u010dkom i neokatekumenskom putu, neokatekumenskom i misionarskom, apostolskom i misionarskom.<\/p>\n\n<p>Stoga s rado\u0161\u0107u uo\u010davam, da jo\u0161 mnoga zvanja, kao i va\u0161a, cvjetaju na stazi va\u0161e duhovnosti, na Neokatekumenskom putu, ne samo ovdje u Rimu nego  na raznim mjestima, u raznim zemljama Europe i \u010ditavog svijeta.  Upravo produbljenje duhovnog \u017eivota, svojstveno ovom Putu, u prihva\u0107anju evan\u0111eoskog \u201eradikalizma\u201c, nalazi plodniji teren za klijanje poziva. Bog ne prestaje pozivati, ali samo duboka intimnost s Kristom omogu\u0107uje slu\u0161anje tog glasa, spremno prihva\u0107anje da ga se postojano slijedi.<\/p>\n\n<div class=\"wp-block-image\"><figure class=\"alignleft size-medium\"><img loading=\"lazy\" decoding=\"async\" width=\"300\" height=\"251\" src=\"https:\/\/neocatechumenaleiter.org\/wp-content\/uploads\/2020\/03\/Camino_Neocatecumenal_Juan_Pablo_II_homilia_seminario_redemptoris_mater_Roma_1993_3-300x251.jpg\" alt=\"\" class=\"wp-image-2529\" srcset=\"https:\/\/neocatechumenaleiter.org\/wp-content\/uploads\/2020\/03\/Camino_Neocatecumenal_Juan_Pablo_II_homilia_seminario_redemptoris_mater_Roma_1993_3-300x251.jpg 300w, https:\/\/neocatechumenaleiter.org\/wp-content\/uploads\/2020\/03\/Camino_Neocatecumenal_Juan_Pablo_II_homilia_seminario_redemptoris_mater_Roma_1993_3.jpg 684w\" sizes=\"auto, (max-width: 300px) 100vw, 300px\" \/><\/figure><\/div>\n\n<p>4.\u00a0Ne mo\u017ee se biti \u201eroditelj\u201d u vjeri, ako se prije nanovo ne \u201erodimo\u201d u vjeri. Pavao je mogao navije\u0161tati Krista, jer je potpuno istinito mogao re\u0107i: \u201eNe \u017eivim vi\u0161e ja, nego Krist \u017eivi u meni\u201d (Gal 2,20). Zbog toga je mogao navje\u0161\u0107ivati Krista, bivaju\u0107i prethodno ro\u0111en od Krista, obra\u0107en od Krista, pro\u017eet od Krista. \u201eNe \u017eivim vi\u0161e ja, nego Krist \u017eivi u meni.\u201d Dakle, ne zahtijeva da mu se pridaje neprimjereni naziv, ono \u0161to dana\u0161nje evan\u0111elje zabranjuje, kada se osje\u0107ao i nazivao \u201eocem\u201d svojih zajednica, jer njegovo o\u010dinstvo nije drugo doli providno o\u010ditovanje Bo\u017ejeg O\u010dinstva.\u00a0U isto se vrijeme nazivao i \u201emajkom\u201d, pa\u010de, davao je prednost apostolskom maj\u010dinstvu koje je izra\u017eavao prema ovim zajednicama.&#13;\n&#13;\nOtajstvo sve\u0107eni\u0161tva dohva\u0107a se u svojoj intimnoj povezanosti sa otajstvom Krista. Spada na cijelu Crkvu u\u010diniti Krista, na neki na\u010din, \u201evidljivim\u201d, prisutnim u povijesti ljudi, ali to pristoji na prvom mjestu sve\u0107eniku, prezbiteru, pozvanom djelovati \u201ein persona Christi\u201d, pozvanom predstavljati ga kao \u201epastira\u201c i \u201eglave\u201c svog naroda, svog stada, svoje zajednice.&#13;\n&#13;\nSve\u0107enik treba biti osoba osvojena, \u201ezahva\u0107ena\u201d Kristom (usp. Fil 3,12). To je zaista \u201evelika\u201c slu\u017eba, iako je ta veli\u010dina obilje\u017eena ponizno\u0161\u0107u slu\u017eenja: \u201eNajve\u0107i me\u0111u vama neka vam bude poslu\u017eitelj\u201c (usp. Mt 23,11), tako ka\u017ee Isus.<\/p>\n\n<div class=\"wp-block-image\"><figure class=\"alignright size-large\"><img loading=\"lazy\" decoding=\"async\" width=\"662\" height=\"560\" src=\"https:\/\/neocatechumenaleiter.org\/wp-content\/uploads\/2020\/03\/Camino_Neocatecumenal_Juan_Pablo_II_homilia_seminario_redemptoris_mater_Roma_1993_4.jpg\" alt=\"\" class=\"wp-image-8229\" srcset=\"https:\/\/neocatechumenaleiter.org\/wp-content\/uploads\/2020\/03\/Camino_Neocatecumenal_Juan_Pablo_II_homilia_seminario_redemptoris_mater_Roma_1993_4.jpg 662w, https:\/\/neocatechumenaleiter.org\/wp-content\/uploads\/2020\/03\/Camino_Neocatecumenal_Juan_Pablo_II_homilia_seminario_redemptoris_mater_Roma_1993_4-300x254.jpg 300w\" sizes=\"auto, (max-width: 662px) 100vw, 662px\" \/><\/figure><\/div>\n\n<p>5. Jo\u0161 vas jednom pozdravljam u ovoj kapeli Redemptoris Mater i zaista sam veseo da mogu s vama slaviti Euharistiju koju prikazujem Gospodinu za va\u0161u postojanost. Neka vam Bog pomogne hoditi stazama svetosti, radosti, prema svim narodima kojima \u0107e vas Njegova Providnost voditi. Dobro je \u0161to nam je Kardinal Vikar dao ovu slobodnu nedjelju: ne treba posjetiti nijednu rimsku \u017eupu! Uz Rimsko Sjemeni\u0161te tu je i \u201eRedemptoris Mater\u201d: vrijedilo je na\u0107i ovu slobodnu nedjelju!<\/p>\n\n<p>\u017delim vam prisutnost i podr\u0161ku, Svete Marije Majke Otkupiteljeve. Povjeravaju\u0107i se Njoj, njezinom maj\u010dinstvu bit \u0107ete uistinu \u201emirni i spokojni\u201c kao \u201edojen\u010de na grudima majke\u201c (rije\u010di dana\u0161njeg Psalma). Neka vam Marija udijeli da isijavate Pavlovim \u017earom za navije\u0161tanje Bo\u017ejeg Kraljevstva, u potpunoj poslu\u0161nosti i vjernosti Crkvi, Crkvi koja je tako\u0111er Majka, kako nas sva Predaja pou\u010dava, II. vatikanski: Crkva je tako\u0111er Majka, nasljeduju\u0107i Majku Kristovu. Ova Crkva vas ra\u0111a, rodila vas je u vjeri i vi ste pozvani da u toj Crkvi budete prezbiteri, da slu\u017eite do kraja va\u0161ih dana. Neka tako bude.<\/p>\n","protected":false},"excerpt":{"rendered":"<p>Homilija u Rimskom sjemeni\u0161tu Redemptoris Mater 31-10-1993 Sv. Ivan Pavao II. Vatikan &#8211; Kapela \u201eRedemptoris Mater\u201c, 31. listopada 1993. Upravo\u00a0je\u00a0produbljenje\u00a0duhovnog\u00a0\u017eivota,\u00a0u\u00a0prihva\u0107anju\u00a0evan\u0111eoskog \u201eradikalizma\u201c,\u00a0najplodniji\u00a0teren\u00a0za\u00a0klijanje\u00a0poziva.\u00a0To je ustvrdio Ivan Pavao II. u homiliji koju je odr\u017eao prilikom sv. Mise u zajednici rimskog sjemeni\u0161ta \u201eRedemptoris mater\u201d. Hvaljen Isus!&#13; &#13; 1. Po\u0161tovana bra\u0107o u Episkopatu i Sve\u0107eni\u0161tvu, sva bra\u0107o i sestre!&#13; &#13; \u201eBili smo me\u0111u vama nje\u017eni kao majka \u0161to hrani i njeguje svoju djecu.\u201c (1Sol 2,7):<\/p>\n<div class=\"read-more\"><a class=\"btn read-more-btn\" href=\"https:\/\/neocatechumenaleiter.org\/hr\/rijeci-papa\/sv-ivan-pavao-ii\/homilija-u-rimskom-sjemenistu-redemptoris-mater-31-10-1993\/\">Nastavi \u010ditati<\/a><\/div>\n","protected":false},"author":2,"featured_media":0,"parent":9680,"menu_order":77,"comment_status":"closed","ping_status":"closed","template":"","meta":{"footnotes":""},"class_list":["post-10385","page","type-page","status-publish","hentry"],"_links":{"self":[{"href":"https:\/\/neocatechumenaleiter.org\/hr\/wp-json\/wp\/v2\/pages\/10385","targetHints":{"allow":["GET"]}}],"collection":[{"href":"https:\/\/neocatechumenaleiter.org\/hr\/wp-json\/wp\/v2\/pages"}],"about":[{"href":"https:\/\/neocatechumenaleiter.org\/hr\/wp-json\/wp\/v2\/types\/page"}],"author":[{"embeddable":true,"href":"https:\/\/neocatechumenaleiter.org\/hr\/wp-json\/wp\/v2\/users\/2"}],"replies":[{"embeddable":true,"href":"https:\/\/neocatechumenaleiter.org\/hr\/wp-json\/wp\/v2\/comments?post=10385"}],"version-history":[{"count":26,"href":"https:\/\/neocatechumenaleiter.org\/hr\/wp-json\/wp\/v2\/pages\/10385\/revisions"}],"predecessor-version":[{"id":24204,"href":"https:\/\/neocatechumenaleiter.org\/hr\/wp-json\/wp\/v2\/pages\/10385\/revisions\/24204"}],"up":[{"embeddable":true,"href":"https:\/\/neocatechumenaleiter.org\/hr\/wp-json\/wp\/v2\/pages\/9680"}],"wp:attachment":[{"href":"https:\/\/neocatechumenaleiter.org\/hr\/wp-json\/wp\/v2\/media?parent=10385"}],"curies":[{"name":"wp","href":"https:\/\/api.w.org\/{rel}","templated":true}]}}