{"id":10391,"date":"2020-03-02T02:02:53","date_gmt":"2020-03-02T01:02:53","guid":{"rendered":"https:\/\/neocatechumenaleiter.org\/rijeci-papa\/sv-ivan-pavao-ii\/pohod-pape-ivana-pavla-ii-zupi-svetog-timoteja\/"},"modified":"2021-08-10T11:00:38","modified_gmt":"2021-08-10T10:00:38","slug":"pohod-pape-ivana-pavla-ii-zupi-svetog-timoteja","status":"publish","type":"page","link":"https:\/\/neocatechumenaleiter.org\/hr\/rijeci-papa\/sv-ivan-pavao-ii\/pohod-pape-ivana-pavla-ii-zupi-svetog-timoteja\/","title":{"rendered":"Pohod pape Ivana Pavla II. \u017eupi svetog Timoteja"},"content":{"rendered":"\n<h1 class=\"has-text-align-center wp-block-heading\"> Pohod pape Ivana Pavla II. \u017eupi svetog Timoteja 10-II-1980 <\/h1>\n\n<div style=\"height:20px\" aria-hidden=\"true\" class=\"wp-block-spacer\"><\/div>\n\n<h4 class=\"has-text-align-center wp-block-heading\">Sv. Ivan Pavao II<\/h4>\n\n<div style=\"height:20px\" aria-hidden=\"true\" class=\"wp-block-spacer\"><\/div>\n\n<p><strong>Rim, 10. velja\u010de 1980. *<\/strong><\/p>\n\n<p><em>Prisutni su uz pjesmu do\u010dekali Svetog Oca koji je u\u0161ao u dvoranu gdje su se okupile neokatekumenske zajednice iz \u017eupe. \u017d<\/em><em>upnik je u uvodu podcrtao kako je on sam uz pomo\u0107 ove bra\u0107e krenuo na novi put obra\u0107enja. Potom su razni neokatekumeni dali svoja iskustva.<\/em>&#13;\n&#13;\n<em>Domenico, \u010dovjek srednjih godina, prisjetio se kako mu je iskustvo neokatekumenata otkrilo istinsku dimenziju kr\u0161\u0107anstva koje je \u017eivljeni \u017eivot, a ne tek intelektualno prihva\u0107anje, uspijevaju\u0107i tako nadi\u0107i te\u0161ke obiteljske probleme. Elizabeta, djevojka u 21. godini, dala je svoje iskustvo bunta i protivljenja, te sazrijevanja tek sa otkri\u0107em Boga. Jedna majka \u010detvoro djece ispri\u010dala ja kako je u jednoj crkvi, u koju je u\u0161la slu\u010dajno, \u010dula rije\u010di \u2013 \u201ebit \u0107e jedan put za uboge\u201d, i kako ju je to spasilo od tjeskobe i samoubojstva. Francesco je pripovijedao kako mu je dar besplatne ljubavi Bo\u017eje otkrio bogatstvo \u017eivota. Zatim je govorio jedan katehista, Giannpiero Donnini, koji je naglasio kako su, za \u017eivot ove \u017eupe, vrlo va\u017ene bile ove neokatekumenske zajednice, koje se nude kao trajne strukture u koje se mogu uklju\u010diti svi oni \u0161to \u017eele zapo\u010deti put ka odraslijoj i zrelijoj vjeri.<\/em><\/p>\n\n<div class=\"wp-block-image\"><figure class=\"alignright size-medium\"><img loading=\"lazy\" decoding=\"async\" width=\"300\" height=\"241\" src=\"https:\/\/neocatechumenaleiter.org\/wp-content\/uploads\/2020\/03\/Camino_Neocatecumenal_Juan_Pablo_II_visita_parroquia_San_Timoteo-300x241.jpg\" alt=\"\" class=\"wp-image-1460\" srcset=\"https:\/\/neocatechumenaleiter.org\/wp-content\/uploads\/2020\/03\/Camino_Neocatecumenal_Juan_Pablo_II_visita_parroquia_San_Timoteo-300x241.jpg 300w, https:\/\/neocatechumenaleiter.org\/wp-content\/uploads\/2020\/03\/Camino_Neocatecumenal_Juan_Pablo_II_visita_parroquia_San_Timoteo.jpg 697w\" sizes=\"auto, (max-width: 300px) 100vw, 300px\" \/><\/figure><\/div>\n\n<p><em>Papa je zahvalio za ova duboka i jednostavna iskustva podsje\u0107aju\u0107i kako svi dobro znamo \u0161to zna\u010di rije\u010d \u201ekatekumen\u201d.<\/em><\/p>\n\n<p>\u00abAli moramo tako\u0111er re\u0107i \u2013 nastavio je Sveti Otac \u2013 da je ova rije\u010d skoro nestala. Katekumeni su, osobito u tradicionalno katoli\u010dkim zemljama, mala djeca, novoro\u0111en\u010dad. To i nisu katekumeni, jer nisu sposobni da ih se pripremi za kr\u0161tenje. Katekumeni prvih stolje\u0107a sa\u010dinjavali su vrlo va\u017enu stvarnost u Crkvi: ja mislim da \u0161to su u ono doba oni \u010dinili za vjeru, sada \u010dine neokatekumenske zajednice. A to \u010dine zato jer su bili od drugih kr\u0161teni na po\u010detku \u017eivota. Smisao katekumenata jest: pripremiti se za kr\u0161tenje; spremiti se, u punom smislu rije\u010di, zna\u010di biti uvedeni u otajstva \u017eivoga Boga, jer u kr\u0161tenju se ne dobiva samo ime kr\u0161\u0107anina, nego tako\u0111er i udio u samome Kristu, u otajstvu Boga \u017eivoga za \u010dovjeka. Svjedo\u010danstva koja ste mi dali dokazuju da ima jedan trenutak milosti, trenutak prosvjetljenja, trenutak u kojem se susre\u0107e \u017eivoga Boga, koji nastoji \u017eivjeti u va\u0161em \u017eivotu, \u017eivjeti va\u0161 \u017eivot. Ovo je vrlo dragocjeno za va\u0161e osobno kr\u0161\u0107ansko iskustvo, ali je nadasve dragocjeno za apostolsku formaciju.<\/p>\n\n<p>U temelju svake apostolske formacije \u2013 recimo katehetske \u2013 mora biti ovo iskustvo: ne samo da treba poznavati formule vjere i teologije, nego tako\u0111er treba u\u0107i u dodir sa otajstvom Bo\u017ejeg \u017eivota, otvorenog za sve nas u Isusu Kristu. Samo poslije osobnog iskustva mo\u017ee se dati svjedo\u010danstvo. \u017delim vam da sve vi\u0161e produbljujete va\u0161u vjeru i da uvijek budete radosni\u00bb.<\/p>\n\n<p><em>(*) Cfr. \u00abL\u2019Osservatore Romano\u00bb, 11-12 velja\u010de 1980.<\/em><\/p>\n","protected":false},"excerpt":{"rendered":"<p>Pohod pape Ivana Pavla II. \u017eupi svetog Timoteja 10-II-1980 Sv. Ivan Pavao II Rim, 10. velja\u010de 1980. * Prisutni su uz pjesmu do\u010dekali Svetog Oca koji je u\u0161ao u dvoranu gdje su se okupile neokatekumenske zajednice iz \u017eupe. \u017dupnik je u uvodu podcrtao kako je on sam uz pomo\u0107 ove bra\u0107e krenuo na novi put obra\u0107enja. Potom su razni neokatekumeni dali svoja iskustva.&#13; &#13; Domenico, \u010dovjek srednjih godina, prisjetio se<\/p>\n<div class=\"read-more\"><a class=\"btn read-more-btn\" href=\"https:\/\/neocatechumenaleiter.org\/hr\/rijeci-papa\/sv-ivan-pavao-ii\/pohod-pape-ivana-pavla-ii-zupi-svetog-timoteja\/\">Nastavi \u010ditati<\/a><\/div>\n","protected":false},"author":2,"featured_media":0,"parent":9680,"menu_order":5,"comment_status":"closed","ping_status":"closed","template":"","meta":{"footnotes":""},"class_list":["post-10391","page","type-page","status-publish","hentry"],"_links":{"self":[{"href":"https:\/\/neocatechumenaleiter.org\/hr\/wp-json\/wp\/v2\/pages\/10391","targetHints":{"allow":["GET"]}}],"collection":[{"href":"https:\/\/neocatechumenaleiter.org\/hr\/wp-json\/wp\/v2\/pages"}],"about":[{"href":"https:\/\/neocatechumenaleiter.org\/hr\/wp-json\/wp\/v2\/types\/page"}],"author":[{"embeddable":true,"href":"https:\/\/neocatechumenaleiter.org\/hr\/wp-json\/wp\/v2\/users\/2"}],"replies":[{"embeddable":true,"href":"https:\/\/neocatechumenaleiter.org\/hr\/wp-json\/wp\/v2\/comments?post=10391"}],"version-history":[{"count":10,"href":"https:\/\/neocatechumenaleiter.org\/hr\/wp-json\/wp\/v2\/pages\/10391\/revisions"}],"predecessor-version":[{"id":14665,"href":"https:\/\/neocatechumenaleiter.org\/hr\/wp-json\/wp\/v2\/pages\/10391\/revisions\/14665"}],"up":[{"embeddable":true,"href":"https:\/\/neocatechumenaleiter.org\/hr\/wp-json\/wp\/v2\/pages\/9680"}],"wp:attachment":[{"href":"https:\/\/neocatechumenaleiter.org\/hr\/wp-json\/wp\/v2\/media?parent=10391"}],"curies":[{"name":"wp","href":"https:\/\/api.w.org\/{rel}","templated":true}]}}