{"id":10401,"date":"2020-03-02T02:08:50","date_gmt":"2020-03-02T01:08:50","guid":{"rendered":"https:\/\/neocatechumenaleiter.org\/rijeci-papa\/sv-ivan-pavao-ii\/pozdrav-kantorima-neokatekumenskih-zajednica-16-3-1980\/"},"modified":"2021-08-10T11:00:43","modified_gmt":"2021-08-10T10:00:43","slug":"pozdrav-kantorima-neokatekumenskih-zajednica-16-3-1980","status":"publish","type":"page","link":"https:\/\/neocatechumenaleiter.org\/hr\/rijeci-papa\/sv-ivan-pavao-ii\/pozdrav-kantorima-neokatekumenskih-zajednica-16-3-1980\/","title":{"rendered":"Pozdrav kantorima Neokatekumenskih zajednica 16-3-1980"},"content":{"rendered":"\n<h1 class=\"has-text-align-center wp-block-heading\">Pozdrav kantorima Neokatekumenskih zajednica 16-3-1980<\/h1>\n\n<div style=\"height:20px\" aria-hidden=\"true\" class=\"wp-block-spacer\"><\/div>\n\n<h4 class=\"has-text-align-center wp-block-heading\">Sv. Ivan Pavao II.<\/h4>\n\n<div style=\"height:20px\" aria-hidden=\"true\" class=\"wp-block-spacer\"><\/div>\n\n<p><strong>Rim, 16. o\u017eujka 1980.<\/strong><\/p>\n\n<p><em>Najbrojnija skupina bili su oko dvije tisu\u0107e kantora neokatekumenskih zajednica iz cijele Italije. U Rim su do\u0161li zbog susreta priprave na Pashu, koji je vodio Kiko Arg\u00fcello s namjerom da se kantore pripravi da \u0161to prikladnije vode Pashalno bdijenje koje \u0107e animirati razne neokatekumenske zajednice. Ovo su Papine rije\u010di:<\/em><\/p>\n\n<div class=\"wp-block-image\"><figure class=\"aligncenter size-full\"><img loading=\"lazy\" decoding=\"async\" width=\"720\" height=\"557\" src=\"https:\/\/neocatechumenaleiter.org\/wp-content\/uploads\/2020\/03\/Camino_Neocatecumenal_Juan_Pablo_II_encuentro_salmistas_1980.jpg\" alt=\"\" class=\"wp-image-8271\" srcset=\"https:\/\/neocatechumenaleiter.org\/wp-content\/uploads\/2020\/03\/Camino_Neocatecumenal_Juan_Pablo_II_encuentro_salmistas_1980.jpg 720w, https:\/\/neocatechumenaleiter.org\/wp-content\/uploads\/2020\/03\/Camino_Neocatecumenal_Juan_Pablo_II_encuentro_salmistas_1980-300x232.jpg 300w\" sizes=\"auto, (max-width: 720px) 100vw, 720px\" \/><\/figure><\/div>\n\n<p>\u00abPosebni pozdrav upu\u0107ujem pripadnicima neokatekumenskih zajednica koji se nude kao pomo\u0107 kr\u0161tenima da shvate, cijene i slijede neprocjenjivi dar sakramenta Kr\u0161tenja, putem stupnjevitog i intenzivnog itinerarija evangelizacije, kateheze i sudjelovanja u liturgijskom \u017eivotu, koji se na neki na\u010din poziva na katekumenat iz prvih vremena Crkve.<\/p>\n\n<p>Predragi, poti\u010dem vas da se sa \u0161to ve\u0107om velikodu\u0161no\u0161\u0107u zauzimate u\u00a0pridono\u0161enju izgradnje misti\u010dnog Tijela Kristova i u apostolatu Crkve,\u00a0i tako budete poslu\u0161ni Gospodinovoj zapovijedi: <em>\u201e<\/em>Po\u0111ite dakle i u\u010dinite mojim u\u010denicima sve narode krste\u0107i ih u ime Oca i Sina i Duha Svetoga\u201d (Mt 28,19). Neka vas vodi i daje vam snage stalna vjernost U\u010diteljstvu i poslu\u0161nost crkvenim Pastirima.<\/p>\n\n<p>Od srca vam \u017eelim da va\u0161e nakane \u017eivite predano i odu\u0161evljeno, u svjetlu Apostolske pobudnice \u201eEvangelii Nuntiandi\u201d, mog \u010dasnog prethodnika Pavla VI, i \u201eCatechesi Tradendae\u201d koju sam objavio na temelju smjernica Biskupske Sinode o katehezi. Neka vas prati moj blagoslov koji rado dajem vama i va\u0161im dragima\u00bb.<\/p>\n","protected":false},"excerpt":{"rendered":"<p>Pozdrav kantorima Neokatekumenskih zajednica 16-3-1980 Sv. Ivan Pavao II. Rim, 16. o\u017eujka 1980. Najbrojnija skupina bili su oko dvije tisu\u0107e kantora neokatekumenskih zajednica iz cijele Italije. U Rim su do\u0161li zbog susreta priprave na Pashu, koji je vodio Kiko Arg\u00fcello s namjerom da se kantore pripravi da \u0161to prikladnije vode Pashalno bdijenje koje \u0107e animirati razne neokatekumenske zajednice. Ovo su Papine rije\u010di: \u00abPosebni pozdrav upu\u0107ujem pripadnicima neokatekumenskih zajednica koji se<\/p>\n<div class=\"read-more\"><a class=\"btn read-more-btn\" href=\"https:\/\/neocatechumenaleiter.org\/hr\/rijeci-papa\/sv-ivan-pavao-ii\/pozdrav-kantorima-neokatekumenskih-zajednica-16-3-1980\/\">Nastavi \u010ditati<\/a><\/div>\n","protected":false},"author":2,"featured_media":0,"parent":9680,"menu_order":6,"comment_status":"closed","ping_status":"closed","template":"","meta":{"footnotes":""},"class_list":["post-10401","page","type-page","status-publish","hentry"],"_links":{"self":[{"href":"https:\/\/neocatechumenaleiter.org\/hr\/wp-json\/wp\/v2\/pages\/10401","targetHints":{"allow":["GET"]}}],"collection":[{"href":"https:\/\/neocatechumenaleiter.org\/hr\/wp-json\/wp\/v2\/pages"}],"about":[{"href":"https:\/\/neocatechumenaleiter.org\/hr\/wp-json\/wp\/v2\/types\/page"}],"author":[{"embeddable":true,"href":"https:\/\/neocatechumenaleiter.org\/hr\/wp-json\/wp\/v2\/users\/2"}],"replies":[{"embeddable":true,"href":"https:\/\/neocatechumenaleiter.org\/hr\/wp-json\/wp\/v2\/comments?post=10401"}],"version-history":[{"count":6,"href":"https:\/\/neocatechumenaleiter.org\/hr\/wp-json\/wp\/v2\/pages\/10401\/revisions"}],"predecessor-version":[{"id":23978,"href":"https:\/\/neocatechumenaleiter.org\/hr\/wp-json\/wp\/v2\/pages\/10401\/revisions\/23978"}],"up":[{"embeddable":true,"href":"https:\/\/neocatechumenaleiter.org\/hr\/wp-json\/wp\/v2\/pages\/9680"}],"wp:attachment":[{"href":"https:\/\/neocatechumenaleiter.org\/hr\/wp-json\/wp\/v2\/media?parent=10401"}],"curies":[{"name":"wp","href":"https:\/\/api.w.org\/{rel}","templated":true}]}}