{"id":10405,"date":"2020-03-02T02:12:50","date_gmt":"2020-03-02T01:12:50","guid":{"rendered":"https:\/\/neocatechumenaleiter.org\/rijeci-papa\/sv-ivan-pavao-ii\/pozdrav-skupinu-brace-iz-neokatekumenskih-zajednica-srednje-amerike-16-10-1980\/"},"modified":"2021-08-10T11:00:49","modified_gmt":"2021-08-10T10:00:49","slug":"pozdrav-skupinu-brace-iz-neokatekumenskih-zajednica-srednje-amerike-16-10-1980","status":"publish","type":"page","link":"https:\/\/neocatechumenaleiter.org\/hr\/rijeci-papa\/sv-ivan-pavao-ii\/pozdrav-skupinu-brace-iz-neokatekumenskih-zajednica-srednje-amerike-16-10-1980\/","title":{"rendered":"Pozdrav skupinu bra\u0107e iz neokatekumenskih zajednica Srednje Amerike 16-10-1980"},"content":{"rendered":"\n<h1 class=\"has-text-align-center wp-block-heading\">Pozdrav skupinu bra\u0107e iz neokatekumenskih zajednica Srednje Amerike 16-10-1980<\/h1>\n\n<div style=\"height:20px\" aria-hidden=\"true\" class=\"wp-block-spacer\"><\/div>\n\n<h4 class=\"has-text-align-center wp-block-heading\">Sv. Ivan Pavao II.<\/h4>\n\n<div style=\"height:20px\" aria-hidden=\"true\" class=\"wp-block-spacer\"><\/div>\n\n<p><strong>Op\u0107a Audijencija. Rim, \u00a016. listopada 1980.<\/strong><\/p>\n\n<p><em>Nakon \u0161to je odr\u017eao uobi\u010dajen govor vjernicima na op\u0107oj audijenciji Ivan Pavao II. uputio je pozdrav pojedina\u010dnim prisutnim skupinama. Raznim pripadnicima neokatekumenskog pokreta zemalja Latinske Amerike okupljenih u Rimu zbog me\u0111unarodnog sastanka glede slijede\u0107e Sinode o obitelji, Papa je rekao:<\/em><\/p>\n\n<div class=\"wp-block-image\"><figure class=\"alignright size-large\"><img loading=\"lazy\" decoding=\"async\" width=\"400\" height=\"320\" src=\"https:\/\/neocatechumenaleiter.org\/wp-content\/uploads\/2020\/03\/Camino_Neocatecumenal_Juan_Pablo_II_audiencia_general_1980.jpg\" alt=\"\" class=\"wp-image-7446\" srcset=\"https:\/\/neocatechumenaleiter.org\/wp-content\/uploads\/2020\/03\/Camino_Neocatecumenal_Juan_Pablo_II_audiencia_general_1980.jpg 400w, https:\/\/neocatechumenaleiter.org\/wp-content\/uploads\/2020\/03\/Camino_Neocatecumenal_Juan_Pablo_II_audiencia_general_1980-300x240.jpg 300w\" sizes=\"auto, (max-width: 400px) 100vw, 400px\" \/><\/figure><\/div>\n\n<p>\u00abNa ovoj audijenciji prisutna je skupina sve\u0107enika, bra\u010dnih parova i katehista Neokatekumenskog pokreta iz raznih zemalja srednje Amerike. Srda\u010dno vas pozdravljam, ljubljena bra\u0107o i sestre koji se posve\u0107ujete zada\u0107i kojoj Crkva pridaje veliku va\u017enost:\u00a0izgradnja crkvenih zajednica u vjeri putem sistematske, \u010dvrste, progresivne kateheze. Velikodu\u0161no prionite uz ovaj toliko potreban posao; budite vjerni osobnom iskustvu kr\u0161\u0107anske poruke i svjedo\u010danstvu drugih.<\/p>\n\n<p>Blagoslivljam va\u0161u nakanu intimnog zajedni\u0161tva s va\u0161im Pastirima, va\u0161im radom i crkvenim osobama, obiteljima i zajednicama\u00bb.<\/p>\n","protected":false},"excerpt":{"rendered":"<p>Pozdrav skupinu bra\u0107e iz neokatekumenskih zajednica Srednje Amerike 16-10-1980 Sv. Ivan Pavao II. Op\u0107a Audijencija. Rim, \u00a016. listopada 1980. Nakon \u0161to je odr\u017eao uobi\u010dajen govor vjernicima na op\u0107oj audijenciji Ivan Pavao II. uputio je pozdrav pojedina\u010dnim prisutnim skupinama. Raznim pripadnicima neokatekumenskog pokreta zemalja Latinske Amerike okupljenih u Rimu zbog me\u0111unarodnog sastanka glede slijede\u0107e Sinode o obitelji, Papa je rekao: \u00abNa ovoj audijenciji prisutna je skupina sve\u0107enika, bra\u010dnih parova i katehista<\/p>\n<div class=\"read-more\"><a class=\"btn read-more-btn\" href=\"https:\/\/neocatechumenaleiter.org\/hr\/rijeci-papa\/sv-ivan-pavao-ii\/pozdrav-skupinu-brace-iz-neokatekumenskih-zajednica-srednje-amerike-16-10-1980\/\">Nastavi \u010ditati<\/a><\/div>\n","protected":false},"author":2,"featured_media":0,"parent":9680,"menu_order":0,"comment_status":"closed","ping_status":"closed","template":"","meta":{"footnotes":""},"class_list":["post-10405","page","type-page","status-publish","hentry"],"_links":{"self":[{"href":"https:\/\/neocatechumenaleiter.org\/hr\/wp-json\/wp\/v2\/pages\/10405","targetHints":{"allow":["GET"]}}],"collection":[{"href":"https:\/\/neocatechumenaleiter.org\/hr\/wp-json\/wp\/v2\/pages"}],"about":[{"href":"https:\/\/neocatechumenaleiter.org\/hr\/wp-json\/wp\/v2\/types\/page"}],"author":[{"embeddable":true,"href":"https:\/\/neocatechumenaleiter.org\/hr\/wp-json\/wp\/v2\/users\/2"}],"replies":[{"embeddable":true,"href":"https:\/\/neocatechumenaleiter.org\/hr\/wp-json\/wp\/v2\/comments?post=10405"}],"version-history":[{"count":6,"href":"https:\/\/neocatechumenaleiter.org\/hr\/wp-json\/wp\/v2\/pages\/10405\/revisions"}],"predecessor-version":[{"id":23990,"href":"https:\/\/neocatechumenaleiter.org\/hr\/wp-json\/wp\/v2\/pages\/10405\/revisions\/23990"}],"up":[{"embeddable":true,"href":"https:\/\/neocatechumenaleiter.org\/hr\/wp-json\/wp\/v2\/pages\/9680"}],"wp:attachment":[{"href":"https:\/\/neocatechumenaleiter.org\/hr\/wp-json\/wp\/v2\/media?parent=10405"}],"curies":[{"name":"wp","href":"https:\/\/api.w.org\/{rel}","templated":true}]}}