{"id":11212,"date":"2020-03-02T02:22:10","date_gmt":"2020-03-02T01:22:10","guid":{"rendered":"https:\/\/neocatechumenaleiter.org\/rijeci-papa\/sv-ivan-pavao-ii\/pohod-zupi-rodenja-nasega-gospodina-isusa-krista-14-12-1980\/"},"modified":"2021-08-10T11:01:00","modified_gmt":"2021-08-10T10:01:00","slug":"pohod-zupi-rodenja-nasega-gospodina-isusa-krista-14-12-1980","status":"publish","type":"page","link":"https:\/\/neocatechumenaleiter.org\/hr\/rijeci-papa\/sv-ivan-pavao-ii\/pohod-zupi-rodenja-nasega-gospodina-isusa-krista-14-12-1980\/","title":{"rendered":"Pohod \u017eupi Ro\u0111enja na\u0161ega Gospodina Isusa Krista 14-12-1980"},"content":{"rendered":"\n<h1 class=\"has-text-align-center wp-block-heading\">Pohod \u017eupi Ro\u0111enja na\u0161ega Gospodina Isusa Krista 14-12-1980<\/h1>\n\n<div style=\"height:20px\" aria-hidden=\"true\" class=\"wp-block-spacer\"><\/div>\n\n<h4 class=\"has-text-align-center wp-block-heading\">Sv. Ivan Pavao II.<\/h4>\n\n<div style=\"height:20px\" aria-hidden=\"true\" class=\"wp-block-spacer\"><\/div>\n\n<p><strong>Rim, 14. prosinca 1980.<\/strong><\/p>\n\n<p><em>Neokatekumenske zajednice prisutne su, hodaju onim \u0161to nazivaju \u201ePut&#8221; i apostolsko rade u raznim \u017eupama u Rimu. Zbog toga ih papa \u010desto susre\u0107e tijekom svojih pastoralnih posjeta razli\u010ditim gradskim \u017eupama i uvijek se njima obra\u0107a rije\u010dima ohrabrenja. Ovdje se pozivamo na sastanak koji se odr\u017eao u nedjelju, 14. prosinca, u rimskoj \u017eupi Ro\u0111enja na\u0161ega Gospodina Isusa Krista, gdje ima \u00a0\u010detiri neokatekumenske zajednice. U kripti hrama, gdje se susre\u0107u zajednice, Kiko je u ime svih pozdravio Svetoga Oca, i Ivan Pavao II.<\/em> <em>spontano govorio im je ovako:<\/em><\/p>\n\n<div class=\"wp-block-image\"><figure class=\"alignright size-large\"><img loading=\"lazy\" decoding=\"async\" width=\"273\" height=\"404\" src=\"https:\/\/neocatechumenaleiter.org\/wp-content\/uploads\/2020\/03\/Camino_Neocatecumenal_Juan_Pablo_II_visita_parroquia_Natividad_1980.jpg\" alt=\"\" class=\"wp-image-7424\" srcset=\"https:\/\/neocatechumenaleiter.org\/wp-content\/uploads\/2020\/03\/Camino_Neocatecumenal_Juan_Pablo_II_visita_parroquia_Natividad_1980.jpg 273w, https:\/\/neocatechumenaleiter.org\/wp-content\/uploads\/2020\/03\/Camino_Neocatecumenal_Juan_Pablo_II_visita_parroquia_Natividad_1980-203x300.jpg 203w\" sizes=\"auto, (max-width: 273px) 100vw, 273px\" \/><\/figure><\/div>\n\n<p>\u00abMnogo puta smo se susreli u raznim rimskim \u017eupama, a zadnji put to je bilo u \u017eupi Kanadskih mu\u010denika. Do\u0161av\u0161i ovamo, susreo sam mnogo djece i grlio ih, \u0161to me je odmah navelo na razmi\u0161ljanje o rije\u010dima na\u0161ega Gospodina, koji je jednom rekao da svi moramo postati kao djeca; i onda kad imamo pedeset ili \u0161ezdeset godina, kao ja, i vi\u0161e, moramo biti kao djeca. Rije\u010d je upravo o nadnaravnom posinjenju, onom \u0161to je ukorijenjeno, zapo\u010deto u nama u \u010dasu kr\u0161tenja. Vi koji ste, kao neokatekumeni, u va\u0161oj duhovnosti usredoto\u010deni na otajstvo kr\u0161tenja, morate radikalno \u017eivjeti otajstvo Bo\u017ejeg posinjenja, da ste djeca Bo\u017eja, i sve \u0161to proizlazi iz te stvarnosti, koja sa\u010dinjava pravu dinamiku Bo\u017ejega posinjenja.<\/p>\n\n<p>To je ono bitno \u0161to sam vam htio re\u0107i; ali vama to govorim na posebni na\u010din, jer ste \u017eupljani \u017eupe Kristova Ro\u0111enja, u kojoj je otajstvo utjelovljenoga Sina Bo\u017ejega u sredi\u0161tu zajedni\u010dkog \u017eivota, a i zato jer je blizu blagdan Bo\u017ei\u0107a. \u017delim vam da uvijek hodate i uvijek napredujete u onoj unutra\u0161njoj i nadnaravnoj stvarnosti, a to je stvarnost milosti, milosti posinjenih sinova Bo\u017ejih, sli\u010dnih njegovu Jedinoro\u0111enom Sinu, koji je postao \u010dovjekom da nam se pribli\u017ei i da nas u\u010dini sli\u010dnima sebi\u00bb.&#13;\n&#13;\nZatim je Kiko predstavio papi, neke katehiste-itinerante, koji su formirani u \u017eupi Kristova Ro\u0111enja, a sada svoje svjedo\u010denje pronose po raznim zemljama svijeta. Medu njima je bio i jedan mladi sve\u0107enik, koji se je upravo bio vratio iz Latinske Amerike, te je htio prikazati dramati\u010dnost situacije s kojom se susre\u0107u misionari i katehisti, na posebni na\u010din u Srednjoj Americi.&#13;\n&#13;\n\u201ePotrebno nam je &#8211; rekao je sve\u0107enik &#8211; da budemo ohrabreni, Sveti O\u010de, jer Srednja Amerika pro\u017eivljava vrlo te\u0161ku situaciju. Vratili smo se ovamo pitaju\u0107i se, poput sv. Pavla, da nismo tr\u010dali uzalud, jer se nalazimo u jednoj situaciji u kojoj ne znamo je li Kristova Crkva ona revolucije, kako nam mnogi tamo ka\u017eu, ili je navije\u0161tati Isusa Krista&#8221;.<\/p>\n\n<p><em>Jo\u0161 prije nego li je sve\u0107enik zavr\u0161io svoj govor, Sveti Otac je rekao glasno i jasno:<\/em><\/p>\n\n<p><strong>Navije\u0161tati jedino Krista!<\/strong><\/p>\n\n<p>\u201eOdmah ti odgovaram: navije\u0161tati Krista! I jedino Krista. Krista! Topli pljesak popratio je papine rije\u010di. Mogu dodati &#8211; nastavio je papa &#8211; ne pro\u0111e ni jedan dan, a da se ja ne molim za te zemlje, posebno za one najugro\u017eenije, koje pratim s ljubavlju i nadom. Morate znati &#8211; nastavio je papa poslije \u010dasovite stanke &#8211; da je ondje i jedna vrlo jaka Majka!\u201c.<\/p>\n","protected":false},"excerpt":{"rendered":"<p>Pohod \u017eupi Ro\u0111enja na\u0161ega Gospodina Isusa Krista 14-12-1980 Sv. Ivan Pavao II. Rim, 14. prosinca 1980. Neokatekumenske zajednice prisutne su, hodaju onim \u0161to nazivaju \u201ePut&#8221; i apostolsko rade u raznim \u017eupama u Rimu. Zbog toga ih papa \u010desto susre\u0107e tijekom svojih pastoralnih posjeta razli\u010ditim gradskim \u017eupama i uvijek se njima obra\u0107a rije\u010dima ohrabrenja. Ovdje se pozivamo na sastanak koji se odr\u017eao u nedjelju, 14. prosinca, u rimskoj \u017eupi Ro\u0111enja na\u0161ega<\/p>\n<div class=\"read-more\"><a class=\"btn read-more-btn\" href=\"https:\/\/neocatechumenaleiter.org\/hr\/rijeci-papa\/sv-ivan-pavao-ii\/pohod-zupi-rodenja-nasega-gospodina-isusa-krista-14-12-1980\/\">Nastavi \u010ditati<\/a><\/div>\n","protected":false},"author":2,"featured_media":0,"parent":9680,"menu_order":8,"comment_status":"closed","ping_status":"closed","template":"","meta":{"footnotes":""},"class_list":["post-11212","page","type-page","status-publish","hentry"],"_links":{"self":[{"href":"https:\/\/neocatechumenaleiter.org\/hr\/wp-json\/wp\/v2\/pages\/11212","targetHints":{"allow":["GET"]}}],"collection":[{"href":"https:\/\/neocatechumenaleiter.org\/hr\/wp-json\/wp\/v2\/pages"}],"about":[{"href":"https:\/\/neocatechumenaleiter.org\/hr\/wp-json\/wp\/v2\/types\/page"}],"author":[{"embeddable":true,"href":"https:\/\/neocatechumenaleiter.org\/hr\/wp-json\/wp\/v2\/users\/2"}],"replies":[{"embeddable":true,"href":"https:\/\/neocatechumenaleiter.org\/hr\/wp-json\/wp\/v2\/comments?post=11212"}],"version-history":[{"count":4,"href":"https:\/\/neocatechumenaleiter.org\/hr\/wp-json\/wp\/v2\/pages\/11212\/revisions"}],"predecessor-version":[{"id":24009,"href":"https:\/\/neocatechumenaleiter.org\/hr\/wp-json\/wp\/v2\/pages\/11212\/revisions\/24009"}],"up":[{"embeddable":true,"href":"https:\/\/neocatechumenaleiter.org\/hr\/wp-json\/wp\/v2\/pages\/9680"}],"wp:attachment":[{"href":"https:\/\/neocatechumenaleiter.org\/hr\/wp-json\/wp\/v2\/media?parent=11212"}],"curies":[{"name":"wp","href":"https:\/\/api.w.org\/{rel}","templated":true}]}}