{"id":11227,"date":"2020-03-02T19:43:56","date_gmt":"2020-03-02T18:43:56","guid":{"rendered":"https:\/\/neocatechumenaleiter.org\/rijeci-papa\/sv-ivan-pavao-ii\/privatna-audijencija-za-katehiste-itinerante-u-sali-clementini-7-1-1982\/"},"modified":"2021-08-10T11:01:22","modified_gmt":"2021-08-10T10:01:22","slug":"privatna-audijencija-za-katehiste-itinerante-u-sali-clementini-7-1-1982","status":"publish","type":"page","link":"https:\/\/neocatechumenaleiter.org\/hr\/rijeci-papa\/sv-ivan-pavao-ii\/privatna-audijencija-za-katehiste-itinerante-u-sali-clementini-7-1-1982\/","title":{"rendered":"Privatna audijencija za katehiste itinerante u Sali Clementini 7-1-1982"},"content":{"rendered":"\n<h1 class=\"has-text-align-center wp-block-heading\">Privatna audijencija za katehiste itinerante u Sali Clementini 7-1-1982<\/h1>\n\n<div style=\"height:20px\" aria-hidden=\"true\" class=\"wp-block-spacer\"><\/div>\n\n<h4 class=\"has-text-align-center wp-block-heading\">Sv. Ivan Pavao II<\/h4>\n\n<div style=\"height:20px\" aria-hidden=\"true\" class=\"wp-block-spacer\"><\/div>\n\n<p><strong>Rim, 7. sije\u010dnja 1982. *<\/strong><\/p>\n\n<p><em>Sveti Otac primio je u audijenciju vi\u0161e od tri stotine katehista itineranata iz sedamdeset zemalja, Kiko je predstavio rije\u010dima: <\/em><\/p>\n\n<p>\u00abPredragi O\u010de:&#13;\n&#13;\nOvdje je nazo\u010dno tri stotine katehista itineranata iz neokatekumenskih zajednica, koji su u sedamdeset zemalja osnovali neokatekumenski put. Te male ekipe za evangelizaciju sastavljene od jednog prezbitera i dva laika, te su, kao mala zajednica, slika Svete obitelji Nazaretske, i poma\u017eu da se u \u017eupu unese obnova Drugog vatikanskog koncila.\u00a0Ja bih, O\u010de, htio vrlo ukratko predstaviti prezbitere itinerante koji su do\u0161li iz svih naroda, iz Australije, iz Afrike, itd&#8230;\u00a0Bra\u010dne parove, obitelji koje su prodale sva svoja dobra i oti\u0161le sa svojom djecom da navje\u0161taju Evan\u0111elje, da budu na pomo\u0107 misionarima po cijelom svijetu.\u00a0Tu su i djevojke koje svoj \u017eivot \u017ertvuju za navije\u0161tanje Evan\u0111elja.\u00a0Napokon i mladi\u0107i, momci, koji tako\u0111er svoj \u017eivot \u017ertvuju u navije\u0161tanju Evan\u0111elja: nedavno su petorica od njih odlu\u010dili po\u0107i u sjemeni\u0161te.<\/p>\n\n<p>Vidjeli smo, O\u010de, kako u mjestima u kojima ve\u0107 kroz deset godina neokatekumenski put ide naprijed, po\u010dinju nicati zvanja.&#13;\n&#13;\nVeoma smo zadovoljni. Ove je godine ustalo za ulazak u sjemeni\u0161te pedeset i sedam mladi\u0107a iz Italije i \u010detrdeset i dvojica iz \u0160panjolske. Okupljeni u blizini loretskog sveti\u0161ta, dvadeset dana smo razmi\u0161ljali o svemu \u0161to je Bog u\u010dinio u raznim narodima u kojima vr\u0161imo na\u0161e slu\u017eenje evangelizaciji. I\u0161li smo u to sveti\u0161te da tu, u Loretu, u onoj maloj ku\u0107ici, pred noge Djevice Marije stavimo i Njoj povjerimo na\u0161e poslanje, a na\u0161e je poslanje to da u \u017eupama osnivamo male zajednice koje, poput Svete Obitelji Nazaretske, \u017eive u poniznosti, jednostavnosti i zahvaljivanju; i da nam pomogne u tom i\u0107i naprijed. Na\u0161a je najve\u0107a \u017eelja, koju smo kao tajnu molili od Djevice, oduvijek bila ta da bismo ovu bra\u0107u mogli dovesti ovamo gdje stanuje Petar, &#8220;stijena&#8221; na kojoj je Krist utemeljio svoju Crkvu. Budu\u0107i da ova bra\u0107a koja su se popela na Bo\u017eju Merkaba moraju sa mnogim biskupima u mnogim zemljama govoriti o evangelizaciji, mi smo, eto, htjeli da na\u0161e najdublje prianjanje uz Vas iska\u017eemo s nekom vrstom geste prianjanja. Ja sam ih najprije pitao: &#8220;Priznajete li vi da je biskup Rima, Petar, stijena na kojoj je Krist sagradio svoju Crkvu?&#8221; i svi su odgovorili da priznaju.<\/p>\n\n<p>Zatim sam ih pitao: \u201eObe\u0107ajte li poslu\u0161nost i vjernost Petru i svim biskupima koji su s njim u zajedni\u0161tvu?\u201c i svi su to obe\u0107ali. Jo\u0161 sam ih pitao jesu li spremni \u017ertvovati i svoj \u017eivot u slu\u017eenju Crkvi, poma\u017eu\u0107i joj u promicanju obnove Drugog vatikanskog koncila kroz ovaj Neokatekumenski put, koji ide za tim da obnovi kr\u0161tenje u kr\u0161\u0107anima. I svi su rekli: da. Stoga, O\u010de, ja bih htio &#8211; ako mi dopustite &#8211; u ime svih njih, kleknuti pred Vas, i sa mnom sva ova bra\u0107a, kao malom gestom potpunog prianjanja uz Petra. Jer, O\u010de, ja sam im rekao ovo: kroz moje iskustvo u mnogim narodima i kroz sve patnje koje sam podnio, shvatio sam da je Bog poslu\u0161an svojim biskupima, sam Bog njima je poslu\u0161an. To me je tako impresioniralo, da sam mislio: Ako li im je sam Bog poslu\u0161an, kako da im ne budem poslu\u0161an i ja i svi mi?<\/p>\n\n<p>Htio bih dakle, O\u010de, kleknuti pred Vas\u00bb.<\/p>\n\n<p><em>(Kiko prilazi papinu prijestolju i klekne, u me\u0111uvremenu svi itineranti kle\u010de: papa pru\u017ea ruku da ga poljubi i ustaju\u0107i nasloni drugu ruku na Kikova le\u0111a; tada pozove sve da ustanu).\u00a0<\/em><em>Na kraju papa se je katehistima itinerantima obratio slijede\u0107im rije\u010dima: <\/em><\/p>\n\n<div class=\"wp-block-image\"><figure class=\"alignleft size-medium\"><img loading=\"lazy\" decoding=\"async\" width=\"300\" height=\"242\" src=\"https:\/\/neocatechumenaleiter.org\/wp-content\/uploads\/2020\/03\/Camino_Neocatecumenal_Juan_Pablo_II_audiencia_catequistas_itinerantes_1982-300x242.jpg\" alt=\"\" class=\"wp-image-1634\" srcset=\"https:\/\/neocatechumenaleiter.org\/wp-content\/uploads\/2020\/03\/Camino_Neocatecumenal_Juan_Pablo_II_audiencia_catequistas_itinerantes_1982-300x242.jpg 300w, https:\/\/neocatechumenaleiter.org\/wp-content\/uploads\/2020\/03\/Camino_Neocatecumenal_Juan_Pablo_II_audiencia_catequistas_itinerantes_1982.jpg 695w\" sizes=\"auto, (max-width: 300px) 100vw, 300px\" \/><\/figure><\/div>\n\n<p>\u00abLjubljeni:&#13;\n&#13;\n1. Iskreno se radujem da se danas mogu susresti s vama, katehisti-itineranti iz brojnih neokatekumenskih zajednica, a ujedno vam \u017eelim izraziti moje zadovoljstvo sa rije\u010dju ohrabrenja u va\u0161em katehetskom zalaganju, tako dragocjenom za cijelu crkvenu zajednicu. Vi kanite u punini \u017eivjeti temeljni navje\u0161taj vjere, radosnu vijest da je Isus Krist iz Nazareta vje\u010dni Sin Bo\u017eji, utjelovljen i uskrsnuo radi na\u0161ega spasenja; vi ho\u0107ete da u svoj dubini usvojite onu neraskidivu vezu koja postoji izme\u0111u prianjanja uz navje\u0161taj \u017eivota i uskrsnu\u0107a i trajnog unutarnjeg obra\u0107enja, \u0161to sobom donosi promjenu mentaliteta, stavova, pona\u0161anja sebi\u010dnosti, zatvorenosti, samodostatnosti, tako da biste usvojili novu perspektivu i nova gledanja, -temeljene upravo na navije\u0161tanju Isusa Krista, &#8211; \u0161to zahtijeva ponizno otvaranje prema Bogu i svoj bra\u0107i.\u00a0Na ovom putu vjere koji se zacijelo, odvija u napornim etapama neizbje\u017enim pote\u0161ko\u0107ama, podr\u017eava vas, ja\u010da vas, prosvjetljuje i usmjeruje Rije\u010d Bo\u017eja, Sveto Pismo, koje valja produbljivati, \u010ditati, meditirati, prou\u010davati, sa svije\u0161\u0107u da ono nije obi\u010dna knjiga, nego da je sam Bog taj koji govori, djeluje, tra\u017ei, zahva\u0107a, poziva na pozorno slu\u0161anje, \u0161to sve dovodi do potpunog prianjanja uz Njegovu volju. A Rije\u010d Bo\u017eja, bilo ona Staroga ili Novoga Zavjeta, daje vam da se susretnete s Onim koji ispunja cijelo Pismo, to jest s Isusom Kristom, koji se je po utjelovljenju \u201ena neki na\u010din sjedinio sa svakim \u010dovjekom\u201c (usp. Gaudium et Spes, br. 22).<\/p>\n\n<div class=\"wp-block-image\"><figure class=\"alignright size-medium\"><img loading=\"lazy\" decoding=\"async\" width=\"300\" height=\"242\" src=\"https:\/\/neocatechumenaleiter.org\/wp-content\/uploads\/2020\/03\/Camino_Neocatecumenal_Juan_Pablo_II_audiencia_catequistas_itinerantes_19822-300x242.jpg\" alt=\"\" class=\"wp-image-1641\" srcset=\"https:\/\/neocatechumenaleiter.org\/wp-content\/uploads\/2020\/03\/Camino_Neocatecumenal_Juan_Pablo_II_audiencia_catequistas_itinerantes_19822-300x242.jpg 300w, https:\/\/neocatechumenaleiter.org\/wp-content\/uploads\/2020\/03\/Camino_Neocatecumenal_Juan_Pablo_II_audiencia_catequistas_itinerantes_19822.jpg 694w\" sizes=\"auto, (max-width: 300px) 100vw, 300px\" \/><\/figure><\/div>\n\n<p>2. U va\u0161im zajedni\u010dkim razmi\u0161ljanjima vi ste htjeli razmatrati o temeljnoj vrijednosti sakramenta kr\u0161tenja u duhovnom itinerariju kr\u0161\u0107anina, sa \u017eeljom da u va\u0161em kr\u0161\u0107anskom \u017eivotu obnovite cjelokupno i bogato iskustvo kroz koje je Crkva prvih stolje\u0107a vodila svoju novu djecu.\u00a0Ne upadaju\u0107i u laki arheologizam u modi, budite svjesni da ostvarivanje krsne dimenzije zna\u010di, prije svega, na samom njegovu izvoru upiti autenti\u010dni identitet onoga \u201ebiti kr\u0161\u0107anin&#8221;; to jest, \u017eivjeti duboku promjenu koja se je dogodila u na\u0161oj ljudskoj stvarnosti sa prodorom Bo\u017eje milosti &#8211; da smo postali \u017eivi hramovi Presvetoga Trojstva, loze na trsu &#8211; Kristu, udovi Misti\u010dnoga Tijela, potpunoga Krista, to jest Crkve. Pi\u0161u\u0107i o divnim nadnaravnim u\u010dincima kr\u0161tenja, sv. Fulbert iz Chartres-a (\u0160artra), biskup ovako se izra\u017eava: &#8220;Znamo sa sigurno\u0161\u0107u da smo, gre\u0161nici u prvom ro\u0111enju, &#8211; oprani u drugom; robovi u prvom &#8211; postali smo slobodni u drugom; zemaljski u prvom &#8211; nebeski smo po drugom; tjelesni zbog grijeha u prvom ro\u0111enju &#8211; postajemo duhovni po milosti drugoga; po onom djeca smo srd\u017ebe, po ovom djeca milosti. Tko, dakle, uvrijedi dostojanstvo kr\u0161tenja, neka zna da vrije\u0111a samoga Boga\u201c&#8230;&#13;\n&#13;\n\u201eUpoznati dubinu otajstva kr\u0161tenja\u201c (Ep. 5: PL 141, 198s) Euharistiji jest milost nauka o spasenju.\u00a0Ostvariti krsnu dimenziju zna\u010di intimno se sjediniti sa Kristom u Euharistiji, izvoru i vrhuncu kr\u0161\u0107anskog \u017eivota i cijele evangelizacije (usp. Lumen Gentium, 11; Presbyterorum ordinis, 5).\u00a0To zna\u010di ljubiti velikodu\u0161no, konkretno, u\u010dinkovito sve ljude, osobito one koji su duhovno ili materijalno siroma\u0161ni i potrebni; zna\u010di preina\u010diti sav vlastiti moralni \u017eivot, dosljedno u skladu s krsnim obe\u0107anjima.&#13;\n&#13;\n&#8220;Ovaj Put, put vjere, put nanovo otkrivenog kr\u0161tenja -kako sam rekao va\u0161im prijateljima iz \u017eupe Svetih Kanadskih mu\u010denika u Rimu- mora biti put novoga \u010dovjeka. Ovaj \u010dovjek vidi kakav je pravi razmjer, ili bolje nerazmjer, njegova stvorenoga bi\u0107a, njegova stvarala\u0161tva s obzirom na Stvoritelja, na Njegovo beskrajno Veli\u010danstvo, na Boga Otkupitelja, Boga svetoga i posve\u0107uju\u0107ega, i nastoji se ostvariti u toj perspektivi&#8221; (Insegnamenti di Giovanni Paolo II, 111\/2, 1980, st. 1044).<\/p>\n\n<p>3. U ovom nam Bo\u017ei\u0107nom liturgijskom vremenu Matejevo Lukino Evan\u0111elje predstavljaju nekoliko osoba. Njihovo pona\u0161anje prema novoro\u0111enom Isusu za nas je izvanredan uzor: misteriozni Mudraci sa bogatstvom njihove kulture, sa njihovim pa\u017eljivim i srda\u010dnim oslu\u0161kivanjem Nadnaravnoga. Siroma\u0161ni pastiri, budni uz svoja stada, spremni i poslu\u0161ni na glas an\u0111ela; Josip, \u010dovjek pravedan, koji u zanesenosti sna oslu\u0161kuje volju Vje\u010dnoga; i nadasve Marija, Djevica Majka, koja se potpuno predala Bogu te izgovara svoj Fiat (&#8220;Neka mi bude&#8221;) i u krilu za\u010dinje Sina Svevi\u0161njega, da bi ga predstavila i darovala ljudima. Njoj na posebni na\u010din, predraga bra\u0107o i sestre, povjeravam vas i va\u0161u velikodu\u0161nu anga\u017eiranost, da biste u potpunom i jednodu\u0161nom prianjanju uz Crkvu i uvijek pod pastirskim vodstvom biskupa, dali va\u0161 osobni doprinos temeljnom djelu kateheze, i to tako da ne predajete ni neku va\u0161u nauku ni bilo kojeg drugog u\u010ditelja, nego &#8220;nauku Isusa Krista, istinu koju on u\u010di; to\u010dnije; istinu koja On jest&#8221; (es. Ap. Catechesi Tradendae, 6).<\/p>\n\n<p><strong>S ovim \u017eeljama i u znak moje ljubavi od srca vam podjeljujem apostolski blagoslov<\/strong><strong>\u00bb<\/strong><strong>.<\/strong><\/p>\n\n<p><em>(*) Cfr. \u00abL\u2019Osservatore Romano\u00bb, 7-8 sije\u010dnja 1982.<\/em><\/p>\n","protected":false},"excerpt":{"rendered":"<p>Privatna audijencija za katehiste itinerante u Sali Clementini 7-1-1982 Sv. Ivan Pavao II Rim, 7. sije\u010dnja 1982. * Sveti Otac primio je u audijenciju vi\u0161e od tri stotine katehista itineranata iz sedamdeset zemalja, Kiko je predstavio rije\u010dima: \u00abPredragi O\u010de:&#13; &#13; Ovdje je nazo\u010dno tri stotine katehista itineranata iz neokatekumenskih zajednica, koji su u sedamdeset zemalja osnovali neokatekumenski put. Te male ekipe za evangelizaciju sastavljene od jednog prezbitera i dva laika,<\/p>\n<div class=\"read-more\"><a class=\"btn read-more-btn\" href=\"https:\/\/neocatechumenaleiter.org\/hr\/rijeci-papa\/sv-ivan-pavao-ii\/privatna-audijencija-za-katehiste-itinerante-u-sali-clementini-7-1-1982\/\">Nastavi \u010ditati<\/a><\/div>\n","protected":false},"author":2,"featured_media":0,"parent":9680,"menu_order":12,"comment_status":"closed","ping_status":"closed","template":"","meta":{"footnotes":""},"class_list":["post-11227","page","type-page","status-publish","hentry"],"_links":{"self":[{"href":"https:\/\/neocatechumenaleiter.org\/hr\/wp-json\/wp\/v2\/pages\/11227","targetHints":{"allow":["GET"]}}],"collection":[{"href":"https:\/\/neocatechumenaleiter.org\/hr\/wp-json\/wp\/v2\/pages"}],"about":[{"href":"https:\/\/neocatechumenaleiter.org\/hr\/wp-json\/wp\/v2\/types\/page"}],"author":[{"embeddable":true,"href":"https:\/\/neocatechumenaleiter.org\/hr\/wp-json\/wp\/v2\/users\/2"}],"replies":[{"embeddable":true,"href":"https:\/\/neocatechumenaleiter.org\/hr\/wp-json\/wp\/v2\/comments?post=11227"}],"version-history":[{"count":4,"href":"https:\/\/neocatechumenaleiter.org\/hr\/wp-json\/wp\/v2\/pages\/11227\/revisions"}],"predecessor-version":[{"id":14563,"href":"https:\/\/neocatechumenaleiter.org\/hr\/wp-json\/wp\/v2\/pages\/11227\/revisions\/14563"}],"up":[{"embeddable":true,"href":"https:\/\/neocatechumenaleiter.org\/hr\/wp-json\/wp\/v2\/pages\/9680"}],"wp:attachment":[{"href":"https:\/\/neocatechumenaleiter.org\/hr\/wp-json\/wp\/v2\/media?parent=11227"}],"curies":[{"name":"wp","href":"https:\/\/api.w.org\/{rel}","templated":true}]}}