{"id":12208,"date":"2020-05-26T09:49:32","date_gmt":"2020-05-26T08:49:32","guid":{"rendered":"https:\/\/neocatechumenaleiter.org\/rijeci-papa\/sv-ivan-pavao-ii\/pozdrav-sudioncima-skupa-o-pokori-i-pomirenje-za-vrijeme-nedjeljnog-anegelus-a-13-2-1983\/"},"modified":"2020-09-02T13:21:55","modified_gmt":"2020-09-02T12:21:55","slug":"pozdrav-sudioncima-skupa-o-pokori-i-pomirenje-za-vrijeme-nedjeljnog-anegelus-a-13-2-1983","status":"publish","type":"page","link":"https:\/\/neocatechumenaleiter.org\/hr\/rijeci-papa\/sv-ivan-pavao-ii\/pozdrav-sudioncima-skupa-o-pokori-i-pomirenje-za-vrijeme-nedjeljnog-anegelus-a-13-2-1983\/","title":{"rendered":"Pozdrav sudioncima skupa o \u00abPokori I Pomirenje\u00bb za vrijeme nedjeljnog Anegelus-a 13-2-1983"},"content":{"rendered":"\n<h1 class=\"has-text-align-center wp-block-heading\">Pozdrav sudioncima skupa o \u00abPokori I Pomirenje\u00bb za vrijeme nedjeljnog Anegelus-a 13-2-1983<\/h1>\n\n<div style=\"height:20px\" aria-hidden=\"true\" class=\"wp-block-spacer\"><\/div>\n\n<h4 class=\"has-text-align-center wp-block-heading\">Sv. Ivan Pavao II.<\/h4>\n\n<div style=\"height:20px\" aria-hidden=\"true\" class=\"wp-block-spacer\"><\/div>\n\n<p><strong>Trg Sv. Petra, 13. velja\u010de 1983.<\/strong><\/p>\n\n<p><em>Za vrijeme nedjeljnog \u201eAngelus-a\u201c Sveti Otac uputio je neke posebne pozdrave prisutnim skupinama i rekao:<\/em><\/p>\n\n<p>\u017delim toplo pozdraviti brojnu skupinu ovdje prisutnih koji su ovih dana sudjelovali u Rimu na sastanku o \u201ePokori Pomirenju\u201c koji su uprili\u010dile neokatekumenske zajednice.  Predraga bra\u0107o, \u017eelim vam jo\u0161 jednom izraziti svoje zadovoljstvo za ovaj va\u0161 sastanak na kojem je bilo nazo\u010dno oko \u0161ezdeset biskupa i dvije tisu\u0107e \u017eupnika i sve\u0107enika iz pet kontinenata da bi razmi\u0161ljali o skoroj Biskupskoj sinodi.  U susretu s vama, pro\u0161log \u010detvrtka, mogao sam jo\u0161 jednom vrednovati zanos koji vas odlikuje.  Nastavite neumornom i uvijek obnovljenom velikodu\u0161no\u0161\u0107u u va\u0161em zalaganju za apostolat i kr\u0161\u0107ansko svjedo\u010danstvo, posebno na polju kateheze gdje ste ovih godina donijeli tolike plodove dobra.  Moj apostolski blagoslov neka prati sve vas i sve \u010dlanove neokatekumenskih zajednica u svijetu.<\/p>\n","protected":false},"excerpt":{"rendered":"<p>Pozdrav sudioncima skupa o \u00abPokori I Pomirenje\u00bb za vrijeme nedjeljnog Anegelus-a 13-2-1983 Sv. Ivan Pavao II. Trg Sv. Petra, 13. velja\u010de 1983. Za vrijeme nedjeljnog \u201eAngelus-a\u201c Sveti Otac uputio je neke posebne pozdrave prisutnim skupinama i rekao: \u017delim toplo pozdraviti brojnu skupinu ovdje prisutnih koji su ovih dana sudjelovali u Rimu na sastanku o \u201ePokori Pomirenju\u201c koji su uprili\u010dile neokatekumenske zajednice. Predraga bra\u0107o, \u017eelim vam jo\u0161 jednom izraziti svoje zadovoljstvo<\/p>\n<div class=\"read-more\"><a class=\"btn read-more-btn\" href=\"https:\/\/neocatechumenaleiter.org\/hr\/rijeci-papa\/sv-ivan-pavao-ii\/pozdrav-sudioncima-skupa-o-pokori-i-pomirenje-za-vrijeme-nedjeljnog-anegelus-a-13-2-1983\/\">Nastavi \u010ditati<\/a><\/div>\n","protected":false},"author":2,"featured_media":0,"parent":9680,"menu_order":17,"comment_status":"closed","ping_status":"closed","template":"","meta":{"footnotes":""},"class_list":["post-12208","page","type-page","status-publish","hentry"],"_links":{"self":[{"href":"https:\/\/neocatechumenaleiter.org\/hr\/wp-json\/wp\/v2\/pages\/12208","targetHints":{"allow":["GET"]}}],"collection":[{"href":"https:\/\/neocatechumenaleiter.org\/hr\/wp-json\/wp\/v2\/pages"}],"about":[{"href":"https:\/\/neocatechumenaleiter.org\/hr\/wp-json\/wp\/v2\/types\/page"}],"author":[{"embeddable":true,"href":"https:\/\/neocatechumenaleiter.org\/hr\/wp-json\/wp\/v2\/users\/2"}],"replies":[{"embeddable":true,"href":"https:\/\/neocatechumenaleiter.org\/hr\/wp-json\/wp\/v2\/comments?post=12208"}],"version-history":[{"count":5,"href":"https:\/\/neocatechumenaleiter.org\/hr\/wp-json\/wp\/v2\/pages\/12208\/revisions"}],"predecessor-version":[{"id":17054,"href":"https:\/\/neocatechumenaleiter.org\/hr\/wp-json\/wp\/v2\/pages\/12208\/revisions\/17054"}],"up":[{"embeddable":true,"href":"https:\/\/neocatechumenaleiter.org\/hr\/wp-json\/wp\/v2\/pages\/9680"}],"wp:attachment":[{"href":"https:\/\/neocatechumenaleiter.org\/hr\/wp-json\/wp\/v2\/media?parent=12208"}],"curies":[{"name":"wp","href":"https:\/\/api.w.org\/{rel}","templated":true}]}}