{"id":12212,"date":"2020-05-26T10:24:11","date_gmt":"2020-05-26T09:24:11","guid":{"rendered":"https:\/\/neocatechumenaleiter.org\/rijeci-papa\/sv-ivan-pavao-ii\/euharistija-u-vatikanskim-vrtovima-3-7-1983\/"},"modified":"2020-09-02T13:22:12","modified_gmt":"2020-09-02T12:22:12","slug":"euharistija-u-vatikanskim-vrtovima-3-7-1983","status":"publish","type":"page","link":"https:\/\/neocatechumenaleiter.org\/hr\/rijeci-papa\/sv-ivan-pavao-ii\/euharistija-u-vatikanskim-vrtovima-3-7-1983\/","title":{"rendered":"Euharistija u Vatikanskim Vrtovima 3-7-1983"},"content":{"rendered":"\n<h1 class=\"has-text-align-center wp-block-heading\">Euharistija u Vatikanskim Vrtovima 3-7-1983<\/h1>\n\n<div style=\"height:20px\" aria-hidden=\"true\" class=\"wp-block-spacer\"><\/div>\n\n<h4 class=\"has-text-align-center wp-block-heading\">Sv. Ivan Pavao II.<\/h4>\n\n<div style=\"height:20px\" aria-hidden=\"true\" class=\"wp-block-spacer\"><\/div>\n\n<p><strong>Vatikanski vrtovi, 3. srpnja 1983.<\/strong><\/p>\n\n<p><em>\u201e\u017detva je velika, a radnika je malo. Zato molite Gospodara \u017eetve da po\u0161alje radnike u \u017eetvu svoju\u201c.<\/em><em> Ovaj je glasoviti odlomak iz Lukina Evan\u0111elja, predlo\u017een od dana\u0161nje liturgije, bio u sredi\u0161tu razmi\u0161ljanja i molitve, koje je imao ju\u010der 3. srpnja, Sveti Otac s oko \u010detiri stotine mladi\u0107a koji su u Porto San Giorgio (Ascoli Piceno) pro\u0161log tjedna pro\u017eivjeli u duhovnoj sabranosti puna tri dana s temom: zvanje. Euharistijsko Slavlje, kojim je papa htio tim mladi\u0107ima, zaokupljenim, u ozbiljnom i odgovornom putu zvanja, iskazati svoju o\u010dinsku simpatiju i svoje poticaje odvilo se u rano jutro pred oltarom u \u0161pilji gospe Lurdske, u Vatikanskim perivojima. Me\u0111u tim mladi\u0107ima \u2013 svi su pozvani iz Neokatekumenskih zajednica na razmi\u0161ljanje o zvanju- bilo je i pedesetak sjemeni\u0161tarca od onih sto pedeset \u0161to su ih Neokatekumenske zajednice do sada podarile Crkvi u Italiji. Me\u0111u tim mladi\u0107ima koji su ju\u010der molili s papom mnogi su drugi, njih \u0161ezdesetak, spremni odgovoriti na poziv, kojima je tek zavr\u0161ena duhovna obnova pomogla da se javno odlu\u010de.<\/em>&#013;\n&#013;\n<em>Oko velikog, lijepo ure\u0111enog stola usred zbora, tridesetak je sve\u0107enika koncelebriralo s papom. Kiko Arg\u00fcello, s Carmen Hern\u00e1ndez, tako\u0111er nazo\u010dnom, za\u010detnik neokatekumenskog puta \u2013 vodio je pjevanje zbora.<\/em><\/p>\n\n<div class=\"wp-block-image\"><figure class=\"alignright size-medium\"><img loading=\"lazy\" decoding=\"async\" width=\"300\" height=\"242\" src=\"https:\/\/neocatechumenaleiter.org\/wp-content\/uploads\/2020\/03\/Camino_Neocatecumenal_Juan_Pablo_II_eucaristia_jardines_vaticano_1983-300x242.jpg\" alt=\"\" class=\"wp-image-1763\" srcset=\"https:\/\/neocatechumenaleiter.org\/wp-content\/uploads\/2020\/03\/Camino_Neocatecumenal_Juan_Pablo_II_eucaristia_jardines_vaticano_1983-300x242.jpg 300w, https:\/\/neocatechumenaleiter.org\/wp-content\/uploads\/2020\/03\/Camino_Neocatecumenal_Juan_Pablo_II_eucaristia_jardines_vaticano_1983.jpg 701w\" sizes=\"auto, (max-width: 300px) 100vw, 300px\" \/><\/figure><\/div>\n\n<p><em>Sveti Otac se obratio sabranom zboru slijede\u0107im rije\u010dima:<\/em><\/p>\n\n<p>1. \u201e\u017detva je velika, a radnika malo. Molite dakle gospodara \u017eetve da radnike po\u0161alje u \u017eetvu svoju\u201c (Lk 10,2). Ova tvrdnja, obuzeta strepnjom i otvorena nadi, dragi sjemeni\u0161tarci i dragi mladi\u0107i, odjekuje danas u svima nama, u ovoj \u0161pilji Gospe Lurdske, od po\u010detka Euharistijskog slavlja \u0161to se odvija u vrlo sugestivnom okviru.&#013;\n&#013;\nRadnika je malo: problem se je nametao i Isusu kad je svojim u\u010denicima povjeravao du\u017enost da propovijedaju Evan\u0111elje narodu; isti se problem ukazuje i nama u ovim na\u0161im danima, veoma suvremen i uvijek mu\u010dan. Nebrojeni narodi, razasuti cijelim svijetom, \u010dekaju rije\u010d spasenja. Problem dakle i ju\u010der, i danas i uvijek.&#013;\n&#013;\nSvi su narodi na zemlji u trajnom broj\u010danom rastu i \u017eude vi\u0161e ili manje svjesno, za otkri\u0107em temeljnih vrijednosti koje daju smisao ljudskome \u017eivotu. Oni koji su ve\u0107 prihvatili Evan\u0111elje izlo\u017eeni su riziku da ga zaborave, opsjednuti sa svih strana zamamnim, ali \u010desto varljivim obe\u0107anjima; stoga im je potreban netko koji \u0107e im pomo\u0107i da ponovno o\u017eive Isusovu rije\u010d. Osim toga, istina koja se saop\u0107ava tako je bogata i tako mnogostrana, da je valja trajno produbljivati da bi iza\u0161la na povr\u0161inu sva njezina dragocjenost i sva njezina slatko\u0107a. Ove kratke natuknice, nadahnute dana\u0161njim Evan\u0111eljem, dovoljne su da uvidimo kako je nu\u017eno neprestano vapiti \u201eGospodaru \u017eetve da po\u0161alje radnike u \u017eetvu svoju\u201c.<\/p>\n\n<p>2. Vijest koju valja navije\u0161tati je prije svega vijest spasenja za \u010dovjeka: \u201eI kazujte im: Pribli\u017eilo vam se kraljevstvo Bo\u017eje!\u201c (Lk 10,9). Kraljevstvo Bo\u017eje, a to je pobjeda njegove ljubavi nad svakim grijehom i bijedom ljudskom, ve\u0107 je me\u0111u vama. Osim toga, vijest je nade i utjehe, kako je unaprijed navijestio prorok Izaija: \u201eKao \u0161to mati tje\u0161i sina, tako \u0107u ja i vas utje\u0161iti \u2013 utje\u0161it \u0107ete se u Jeruzalemu\u2026 Kad to vidite srce \u0107e vam se radovati\u201c (iz 66,13-14). \u010covjek je, naime, predodre\u0111en da u Kristu Otkupitelju ostvari puninu svoga bo\u017eanskog zvanja. I jo\u0161, to je vijest mira i ljubavi: \u201enajprije recite: Mir ku\u0107i ovoj \u2026 lije\u010dite bolesnike koji su u njemu\u201c (Lk 10,5.9). Kraljevstvo se Bo\u017eje gradi u povijesti nude\u0107i ve\u0107 na ovoj zemlji plodove obra\u0107enja, ujedinjavanja i ljubavi me\u0111u ljudima.<\/p>\n\n<div class=\"wp-block-image\"><figure class=\"alignleft size-large\"><img loading=\"lazy\" decoding=\"async\" width=\"701\" height=\"569\" src=\"https:\/\/neocatechumenaleiter.org\/wp-content\/uploads\/2020\/03\/Camino_Neocatecumenal_Juan_Pablo_II_eucaristia_jardines_vaticano_19832.jpg\" alt=\"\" class=\"wp-image-8718\" srcset=\"https:\/\/neocatechumenaleiter.org\/wp-content\/uploads\/2020\/03\/Camino_Neocatecumenal_Juan_Pablo_II_eucaristia_jardines_vaticano_19832.jpg 701w, https:\/\/neocatechumenaleiter.org\/wp-content\/uploads\/2020\/03\/Camino_Neocatecumenal_Juan_Pablo_II_eucaristia_jardines_vaticano_19832-300x244.jpg 300w\" sizes=\"auto, (max-width: 701px) 100vw, 701px\" \/><\/figure><\/div>\n\n<p>3. Kakav \u0107e morati biti\u00a0apostol, s kakvim \u0107e duhom on morati vr\u0161iti svoje poslanje? Prije svega, on \u0107e morati biti svjestan te\u0161ke, a ponekad i neprijateljske stvarnosti koja ga \u010deka: \u201eEvo \u0161aljem vas kao janjce me\u0111u vukove\u201c (Lk 10,3). Ova stvarnost je postala \u0161tetna zbog djela Zloga.&#013;\n&#013;\nApostol \u0107e se, zbog toga, truditi da bude slobodan od bilo kakvih ljudskih uvjetovanja: \u201eNe nosite sa sobom ni kese, ni torbe, ni obu\u0107e\u201c (Lk 10,4), da se oslonite samo na Kri\u017e Kristov, od kojega dolazi na\u0161e otkupljenje, kako ka\u017ee Sv. Pavao u drugom \u010ditanju. Ponositi se kri\u017eem zna\u010di napustiti svaki motiv osobnih hvastanja, pa da se \u017eivi samo od vjere i zahvaljivanja za otkupljenje \u0161to ga je u\u010dinila Kristova \u017ertva. Ono \u0161to treba raspeti jest svijet osobnog egoizma, samodostatnosti, sigurnosti u vlastite zasluge.<\/p>\n\n<p>Predragi sjemeni\u0161tarci i dragi mladi\u0107i, poslanje apostola je uzvi\u0161eno poslanje, poslanje koje zanosi i koje je usmjereno na dobro \u010ditavog svijeta; to poslanje tra\u017ei toliku velikodu\u0161nost da ona naveliko nadvisuje \u010dovjekovu sposobnost. Potrebno je stoga, usmjeriti na\u0161 duh u visinu zazivaju\u0107i Bo\u017eju pomo\u0107 koju \u0107ete pouzdano isprositi posredstvom zagovora Isusove Majke i na\u0161e Majke.&#013;\n&#013;\n\u017delim vam da budete radosni apostoli u vr\u0161enju vlastitog poslanja, i to zato \u0161to ste toga svjesni, puni pouzdanja i jer ste duhovno slobodni. U\u010denici koje je Isus poslao \u201eVrati\u0161e se radosni\u201c (Lk 10,17). Vi tako\u0111er, u ovim godinama priprave za sve\u010deni\u0161tvo, u\u010dite umjetnost: biti veseo, ali ne zbog ljudskih motiva, nego temelje\u0107i se na sigurnosti: \u201e\u0161to su vam imena zapisana na nebesima\u201c\u00a0(Lk 10,20), to jest da ste predodre\u0111eni ljubavlju Isusa Krista. On vas je pozvao iz va\u0161ih obitelji u krilo va\u0161ih crkvenih zajednica da vas u\u010dini svojim suradnicima, svojim sve\u0107enicima, svojim upraviteljima bo\u017eanskih otajstava.<\/p>\n\n<p>Radost je u nama djelo Duha Svetoga (usp. Gal 5,22). Njegovom nutarnjem vodstvu, njegovoj mo\u0107noj i trajnoj podr\u0161ci povjerite svoj zvanje, da bi moglo sazrijevati \u201ein pace et gaudio\u201c (u miru i radosti) i tako donijeti obilne plodove vje\u010dnoga \u017eivota.<\/p>\n","protected":false},"excerpt":{"rendered":"<p>Euharistija u Vatikanskim Vrtovima 3-7-1983 Sv. Ivan Pavao II. Vatikanski vrtovi, 3. srpnja 1983. \u201e\u017detva je velika, a radnika je malo. Zato molite Gospodara \u017eetve da po\u0161alje radnike u \u017eetvu svoju\u201c. Ovaj je glasoviti odlomak iz Lukina Evan\u0111elja, predlo\u017een od dana\u0161nje liturgije, bio u sredi\u0161tu razmi\u0161ljanja i molitve, koje je imao ju\u010der 3. srpnja, Sveti Otac s oko \u010detiri stotine mladi\u0107a koji su u Porto San Giorgio (Ascoli Piceno) pro\u0161log<\/p>\n<div class=\"read-more\"><a class=\"btn read-more-btn\" href=\"https:\/\/neocatechumenaleiter.org\/hr\/rijeci-papa\/sv-ivan-pavao-ii\/euharistija-u-vatikanskim-vrtovima-3-7-1983\/\">Nastavi \u010ditati<\/a><\/div>\n","protected":false},"author":2,"featured_media":0,"parent":9680,"menu_order":22,"comment_status":"closed","ping_status":"closed","template":"","meta":{"footnotes":""},"class_list":["post-12212","page","type-page","status-publish","hentry"],"_links":{"self":[{"href":"https:\/\/neocatechumenaleiter.org\/hr\/wp-json\/wp\/v2\/pages\/12212","targetHints":{"allow":["GET"]}}],"collection":[{"href":"https:\/\/neocatechumenaleiter.org\/hr\/wp-json\/wp\/v2\/pages"}],"about":[{"href":"https:\/\/neocatechumenaleiter.org\/hr\/wp-json\/wp\/v2\/types\/page"}],"author":[{"embeddable":true,"href":"https:\/\/neocatechumenaleiter.org\/hr\/wp-json\/wp\/v2\/users\/2"}],"replies":[{"embeddable":true,"href":"https:\/\/neocatechumenaleiter.org\/hr\/wp-json\/wp\/v2\/comments?post=12212"}],"version-history":[{"count":17,"href":"https:\/\/neocatechumenaleiter.org\/hr\/wp-json\/wp\/v2\/pages\/12212\/revisions"}],"predecessor-version":[{"id":17056,"href":"https:\/\/neocatechumenaleiter.org\/hr\/wp-json\/wp\/v2\/pages\/12212\/revisions\/17056"}],"up":[{"embeddable":true,"href":"https:\/\/neocatechumenaleiter.org\/hr\/wp-json\/wp\/v2\/pages\/9680"}],"wp:attachment":[{"href":"https:\/\/neocatechumenaleiter.org\/hr\/wp-json\/wp\/v2\/media?parent=12212"}],"curies":[{"name":"wp","href":"https:\/\/api.w.org\/{rel}","templated":true}]}}