{"id":12555,"date":"2020-05-28T08:50:36","date_gmt":"2020-05-28T07:50:36","guid":{"rendered":"https:\/\/neocatechumenaleiter.org\/rijeci-papa\/sv-ivan-pavao-ii\/pohod-zupi-sv-hipolita-12-2-1984\/"},"modified":"2020-09-02T13:22:26","modified_gmt":"2020-09-02T12:22:26","slug":"pohod-zupi-sv-hipolita-12-2-1984","status":"publish","type":"page","link":"https:\/\/neocatechumenaleiter.org\/hr\/rijeci-papa\/sv-ivan-pavao-ii\/pohod-zupi-sv-hipolita-12-2-1984\/","title":{"rendered":"Pohod \u017eupi Sv. Hipolita 12-2-1984"},"content":{"rendered":"\n<h1 class=\"has-text-align-center wp-block-heading\">Pohod \u017eupi Sv. Hipolita 12-2-1984<\/h1>\n\n<div style=\"height:20px\" aria-hidden=\"true\" class=\"wp-block-spacer\"><\/div>\n\n<h4 class=\"has-text-align-center wp-block-heading\">Sv. Ivan Pavao II.<\/h4>\n\n<div style=\"height:20px\" aria-hidden=\"true\" class=\"wp-block-spacer\"><\/div>\n\n<div class=\"wp-block-image\"><figure class=\"alignleft size-medium\"><img loading=\"lazy\" decoding=\"async\" width=\"243\" height=\"300\" src=\"https:\/\/neocatechumenaleiter.org\/wp-content\/uploads\/2020\/03\/Camino_Neocatecumenal_Juan_Pablo_II_visita_parroquia_San_Hipolito_2984-243x300.jpg\" alt=\"\" class=\"wp-image-1794\" srcset=\"https:\/\/neocatechumenaleiter.org\/wp-content\/uploads\/2020\/03\/Camino_Neocatecumenal_Juan_Pablo_II_visita_parroquia_San_Hipolito_2984-243x300.jpg 243w, https:\/\/neocatechumenaleiter.org\/wp-content\/uploads\/2020\/03\/Camino_Neocatecumenal_Juan_Pablo_II_visita_parroquia_San_Hipolito_2984.jpg 573w\" sizes=\"auto, (max-width: 243px) 100vw, 243px\" \/><\/figure><\/div>\n\n<p><strong>Rim, 12. velja\u010de 1984.<\/strong><\/p>\n\n<p><em>Znakovit je bio zadnji susret s neokatekumenskim zajednicama koje su tra\u017eile od Pape da blagoslovi tri katehista itineranta koji su polazili za Tursku. Otac Maurilio predstavio je Papi skupine odraslih koji se zala\u017eu u \u017eupnom \u017eivotu podcrtavaju\u0107i osobine svake skupine, zaustavljaju\u0107i se posebna na grupi skauta\u2026 i neokatekumenskim zajednicama koje jo\u0161 od 1973. godine predstavljaju konkretni odgovor na permanentnu katehizaciju odraslih i koji su imali povlasticu da dobiju Papin blagoslov za tri njihova katehista na polasku u Tursku (jedan sve\u0107enik i bra\u010dni par). Osvr\u0107u\u0107i se na zada\u0107u koju katehisti preuzimaju \u017eele\u0107i biti kvasac koji ukva\u0161ava zajednicu, Papa je rekao:<\/em>&#013;\n<h3><\/h3><\/p>\n\n<p>\u017delim zahvaliti na ovom susretu kojim se zaklju\u010duje pohod va\u0161oj \u017eupi Sv. Hipolita. Pozdravljam sve skupine, kako ih je \u017dupnik predstavio. Pozdravljam sve i \u017delim svakome da pronalazi uvijek sve vi\u0161e svoj kr\u0161\u0107anski identitet, svoju vlastitu karizmu. Jer, kao \u0161to redovni\u010dke obitelji imaju svoju karizmu, na primjer franjeva\u010dka obitelj, kapucini franjeva\u010dke obitelji, tako i razne skupine lai\u010dkog apostolata imaju svoju specifi\u010dnu karizmu. \u017delim vam da sve vi\u0161e pronalazite svoj identitet i ovu karizmu lai\u010dkih apostolskih skupina. &#013;\nOva \u017dupa Sv. Hipolita je velika i brojna. Tu je masa ljudi, ali i masa kr\u0161\u0107ana, jer mislim da su njezini stanovnici u velikoj ve\u0107ini kr\u0161teni. &#013;\nIsus nam je rekao da je Crkva, Kraljevstvo Bo\u017eje, sli\u010dno kruhu: da bi se umijesio kruh potrebno je tijesto, ali potreban je i kvasac.<\/p>\n\n<p>Ja sam, eto, uvjeren da sve ove skupine, one karizmatske i one neokatekumenske, jesu kvasac koji mora u\u010diniti da \u017eupa raste, ljudski i kr\u0161\u0107anski. Kvasac mora sve vi\u0161e pro\u017eimati masu da bi bila sve vi\u0161e kr\u0161\u0107anska; da bi bila sve vi\u0161e svjesna da je kr\u0161\u0107anska, sve vi\u0161e odgovorna za svoj kr\u0161\u0107anski karakter, i sve vi\u0161e odgovorna za svoj kr\u0161\u0107anski identitet. &#013;\nVa\u0161 za\u0161titnik, Sv. Hipolit, bio je mu\u010denik. Mu\u010denik zna\u010di svjedok. Kr\u0161\u0107ani moraju biti Kristovi svjedoci, Njegova kri\u017ea, Njegova uskrsnu\u0107a, Njegove vjere, Njegove nade, Njegove ljubavi. Eto, to je kvasac. Lijepo je kad se taj kvasac \u017eeli pro\u0161iriti i preko granica svoje vlastite \u017eupe i sti\u0107i sve do Turske, kako ste mi rekli, da biste taj evan\u0111eoski kvasac ponijeli i ne-kr\u0161\u0107anima, u mjesta pomalo nepopustljiva, koja se zatvaraju pred evan\u0111eoskim navje\u0161tajem. Neki od va\u0161e bra\u0107e \u017eele po\u0107i tamo, da bi bili kvasac u toj masi, da bi \u010ditavo \u010dovje\u010danstvo bilo zahva\u0107eno evan\u0111eoskim kvascem i postalo Bo\u017ejim Kraljevstvom.<\/p>\n\n<p>\u017delim svima, a posebno vama neokatekumeni, da idete ovim putem s velikom rado\u0161\u0107u i velikom odgovorno\u0161\u0107u, uvijek nastoje\u0107i pove\u0107avati i pro\u0161irivati prostore ljubavi Krista Na\u0161eg Gospodina i Otkupitelja; ra\u0161iriti prostore Kraljevstva Bo\u017ejega koje svoje korijene ima u ovome svijetu, sve do vje\u010dnosti, do ku\u0107e O\u010deve. Svima vama \u017eelim da rastete u Kraljevstvu Bo\u017ejemu, koje se u isto vrijeme nalazi i u nama, u srcu svakoga od nas i u Kristovom, a koje svoju vanjsku dimenziju ima u dimenziji obitelji. Vi ste jedan dio Kraljevstva Bo\u017ejega, a s vama i \u017eupa sv. Hipolita. \u017delim vam da \u017eivite kr\u0161\u0107ansku radost, kr\u0161\u0107ansku odgovornost, vjeru, ufanje i ljubav, koje ve\u0107 na ovom svijetu anticipiraju Bo\u017eji \u017eivot.<\/p>\n","protected":false},"excerpt":{"rendered":"<p>Pohod \u017eupi Sv. Hipolita 12-2-1984 Sv. Ivan Pavao II. Rim, 12. velja\u010de 1984. Znakovit je bio zadnji susret s neokatekumenskim zajednicama koje su tra\u017eile od Pape da blagoslovi tri katehista itineranta koji su polazili za Tursku. Otac Maurilio predstavio je Papi skupine odraslih koji se zala\u017eu u \u017eupnom \u017eivotu podcrtavaju\u0107i osobine svake skupine, zaustavljaju\u0107i se posebna na grupi skauta\u2026 i neokatekumenskim zajednicama koje jo\u0161 od 1973. godine predstavljaju konkretni odgovor<\/p>\n<div class=\"read-more\"><a class=\"btn read-more-btn\" href=\"https:\/\/neocatechumenaleiter.org\/hr\/rijeci-papa\/sv-ivan-pavao-ii\/pohod-zupi-sv-hipolita-12-2-1984\/\">Nastavi \u010ditati<\/a><\/div>\n","protected":false},"author":2,"featured_media":0,"parent":9680,"menu_order":25,"comment_status":"closed","ping_status":"closed","template":"","meta":{"footnotes":""},"class_list":["post-12555","page","type-page","status-publish","hentry"],"_links":{"self":[{"href":"https:\/\/neocatechumenaleiter.org\/hr\/wp-json\/wp\/v2\/pages\/12555","targetHints":{"allow":["GET"]}}],"collection":[{"href":"https:\/\/neocatechumenaleiter.org\/hr\/wp-json\/wp\/v2\/pages"}],"about":[{"href":"https:\/\/neocatechumenaleiter.org\/hr\/wp-json\/wp\/v2\/types\/page"}],"author":[{"embeddable":true,"href":"https:\/\/neocatechumenaleiter.org\/hr\/wp-json\/wp\/v2\/users\/2"}],"replies":[{"embeddable":true,"href":"https:\/\/neocatechumenaleiter.org\/hr\/wp-json\/wp\/v2\/comments?post=12555"}],"version-history":[{"count":3,"href":"https:\/\/neocatechumenaleiter.org\/hr\/wp-json\/wp\/v2\/pages\/12555\/revisions"}],"predecessor-version":[{"id":17058,"href":"https:\/\/neocatechumenaleiter.org\/hr\/wp-json\/wp\/v2\/pages\/12555\/revisions\/17058"}],"up":[{"embeddable":true,"href":"https:\/\/neocatechumenaleiter.org\/hr\/wp-json\/wp\/v2\/pages\/9680"}],"wp:attachment":[{"href":"https:\/\/neocatechumenaleiter.org\/hr\/wp-json\/wp\/v2\/media?parent=12555"}],"curies":[{"name":"wp","href":"https:\/\/api.w.org\/{rel}","templated":true}]}}