{"id":12561,"date":"2020-05-28T10:56:16","date_gmt":"2020-05-28T09:56:16","guid":{"rendered":"https:\/\/neocatechumenaleiter.org\/rijeci-papa\/sv-ivan-pavao-ii\/audijencija-s-madridskim-neokatekumenima-23-3-1984\/"},"modified":"2020-09-29T17:45:32","modified_gmt":"2020-09-29T16:45:32","slug":"audijencija-s-madridskim-neokatekumenima-23-3-1984","status":"publish","type":"page","link":"https:\/\/neocatechumenaleiter.org\/hr\/rijeci-papa\/sv-ivan-pavao-ii\/audijencija-s-madridskim-neokatekumenima-23-3-1984\/","title":{"rendered":"Audijencija s Madridskim Neokatekumenima 23-3-1984"},"content":{"rendered":"\n<h1 class=\"has-text-align-center wp-block-heading\">Audijencija s Madridskim Neokatekumenima 23-3-1984<\/h1>\n\n<div style=\"height:20px\" aria-hidden=\"true\" class=\"wp-block-spacer\"><\/div>\n\n<h4 class=\"has-text-align-center wp-block-heading\">Sv. Ivan Pavao II.<\/h4>\n\n<div style=\"height:20px\" aria-hidden=\"true\" class=\"wp-block-spacer\"><\/div>\n\n<p><p><strong>Rim, 23. o\u017eujka 1984. (*)<\/strong><\/p><\/p>\n\n<p><p><em>Papa je jutros u audijenciju primio \u010dlanove Neokatekumenske zajednice iz \u010detiri madridske \u017eupe.\u00a0Govore\u0107i kratki pozdravni govor, Papa, nakon \u0161to se zahvalio \u0161panjolskim neokatekumenima na posjeti, rekao im je da ono \u0161to \u010dine je \u201e\u010din prianjanja uz Petrova nasljednika kao garancija vjernosti Crkvi\u201c, i tako\u0111er ih je potaknuo da ukorijene svoj \u017eivot u vjeri primljenoj od apostola i nau\u010dena od Crkvenih otaca, tako da mo\u017ee biti \u201esvjetlo koje osvjetljuje svaki korak va\u0161eg puta k Ocu\u201c.<br \/>Ovo je govor koji je odr\u017eao Sveti Otac:<\/em><\/p><\/p>\n\n<p><p>Predraga bra\u0107o i sestre, radujem se \u0161to mogu ovog jutra primiti va\u0161u mnogobrojnu skupinu, sastavljenu od \u010dlanova iz madridskih \u017eupa: sv. Josipa, sv. Sebastijana, sv. Roka i Djevice od Palome. Upu\u0107uju\u0107i vam moj srda\u010dni pozdrav, \u017eelim ga prenijeti i na \u010dlanove drugih grupa u va\u0161im \u017eupama, te, na posebni na\u010din, i na va\u0161e ovdje nazo\u010dne \u017eupnike, koji su vam tako mnogo pomogli da na \u017eivotnoj razini susretnete Isusa Krista. Zahvalan sam vam za ovaj posjet, koji je uprili\u010den uz grob prvog apostola, kao \u010din prianjanja uz Petrova nasljednika, kao garancija crkvenoj vjernosti \u0161to je sastavni dio va\u0161eg itinerarija vjere kojim hodate. Znam da ste zadnji dio tog va\u0161eg itinerarija posebno posvetili prou\u010davanju \u010dlanaka Vjerovanja, radi va\u0161e osobne formacije i da biste mogli pomo\u0107i drugim kr\u0161\u0107anima i obiteljima. S moje vas strane poti\u010dem da svoj \u017eivot solidno ukorijenite od apostola i otaca u vjeru koju smo primili od apostola koju su nau\u010davali oci Crkve, i koja mora biti svjetlo koje osvjetljuje svaki korak va\u0161eg puta k Ocu.<\/p><\/p>\n\n<div class=\"wp-block-image\"><figure class=\"alignright size-large\"><img loading=\"lazy\" decoding=\"async\" width=\"702\" height=\"558\" src=\"https:\/\/neocatechumenaleiter.org\/wp-content\/uploads\/2020\/03\/Camino_Neocatecumenal_Juan_Pablo_II_audiencia_catecumenos_Madrid_1984.jpg\" alt=\"\" class=\"wp-image-7828\" srcset=\"https:\/\/neocatechumenaleiter.org\/wp-content\/uploads\/2020\/03\/Camino_Neocatecumenal_Juan_Pablo_II_audiencia_catecumenos_Madrid_1984.jpg 702w, https:\/\/neocatechumenaleiter.org\/wp-content\/uploads\/2020\/03\/Camino_Neocatecumenal_Juan_Pablo_II_audiencia_catecumenos_Madrid_1984-300x238.jpg 300w\" sizes=\"auto, (max-width: 702px) 100vw, 702px\" \/><\/figure><\/div>\n\n<p><p>Raduje me i to \u0161to ste u va\u0161 program hodo\u010da\u0161\u0107a u Rim predvidjeli i posjet jednom marijanskom sveti\u0161tu, onom u Loretu, da svoj \u017eivot stavite pod maj\u010dinsku za\u0161titu Djevice Marije, Majke Krista i Majke Crkve. Ona je, budu\u0107i da je Majka Krista, na\u0161e vjere, bila prva i najbolja nasljedovateljica svoga Sina. Ona je svjetla staza koja nas uvodi u sredi\u0161te Kristova otajstva (usp. Marialis cultus, 25). Svojim primjerom ona nas u\u010di da se predamo Crkvi, da bi se u ljudima, na\u0161oj bra\u0107i u svijetu, trajno oblikovala slika njezina Sina. Ona, koja je svojim \u017eivotom i svojom \u017ertvom sa svom ljubavi sudjelovala u djelu Kristovu (usp. Lumen gentium, 60 i sl.), prati nas i u\u010di kakva je vrijednost svakoga \u010dovjeka, i koji su duboki razlozi da ljubimo svakoga, bez razlike, bez rezerve. Stoga prihvatite je kao pravu Majku, kao U\u010diteljicu, kao vodilju i primjer kroz cijeli va\u0161 \u017eivot. Ona \u0107e vam pomo\u0107i da se u va\u0161em \u017eivotu ne zamra\u010di vama potrebna kristolo\u0161ka orijentacija. S ovim vas \u017eeljama \u017eelim ohrabriti na va\u0161em putu, da, ujedinjeni s va\u0161im biskupima i sve\u0107enicima, i u bratskom zajedni\u0161tvu sa priznatim duhovnim i apostolskim pokretima, pru\u017eite va\u0161 velikodu\u0161ni doprinos Crkvi na\u0161ih dana. To vam \u017eelim od Gospodina, i u isto vrijeme dajem vam moj sve\u010dani apostolski blagoslov.<\/p><\/p>\n\n<p><p><em>(*) Cfr. \u00abL\u2019Osservatore Romano\u00bb, 24 marzo 1984.<\/em><\/p><\/p>\n","protected":false},"excerpt":{"rendered":"<p>Audijencija s Madridskim Neokatekumenima 23-3-1984 Sv. Ivan Pavao II. Rim, 23. o\u017eujka 1984. (*) Papa je jutros u audijenciju primio \u010dlanove Neokatekumenske zajednice iz \u010detiri madridske \u017eupe.\u00a0Govore\u0107i kratki pozdravni govor, Papa, nakon \u0161to se zahvalio \u0161panjolskim neokatekumenima na posjeti, rekao im je da ono \u0161to \u010dine je \u201e\u010din prianjanja uz Petrova nasljednika kao garancija vjernosti Crkvi\u201c, i tako\u0111er ih je potaknuo da ukorijene svoj \u017eivot u vjeri primljenoj od apostola<\/p>\n<div class=\"read-more\"><a class=\"btn read-more-btn\" href=\"https:\/\/neocatechumenaleiter.org\/hr\/rijeci-papa\/sv-ivan-pavao-ii\/audijencija-s-madridskim-neokatekumenima-23-3-1984\/\">Nastavi \u010ditati<\/a><\/div>\n","protected":false},"author":2,"featured_media":0,"parent":9680,"menu_order":26,"comment_status":"closed","ping_status":"closed","template":"","meta":{"footnotes":""},"class_list":["post-12561","page","type-page","status-publish","hentry"],"_links":{"self":[{"href":"https:\/\/neocatechumenaleiter.org\/hr\/wp-json\/wp\/v2\/pages\/12561","targetHints":{"allow":["GET"]}}],"collection":[{"href":"https:\/\/neocatechumenaleiter.org\/hr\/wp-json\/wp\/v2\/pages"}],"about":[{"href":"https:\/\/neocatechumenaleiter.org\/hr\/wp-json\/wp\/v2\/types\/page"}],"author":[{"embeddable":true,"href":"https:\/\/neocatechumenaleiter.org\/hr\/wp-json\/wp\/v2\/users\/2"}],"replies":[{"embeddable":true,"href":"https:\/\/neocatechumenaleiter.org\/hr\/wp-json\/wp\/v2\/comments?post=12561"}],"version-history":[{"count":10,"href":"https:\/\/neocatechumenaleiter.org\/hr\/wp-json\/wp\/v2\/pages\/12561\/revisions"}],"predecessor-version":[{"id":18027,"href":"https:\/\/neocatechumenaleiter.org\/hr\/wp-json\/wp\/v2\/pages\/12561\/revisions\/18027"}],"up":[{"embeddable":true,"href":"https:\/\/neocatechumenaleiter.org\/hr\/wp-json\/wp\/v2\/pages\/9680"}],"wp:attachment":[{"href":"https:\/\/neocatechumenaleiter.org\/hr\/wp-json\/wp\/v2\/media?parent=12561"}],"curies":[{"name":"wp","href":"https:\/\/api.w.org\/{rel}","templated":true}]}}