{"id":12569,"date":"2020-05-28T11:26:23","date_gmt":"2020-05-28T10:26:23","guid":{"rendered":"https:\/\/neocatechumenaleiter.org\/rijeci-papa\/sv-ivan-pavao-ii\/audijencija-s-itinerantima-castel-gandolfo-26-9-1984\/"},"modified":"2020-09-02T13:22:42","modified_gmt":"2020-09-02T12:22:42","slug":"audijencija-s-itinerantima-castel-gandolfo-26-9-1984","status":"publish","type":"page","link":"https:\/\/neocatechumenaleiter.org\/hr\/rijeci-papa\/sv-ivan-pavao-ii\/audijencija-s-itinerantima-castel-gandolfo-26-9-1984\/","title":{"rendered":"Audijencija s itinerantima (Castel Gandolfo) 26-9-1984"},"content":{"rendered":"\n<h1 class=\"has-text-align-center wp-block-heading\">Audijencija s itinerantima (Castel Gandolfo) 26-9-1984<\/h1>\n\n<div style=\"height:20px\" aria-hidden=\"true\" class=\"wp-block-spacer\"><\/div>\n\n<h4 class=\"has-text-align-center wp-block-heading\">Sv. Ivan Pavao II.<\/h4>\n\n<div style=\"height:20px\" aria-hidden=\"true\" class=\"wp-block-spacer\"><\/div>\n\n<div class=\"wp-block-image\"><figure class=\"alignleft size-large\"><img loading=\"lazy\" decoding=\"async\" width=\"277\" height=\"420\" src=\"https:\/\/neocatechumenaleiter.org\/wp-content\/uploads\/2020\/03\/Camino_Neocatecumenal_Juan_Pablo_II_audiencia_itinerantes_1984.jpg\" alt=\"\" class=\"wp-image-8494\" srcset=\"https:\/\/neocatechumenaleiter.org\/wp-content\/uploads\/2020\/03\/Camino_Neocatecumenal_Juan_Pablo_II_audiencia_itinerantes_1984.jpg 277w, https:\/\/neocatechumenaleiter.org\/wp-content\/uploads\/2020\/03\/Camino_Neocatecumenal_Juan_Pablo_II_audiencia_itinerantes_1984-198x300.jpg 198w\" sizes=\"auto, (max-width: 277px) 100vw, 277px\" \/><\/figure><\/div>\n\n<p><strong>Castel Gandolfo (Rim), 26. rujna 1984.<\/strong><\/p>\n\n<p><em>Dvori\u0161te papinske pala\u010de u Castel Gandolfu postalo je ju\u010der na ve\u010der, pri susretu katehista itineranata iz neokatekumenskih zajednica, sveti\u0161te. Tu je bila: katedra, raspelo obje\u0161eno na sna\u017eni zid svje\u017eih boja, ambon s knjigom Evan\u0111elja, Kri\u017e, te ikona Djevice. K tome sagovi i cvije\u0107e: raznobojne gladiole koje su prostor uresile sakralno\u0161\u0107u pro\u017eetom molitvama, pjesmama, ti\u0161inom.\u00a0<\/em><em>Ju\u010der na ve\u010der, posljednji susret Svetog Oca pred njegov dana\u0161nji povratak u Vatikan, bio je jo\u0161 jednom susret molitve, navije\u0161tanja Rije\u010di Bo\u017eje, slu\u0161anja, razmi\u0161ljanja i predlaganja.<\/em>&#013;\n&#013;\n<em>Kiko Arg\u00fcello, inicijator Neokatekumenskog Puta, predstavljao je mirnim, a ponekad i plamenim tonom, zadnje itinerantsko iskustvo svih nazo\u010dnih. Obra\u0107aju\u0107i se Svetom Ocu Kiko je rekao: kroz dva tjedna, po dva i dva, ovi \u201enajzadnji\u201c, ova \u201edjeca Kraljevstva\u201c oti\u0161li su posjetiti sve narode svijeta \u2013 ne posjeduju\u0107i ni\u0161ta osim Krista siroma\u0161noga i raspetoga \u2013\u00a0 zadr\u017eavaju\u0107i se, da bi navijestili \u201eRadosnu vijest\u201c siromasima, marginaliziranima, sve\u0107enicima u \u017eupama velikih metropola, kao i zagubljenih podru\u010dja Afrike i Azije, progla\u0161avaju\u0107i s vjerom da je Isus Krist Gospodin i Spasitelj \u010dovjekov.<\/em><\/p>\n\n<p><em>Kiko je Papi iznio ovo zajedni\u010dko iskustvo itineranata, sli\u010dno onome apostola iz Evan\u0111elja, koji su se, po\u0161to su navije\u0161tali dolazak Kraljevstva, vratili radosni ku\u0107i jer su iskusili snagu Gospodinove nazo\u010dnosti. U raznim zemljama Europe, Sjeverne, Srednje i Ju\u017ene Amerike, Afrike, Azije i Oceanije (inicijator puta Neokatekumenskih zajednica predo\u010dio je Svetom Ocu detaljni pregled ove evangelizacije kroz iskustvo itineranata), ti su novi navjestitelji Radosne vijesti zbog Evan\u0111elja trpjeli i radovali se.<\/em><\/p>\n\n<p><em>Bra\u010dni par iz Rima, mladi bogoslov iz Barcelone, jedna talijanska djevojka, jedna Poljakinja i mladi talijanski sve\u0107enik pripovijedali su, uz sudjelovanje i ganu\u0107e svih nazo\u010dnih, svoje \u201eiskustvo itineranata\u201c. U dnu to bija\u0161e javno ispovijedanje \u010cudesnih djela koje je Bog izvodio preko svojih \u201evjernih\u201c koji uranjaju u svijet da bi ga prodrmali i probudili iz uspavanosti i vjerske ravnodu\u0161nosti.<\/em><\/p>\n\n<div class=\"wp-block-image\"><figure class=\"alignright size-large\"><img loading=\"lazy\" decoding=\"async\" width=\"710\" height=\"564\" src=\"https:\/\/neocatechumenaleiter.org\/wp-content\/uploads\/2020\/03\/Camino_Neocatecumenal_Juan_Pablo_II_audiencia_itinerantes_19842.jpg\" alt=\"\" class=\"wp-image-8496\" srcset=\"https:\/\/neocatechumenaleiter.org\/wp-content\/uploads\/2020\/03\/Camino_Neocatecumenal_Juan_Pablo_II_audiencia_itinerantes_19842.jpg 710w, https:\/\/neocatechumenaleiter.org\/wp-content\/uploads\/2020\/03\/Camino_Neocatecumenal_Juan_Pablo_II_audiencia_itinerantes_19842-300x238.jpg 300w\" sizes=\"auto, (max-width: 710px) 100vw, 710px\" \/><\/figure><\/div>\n\n<p><em>Od velike metropole kao \u0161to je New York do Brazilskih \u201efavela\u201c, od otoka Kube do Kine, od Italije do Skandinavije: to su bile postaje evan\u0111eoskog propovijedanja, u na\u0161im danima \u017eivljenog i svjedo\u010denog sa snagom vjere i ljubavi. \u201e\u010cak su mislili da smo drogirani \u2013 <\/em>ustvrdila je mlada Poljakinja pripovijedaju\u0107i svoje vlastito iskustvo \u2013\u00a0<em>ali poslije su shvatili da mi imamo i svima donosimo kr\u0161\u0107ansku poruku s po\u0161tovanjem i s ljubavlju\u201c. Pripovijedanje \u2013 svjedo\u010denje ulazilo je i u neke pojedinosti koje su otkrivale mo\u0107 Boga koji vodi one koji mu se predaju iskrena srca.<\/em><\/p>\n\n<p><em>Poslije svjedo\u010danstva govorio je Papa:<\/em><\/p>\n\n<p>\u2026Re\u0107i \u0107u vam jedan, dva, a mo\u017eda i tri zaklju\u010dka\u2026 vidjet \u0107emo. Prvo je to da sam u va\u0161im zaklju\u010dcima, u va\u0161im pripovijedanjima osjetio autenti\u010dni duh u\u010denika Kristovih, koji se posve predaju Gospodinu. Ka\u017ee se \u201eitineranti\u201c i vi jeste itineranti, ali to \u201ebiti itineranti\u201c zna\u010di da Isus \u010dini svoj itinerarij u vama, a zatim \u010dini svoj itinerarij zajedno s vama prema drugima. To \u0161to ste vi itineranti je sporedna \u010dinjenica. Najva\u017enija stvar je da je On itinerant. On \u017eeli biti itinerant. On \u017eeli ne samo biti nazo\u010dan u Crkvi, nego tako\u0111er i biti itinerant u Crkvi. Crkva mora biti itinerant i uvijek hodati; Crkva nije samo dobro ure\u0111ena, organizirana, strukturirana, nego je to Crkva na putu prema osobama, prema zajednicama, prema narodima, prema vjernicima i prema nevjernicima; ove su podjele za Krista druk\u010dije nego li za nas. I to je prvi zaklju\u010dak.<\/p>\n\n<p>Zatim ovo va\u0161e\u00a0uistinu evan\u0111eosko pouzdanje\u00a0oznaka je va\u0161e itinerancije: ne nositi ni\u0161ta, nemati ni\u0161ta, ne pouzdavati se ni u sebe, nego svoje apsolutno pouzdanje staviti u Providnost i u sve ono \u0161to \u0107e u\u010diniti Gospodin. Zatim poniznost: \u201eGospodin me je spasio, izvukao me je iz mojih grijeha, iz moje nevjere, i ja sam do\u017eivio veliku radost, dobio sam od Gospodina veliku snagu. Osobno sam do\u017eivio ovu Gospodinovu snagu i Njegovu mo\u0107, i sada moram putovati i navje\u0161\u0107ivati ovu mo\u0107, dapa\u010de prenositi je na druge.\u201c Gospodin je sna\u017ean \u2013\u00a0<em>potvrdio je jakim glasom Sveti Otac<\/em>\u00a0\u2013 a vi se pouzdajete u Njegovu mo\u0107, ho\u0107ete sami na sebi iskusiti tu snagu, a tako\u0111er i u drugima. Gospodin je mo\u0107an u svojoj smrti i u svome uskrsnu\u0107u, mo\u0107an je u svojoj milosti, mo\u0107an je u Duhu Svetomu.<\/p>\n\n<p>Zadnji bi zaklju\u010dak bio taj da sam i ja, nakon \u0161to sam postao biskup Rima i papa, u ovo vrijeme itineranata, morao postati pomalo itinerant. Ima tu sli\u010dnosti i podudaranja. Ali moram re\u0107i da su moji itinerariji mnogo manje naporni. Da, istina je da od mene mnogo tra\u017ee, i da je program jednog dana prili\u010dno zahtjevan, ali izvan ovoga ne idem pje\u0161ice, nego s Alitalijom ili s Air Canadom, zatim s \u201epapamobilom\u201c; onda ne znam, mislim da ovaj na\u010din \u201ebiti itinerant\u201c vi ne mo\u017eete prihvatiti\u2026 A ja se pitam: mogu li druk\u010dije? Sa svom ponizno\u0161\u0107u priznajem pred vama da ne mogu druk\u010dije. Stoga vam ka\u017eem: pustite da papa bude itinerant takav kakav jest, a vi budite itineranti kakvi jeste.&#013;\n&#013;\n\u2026Onda, pjevajmo! \u2026Morate otpjevati ne\u0161to: ono \u0161to pjevate svugdje i po \u010demu se poznaje da ste neokatekumeni: \u201eBla\u017eena Marijo, Ti si povjerovala\u2026\u201c.<\/p>\n","protected":false},"excerpt":{"rendered":"<p>Audijencija s itinerantima (Castel Gandolfo) 26-9-1984 Sv. Ivan Pavao II. Castel Gandolfo (Rim), 26. rujna 1984. Dvori\u0161te papinske pala\u010de u Castel Gandolfu postalo je ju\u010der na ve\u010der, pri susretu katehista itineranata iz neokatekumenskih zajednica, sveti\u0161te. Tu je bila: katedra, raspelo obje\u0161eno na sna\u017eni zid svje\u017eih boja, ambon s knjigom Evan\u0111elja, Kri\u017e, te ikona Djevice. K tome sagovi i cvije\u0107e: raznobojne gladiole koje su prostor uresile sakralno\u0161\u0107u pro\u017eetom molitvama, pjesmama, ti\u0161inom.\u00a0Ju\u010der<\/p>\n<div class=\"read-more\"><a class=\"btn read-more-btn\" href=\"https:\/\/neocatechumenaleiter.org\/hr\/rijeci-papa\/sv-ivan-pavao-ii\/audijencija-s-itinerantima-castel-gandolfo-26-9-1984\/\">Nastavi \u010ditati<\/a><\/div>\n","protected":false},"author":2,"featured_media":0,"parent":9680,"menu_order":28,"comment_status":"closed","ping_status":"closed","template":"","meta":{"footnotes":""},"class_list":["post-12569","page","type-page","status-publish","hentry"],"_links":{"self":[{"href":"https:\/\/neocatechumenaleiter.org\/hr\/wp-json\/wp\/v2\/pages\/12569","targetHints":{"allow":["GET"]}}],"collection":[{"href":"https:\/\/neocatechumenaleiter.org\/hr\/wp-json\/wp\/v2\/pages"}],"about":[{"href":"https:\/\/neocatechumenaleiter.org\/hr\/wp-json\/wp\/v2\/types\/page"}],"author":[{"embeddable":true,"href":"https:\/\/neocatechumenaleiter.org\/hr\/wp-json\/wp\/v2\/users\/2"}],"replies":[{"embeddable":true,"href":"https:\/\/neocatechumenaleiter.org\/hr\/wp-json\/wp\/v2\/comments?post=12569"}],"version-history":[{"count":7,"href":"https:\/\/neocatechumenaleiter.org\/hr\/wp-json\/wp\/v2\/pages\/12569\/revisions"}],"predecessor-version":[{"id":17060,"href":"https:\/\/neocatechumenaleiter.org\/hr\/wp-json\/wp\/v2\/pages\/12569\/revisions\/17060"}],"up":[{"embeddable":true,"href":"https:\/\/neocatechumenaleiter.org\/hr\/wp-json\/wp\/v2\/pages\/9680"}],"wp:attachment":[{"href":"https:\/\/neocatechumenaleiter.org\/hr\/wp-json\/wp\/v2\/media?parent=12569"}],"curies":[{"name":"wp","href":"https:\/\/api.w.org\/{rel}","templated":true}]}}