{"id":12671,"date":"2020-05-29T08:46:15","date_gmt":"2020-05-29T07:46:15","guid":{"rendered":"https:\/\/neocatechumenaleiter.org\/rijeci-papa\/sv-ivan-pavao-ii\/pohod-zupi-velike-majke-bozje-11-11-1984\/"},"modified":"2020-09-02T13:22:54","modified_gmt":"2020-09-02T12:22:54","slug":"pohod-zupi-velike-majke-bozje-11-11-1984","status":"publish","type":"page","link":"https:\/\/neocatechumenaleiter.org\/hr\/rijeci-papa\/sv-ivan-pavao-ii\/pohod-zupi-velike-majke-bozje-11-11-1984\/","title":{"rendered":"Pohod \u017eupi Velike Majke Bo\u017eje 11-11-1984"},"content":{"rendered":"\n<h1 class=\"has-text-align-center wp-block-heading\">Pohod \u017eupi Velike Majke Bo\u017eje 11-11-1984<\/h1>\n\n<div style=\"height:20px\" aria-hidden=\"true\" class=\"wp-block-spacer\"><\/div>\n\n<h4 class=\"has-text-align-center wp-block-heading\">Sv. Ivan Pavao II.<\/h4>\n\n<div style=\"height:20px\" aria-hidden=\"true\" class=\"wp-block-spacer\"><\/div>\n\n<p><strong>Rim, 11. studenoga 1984.<\/strong><\/p>\n\n<p><em>U\u00a0\u017eupnoj se\u00a0crkvi\u00a0Sveti Otac sastao s \u010dlanovima \u010detiri neokatekumenske zajednice &#8211; oko stotinu i trideset ljudi &#8211; koji djeluju u \u017eupi.\u00a0Njima, prisutnima sa svojim obiteljima, Ivan Pavao II obratio se ovim rije\u010dima:<\/em><\/p>\n\n<p>Vi ste na va\u0161em itinerariju vjere do\u0161li do dva otkri\u0107a: prvo je kr\u0161tenje jer i sama rije\u010d \u201eNeokaekumenat\u201c odnosi se na ovaj sakramenat, u kojemu je sakriveno blago darovano nam od Oca sa Sinom po Duhu Svetomu; drugo otkri\u0107e je: \u017eivotna hrabrost.  Vjera mora biti o\u010ditovana, pokazana, mora biti ponu\u0111ena drugima, ponesena u svijet. Vi imate tu hrabrost vjere koja mnogo puta nedostaje kr\u0161\u0107anima, kr\u0161tenim ljudima. Ovo je iznad svega nedostatak dana\u0161njeg kr\u0161\u0107anskog \u017eivota. Vi imate tu karizmu hrabrosti javnog o\u010ditovanja vjere.  \u017delim vam da u\u010dinite dobar posao u produbljivanju ove karizme i plodan apostolski rad u \u017eupi Velike Majke Bo\u017eje. \u017delim vam tako\u0111er da na\u0111ete mnogo radosti u va\u0161em zvanju, mnogo radosti u va\u0161im obiteljima, mnogo radosti u va\u0161oj djeci koju osobito volite i za koju dajete sav va\u0161 \u017eivot, i da biste mogli u toj va\u0161oj djeci na\u0107i veliku utjehu. Ona su nada prethodne generacije. S ovim \u017eeljama blagoslivljam od srca vas i sve koji su vam bliski i sve ljude kojima idete na va\u0161em itinerantskom putu.<\/p>\n","protected":false},"excerpt":{"rendered":"<p>Pohod \u017eupi Velike Majke Bo\u017eje 11-11-1984 Sv. Ivan Pavao II. Rim, 11. studenoga 1984. U\u00a0\u017eupnoj se\u00a0crkvi\u00a0Sveti Otac sastao s \u010dlanovima \u010detiri neokatekumenske zajednice &#8211; oko stotinu i trideset ljudi &#8211; koji djeluju u \u017eupi.\u00a0Njima, prisutnima sa svojim obiteljima, Ivan Pavao II obratio se ovim rije\u010dima: Vi ste na va\u0161em itinerariju vjere do\u0161li do dva otkri\u0107a: prvo je kr\u0161tenje jer i sama rije\u010d \u201eNeokaekumenat\u201c odnosi se na ovaj sakramenat, u kojemu<\/p>\n<div class=\"read-more\"><a class=\"btn read-more-btn\" href=\"https:\/\/neocatechumenaleiter.org\/hr\/rijeci-papa\/sv-ivan-pavao-ii\/pohod-zupi-velike-majke-bozje-11-11-1984\/\">Nastavi \u010ditati<\/a><\/div>\n","protected":false},"author":2,"featured_media":0,"parent":9680,"menu_order":29,"comment_status":"closed","ping_status":"closed","template":"","meta":{"footnotes":""},"class_list":["post-12671","page","type-page","status-publish","hentry"],"_links":{"self":[{"href":"https:\/\/neocatechumenaleiter.org\/hr\/wp-json\/wp\/v2\/pages\/12671","targetHints":{"allow":["GET"]}}],"collection":[{"href":"https:\/\/neocatechumenaleiter.org\/hr\/wp-json\/wp\/v2\/pages"}],"about":[{"href":"https:\/\/neocatechumenaleiter.org\/hr\/wp-json\/wp\/v2\/types\/page"}],"author":[{"embeddable":true,"href":"https:\/\/neocatechumenaleiter.org\/hr\/wp-json\/wp\/v2\/users\/2"}],"replies":[{"embeddable":true,"href":"https:\/\/neocatechumenaleiter.org\/hr\/wp-json\/wp\/v2\/comments?post=12671"}],"version-history":[{"count":3,"href":"https:\/\/neocatechumenaleiter.org\/hr\/wp-json\/wp\/v2\/pages\/12671\/revisions"}],"predecessor-version":[{"id":17062,"href":"https:\/\/neocatechumenaleiter.org\/hr\/wp-json\/wp\/v2\/pages\/12671\/revisions\/17062"}],"up":[{"embeddable":true,"href":"https:\/\/neocatechumenaleiter.org\/hr\/wp-json\/wp\/v2\/pages\/9680"}],"wp:attachment":[{"href":"https:\/\/neocatechumenaleiter.org\/hr\/wp-json\/wp\/v2\/media?parent=12671"}],"curies":[{"name":"wp","href":"https:\/\/api.w.org\/{rel}","templated":true}]}}