{"id":13106,"date":"2020-06-03T08:45:44","date_gmt":"2020-06-03T07:45:44","guid":{"rendered":"https:\/\/neocatechumenaleiter.org\/rijeci-papa\/sv-ivan-pavao-ii\/pohod-zupi-sv-tarzicija-3-3-1985\/"},"modified":"2020-09-02T13:23:08","modified_gmt":"2020-09-02T12:23:08","slug":"pohod-zupi-sv-tarzicija-3-3-1985","status":"publish","type":"page","link":"https:\/\/neocatechumenaleiter.org\/hr\/rijeci-papa\/sv-ivan-pavao-ii\/pohod-zupi-sv-tarzicija-3-3-1985\/","title":{"rendered":"Pohod \u017eupi Sv. Tarzicija 3-3-1985"},"content":{"rendered":"\n<h1 class=\"has-text-align-center wp-block-heading\">Pohod \u017eupi Sv. Tarzicija 3-3-1985<\/h1>\n\n<div style=\"height:20px\" aria-hidden=\"true\" class=\"wp-block-spacer\"><\/div>\n\n<h4 class=\"has-text-align-center wp-block-heading\">Sv. Ivan Pavao II.<\/h4>\n\n<div style=\"height:20px\" aria-hidden=\"true\" class=\"wp-block-spacer\"><\/div>\n\n<p><strong>Rim, 3. o\u017eujka 1985.<\/strong><\/p>\n\n<p><em>Unutar \u017eupne crkve \u017eupnik je Papi predstavio Neokatekumenske zajednice. Za nekoliko dana bra\u0107a prve zajednice zapo\u010det \u0107e jedno novo poslanje. Navije\u0161tat \u0107e evan\u0111elje po ku\u0107ama u \u010detvrti. \u201eTo je vrlo va\u017ean i ujedno osjetljiv trenutak za zajednicu\u201c \u2013 rekao je \u017eupnik.<\/em><\/p>\n\n<p>Zatim je jedan brat iz zajednice rekao: \u201eSvetosti, nije slu\u010dajno da se za vrijeme Pia XII. moj \u017eivot zaustavio i da sam ga ponovno prona\u0161ao za vrijeme Va\u0161eg pontifikata, ne obaziru\u0107i se na postojanje \u010dak triju papa. Nakon strogog katoli\u010dkog odgoja u djetinjstvu sa osamnaest godina dr\u017eao sam da odrastao \u010dovjek ima posebnu zada\u0107u: boriti se protiv kr\u0161\u0107anske religije kao opasnog praznovjerja. Smatrao sam da su Krist i kr\u0161\u0107anstvo utopija i proma\u0161aj pridr\u017eavaju\u0107i \u010dovjeku sposobnost da bude tvorac vlastitog \u017eivota. Takva iskrivljena vizija \u017eivota dovela me je do gotovo dvadeset pet godina intelektualnog i afektivnog nutarnjeg nereda iz kojeg nisam mogao iza\u0107i. Tako\u0111er je i samoubojstvo jednog prijatelja ponovno stavilo pred mene pitanja bez odgovora o ljudskoj egzistenciji, o smislu \u017eivota. Prije \u0161est godina Gospodin je do\u0161ao ispuniti moj \u017eivot; do\u0161ao je iznenada, neo\u010dekivano preko nekih katehista koji su gubili svoj \u017eivot za druge. Od tog dana moj se \u017eivot promijenio. Otkrio sam da me Gospodin voli kao \u0161o nitko drugi ne bi mogao. Do te sam mjere iskrivio ljubav Bo\u017eju misle\u0107i da on ne voli ni mene ni bilo kog drugog. Malo pomalo, kako je Rije\u010d zadirala u moj \u017eivot otkrivao sam uvijek sve ve\u0107e Bo\u017eje milosr\u0111e. Ova ljubav me je preporodila kao mu\u017ea i kao oca. Ustvari, otkrio sam novu \u017eenu koju nisam izabrao ja nego Gospodin za mene. Otkrio sam novu djecu koja su Bo\u017eja djeca. Svetosti, s ovim mojim kratkim svjedo\u010danstvom \u017eelim uzvratiti Crkvi ono \u0161to sam dobio, u znak zahvalnosti i sinovske ljubavi\u201c.<\/p>\n\n<div class=\"wp-block-image\"><figure class=\"alignright size-medium\"><img loading=\"lazy\" decoding=\"async\" width=\"300\" height=\"241\" src=\"https:\/\/neocatechumenaleiter.org\/wp-content\/uploads\/2020\/03\/Camino_Neocatecumenal_Juan_Pablo_II_visita_parroquia_San_Tarsicio_1985-300x241.jpg\" alt=\"\" class=\"wp-image-1863\" srcset=\"https:\/\/neocatechumenaleiter.org\/wp-content\/uploads\/2020\/03\/Camino_Neocatecumenal_Juan_Pablo_II_visita_parroquia_San_Tarsicio_1985-300x241.jpg 300w, https:\/\/neocatechumenaleiter.org\/wp-content\/uploads\/2020\/03\/Camino_Neocatecumenal_Juan_Pablo_II_visita_parroquia_San_Tarsicio_1985.jpg 698w\" sizes=\"auto, (max-width: 300px) 100vw, 300px\" \/><\/figure><\/div>\n\n<p>Ja vas poznajem \u2013 odgovorio je papa \u2013 susre\u0107em vas u mnogim rimskim \u017eupama, susre\u0107em vas i u raznim zemljama svijeta. Vrlo je lako identificirati vas, jer kad po\u010dnu odzvanjati va\u0161e gitare, i kad odjekne ono pjevanje karakteristi\u010dno za neokatekumene, u bilo kojem kutku svijeta, papa odmah zna tko su ti, i razveseli se. Posvuda se obraduje, a raduje se i u ovoj \u017eupi. Ja sam mnogo puta govorio mnogim neokatekumenskim zajednicama u mnogim dijelovima Rima i ve\u0107 vrlo dobro znam da su dva elementa karakteristi\u010dna za va\u0161u karizmu. Prvi je: zanos vjere, ponovno na\u0111ene. Ponovno na\u0111ene vjere i kod onih koji su je oduvijek imali, mo\u017eda \u010dak i kao vjeru \u017eivljenu, vjeru prakticiranu; kod onih koji su, vi\u0161e manje, bili po\u0161teni i dobri kr\u0161\u0107ani. Jednom nanovo na\u0111ena vjera, vjera \u2013 na\u0111ena u svom punom zna\u010denju, u svom otajstvu, u svojoj nadnaravnoj veli\u010dini \u2013 stvara zanos. Ovaj je zanos vjere vrlo potreban na\u0161em vremenu. Ovo na\u0161e vrijeme, hladno, indiferentno, na\u0161e vrijeme koje se ne \u017eeli zalo\u017eiti \u2013 koje o istinitosti vjere, o Bogu, o Kristu ka\u017ee: tko zna, mo\u017ee biti, mo\u017eda jest. Potreban je ovaj zanos, ovo osobno uvjerenje, koje je jedino sposobno i druge uvjeriti.<\/p>\n\n<p>Zatim, drugo \u0161to mislim da pripada va\u0161oj karizmi, jest: radikalno obra\u0107enje. Slu\u0161ao sam va\u0161a svjedo\u010danstva, osobito ono prvo, s dubokim ganu\u0107em, i odmah sam pomislio: \u0161to ho\u0107ete vi\u0161e, imamo jo\u0161 jedno svjedo\u010danstvo Pavla iz Tarza. Jednoga koji je i\u0161ao protiv, koji je \u010dak \u017eelio ubiti Isusa, uni\u0161titi kr\u0161\u0107anstvo. Onda je, u jednom trenutku, susreo Isusa uskrsloga, postao je Njegovim u\u010denikom, Njegovim najrevnijim i najplodnijim apostolom. Stoga ja mislim da u ovo na\u0161e vrijeme \u2013 u kojem su mnogi izgubili vjeru i po\u0161li drugim putem slijede\u0107i ideolo\u0161ke i filozofske sisteme, nalaze\u0107i \u010dak i protuvjerske udruge i organizacije \u2013 da su, dakle, ovom na\u0161em vremenu potrebna obra\u0107enja kakvo je bilo ono Pavla iz Tarza. Gledam na vas s velikim zadovoljstvom i mislim da ste veoma potrebni dana\u0161njoj Crkvi i dana\u0161njem svijetu. Morate samo nastaviti gajiti va\u0161e karizme i produbljivati va\u0161 identitet, stoje\u0107i uvijek vrlo blizu uz pastire Crkve, i slijede\u0107i uvijek onu specifi\u010dnu milost koja pripada identitetu neokatekumenskih zajednica.<\/p>\n","protected":false},"excerpt":{"rendered":"<p>Pohod \u017eupi Sv. Tarzicija 3-3-1985 Sv. Ivan Pavao II. Rim, 3. o\u017eujka 1985. Unutar \u017eupne crkve \u017eupnik je Papi predstavio Neokatekumenske zajednice. Za nekoliko dana bra\u0107a prve zajednice zapo\u010det \u0107e jedno novo poslanje. Navije\u0161tat \u0107e evan\u0111elje po ku\u0107ama u \u010detvrti. \u201eTo je vrlo va\u017ean i ujedno osjetljiv trenutak za zajednicu\u201c \u2013 rekao je \u017eupnik. Zatim je jedan brat iz zajednice rekao: \u201eSvetosti, nije slu\u010dajno da se za vrijeme Pia XII.<\/p>\n<div class=\"read-more\"><a class=\"btn read-more-btn\" href=\"https:\/\/neocatechumenaleiter.org\/hr\/rijeci-papa\/sv-ivan-pavao-ii\/pohod-zupi-sv-tarzicija-3-3-1985\/\">Nastavi \u010ditati<\/a><\/div>\n","protected":false},"author":2,"featured_media":0,"parent":9680,"menu_order":31,"comment_status":"closed","ping_status":"closed","template":"","meta":{"footnotes":""},"class_list":["post-13106","page","type-page","status-publish","hentry"],"_links":{"self":[{"href":"https:\/\/neocatechumenaleiter.org\/hr\/wp-json\/wp\/v2\/pages\/13106","targetHints":{"allow":["GET"]}}],"collection":[{"href":"https:\/\/neocatechumenaleiter.org\/hr\/wp-json\/wp\/v2\/pages"}],"about":[{"href":"https:\/\/neocatechumenaleiter.org\/hr\/wp-json\/wp\/v2\/types\/page"}],"author":[{"embeddable":true,"href":"https:\/\/neocatechumenaleiter.org\/hr\/wp-json\/wp\/v2\/users\/2"}],"replies":[{"embeddable":true,"href":"https:\/\/neocatechumenaleiter.org\/hr\/wp-json\/wp\/v2\/comments?post=13106"}],"version-history":[{"count":5,"href":"https:\/\/neocatechumenaleiter.org\/hr\/wp-json\/wp\/v2\/pages\/13106\/revisions"}],"predecessor-version":[{"id":17064,"href":"https:\/\/neocatechumenaleiter.org\/hr\/wp-json\/wp\/v2\/pages\/13106\/revisions\/17064"}],"up":[{"embeddable":true,"href":"https:\/\/neocatechumenaleiter.org\/hr\/wp-json\/wp\/v2\/pages\/9680"}],"wp:attachment":[{"href":"https:\/\/neocatechumenaleiter.org\/hr\/wp-json\/wp\/v2\/media?parent=13106"}],"curies":[{"name":"wp","href":"https:\/\/api.w.org\/{rel}","templated":true}]}}