{"id":13118,"date":"2020-06-03T09:22:30","date_gmt":"2020-06-03T08:22:30","guid":{"rendered":"https:\/\/neocatechumenaleiter.org\/rijeci-papa\/sv-ivan-pavao-ii\/audijencija-u-sikstinskoj-kapeli-s-mladicima-na-putu-prema-svecenistvu-31-3-1985\/"},"modified":"2020-09-02T13:28:06","modified_gmt":"2020-09-02T12:28:06","slug":"audijencija-u-sikstinskoj-kapeli-s-mladicima-na-putu-prema-svecenistvu-31-3-1985","status":"publish","type":"page","link":"https:\/\/neocatechumenaleiter.org\/hr\/rijeci-papa\/sv-ivan-pavao-ii\/audijencija-u-sikstinskoj-kapeli-s-mladicima-na-putu-prema-svecenistvu-31-3-1985\/","title":{"rendered":"Audijencija u Sikstinskoj Kapeli s mladi\u0107ima na putu prema sve\u0107eni\u0161tvu 31-3-1985"},"content":{"rendered":"\n<h1 class=\"has-text-align-center wp-block-heading\">Audijencija u Sikstinskoj Kapeli s mladi\u0107ima na putu prema sve\u0107eni\u0161tvu 31-3-1985<\/h1>\n\n<div style=\"height:20px\" aria-hidden=\"true\" class=\"wp-block-spacer\"><\/div>\n\n<h4 class=\"has-text-align-center wp-block-heading\">Sv. Ivan Pavao II.<\/h4>\n\n<div style=\"height:20px\" aria-hidden=\"true\" class=\"wp-block-spacer\"><\/div>\n\n<p><strong>Vatikan &#8211; <\/strong><strong>Sikstinska kapela , 31. o\u017eujka 1985.<\/strong><\/p>\n\n<p><em>Tisu\u0107u i dvije stotine mladi\u0107a anga\u017eiranih na putu koji \u0107e ih dovesti do prezbiterata, bili su, ju\u010der u nedjelju poslije podne, odu\u0161evljeni susretom s papom u Sikstinskoj kapeli, punoj kao nikada. Kiko Arg\u00fcello, inicijator Neokatekumenskog puta, predstavljaju\u0107i zbor Svetom Ocu, rekao je da su ti mladi\u0107i do\u0161li u Rim na veliki me\u0111unarodni kongres mlade\u017ei, te da sudjeluju na posebnom skupu rezerviranom za mlade neokatekumene koji su upravo preko Puta otkrili svoje zvanje za sve\u0107eni\u0161tvo. Iako su do\u0161li iz \u0161ezdesetak zemalja, najve\u0107i dio tih mladi\u0107a bili su ju\u017enoamerikanci, radosni da su mogli Ivanu Pavlu II. pokazati kako je bio primljen poziv koji im je uputio u Per\u00f9-u za nedavnog pohoda \u201eKontinentu nade\u201c: \u201eIdite, vratite se svojim narodima i navije\u0161tajte Evan\u0111elje\u201c.<\/em><\/p>\n\n<div class=\"wp-block-image\"><figure class=\"alignleft size-medium\"><img loading=\"lazy\" decoding=\"async\" width=\"300\" height=\"248\" src=\"https:\/\/neocatechumenaleiter.org\/wp-content\/uploads\/2020\/03\/Camino_Neocatecumenal_Juan_Pablo_II_audiencia_capilla_sixtina_seminaristas_1985-300x248.jpg\" alt=\"\" class=\"wp-image-1874\" srcset=\"https:\/\/neocatechumenaleiter.org\/wp-content\/uploads\/2020\/03\/Camino_Neocatecumenal_Juan_Pablo_II_audiencia_capilla_sixtina_seminaristas_1985-300x248.jpg 300w, https:\/\/neocatechumenaleiter.org\/wp-content\/uploads\/2020\/03\/Camino_Neocatecumenal_Juan_Pablo_II_audiencia_capilla_sixtina_seminaristas_1985.jpg 678w\" sizes=\"auto, (max-width: 300px) 100vw, 300px\" \/><\/figure><\/div>\n\n<p><em>Rimski susret mladih neokatekumena oni su sami definirali kao \u201euranjanje u kr\u0161tenje\u201c, a odvijao se kroz produbljivanje triju temeljnih vidova na putu budu\u0107ih prezbitera; liturgijskog, skramentalnog vida; vida Rije\u010di, prezbiterove zaru\u010dnice, s posebnim razmi\u0161ljanjem devetog poglavlja Lukina evan\u0111elja; te vida Crkve. Osobito je istaknuto otkrivanje mjesne Crkve.<\/em>&#013;\n&#013;\n<em>Sam je Kiko Svetom Ocu prikazao pregled cijele skupine i podrijeklo pojedinih sudionika. Tako se je ukazala potpuna i iscrpna slika zalaganja neokatekumenskih zajednica u cijelom svijetu za nastajanje i produbljivanje posebno posve\u0107enih zvanja. Danas mnogi mladi\u0107i odlaze u sjemeni\u0161ta zahvaljuju\u0107i Neokatekumenskom putu: to su dokazala dvojica od tolikih, govore\u0107i u svom iskustvu: jedan iz Santo Dominga, drugi iz M\u00fcnchena u Bavarskoj. Biskup iz grada Jundiai u Brazilu, Roberto Pinarello de Almeida, izjavio je da je njegovo biskupijsko sjemeni\u0161te prihvatilo odgojnu metodu Neokatekumenskog puta za formiranje prezbitera; \u201etronog\u201c: Rije\u010d, Liturgija i bratsko zajedni\u0161tvo vrlo je u\u010dinkovita hrana za sjemeni\u0161tarce koji se predaju slu\u017eenju Crkve i za Crkvu.<\/em><\/p>\n\n<p>Evo papinih rije\u010di:&#013;\n\u017delim sa\u017eeti razmi\u0161ljanje koje mi je dolazilo za vrijeme ovog susreta: imam i jedan tekst prije pripremljen, ali ne\u0107u ga \u010ditati, jer mo\u017eda su ovi spontani, neposredni dojmovi vi\u0161e ad rem. Vidjeli smo pone\u0161to zemljopisa i statistike. Obi\u0161li smo svijet: po\u010deli s Meksikom, cijelom Srednjom Amerikom, Antilama i Latinskom Amerikom; \u010dak sam mislio da \u0107emo ostati na ovim podru\u010djima. Ali izi\u0161li smo iz Latinske Amerike u Oceaniju, Australiju, Japan, Kinu i Tajvan. I ne znam za\u0161to se nije po\u0161lo u onu veliku zemlju koja se nalazi izme\u0111u Kine i Poljske. Zatim smo pro\u0161li raznim europskim zemljama, vidio sam da je i Italija prili\u010dno predstavljena, a ne samo \u0160panjolska. Ne\u0161to manje Poljska, ali, hvala Bogu, i u Poljskoj su tako\u0111er sjemeni\u0161tarci.&#013;\n<\/p>\n\n<p>Gledaju\u0107i ovaj zemljopis i ovu statistiku, ja mislim da se uvijek, sa svakom statistikom u duhovnim stvarima, moramo pozivati na Duha, na Duha Svetoga: postoji jedna statistika koja se razumije samo preko Njegove osobe i Njegova otajstvenog djelovanja u du\u0161i. Svi smo mi oru\u0111e, tako\u0111er sakramentalno oru\u0111e, sveto, za ovo Njegovo djelovanje, ali je najva\u017enije Njegovo djelovanje. Oru\u0111e je uvijek sporedno, iako potrebno. Potrebno je jer Crkva nije nebeska Crkva, ona je zemaljska Crkva, crkva ljudi i ljudi su pozvani da grade Crkvu. Potreban je poziv. Krist je tako \u010dinio: pozivao je. On je sam po\u010deo propovijedati, navije\u0161tati evan\u0111elje, ali odmah je i pozivao, jo\u0161 za prvih dana. Ovaj se proces zvanja, poziva, mora ponoviti. Dapa\u010de, ovaj proces poziva sa\u010dinjava jednu odre\u0111enu ku\u0161nju autenti\u010dnosti, zrelosti svake Crkve: one u sveop\u0107em smislu i one u posebnom smislu, mjesnom. Ja se sje\u0107am moje mladosti i vremena kad sam bio biskup u Krakovu, kad je svaka \u017eupa vrednovala samu sebe prema broju zvanja \u0161to ih je imala: zvanja sve\u0107eni\u010dkih i redovni\u010dkih. To je bio znak vitalnosti, znak zrelosti Crkve.<\/p>\n\n<div class=\"wp-block-image\"><figure class=\"alignright size-medium\"><img loading=\"lazy\" decoding=\"async\" width=\"300\" height=\"239\" src=\"https:\/\/neocatechumenaleiter.org\/wp-content\/uploads\/2020\/03\/Camino_Neocatecumenal_Juan_Pablo_II_audiencia_capilla_sixtina_seminaristas_19852-300x239.jpg\" alt=\"\" class=\"wp-image-1881\" srcset=\"https:\/\/neocatechumenaleiter.org\/wp-content\/uploads\/2020\/03\/Camino_Neocatecumenal_Juan_Pablo_II_audiencia_capilla_sixtina_seminaristas_19852-300x239.jpg 300w, https:\/\/neocatechumenaleiter.org\/wp-content\/uploads\/2020\/03\/Camino_Neocatecumenal_Juan_Pablo_II_audiencia_capilla_sixtina_seminaristas_19852.jpg 712w\" sizes=\"auto, (max-width: 300px) 100vw, 300px\" \/><\/figure><\/div>\n\n<p>Evo, ja sve bolje upoznajem va\u0161 Pokret, va\u0161 Neokatekumenski pokret, upoznajem ga u raznim prilikama, uvijek pomalo nakratko, ali od tih se fragmenata tvori cjelina. Stoga \u0107u re\u0107i ne\u0161to \u0161to mi se \u010dini da je najbitnije. Vi ste Neokatekumenski pokret; to zna\u010di: pokret koji, mo\u017eemo re\u0107i, stavlja u sredi\u0161te svoje \u201eduhovnosti\u201c sakrament kr\u0161tenja. \u0160to zna\u010di kr\u0161tenje? Zna\u010di mnogo toga, ali me\u0111u svim tim \u0161to sa\u010dinjava cijelu veliku teologiju svetog kr\u0161tenja jest jedno: prvo posve\u0107enje ljudske osobe Bogu, u Isusu Kristu: a to je prvo posve\u0107enje. Naravno, ima u svijetu mnogo kr\u0161tenih koji malo ili ni\u0161ta ne vode ra\u010duna o ovome, o prvom posve\u0107enju. Stoga ako netko vr\u0161i duboki skrutinij, egzistencijalni skrutinij, skrutinij uistinu religiozni svoga kr\u0161tenja, mora se, barem jedanput, na\u0107i pred ovom stvarno\u0161\u0107u: pa ja sam osoba posve\u0107ena Bogu! U ovom posve\u0107enju, prvom, glavnom i temeljnom, lak\u0161e se otkriva sve\u0107eni\u010dko ili redovni\u010dko zvanje. To ne zna\u010di nikakvo obezvrije\u0111ivanje op\u0107eg kr\u0161\u0107anskog zvanja, kr\u0161\u0107anskog zvanja kao takvog, zvanja svih laika, dapa\u010de: vi imate za svoga vo\u0111u jednog laika. Sv. Franjo Asi\u0161ki nije htio biti sve\u0107enik, nije htio: primio je samo red \u0111akonata. Naravno, svako je kr\u0161\u0107ansko zvanje ozna\u010deno, obilje\u017eeno ovim posve\u0107enjem osobe, cijelog \u010dovjeka, \u010dovjeka ili \u017eene, Bogu. Ako se ovo razumije, lak\u0161e je razumjeti i ono zvanje kojim se \u010dovjek, polaze\u0107i od svoje vlastite inicijativa, naravno, vo\u0111en od milosti Bo\u017eje, prikazuje, posve\u0107uje slu\u017eenju Bogu, Kristu, Crkvi, slu\u017eenju potpunom, cjelokupnom: sve\u0107eni\u010dko posve\u0107enje i redovni\u010dko posve\u0107enje; dva pomalo razli\u010dita posve\u0107enja, ali sa puno dodirnih to\u010daka. Ovo je plod razmatranja, produbljivanja otajstva kr\u0161tenja, i ja se ne \u010dudim da na va\u0161em Putu ima zvanja: to je potvrda da je ovaj va\u0161 pokret autenti\u010dni pokret i da odgovara svojoj naravi i svome nazivu. To je, evo, ono glavno \u0161to sam vam htio re\u0107i. Jo\u0161 jedna, tre\u0107a stvar, pone\u0161to prigodna: nalazimo se u Sikstinskoj kapeli. Sikstinska kapela je poznata osobito po \u010dudesnim slikama: kao Posljednji sud od Michelangela; poznata je i jedna \u010dinjenica: ovdje, u ovoj kapeli se dr\u017ee konklave kad se bira papa, rimski biskup. Zadnji put su kardinali \u2013 u prili\u010dno velikom broju, mo\u017eda u najbrojnijim me\u0111u svim konklavama, a isto tako i u predzadnjima, \u2013 izabrali papu koji nije bio poznat,- ali su izabrali i papu koji je otkrio i zvanje itineranata.<\/p>\n\n<div class=\"wp-block-image\"><figure class=\"alignleft size-medium\"><img loading=\"lazy\" decoding=\"async\" width=\"300\" height=\"245\" src=\"https:\/\/neocatechumenaleiter.org\/wp-content\/uploads\/2020\/03\/Camino_Neocatecumenal_Juan_Pablo_II_audiencia_capilla_sixtina_seminaristas_19853-300x245.jpg\" alt=\"\" class=\"wp-image-1888\" srcset=\"https:\/\/neocatechumenaleiter.org\/wp-content\/uploads\/2020\/03\/Camino_Neocatecumenal_Juan_Pablo_II_audiencia_capilla_sixtina_seminaristas_19853-300x245.jpg 300w, https:\/\/neocatechumenaleiter.org\/wp-content\/uploads\/2020\/03\/Camino_Neocatecumenal_Juan_Pablo_II_audiencia_capilla_sixtina_seminaristas_19853.jpg 695w\" sizes=\"auto, (max-width: 300px) 100vw, 300px\" \/><\/figure><\/div>\n\n<p>I tako smo itineranti. Ovo je jedan drugi vid va\u0161eg pokreta. Apostolska Crkva je bila itinerantska po svojoj naravi; sigurno najve\u0107i od svih itineranata bio je sveti Pavao.&#013;\nEvo, Crkva je itinerantska, svi, pa i oni koji za cijelog \u017eivota nisu nijednom promijenili mjesto, ni smje\u0161taj, su itineranti, jer svi smo hodo\u010dasnici: biti hodo\u010dasnik je jedan vi\u0161i pojam od itineranta. Svi hodo\u010dasnici u Duhu Svetom, prema ku\u0107i O\u010devoj. Krist nas vodi u svome Svetom Duhu, vodi nas preko svoga Svetoga Duha.&#013;\nDodat \u0107u jo\u0161 jednu opasku: ovdje u ovoj kapeli mnogo se moli, moli se oko nje i po \u010ditavom svijetu kad do\u0111e \u010das smrti jednog pape i izbora njegovog nasljednika.&#013;\n<\/p>\n\n<p>Danas \u017eelim zaklju\u010diti ovaj susret mole\u0107i s vama Duha Svetoga za zvanja, koja su Crkvi tako potrebna. I mi vodimo statistike, statistike za cijelu Crkvu, i moramo ih \u010diniti. Upravo ju\u010der smo zajedno s jednim monsinjorom razgovarali s predstavnicima Statisti\u010dkog ureda Crkve: dana\u0161nja Crkva mora ulo\u017eiti velike molitvene napore, u odnosu s Duhom Svetim, da bi se odr\u017eala na \u017eivotu, da bi se odr\u017eao veliki broj zvanja, jer taj je broj u nekim zemljama na svijetu ugro\u017een, kao i u nekim Crkvama, dok je u nekim odavno nedovoljan.<\/p>\n\n<p>Zavr\u0161imo mole\u0107i jedno otajstvo krunice, otajstvo Duha Svetoga, tre\u0107e slavno otajstvo, jer se ovdje u ovoj kapeli mora moliti otajstvo koje se odnosi na Duha Svetoga. Za zvanja. U\u010dinit \u0107u to na latinski: vi ste sjemeni\u0161tarci i morate znati latinski.<\/p>\n","protected":false},"excerpt":{"rendered":"<p>Audijencija u Sikstinskoj Kapeli s mladi\u0107ima na putu prema sve\u0107eni\u0161tvu 31-3-1985 Sv. Ivan Pavao II. Vatikan &#8211; Sikstinska kapela , 31. o\u017eujka 1985. Tisu\u0107u i dvije stotine mladi\u0107a anga\u017eiranih na putu koji \u0107e ih dovesti do prezbiterata, bili su, ju\u010der u nedjelju poslije podne, odu\u0161evljeni susretom s papom u Sikstinskoj kapeli, punoj kao nikada. Kiko Arg\u00fcello, inicijator Neokatekumenskog puta, predstavljaju\u0107i zbor Svetom Ocu, rekao je da su ti mladi\u0107i do\u0161li<\/p>\n<div class=\"read-more\"><a class=\"btn read-more-btn\" href=\"https:\/\/neocatechumenaleiter.org\/hr\/rijeci-papa\/sv-ivan-pavao-ii\/audijencija-u-sikstinskoj-kapeli-s-mladicima-na-putu-prema-svecenistvu-31-3-1985\/\">Nastavi \u010ditati<\/a><\/div>\n","protected":false},"author":2,"featured_media":0,"parent":9680,"menu_order":32,"comment_status":"closed","ping_status":"closed","template":"","meta":{"footnotes":""},"class_list":["post-13118","page","type-page","status-publish","hentry"],"_links":{"self":[{"href":"https:\/\/neocatechumenaleiter.org\/hr\/wp-json\/wp\/v2\/pages\/13118","targetHints":{"allow":["GET"]}}],"collection":[{"href":"https:\/\/neocatechumenaleiter.org\/hr\/wp-json\/wp\/v2\/pages"}],"about":[{"href":"https:\/\/neocatechumenaleiter.org\/hr\/wp-json\/wp\/v2\/types\/page"}],"author":[{"embeddable":true,"href":"https:\/\/neocatechumenaleiter.org\/hr\/wp-json\/wp\/v2\/users\/2"}],"replies":[{"embeddable":true,"href":"https:\/\/neocatechumenaleiter.org\/hr\/wp-json\/wp\/v2\/comments?post=13118"}],"version-history":[{"count":9,"href":"https:\/\/neocatechumenaleiter.org\/hr\/wp-json\/wp\/v2\/pages\/13118\/revisions"}],"predecessor-version":[{"id":17104,"href":"https:\/\/neocatechumenaleiter.org\/hr\/wp-json\/wp\/v2\/pages\/13118\/revisions\/17104"}],"up":[{"embeddable":true,"href":"https:\/\/neocatechumenaleiter.org\/hr\/wp-json\/wp\/v2\/pages\/9680"}],"wp:attachment":[{"href":"https:\/\/neocatechumenaleiter.org\/hr\/wp-json\/wp\/v2\/media?parent=13118"}],"curies":[{"name":"wp","href":"https:\/\/api.w.org\/{rel}","templated":true}]}}