{"id":13684,"date":"2020-06-05T11:22:01","date_gmt":"2020-06-05T10:22:01","guid":{"rendered":"https:\/\/neocatechumenaleiter.org\/rijeci-papa\/sv-ivan-pavao-ii\/privatna-audijencija-sa-svecenicima-9-12-1985\/"},"modified":"2020-09-30T09:18:09","modified_gmt":"2020-09-30T08:18:09","slug":"privatna-audijencija-sa-svecenicima-9-12-1985","status":"publish","type":"page","link":"https:\/\/neocatechumenaleiter.org\/hr\/rijeci-papa\/sv-ivan-pavao-ii\/privatna-audijencija-sa-svecenicima-9-12-1985\/","title":{"rendered":"Privatna audijencija sa sve\u0107enicima 9-12-1985"},"content":{"rendered":"\n<h1 class=\"has-text-align-center wp-block-heading\">Privatna Audijencija sa sve\u0107enicima 9-12-1985<\/h1>\n\n<div style=\"height:20px\" aria-hidden=\"true\" class=\"wp-block-spacer\"><\/div>\n\n<h4 class=\"has-text-align-center wp-block-heading\">Sv. Ivan Pavao II.<\/h4>\n\n<div style=\"height:20px\" aria-hidden=\"true\" class=\"wp-block-spacer\"><\/div>\n\n<div class=\"wp-block-image\"><figure class=\"alignright size-large\"><img loading=\"lazy\" decoding=\"async\" width=\"768\" height=\"596\" src=\"https:\/\/neocatechumenaleiter.org\/wp-content\/uploads\/2020\/03\/Camino_Neocatecumenal_Juan_Pablo_II_audiencia_privada_sacerdotes_1985.jpg\" alt=\"\" class=\"wp-image-8388\" srcset=\"https:\/\/neocatechumenaleiter.org\/wp-content\/uploads\/2020\/03\/Camino_Neocatecumenal_Juan_Pablo_II_audiencia_privada_sacerdotes_1985.jpg 768w, https:\/\/neocatechumenaleiter.org\/wp-content\/uploads\/2020\/03\/Camino_Neocatecumenal_Juan_Pablo_II_audiencia_privada_sacerdotes_1985-300x233.jpg 300w\" sizes=\"auto, (max-width: 768px) 100vw, 768px\" \/><\/figure><\/div>\n\n<p><p><strong>Dvorana Pavla VI. (Vatikan), 9. prosinca 1985.<\/strong><\/p><\/p>\n\n<p><p><em>U ponedjeljak, 9. prosinca, u Dvorani Pavao VI., Sveti Otac je, na audijenciji za dvije tisu\u0107e sve\u0107enika neokatekumenskih zajednica, odr\u017eao slijede\u0107i govor:<\/em><\/p><\/p>\n\n<p><p>Predragi! 1. Sa \u017eivim zanimanjem slu\u0161ao sam rije\u010di \u0161to mi ih je u ime svih vas uputio Kiko Arg\u00fcello, koji je htio opisati kako su se sve zajednice Neokatekumenskog puta, razasute po mnogim narodima, zalagale u trajnoj molitvi i razmatranju za Izvanrednu sinodu koja se slavila o dvadesetoj godini po zavr\u0161etku Drugog vatikanskog koncila. Va\u0161e duhovno sudjelovanje u pripravi i va\u0161a nazo\u010dnost na zavr\u0161nom obredu Sinode \u017eeljela je biti zna\u010dajno i sve\u010dano o\u010ditovanje va\u0161e vjernosti Kristu Otkupitelju i Crkvi hodo\u010dasnici koja ljudima prenosi milost, posebno sakramentalnim znakovima koji spominju i posada\u0161njuju djelotvornost Otkupljenja. Drago mi je u ovoj audijenciji spomenuti tolike susrete \u0161to sam ih imao s raznim va\u0161im zajednicama, posebno u pastirskim pohodima mojoj rimskoj biskupiji, susretima u kojima sam hrabrio va\u0161e duhovno iskustvo koje se zasniva na temeljnoj vrijednosti sakramenta kr\u0161tenja, sa svije\u0161\u0107u da ostvarenje krsne dimenzije zna\u010di, poglavito, \u017eivjeti autenti\u010dnu stvarnost biti kr\u0161\u0107ani; zna\u010di intimno se sjediniti s Kristom Euharistijom: zna\u010di konkretno i djelotvorno ljubiti sve ljude kao bra\u0107u u Kristu; zna\u010di postaviti i usmjeriti vlastite moralne izbore primjereno i u sukladnosti sa krsnim obe\u0107anjima. \u201eOvaj put, put vjere, put ponovno otkrivenog kr\u0161tenja \u2013 rekao sam va\u0161im prijateljima \u017eupe Svetih kanadskih mu\u010denika u Rimu \u2013 mora biti put novog \u010dovjeka; on vidi kakav je pravi razmjer, ili bolje nerazmjer svog stvorenog bitka, svoje stvorenosti s obzirom na Stvoritelja, na njegovo beskrajno Veli\u010danstvo, na Boga otkupitelja, Boga svetoga i posve\u0107uju\u0107e ga, i nastoji se ostvariti u toj perspektivi\u201c (<em>Insegnamenti III 2\/1980\/,str. 1044).<\/em><\/p><\/p>\n\n<p><p>2. Ve\u0107i dio vas \u010dini brojna skupina \u017eupnika i sve\u0107enika koji rade na podru\u010dju Neokatekumenskog puta. Drugi vatikanski sabor posvetio je svoju pozornost i svoje brige tako\u0111er sve\u0107eni\u010dkoj slu\u017ebi i njihovom \u017eivotu. U Dekretu Presbyterorum Ordinis koji je bio sve\u010dano odobren 7. prosinca 1965. godine. U tom va\u017enom dokumentu \u2013 pozivam vas da ga razmatrate \u2013 Koncil, temelje\u0107i se na Rije\u010di Bo\u017ejoj, na u\u010denju Otaca, U\u010diteljstva i \u017eivoj Predaji Bo\u017ejeg naroda, podcrtavao je da se prezbiteri, snagom svetog re\u0111enja i poslanja koje primaju od biskupa, \u201epromi\u010du da slu\u017ee Kristu U\u010ditelju, Sve\u0107eniku i Kralju, kao dionici njegove slu\u017ebe, po kojoj se ovdje na zemlji Crkva neprestano izgra\u0111uje u Bo\u017eji narod, Kristovo Tijelo i Hram Duha Svetoga\u201c (<em>Presbyterorum Ordinis, 1).<\/em> Vi prisutni \u017eupnici i sve\u0107enici zacijelo \u017eelite i Papinu rije\u010d da jo\u0161 bolje shvatite ono \u0161to Crkva o\u010dekuje danas od vas. \u010cinim to rado jer sam siguran da moj poticaj ne\u0107e ostati bez pozitivnog i blagotvornog utjecaja na va\u0161e zajednice i na pojedince u redu njihove nazo\u010dnosti u crkvenoj stvarnosti.<\/p><\/p>\n\n<p><p>3. Ciljevi \u0161to ih va\u0161e neokatekumenske zajednice sebi postavljaju zacijelo odgovaraju jednom od najtjeskobnijih pitanja pastira du\u0161a i danas, posebno u velikim gradskim naseljima. Vi namjeravate dohvatiti mase odraslih kr\u0161tenika, koji su slabo pou\u010deni u vjeri, da ih, preko duhovnog puta, dovedete do toga da otkriju krsne korijene svoje kr\u0161\u0107anske egzistencije i da ih u\u010dinite sve vi\u0161e svjesnima njihovih du\u017enosti. Na tom putu djelovanje sve\u0107enika ostaje temeljno. Odatle potreba za jasno\u0107om polo\u017eaja koji spada na vas kao voditelja zajednica, da va\u0161 rad bude u skladu sa stvarnim zahtjevima pastorala. Prvi zahtjev koji vam se name\u0107e jest taj da, unutar zajednica znate sa\u010duvati vjeru u va\u0161 sve\u0107eni\u010dki identitet. Snagom svetog re\u0111enja vi ste obilje\u017eeni posebnim biljegom koji vas suobli\u010duje Kristu Sve\u0107eniku tako da mo\u017eete djelovati u njegovo ime (usp.\u00a0<em>Presbyterorum ordinis, 2).<\/em> Stoga sveti slu\u017ebenik mora biti prihva\u0107en ne samo kao brat koji dijeli sudbinu puta same zajednice, nego nadasve kao onaj koji, djeluju\u0107i \u201eu osobi Krista\u201c nosi sobom nezamjenjivu odgovornost U\u010ditelja, Posvetitelja i Vo\u0111e du\u0161a, odgovornost koje se on na nijedan na\u010din ne mo\u017ee odre\u0107i. Laici moraju imati priliku shvatiti ovu stvarnost iz odgovornog pona\u0161anja koje vi imate. Bila bi varka vjerovati da slu\u017eite Evan\u0111elju razvodnjavaju\u0107i svoju karizmu u krivo shva\u0107enoj poniznosti ili u lo\u0161e shva\u0107enom o\u010ditovanju bratstva. Ponavljam \u0161to sam imao priliku re\u0107i crkvenim asistentima, Me\u0111unarodnih katoli\u010dkih udru\u017eenja: \u201eNe dajte se zavarati! Crkva vas ho\u0107e sve\u0107enicima, a laici koje susre\u0107ete ho\u0107e vas sve\u0107enicima i ni\u0161ta drugo nego sve\u0107enicima. Zbrka karizmi osiroma\u0161uje Crkvu, a ne oboga\u0107uje je\u201c <em>(Govor od 13. rujna 1979., br. 4: Insegnamenti II\/2\/1979\/, str 1391).<\/em><\/p><\/p>\n\n<div class=\"wp-block-image\"><figure class=\"alignleft size-large\"><img loading=\"lazy\" decoding=\"async\" width=\"360\" height=\"244\" src=\"https:\/\/neocatechumenaleiter.org\/wp-content\/uploads\/2020\/03\/Camino_Neocatecumenal_Juan_Pablo_II_audiencia_privada_sacerdotes_19852.jpg\" alt=\"\" class=\"wp-image-8390\" srcset=\"https:\/\/neocatechumenaleiter.org\/wp-content\/uploads\/2020\/03\/Camino_Neocatecumenal_Juan_Pablo_II_audiencia_privada_sacerdotes_19852.jpg 360w, https:\/\/neocatechumenaleiter.org\/wp-content\/uploads\/2020\/03\/Camino_Neocatecumenal_Juan_Pablo_II_audiencia_privada_sacerdotes_19852-300x203.jpg 300w\" sizes=\"auto, (max-width: 360px) 100vw, 360px\" \/><\/figure><\/div>\n\n<p><p>4. Druga delikatna i nezaobilazna du\u017enost koja vas \u010deka jest da gajite crkveno zajedni\u0161tvo, ne samo unutar va\u0161ih skupina nego i sa svim \u010dlanovima \u017eupske i biskupijske zajednice. Bilo koja vam se slu\u017eba povjerava, budite uvijek predstavnici i \u201eprovidi cooperatores \u2013 revni suradnici\u201c biskupa s \u010dijim se autoritetom osje\u0107ajte posebno povezani. Stvarno, u Crkvi je biskupova du\u017enost i pravo da daje direktive za pastoralni rad (usp. kan 381 s 1), i svi su du\u017eni pokoravati im se. Nastojite da se va\u0161e zajednice, a da ne gube ni\u0161ta od svoje izvornosti i bogatstva, skladno i plodonosno uklju\u010de u \u017eupsku i biskupijsku obitelj. Pro\u0161le godine, prigodom Plenarne skup\u0161tine Kongregacije za kler, ovako sam se izrazio s obzirom na ovo: \u201eBit \u0107e du\u017enost pastira da se potrude da \u017eupe budu dionice doprinosa\u00a0 pozitivnih vrijednosti koje mogu posjedovati ove zajednice i, dosljedno, njima se otvoriti. Ali neka bude posve jasno da se ove zajednice ne mogu smjestiti u isti plan sa \u017eupnim zajednicama kao mogu\u0107e alternative. Naprotiv, du\u017enost im je da slu\u017ee \u017eupi i mjesnoj Crkvi. Polaze\u0107i upravo od ove slu\u017ebe, iskazane u \u017eupsko-biskupijskom zajedni\u0161tvu, mo\u0107i \u0107e se o\u010ditovati vrijednost iskustava doti\u010dnih unutar pokreta i udru\u017eenja\u201c. (<em>govor od 20. listopada 1984., br. 7: L\u2019Osservatore Romano, \u0161panjolsko izdanje, str. 841).<\/em><\/p><\/p>\n\n<p><p>5. Htio bih vam nazna\u010diti jednu drugu to\u010dku razmi\u0161ljanja. Vr\u0161e\u0107i svoju slu\u017ebu u vodstvu neokatekumenskih zajednica, osje\u0107ajte se pozvanima ne samo za neku posebnu skupinu nego na slu\u017ebu cijele Crkve. \u201eDuhovni dar \u0161to su ga prezbiteri primili na re\u0111enju \u2013 podsje\u0107a nas Drugi vatikanski koncil \u2013 ne priprema ih na ograni\u010denu i sku\u010denu misiju nego na veoma prostranu i op\u0107u misiju spasenja\u2026 budu\u0107i da svaka sve\u0107eni\u010dka slu\u017eba sudjeluje u samoj sveop\u0107oj \u0161irini poslanja koje je Krist povjerio apostolima\u201c (<em>Presbyterorum Ordinis, 10). <\/em>Svijest ove misije i potreba da se uskladite s njom moraju vam pomo\u0107i da svaki put dadete jedan \u0161iri zamah va\u0161im apostolskim inicijativama da bi bili otvoreni problemima i potrebama cijele Crkve. Osim toga sama ova svijest, budu\u0107i da vam omogu\u0107uje da ja\u010de osje\u0107ate i \u017eivite vezu zajedni\u0161tva s op\u0107om Crkvom, s njezinom vidljivom Glavom i sa biskupima, olak\u0161at \u0107e vam najva\u017eniju zada\u0107u koja je unutar zajednica rezervirana za sve\u0107enike, to jest: budnost nad ispravno\u0161\u0107u pona\u0161anja, bilo s obzirom na ideje, bilo s obzirom na djelatnosti. Predragi sve\u0107enici, oja\u010dajte svaki put sve vi\u0161e ovu \u017eivotnu vezu sa \u010ditavim katoli\u010danstvom. To \u0107e vam mnogo pomo\u0107i, osobito kada se budete osje\u0107ali umornima ili obeshrabrenima vide\u0107i da uspjeh ne odgovara va\u0161im naporima zbog gluho\u0107e i indiferentnosti srdaca. Onda se mo\u017eete tje\u0161iti dok mislite da niste sami i da va\u0161 rad, premda do\u017eivljava neuspjehe u jednom dijelu Misti\u010dnog dijela Crkve, ipak nije beskoristan jer Bog \u010dini da on slu\u017ei \u010ditavoj Crkvi.<\/p><\/p>\n\n<p><p>6. Preljubljeni sve\u0107enici, zavr\u0161avam ovaj dragi susret s vama; obnavljam svoje povjerenje u va\u0161u crkvenu slu\u017ebu i poti\u010dem vas da stavite sve svoje pouzdanje u Onoga koji vas je ljubio osobitom ljubavlju i pozvao vas da sudjelujete u njegovu sve\u010deni\u0161tvu. Upravo zato sveti Pavao nas podsje\u0107a da u svim patnjama \u201epobje\u0111ujemo po onome koji nas uzljubi\u201c (Rim 8,37). Zavr\u0161avam s poticajom autora poslanice Hebrejima: \u201eNe gubite, dakle, pouzdanje! Pripada mu velika pla\u0107a! Postojanosti vam uistinu, treba da biste, vr\u0161e\u0107i volju Bo\u017eju, zadobili obe\u0107ano\u201c (Heb 10, 35-36). Pod budnim okom Marije Bezgre\u0161ne, Majke sve\u0107enika i Kraljice apostola proslijedite novim zanosom va\u0161 put, i neka vas kao i sve neokatekumenske zajednice, povjerene va\u0161em vodstvu, prati moj apostolski blagoslov. \u017delim jo\u0161 nadodati: Svima sretan Bo\u017ei\u0107!<\/p><\/p>\n\n<p>Me\u0111u vama na\u0161ao sam mnogo sve\u0107enika, ali i toliko laika, toliko bra\u010dnih parova itineranata. Moram vam re\u0107i da su prvi itineranti bili oni koji su po\u0161li u Betlehem, koji su upoznali otajstvo Utjelovljenja: to su bili pastiri. Poslije je sam Isus postao itinerant u svojoj tridesetoj godini, zapo\u010dev\u0161i s mesijanskom izjavom u Nazaretu. Osim toga on je sve svoje apostole u\u010dinio itinerantima, \u0161alju\u0107i ih u cijeli svijet. Stoga je i Crkva, itinerant na putu, a mo\u017eemo re\u0107i da i papa nastoji sve vi\u0161e biti itinerant iako vi\u0161e sa \u201erazra\u0111enim\u201c metodama i, mo\u017eda, manje autenti\u010dnima od va\u0161ih, jer vi ste siroma\u0161ni itineranti, bez zrakoplova. Ali \u017eelimo svima nama, uklju\u010div\u0161i i papu, da budemo uvijek, sa svim mogu\u0107im sredstvima, itineranti Evan\u0111elja, to jest itineranti Otajstva, onog Otajstva koje nam je otkriveno u Isusovu ro\u0111enju, u utjelovljenju Sina Bo\u017ejega, zatim i u Njegovu poslanju, u Njegovoj smrti na kri\u017eu, i Njegovu uskrsnu\u0107u. Tako nam je bio objavljen novi \u017eivot, bo\u017eanski \u017eivot, vje\u010dni \u017eivot. Mi smo itineranti ovoga \u017eivota. Mi ne bismo mogli biti itineranti ovoga \u017eivota, vje\u010dnoga \u017eivota da nam prije toga nije bio dan sam \u017eivot. Mi ve\u0107 imamo ovaj \u017eivot i ovaj \u017eivot nas poti\u010de, ovaj \u017eivot nam dolazi preko Isusa Krista, ovaj \u017eivot nam dolazi od Duha Svetoga posredstvom Isusa Krista. On je izvor bo\u017eanskog \u017eivota u stvorenjima, on je izvor bo\u017eanskog \u017eivota u nama ljudima. On nas poti\u010de. Poti\u010de nas Isus Krist itinerant, O\u010dev itinerant jer Otac ga je poslao i u\u010dinio ga itinerantom me\u0111u nama.<\/p>\n\n<p>Poti\u010de nas, dakle, Isus Krist itinerant, poslan, misionar jer je on Rije\u010d Bo\u017eja u poslanju, \u201emissiones divinarum personarum\u201c \u2013 \u201eposlanja bo\u017eanskih osoba\u201c \u2013 tako sam nau\u010dio od svetog Tome. Poslanje zna\u010di \u201ebiti poslani\u201c i stoga biti itineranti. Krist nas poti\u010de u Duhu Svetomu jer je i Duh poslan, poslan na drugi na\u010din, ne kao Krist, ne na vidljiv na\u010din: ljudski, utjelovljeni; Duh Sveti nije utjelovljen nego poslan. Mo\u017ee se re\u0107i da je njegovo poslanje jo\u0161 prodornije jer silazi u ono najintimnije u \u010dovjeku, u svakom stvorenju. Kako je govorio sveti Augustin \u201eintimior intimo meo\u201c \u2013 \u201eunutarnjiji od moje nutrine\u201c. Evo poslanja Duha Svetoga, Duha poslanoga. I vi postajete itinerantima snagom onog utjelovljenog Sina koji nam je dao primjer vidljivog poslanja. Zahvaljuju\u0107i poslanju Sina i Duha Svetoga, imaju\u0107i onaj \u017eivot koji preko njih dolazi od Oca, vi postajete itineranti. Kako  je govorio sveti Pavao: poslanje nas poti\u010de. Jao meni ako ne evangeliziram!&#013;\n\u017delim vam ovu radost koja je svojstvena Bo\u017ei\u0107nim svetkovinama, \u017eelim vam radost pastira itineranata koji su na\u0161li put do Betlehema. \u017delim vam radost onih koji se obra\u0107aju. Me\u0111u vama su mnogi obra\u0107enici koji su na\u0161li Krista, koji su na\u0161li Boga dolaze\u0107i \u010desto sa suprotne obale. \u017delim vam i radost koja dolazi od obra\u0107enja osoba, du\u0161a. Kako nam je Krist rekao: \u201eU nebu je ve\u0107a radost zbog jednog gre\u0161nika koji se obratio nego zbog devedeset devet pravednika\u201c. \u017delim vam ovu radost, i da tako bude nagra\u0111ena va\u0161a itinerancija i va\u0161 Neokatekumenski put.&#013;\n<\/p>\n\n<p>Jo\u0161 jednom vam \u017eelim \u201eSretan Bo\u017ei\u0107\u201c! To vam ka\u017eem na talijanskom jer je lak\u0161e, ali bi trebalo re\u0107i na mnogo jezika. \u017delim pro\u0161iriti ovu Bo\u017ei\u0107nu \u010destitku na sve zajednice, na sve narode iz kojih dolazite, na va\u0161e \u017eupljane, na va\u0161u subra\u0107u, na va\u0161e obitelji.&#013;\nHvaljen Isus!&#013;\n<\/p>\n","protected":false},"excerpt":{"rendered":"<p>Privatna Audijencija sa sve\u0107enicima 9-12-1985 Sv. Ivan Pavao II. Dvorana Pavla VI. (Vatikan), 9. prosinca 1985. U ponedjeljak, 9. prosinca, u Dvorani Pavao VI., Sveti Otac je, na audijenciji za dvije tisu\u0107e sve\u0107enika neokatekumenskih zajednica, odr\u017eao slijede\u0107i govor: Predragi! 1. Sa \u017eivim zanimanjem slu\u0161ao sam rije\u010di \u0161to mi ih je u ime svih vas uputio Kiko Arg\u00fcello, koji je htio opisati kako su se sve zajednice Neokatekumenskog puta, razasute po<\/p>\n<div class=\"read-more\"><a class=\"btn read-more-btn\" href=\"https:\/\/neocatechumenaleiter.org\/hr\/rijeci-papa\/sv-ivan-pavao-ii\/privatna-audijencija-sa-svecenicima-9-12-1985\/\">Nastavi \u010ditati<\/a><\/div>\n","protected":false},"author":2,"featured_media":0,"parent":9680,"menu_order":34,"comment_status":"closed","ping_status":"closed","template":"","meta":{"footnotes":""},"class_list":["post-13684","page","type-page","status-publish","hentry"],"_links":{"self":[{"href":"https:\/\/neocatechumenaleiter.org\/hr\/wp-json\/wp\/v2\/pages\/13684","targetHints":{"allow":["GET"]}}],"collection":[{"href":"https:\/\/neocatechumenaleiter.org\/hr\/wp-json\/wp\/v2\/pages"}],"about":[{"href":"https:\/\/neocatechumenaleiter.org\/hr\/wp-json\/wp\/v2\/types\/page"}],"author":[{"embeddable":true,"href":"https:\/\/neocatechumenaleiter.org\/hr\/wp-json\/wp\/v2\/users\/2"}],"replies":[{"embeddable":true,"href":"https:\/\/neocatechumenaleiter.org\/hr\/wp-json\/wp\/v2\/comments?post=13684"}],"version-history":[{"count":19,"href":"https:\/\/neocatechumenaleiter.org\/hr\/wp-json\/wp\/v2\/pages\/13684\/revisions"}],"predecessor-version":[{"id":18033,"href":"https:\/\/neocatechumenaleiter.org\/hr\/wp-json\/wp\/v2\/pages\/13684\/revisions\/18033"}],"up":[{"embeddable":true,"href":"https:\/\/neocatechumenaleiter.org\/hr\/wp-json\/wp\/v2\/pages\/9680"}],"wp:attachment":[{"href":"https:\/\/neocatechumenaleiter.org\/hr\/wp-json\/wp\/v2\/media?parent=13684"}],"curies":[{"name":"wp","href":"https:\/\/api.w.org\/{rel}","templated":true}]}}