{"id":13766,"date":"2020-06-05T15:47:02","date_gmt":"2020-06-05T14:47:02","guid":{"rendered":"https:\/\/neocatechumenaleiter.org\/rijeci-papa\/sv-ivan-pavao-ii\/pohod-zupi-sv-franciske-cabrini-4-12-1983\/"},"modified":"2020-06-05T15:47:02","modified_gmt":"2020-06-05T14:47:02","slug":"pohod-zupi-sv-franciske-cabrini-4-12-1983","status":"publish","type":"page","link":"https:\/\/neocatechumenaleiter.org\/hr\/rijeci-papa\/sv-ivan-pavao-ii\/pohod-zupi-sv-franciske-cabrini-4-12-1983\/","title":{"rendered":"Pohod \u017eupi Sv. Franciske Cabrini 4-12-1983"},"content":{"rendered":"\n<h1 class=\"has-text-align-center wp-block-heading\">Pohod \u017eupi Sv. Franciske Cabrini 4-12-1983<\/h1>\n\n<div style=\"height:20px\" aria-hidden=\"true\" class=\"wp-block-spacer\"><\/div>\n\n<h4 class=\"has-text-align-center wp-block-heading\">Sv. Ivan Pavao II<\/h4>\n\n<div style=\"height:20px\" aria-hidden=\"true\" class=\"wp-block-spacer\"><\/div>\n\n<p>Rim, 4. prosinca 1983 *<\/p>\n\n<p><em>Sedam stotina, izme\u0111u odraslih i djece, sjedi na podu u Crkvi. Podijeljeni u pedeset skupina, s djecom u sredi\u0161tu, a svaka zajednica sa svojim prezbiterima pjeva uz glazbene instrumente. \u010cekaju susret s Kristovim vikarom. &#8220;Obnova obe\u0107anja kr\u0161tenja sa Svetim Ocem&#8221; pro\u010ditala je veliki transparent postavljen unutar Crkve, neposredno prije sastanka Neokatekumenske zajednice sa Svetim Ocem, kako bi se sintetiziralo zna\u010denje i smisao ovog sastanka: tada, u shema, faze Caminoa: Kerigma (najava), prekatekumenat, prolaz katekumenatu, katehumenat itd. \u010cekaju\u0107i Svetog Oca mnogo pjesama, puno radosti: uzrok? &#8230; &#8220;na\u0161e je iskustvo bilo sjeme ba\u010deno u su\u0161nu zemlju kojoj je trebala voda&#8221; &#8211; obja\u0161njava jedan od njih-. To je svjedo\u010danstvo &#8211; neokatekumenal &#8211; utemeljeno na iskustvu onoga koji ga najavljuje. Unato\u010d tome, ovdje mi nismo grupa, mi poku\u0161avamo zastupati \u017eupu na putu.&#8221; Papa ulazi ovacijama stoje\u0107ih. Prolazi kroz prve redove i miluje neku djecu koju mu roditelji uvode. Zatim uzmi rije\u010d:<br\/><br\/><\/em><\/p>\n\n<p>Vrlo rado vidim vas i va\u0161e obitelji i va\u0161u djecu. Svi smo mi djeca Bo\u017eja; djecom Bo\u017ejom postajemo po kr\u0161tenju, velikom, rekao bih, potresnom sakramentu; ne izgleda tako jer je veoma ljupki sakramenat koji se izvodi vodom, uljem, svetom krizmom (jutros sam krstio jednu malu djevoj\u010dicu). I zatim ovaj sakramenat, kr\u0161tenje, tako ljupko i za koji smo navikli da ga se podjeljuje novoro\u0111en\u010dadi, ovaj sakramenat ima potresnu, divnu dubinu jer nas uranja u otkupiteljsku smrt Kristovu; uranja nas u ovu smrt da nas s Kristom uskrisi i da tako sudjelujemo u njegovu djelu. Ovo je jedini put kojim postajemo djeca Bo\u017eja, jedini sakramentalni put kojim postajemo djeca, da sudjelujemo u \u017eivotu \u0161to nam ga je Krist donio, objavljuju\u0107i ga svojim uskrsnu\u0107em.&#13;\n&#13;\nOvo \u0161to vam govorim odnosi se na posebnost va\u0161eg pokreta koji se zove neokatekumenski. Katekumenat je bio veoma stara ustanova u Crkvi. Koliko je katekumena pro\u0161lo ovim starim carskim Rimom, ovim poganskim Rimom! Koliki su se, kao odrasli, pripremali za katekumenat i kr\u0161tenje! Ali danas kr\u0161tenje, isti sakramenat, postao je sakramentom male, novoro\u0111ene djece, a ovaj katekumenski put odga\u0111a se za poslije kr\u0161tenja: tako \u010ditav \u017eivot postaje katekumenat; da, mi smo cijelog \u017eivota katekumeni!<\/p>\n\n<p>Nedostaje institucionalni katekumenat, onaj iz prvog doba kr\u0161\u0107anstva; ali tako je katekumenat postao zada\u0107om na\u0161eg kr\u0161\u0107anskog \u017eivota, na\u0161eg vjerskog \u017eivota. Eto, va\u0161 je pokret, \u010dijeg za\u010detnika ovdje pozdravljam (dobro ga poznam!), usredoto\u010den na ovaj proces: postati djeca Bo\u017eja, postati kr\u0161\u0107ani. To je veoma va\u017eno!&#13;\n&#13;\nMnogi misle: \u201eMa mi smo kr\u0161\u0107ani\u201c, ka\u017eu \u201eKr\u0161\u0107ani smo\u201c, i ne znaju\u0107i \u0161to je to, jer nije dosta biti kr\u0161\u0107anin, potrebno je postati kr\u0161\u0107anin, postati svakim danom kr\u0161\u0107anin, svaki dan otkrivati \u0161to zna\u010di kr\u0161\u0107anin, upisani Krist. Po prvi put su, u gradu Antiohiji, po\u010deli nazivati \u201ekr\u0161\u0107anima\u201c Isusove u\u010denike, kr\u0161\u0107anske sljedbenike. To se mora otkriti, otkrivati svaki dan, otkrivati uvijek vi\u0161e jer je otajstvo kr\u0161tenja toliko duboko; to je bo\u017eansko a ujedno i ljudsko otajstvo, stvarnost dira ljudsko bi\u0107e, samo ljudsko bi\u0107e postaje posinjeno dijete Bo\u017eje&#8230; Dosta!<\/p>\n\n<p>Vi, konkretno, mnogo razmi\u0161ljate, mnogo razmatrate, o ovim istinama, o ovim stvarnostima. Ja smatram da ovdje, u \u017eupi svete Franciske Cabrini, va\u0161 pokret predstavlja kvasac, kvasac koji treba pro\u017eeti kr\u0161\u0107ane i svijet ljudi op\u0107enito; nisu svi toga svjesni, svi to ne \u010dine; ovdje ste kvasac i morate pro\u017eeti ovu zajednicu; ima tu oko dvadeset tisu\u0107a osoba; tu zajednicu morate pro\u017eeti novom svije\u0161\u0107u ljudskog dostojanstva upletenog u stvarnost Bo\u017ejeg sinovstva.  \u010cinite dobro, veoma dobro! Pjevajte, pjevajte! Jer pjevanje uvijek pokazuje radost, ovo otkri\u0107e bo\u017eanske i ljudske stvarnosti. Kr\u0161tenje sobom donosi veliku radost koja se mora izraziti pjesmama. Za vrijeme posjeta ustanovio sam da \u017eupa pjeva sna\u017eno, zanosno! Mora se pjevati. <\/p>\n\n<p>Mora se pjevati jer ova pjesma donosi zatim duhovni sadr\u017eaj, unutarnji sadr\u017eaj na\u0161e du\u0161e; pa\u010de, kao da ne uspijevamo na\u0107i dovoljno sredstava da izrazimo ovaj sadr\u017eaj, ovo otajstvo, ovu stvarnost koja je plod na\u0161eg kr\u0161tenja.&#13;\n&#13;\nPredragi, svi vi, hvala vam za va\u0161u prisutnost, za va\u0161e animiranje \u017eivota ove \u017eupe. Od srca blagoslivljam vas, va\u0161e obitelji, razne skupine (jer sam \u010duo da me\u0111u vama ima vi\u0161e skupina: dvanaest zajednica kao dvanaest apostola). Va\u0161i su prezbiteri me\u0111u vama; ve\u0107 sam upoznao va\u0161e itinerante. Od srca vas blagoslivljam.<\/p>\n\n<p><em>\u017dupnik otac MichelAngelo se sje\u0107a itineranata, osobito onih iz Srednje Amerike.<\/em><\/p>\n\n<div class=\"wp-block-image\"><figure class=\"aligncenter size-large\"><img loading=\"lazy\" decoding=\"async\" width=\"768\" height=\"193\" src=\"https:\/\/neocatechumenaleiter.org\/wp-content\/uploads\/2020\/03\/Camino_Neocatecumenal_Juan_Pablo_II_visita_parroquia_francesca_cabrini_1983.jpg\" alt=\"\" class=\"wp-image-8724\" srcset=\"https:\/\/neocatechumenaleiter.org\/wp-content\/uploads\/2020\/03\/Camino_Neocatecumenal_Juan_Pablo_II_visita_parroquia_francesca_cabrini_1983.jpg 768w, https:\/\/neocatechumenaleiter.org\/wp-content\/uploads\/2020\/03\/Camino_Neocatecumenal_Juan_Pablo_II_visita_parroquia_francesca_cabrini_1983-300x75.jpg 300w\" sizes=\"auto, (max-width: 768px) 100vw, 768px\" \/><\/figure><\/div>\n\n<p>Blagoslivljam one koji su oti\u0161li u Srednju Ameriku, gdje sam nedavno i\u0161ao i ja, ne toliko kao itinerant, ve\u0107 kao\u00a0\u201e<em>letak\u201c<\/em>\u00a0.\u00a0Dakle, blagoslov dajemo zajedno s kardinalom i biskupima.<\/p>\n\n<p><em>(*) Cfr. \u00abL\u2019Osservatore Romano\u00bb, 5-6 dicembre 1983, con integrazioni dalla registrazione.<\/em><\/p>\n","protected":false},"excerpt":{"rendered":"<p>Pohod \u017eupi Sv. Franciske Cabrini 4-12-1983 Sv. Ivan Pavao II Rim, 4. prosinca 1983 * Sedam stotina, izme\u0111u odraslih i djece, sjedi na podu u Crkvi. Podijeljeni u pedeset skupina, s djecom u sredi\u0161tu, a svaka zajednica sa svojim prezbiterima pjeva uz glazbene instrumente. \u010cekaju susret s Kristovim vikarom. &#8220;Obnova obe\u0107anja kr\u0161tenja sa Svetim Ocem&#8221; pro\u010ditala je veliki transparent postavljen unutar Crkve, neposredno prije sastanka Neokatekumenske zajednice sa Svetim Ocem,<\/p>\n<div class=\"read-more\"><a class=\"btn read-more-btn\" href=\"https:\/\/neocatechumenaleiter.org\/hr\/rijeci-papa\/sv-ivan-pavao-ii\/pohod-zupi-sv-franciske-cabrini-4-12-1983\/\">Nastavi \u010ditati<\/a><\/div>\n","protected":false},"author":2,"featured_media":0,"parent":9680,"menu_order":23,"comment_status":"closed","ping_status":"closed","template":"","meta":{"footnotes":""},"class_list":["post-13766","page","type-page","status-publish","hentry"],"_links":{"self":[{"href":"https:\/\/neocatechumenaleiter.org\/hr\/wp-json\/wp\/v2\/pages\/13766","targetHints":{"allow":["GET"]}}],"collection":[{"href":"https:\/\/neocatechumenaleiter.org\/hr\/wp-json\/wp\/v2\/pages"}],"about":[{"href":"https:\/\/neocatechumenaleiter.org\/hr\/wp-json\/wp\/v2\/types\/page"}],"author":[{"embeddable":true,"href":"https:\/\/neocatechumenaleiter.org\/hr\/wp-json\/wp\/v2\/users\/2"}],"replies":[{"embeddable":true,"href":"https:\/\/neocatechumenaleiter.org\/hr\/wp-json\/wp\/v2\/comments?post=13766"}],"version-history":[{"count":1,"href":"https:\/\/neocatechumenaleiter.org\/hr\/wp-json\/wp\/v2\/pages\/13766\/revisions"}],"predecessor-version":[{"id":13767,"href":"https:\/\/neocatechumenaleiter.org\/hr\/wp-json\/wp\/v2\/pages\/13766\/revisions\/13767"}],"up":[{"embeddable":true,"href":"https:\/\/neocatechumenaleiter.org\/hr\/wp-json\/wp\/v2\/pages\/9680"}],"wp:attachment":[{"href":"https:\/\/neocatechumenaleiter.org\/hr\/wp-json\/wp\/v2\/media?parent=13766"}],"curies":[{"name":"wp","href":"https:\/\/api.w.org\/{rel}","templated":true}]}}