{"id":14379,"date":"2020-06-09T10:35:18","date_gmt":"2020-06-09T09:35:18","guid":{"rendered":"https:\/\/neocatechumenaleiter.org\/rijeci-papa\/sv-ivan-pavao-ii\/privatna-audijencija-s-itinerantima-i-obiteljima-u-poslanju-28-12-1986\/"},"modified":"2020-09-02T13:27:46","modified_gmt":"2020-09-02T12:27:46","slug":"privatna-audijencija-s-itinerantima-i-obiteljima-u-poslanju-28-12-1986","status":"publish","type":"page","link":"https:\/\/neocatechumenaleiter.org\/hr\/rijeci-papa\/sv-ivan-pavao-ii\/privatna-audijencija-s-itinerantima-i-obiteljima-u-poslanju-28-12-1986\/","title":{"rendered":"Privatna audijencija s itinerantima I obiteljima u poslanju 28-12-1986"},"content":{"rendered":"\n<h1 class=\"has-text-align-center wp-block-heading\">Privatna audijencija s itinerantima I obiteljima u poslanju 28-12-1986<\/h1>\n\n<div style=\"height:20px\" aria-hidden=\"true\" class=\"wp-block-spacer\"><\/div>\n\n<h4 class=\"has-text-align-center wp-block-heading\">Sv. Ivan Pavao II.<\/h4>\n\n<div style=\"height:20px\" aria-hidden=\"true\" class=\"wp-block-spacer\"><\/div>\n\n<div class=\"wp-block-image\"><figure class=\"alignleft size-large\"><img loading=\"lazy\" decoding=\"async\" width=\"768\" height=\"685\" src=\"https:\/\/neocatechumenaleiter.org\/wp-content\/uploads\/2020\/03\/Camino_Neocatecumenal_Juan_Pablo_II_audiencia_privada_itinerantes_familias_en_mision_1986.jpg\" alt=\"\" class=\"wp-image-8261\" srcset=\"https:\/\/neocatechumenaleiter.org\/wp-content\/uploads\/2020\/03\/Camino_Neocatecumenal_Juan_Pablo_II_audiencia_privada_itinerantes_familias_en_mision_1986.jpg 768w, https:\/\/neocatechumenaleiter.org\/wp-content\/uploads\/2020\/03\/Camino_Neocatecumenal_Juan_Pablo_II_audiencia_privada_itinerantes_familias_en_mision_1986-300x268.jpg 300w\" sizes=\"auto, (max-width: 768px) 100vw, 768px\" \/><\/figure><\/div>\n\n<p><strong>Castel Gandolfo (Rim), 28. prosinca 1986.<\/strong><\/p>\n\n<p><em>Jutros je grupa od oko \u010detiristo katehista itineranata neokatekumenskih zajednica sudjelovalo na Sv. Misi sa Sv. Ocem u Castel Gandolfu. Na kraju Sv. Mise Papa im je uru\u010dio misionarske kri\u017eeve. Ovim katehistima koji sudjeluju na susretu s temom evangelizacije Europe (Porto San Giorgio: 22. prosinca do 6. sije\u010dnja), Papa je, na kraju slavlja, uputio neke rije\u010di i uru\u010dio im misionarske kri\u017eeve. (Radio Vatikan \u2013 vijesti 28. prosinca 1986). Kikovo predstavljanje:<\/em><\/p>\n\n<p>Predragi Sveti O\u010de, ovdje su nazo\u010dne ekipe itineranata \u2013 odgovornih u sedamdeset i dvije nacije. One su do\u0161le iz cijelog svijeta na konvivenciju od dvadeset dana da razmi\u0161ljaju i, nadasve, da svi skupa \u017eive u zajedni\u0161tvu.<\/p>\n\n<p>Nazo\u010dno je i dvanaest obitelji koje \u0107e poslije ove konvivencije krenuti u sjevernu Europu poradi evangelizacije, koje su pozvali biskupi Hannovera, Stockholma, Kopenhagena i raznih drugih mjesta. Odlaze sa svom svojom djecom; ovdje je oko sedamdeset prezbitera, \u010detrdeset i osam obitelji sa dvjesto i troje djece (prosje\u010dno petoro djece po obitelji), \u0161ezdeset i \u010detiri mladi\u0107a, dvadeset i osam djevojaka i sedamnaest sjemeni\u0161taraca koji nas prate. Ovdje su, eto, gotovo svi koji na cijelom svijetu vode evangelizaciju preko Neokatekumenskog Puta.<\/p>\n\n<p>Zahvaljujem Vam, O\u010de, na ovom susretu koji ope\u010da\u0107uje dvadesetu obljetnicu ro\u0111enja Neokatekumenskog Puta i evangelizacije na cijelom svijetu. Vrlo smo zahvalni Nazaretskoj Obitelji i Djevici Mariji za ovaj susret.<\/p>\n\n<p><em>Na koncu slavlja Papa se nazo\u010dnima obratio ovim rije\u010dima:<\/em><\/p>\n\n<div class=\"wp-block-image\"><figure class=\"alignright size-large\"><img loading=\"lazy\" decoding=\"async\" width=\"480\" height=\"335\" src=\"https:\/\/neocatechumenaleiter.org\/wp-content\/uploads\/2020\/03\/Camino_Neocatecumenal_Juan_Pablo_II_audiencia_privada_itinerantes_familias_en_mision_19862.jpg\" alt=\"\" class=\"wp-image-8263\" srcset=\"https:\/\/neocatechumenaleiter.org\/wp-content\/uploads\/2020\/03\/Camino_Neocatecumenal_Juan_Pablo_II_audiencia_privada_itinerantes_familias_en_mision_19862.jpg 480w, https:\/\/neocatechumenaleiter.org\/wp-content\/uploads\/2020\/03\/Camino_Neocatecumenal_Juan_Pablo_II_audiencia_privada_itinerantes_familias_en_mision_19862-300x209.jpg 300w\" sizes=\"auto, (max-width: 480px) 100vw, 480px\" \/><\/figure><\/div>\n\n<p>Predragi, slavili smo presvetu Euharistiju, slavili smo ovu presvetu Euharistiju promatraju\u0107i put Svete Nazaretske Obitelji Josipa, Marije, Isusa; Isusa, Josipa i Marije. Crkva nam ka\u017ee da je ova Sveta Obitelj uzor svim kr\u0161\u0107anskim obiteljima, svim obiteljima na svijetu. Marija i Josip, usredoto\u010deni na Utjelovljenog Sina, pokazuju nam put vjere koji mora sa\u010dinjavati, izgra\u0111ivati \u017eivot svake kr\u0161\u0107anske obitelji. Molili smo za sve obitelji na svijetu, posebno smo molili za obitelji ovdje nazo\u010dne, za va\u0161 put u vjeri.&#013;\nZa hodanje u dana\u0161njem svijetu kao obitelj potrebna je duboka vjera, potrebna je hrabra vjera za ostvarenje u dana\u0161njem svijetu Bo\u017ejeg plana upravo u obitelji, ovog plana ljubavi za \u017eivot koji je vlastit svakoj obitelji, \u0161to je njezino zvanje. Potrebna je velika vjera za hodanje kao obitelj tragovima, stopama Svete Obitelji; i u\u010diniti da tako hodaju i drugi, druge obitelji.<\/p>\n\n<p>Predraga bra\u0107o i sestre, zajedno s mojom bra\u0107om biskupima i sve\u0107enicima, \u017eelim vama svima ovaj put u vjeri kao obitelji, i \u017eelim da ovaj put u vjeri bude primjer, da bude privla\u010dan za druge obitelji u dana\u0161njem svijetu. Kao za nas, kao i za vas uzor i primjer je Sveta Nazaretska Obitelj: Isus, Marija i Josip. Dajem vam blagoslov.<\/p>\n","protected":false},"excerpt":{"rendered":"<p>Privatna audijencija s itinerantima I obiteljima u poslanju 28-12-1986 Sv. Ivan Pavao II. Castel Gandolfo (Rim), 28. prosinca 1986. Jutros je grupa od oko \u010detiristo katehista itineranata neokatekumenskih zajednica sudjelovalo na Sv. Misi sa Sv. Ocem u Castel Gandolfu. Na kraju Sv. Mise Papa im je uru\u010dio misionarske kri\u017eeve. Ovim katehistima koji sudjeluju na susretu s temom evangelizacije Europe (Porto San Giorgio: 22. prosinca do 6. sije\u010dnja), Papa je, na<\/p>\n<div class=\"read-more\"><a class=\"btn read-more-btn\" href=\"https:\/\/neocatechumenaleiter.org\/hr\/rijeci-papa\/sv-ivan-pavao-ii\/privatna-audijencija-s-itinerantima-i-obiteljima-u-poslanju-28-12-1986\/\">Nastavi \u010ditati<\/a><\/div>\n","protected":false},"author":2,"featured_media":0,"parent":9680,"menu_order":40,"comment_status":"closed","ping_status":"closed","template":"","meta":{"footnotes":""},"class_list":["post-14379","page","type-page","status-publish","hentry"],"_links":{"self":[{"href":"https:\/\/neocatechumenaleiter.org\/hr\/wp-json\/wp\/v2\/pages\/14379","targetHints":{"allow":["GET"]}}],"collection":[{"href":"https:\/\/neocatechumenaleiter.org\/hr\/wp-json\/wp\/v2\/pages"}],"about":[{"href":"https:\/\/neocatechumenaleiter.org\/hr\/wp-json\/wp\/v2\/types\/page"}],"author":[{"embeddable":true,"href":"https:\/\/neocatechumenaleiter.org\/hr\/wp-json\/wp\/v2\/users\/2"}],"replies":[{"embeddable":true,"href":"https:\/\/neocatechumenaleiter.org\/hr\/wp-json\/wp\/v2\/comments?post=14379"}],"version-history":[{"count":5,"href":"https:\/\/neocatechumenaleiter.org\/hr\/wp-json\/wp\/v2\/pages\/14379\/revisions"}],"predecessor-version":[{"id":17100,"href":"https:\/\/neocatechumenaleiter.org\/hr\/wp-json\/wp\/v2\/pages\/14379\/revisions\/17100"}],"up":[{"embeddable":true,"href":"https:\/\/neocatechumenaleiter.org\/hr\/wp-json\/wp\/v2\/pages\/9680"}],"wp:attachment":[{"href":"https:\/\/neocatechumenaleiter.org\/hr\/wp-json\/wp\/v2\/media?parent=14379"}],"curies":[{"name":"wp","href":"https:\/\/api.w.org\/{rel}","templated":true}]}}