{"id":14385,"date":"2020-06-09T10:55:19","date_gmt":"2020-06-09T09:55:19","guid":{"rendered":"https:\/\/neocatechumenaleiter.org\/rijeci-papa\/sv-ivan-pavao-ii\/pohod-zupi-sv-lucije-na-trgu-darmi-18-1-1987\/"},"modified":"2020-09-02T13:27:35","modified_gmt":"2020-09-02T12:27:35","slug":"pohod-zupi-sv-lucije-na-trgu-darmi-18-1-1987","status":"publish","type":"page","link":"https:\/\/neocatechumenaleiter.org\/hr\/rijeci-papa\/sv-ivan-pavao-ii\/pohod-zupi-sv-lucije-na-trgu-darmi-18-1-1987\/","title":{"rendered":"Pohod \u017eupi sv. Lucije na trgu d&#8217;armi 18-1-1987"},"content":{"rendered":"\n<h1 class=\"has-text-align-center wp-block-heading\">Pohod \u017eupi sv. Lucije na trgu d&#8217;armi 18-1-1987<\/h1>\n\n<div style=\"height:20px\" aria-hidden=\"true\" class=\"wp-block-spacer\"><\/div>\n\n<h4 class=\"has-text-align-center wp-block-heading\">Sv. Ivan Pavao II.<\/h4>\n\n<div style=\"height:20px\" aria-hidden=\"true\" class=\"wp-block-spacer\"><\/div>\n\n<p><strong>Rim, 18. sije\u010dnja 1987.<\/strong><\/p>\n\n<p><em>Na podru\u010dju kao \u0161to je \u017eupa Sv. Lucije, koje nastanjuju ve\u0107inom osobe vi\u0161eg srednjeg dru\u0161tvenog sloja, jedan od najhitnijih problema je evangelizirati i reevangelizirati tolike udaljene, te o\u017eivjeti vjeru koja je \u010desto samo formalna i povr\u0161na. Kao odgovor na ove zahtjeve prije nekoliko godina u \u017eupi je zapo\u010deo Neokatekumenski put. Rodila se prva zajednica od dvadeset pet osoba i ove godine planira se ra\u0111anje jo\u0161 jedne zajednice.<\/em>&#013;\n&#013;\n<em>Papa je susreo neokatekumensku zajednicu u susjednoj prostoriji. Jedan mladi\u0107 mu je predo\u010dio zna\u010denje tog Puta. Rekao je da se radi o malom sjemenu koje \u0107e jo\u0161 morati rasti, ali koje ve\u0107 od sada \u017eeli biti upori\u0161na to\u010dka za udaljene, kako bi se mogli vratiti ku\u0107i O\u010devoj. Prisutnima iz neokatekumenskih zajednica, Papa se ovako obratio:<\/em><\/p>\n\n<p>Dakle, \u0161to vam \u017eelim re\u0107i. \u017delio bih vam re\u0107i da je nama svima nedostajao i uvijek nam nedostaje istinski katekumenat; pravi katekumenat kojeg su imali prvi nara\u0161taji kr\u0161\u0107ana; katekumenat kao \u0161to je va\u0161; neokatekumenat. Jer nije dovoljno biti kr\u0161ten. Potrebno je ponovno postati katekumen, i tako ve\u0107 kr\u0161teni mo\u017eemo zapo\u010deti jedan put, a ovaj put zapo\u010dinje ulaskom u ovaj neokatekumenat. Zatim se unutar ove  neokatekumenske priprave ra\u0111a i zvanje itineranata jer je Isus svoje najbli\u017ee u\u010denika u\u010dinio apostolima, \u0161to zna\u010di \u201eposlani\u201c, \u0161to zna\u010di \u201eitinerant\u201c. I ja pomalo nastojim nasljedovati va\u0161 primjer, ali je moja itinerancija mnogo manje te\u0161ka. Bar tako mislim.<\/p>\n\n<p>Sada vam \u017eelim da dobro putujete na ovom Putu kojeg ste izabrali i na ovoj itineraciji, gdje god bili; bilo da ste u ovoj \u017eupi ili u drugim rimskim \u017eupama, drugim gradovima, drugim zajednicama Italije ili izvan nje, po cijelom svijetu.<\/p>\n\n<div class=\"wp-block-image\"><figure class=\"alignright size-large\"><img loading=\"lazy\" decoding=\"async\" width=\"679\" height=\"492\" src=\"https:\/\/neocatechumenaleiter.org\/wp-content\/uploads\/2020\/03\/Camino_Neocatecumenal_Juan_Pablo_II_visita_parroquia_Santa_Lucia_1987.jpg\" alt=\"\" class=\"wp-image-8478\" srcset=\"https:\/\/neocatechumenaleiter.org\/wp-content\/uploads\/2020\/03\/Camino_Neocatecumenal_Juan_Pablo_II_visita_parroquia_Santa_Lucia_1987.jpg 679w, https:\/\/neocatechumenaleiter.org\/wp-content\/uploads\/2020\/03\/Camino_Neocatecumenal_Juan_Pablo_II_visita_parroquia_Santa_Lucia_1987-300x217.jpg 300w\" sizes=\"auto, (max-width: 679px) 100vw, 679px\" \/><\/figure><\/div>\n\n<p>\u017delim vam da sa sobom nosite svjedo\u010danstvo zrele vjere. Zbog toga vi zazivate uvijek Djevicu, \u201eTi si povjerovala rije\u010di Gospodnjoj\u201c. Njezina vjera je uistinu najbolje, najvi\u0161e zna\u010denje rije\u010di vjerovati, \u201epovjerovala si\u201c. Ali kako je vjerovala Marija? <\/p>\n\n<p>Ovo je, rekao bih, ne\u0161to izvanredno, ali i to je preslabo re\u010deno. Dakle, s ovom odraslom vjerom po mjeri lika Marije koja je povjerovala rije\u010di Gospodinovoj, vi \u017eelite susresti suvremeni svijet, na\u0161u bra\u0107u i sestre ovog svijeta, u ovom te\u0161kom vremenu, udaljenom od vjere. Jer samo po zreloj vjeri, po goru\u0107oj vjeri, mo\u017ee se upaliti svjetlo vjere i u drugima, posebno onima koji su udaljeni.<\/p>\n\n<p>Od srca vas sve blagoslivljam, va\u0161e obitelji, va\u0161u djecu i va\u0161 Put.<\/p>\n","protected":false},"excerpt":{"rendered":"<p>Pohod \u017eupi sv. Lucije na trgu d&#8217;armi 18-1-1987 Sv. Ivan Pavao II. Rim, 18. sije\u010dnja 1987. Na podru\u010dju kao \u0161to je \u017eupa Sv. Lucije, koje nastanjuju ve\u0107inom osobe vi\u0161eg srednjeg dru\u0161tvenog sloja, jedan od najhitnijih problema je evangelizirati i reevangelizirati tolike udaljene, te o\u017eivjeti vjeru koja je \u010desto samo formalna i povr\u0161na. Kao odgovor na ove zahtjeve prije nekoliko godina u \u017eupi je zapo\u010deo Neokatekumenski put. Rodila se prva zajednica<\/p>\n<div class=\"read-more\"><a class=\"btn read-more-btn\" href=\"https:\/\/neocatechumenaleiter.org\/hr\/rijeci-papa\/sv-ivan-pavao-ii\/pohod-zupi-sv-lucije-na-trgu-darmi-18-1-1987\/\">Nastavi \u010ditati<\/a><\/div>\n","protected":false},"author":2,"featured_media":0,"parent":9680,"menu_order":41,"comment_status":"closed","ping_status":"closed","template":"","meta":{"footnotes":""},"class_list":["post-14385","page","type-page","status-publish","hentry"],"_links":{"self":[{"href":"https:\/\/neocatechumenaleiter.org\/hr\/wp-json\/wp\/v2\/pages\/14385","targetHints":{"allow":["GET"]}}],"collection":[{"href":"https:\/\/neocatechumenaleiter.org\/hr\/wp-json\/wp\/v2\/pages"}],"about":[{"href":"https:\/\/neocatechumenaleiter.org\/hr\/wp-json\/wp\/v2\/types\/page"}],"author":[{"embeddable":true,"href":"https:\/\/neocatechumenaleiter.org\/hr\/wp-json\/wp\/v2\/users\/2"}],"replies":[{"embeddable":true,"href":"https:\/\/neocatechumenaleiter.org\/hr\/wp-json\/wp\/v2\/comments?post=14385"}],"version-history":[{"count":9,"href":"https:\/\/neocatechumenaleiter.org\/hr\/wp-json\/wp\/v2\/pages\/14385\/revisions"}],"predecessor-version":[{"id":17098,"href":"https:\/\/neocatechumenaleiter.org\/hr\/wp-json\/wp\/v2\/pages\/14385\/revisions\/17098"}],"up":[{"embeddable":true,"href":"https:\/\/neocatechumenaleiter.org\/hr\/wp-json\/wp\/v2\/pages\/9680"}],"wp:attachment":[{"href":"https:\/\/neocatechumenaleiter.org\/hr\/wp-json\/wp\/v2\/media?parent=14385"}],"curies":[{"name":"wp","href":"https:\/\/api.w.org\/{rel}","templated":true}]}}