{"id":14715,"date":"2020-02-29T04:22:16","date_gmt":"2020-02-29T03:22:16","guid":{"rendered":"https:\/\/neocatechumenaleiter.org\/rijeci-papa\/franjo\/govor-svetog-oca-pape-franje-predstavnicima-neokatekumenskog-puta-1-ii-2014\/"},"modified":"2021-08-10T10:59:22","modified_gmt":"2021-08-10T09:59:22","slug":"govor-svetog-oca-pape-franje-predstavnicima-neokatekumenskog-puta-1-ii-2014","status":"publish","type":"page","link":"https:\/\/neocatechumenaleiter.org\/hr\/rijeci-papa\/franjo\/govor-svetog-oca-pape-franje-predstavnicima-neokatekumenskog-puta-1-ii-2014\/","title":{"rendered":"Govor svetog Oca Pape Franje predstavnicima neokatekumenskog puta 1-II-2014"},"content":{"rendered":"\n<h1 class=\"has-text-align-center wp-block-heading\">Govor svetog Oca Pape Franje predstavnicima neokatekumenskog puta 1-II-2014<\/h1>\n\n<div style=\"height:20px\" aria-hidden=\"true\" class=\"wp-block-spacer\"><\/div>\n\n<h4 class=\"has-text-align-center wp-block-heading\">Franjo<\/h4>\n\n<div style=\"height:20px\" aria-hidden=\"true\" class=\"wp-block-spacer\"><\/div>\n\n<p><em>Draga bra\u0107o i sestre,<\/em><\/p>\n\n<p>zahvaljujem Gospodinu na radosti va\u0161e vjere i za gorljivost va\u0161eg kr\u0161\u0107anskog svjedo\u010denja, hvala Bogu! Sve vas toplo pozdravljam, po\u010dev\u0161i od Me\u0111unarodne ekipe odgovornih Neokatekumenskog puta, zajedno sa sve\u0107enicima, sjemeni\u0161tarcima i katehistima. Pozdrav pun ljubavi upu\u0107ujem djeci koja su ovdje prisutna u tako velikom broju. Moje misli su na poseban na\u010din s obiteljima koje \u0107e putovati u razli\u010dite dijelove svijeta navije\u0161tati i svjedo\u010diti Evan\u0111elje. Crkva vam je zahvalna na va\u0161oj velikodu\u0161nosti! Zahvaljujem vam na svemu \u0161to radite u Crkvi i svijetu.<\/p>\n\n<p>I upravo u ime Crkve, na\u0161e Majke &#8211; na\u0161e Svete Majke Crkve, hijerarhijske kako je volio re\u0107i sveti Ignacije Lojolski &#8211; u ime Crkve, \u017eelim vam dati nekoliko jednostavnih savjeta. Prvi je biti maksimalno pa\u017eljiv u izgradnji i odr\u017eavanju zajedni\u0161tva unutar mjesnih Crkava u kojima \u0107ete raditi. Put ima svoju karizmu, svoju dinamiku, dar koji kao i svi darovi Duha imaju duboku crkvenu dimenziju; to zna\u010di slu\u0161ati \u017eivot Crkava u koje vas \u0161alju va\u0161i odgovorni, da cijenite njihova bogatstva, trpite zbog njihovih slabosti ako je potrebno i da zajedno hodite, kao jedno stado, pod vodstvom pastira lokalnih Crkava. Zajedni\u0161tvo je neophodno: ponekad je bolje odustati od \u017eivljenja svih pojedinosti koje bi tra\u017eio va\u0161 itinerarij, kako biste zajam\u010dili jedinstvo me\u0111u bra\u0107om koja \u010dine jednu crkvenu zajednicu koje se uvijek morate osje\u0107ati dijelom.<\/p>\n\n<p>Jo\u0161 jedan savjet: kamo god i\u0161li, pomo\u0107i \u0107e vam znati da Duh Bo\u017eji sti\u017ee uvijek prije nas. Ovo je va\u017eno: Gospodin uvijek ide ispred nas! Sjetite se Filipa kad ga Gospodin \u0161alje onim putem gdje sretne upravitelja koji je sjedio na svojoj ko\u010diji (usp. Dj 8,27-28). Duh je stigao prije njega: \u010ditao je proroka Izaiju i nije razumio, ali srce je gorjelo. Stoga, kad mu Filip prilazi, on je ve\u0107 pripremljen za katehezu i kr\u0161tenje. Duh nam uvijek prethodi; Bog uvijek dolazi prije nas! \u010cak i u najudaljenijim mjestima, \u010dak i u najraznovrsnijim kulturama, Bog raspr\u0161uje sjeme svoje Rije\u010di posvuda. Iz toga proizlazi potreba da se posebna pozornost posveti kulturnom kontekstu u kojeg vi obitelji idete: to je okru\u017eenje \u010desto vrlo razli\u010dito od onoga iz kojeg dolazite. Mnogi od vas mu\u010dit \u0107e se nau\u010diti mjesni jezik, ponekad te\u017eak, i ovaj trud je primjetan. Jako je va\u017ena va\u0161a zauzetost da \u201enau\u010dite\u201c kulture s kojima \u0107ete se susresti, znaju\u0107i kako prepoznati potrebu za evan\u0111eljem koja je svuda prisutna, ali i ono djelo koje je Duh Sveti izvr\u0161io u \u017eivotu i povijesti svakog naroda.<\/p>\n\n<p>I na kraju, pozivam vas da s ljubavlju vodite brigu jedni o drugima, posebno o najslabijima. Neokatekumenski put, kao itinerarij otkrivanja vlastitog kr\u0161tenja, zahtjevan je put na kojem neki brat ili sestra mogu prona\u0107i neo\u010dekivane pote\u0161ko\u0107e. U tim je slu\u010dajevima vje\u017ebanje strpljivosti i milosr\u0111a od strane zajednice znak zrelosti u vjeri. Nikoga se ne smije prisiljavati, a tako\u0111er se mora po\u0161tivati mogu\u0107i izbor onih koji odlu\u010de potra\u017eiti izvan Puta druge oblike kr\u0161\u0107anskog \u017eivota koji \u0107e im pomo\u0107i da odrastu u odgovoru na Gospodinov poziv.<\/p>\n\n<p>Drage obitelji, draga bra\u0107o i sestre, ohrabrujem vas da donosite evan\u0111elje Isusa Krista svuda, \u010dak i onima koji su najvi\u0161e dekristijanizirani, posebice na egzistencijalne periferije. Evangelizirajte ljubavlju, svima donosite ljubav Bo\u017eiju. Recite svima onima koje sretnete na ulici u svojoj misiji da Bog voli \u010dovjeka onakvim kakav jest, s njegovim ograni\u010denjima, s njegovim proma\u0161ajima, \u010dak i s njegovim grijesima. Zato je poslao svoga Sina, da uzme na\u0161e grijehe. Budite glasnici i svjedoci beskrajne dobrote i neiscrpne milosti O\u010deve.<\/p>\n\n<p>Povjeravam vas na\u0161oj Majci, Mariji, neka uvijek nadahnjuje i podr\u017eava va\u0161 apostolat. U \u0161koli ove nje\u017ene Majke budite gorljivi i radosni misionari. Ne gubite radost, naprijed!<\/p>\n","protected":false},"excerpt":{"rendered":"<p>Govor svetog Oca Pape Franje predstavnicima neokatekumenskog puta 1-II-2014 Franjo Draga bra\u0107o i sestre, zahvaljujem Gospodinu na radosti va\u0161e vjere i za gorljivost va\u0161eg kr\u0161\u0107anskog svjedo\u010denja, hvala Bogu! Sve vas toplo pozdravljam, po\u010dev\u0161i od Me\u0111unarodne ekipe odgovornih Neokatekumenskog puta, zajedno sa sve\u0107enicima, sjemeni\u0161tarcima i katehistima. Pozdrav pun ljubavi upu\u0107ujem djeci koja su ovdje prisutna u tako velikom broju. Moje misli su na poseban na\u010din s obiteljima koje \u0107e putovati u<\/p>\n<div class=\"read-more\"><a class=\"btn read-more-btn\" href=\"https:\/\/neocatechumenaleiter.org\/hr\/rijeci-papa\/franjo\/govor-svetog-oca-pape-franje-predstavnicima-neokatekumenskog-puta-1-ii-2014\/\">Nastavi \u010ditati<\/a><\/div>\n","protected":false},"author":2,"featured_media":0,"parent":9753,"menu_order":1,"comment_status":"closed","ping_status":"closed","template":"","meta":{"footnotes":""},"class_list":["post-14715","page","type-page","status-publish","hentry"],"_links":{"self":[{"href":"https:\/\/neocatechumenaleiter.org\/hr\/wp-json\/wp\/v2\/pages\/14715","targetHints":{"allow":["GET"]}}],"collection":[{"href":"https:\/\/neocatechumenaleiter.org\/hr\/wp-json\/wp\/v2\/pages"}],"about":[{"href":"https:\/\/neocatechumenaleiter.org\/hr\/wp-json\/wp\/v2\/types\/page"}],"author":[{"embeddable":true,"href":"https:\/\/neocatechumenaleiter.org\/hr\/wp-json\/wp\/v2\/users\/2"}],"replies":[{"embeddable":true,"href":"https:\/\/neocatechumenaleiter.org\/hr\/wp-json\/wp\/v2\/comments?post=14715"}],"version-history":[{"count":9,"href":"https:\/\/neocatechumenaleiter.org\/hr\/wp-json\/wp\/v2\/pages\/14715\/revisions"}],"predecessor-version":[{"id":14724,"href":"https:\/\/neocatechumenaleiter.org\/hr\/wp-json\/wp\/v2\/pages\/14715\/revisions\/14724"}],"up":[{"embeddable":true,"href":"https:\/\/neocatechumenaleiter.org\/hr\/wp-json\/wp\/v2\/pages\/9753"}],"wp:attachment":[{"href":"https:\/\/neocatechumenaleiter.org\/hr\/wp-json\/wp\/v2\/media?parent=14715"}],"curies":[{"name":"wp","href":"https:\/\/api.w.org\/{rel}","templated":true}]}}