{"id":15746,"date":"2020-06-12T10:37:25","date_gmt":"2020-06-12T09:37:25","guid":{"rendered":"https:\/\/neocatechumenaleiter.org\/rijeci-papa\/sv-ivan-pavao-ii\/privatna-audijencija-slanje-trideset-i-sest-obitelji-za-novu-evangelizaciju-27-12-1987\/"},"modified":"2020-09-02T13:27:25","modified_gmt":"2020-09-02T12:27:25","slug":"privatna-audijencija-slanje-trideset-i-sest-obitelji-za-novu-evangelizaciju-27-12-1987","status":"publish","type":"page","link":"https:\/\/neocatechumenaleiter.org\/hr\/rijeci-papa\/sv-ivan-pavao-ii\/privatna-audijencija-slanje-trideset-i-sest-obitelji-za-novu-evangelizaciju-27-12-1987\/","title":{"rendered":"Privatna audijencija slanje trideset i \u0161est obitelji za \u201eNovu Evangelizaciju\u201c 27-12-1987"},"content":{"rendered":"\n<h1 class=\"has-text-align-center wp-block-heading\">Privatna audijencija slanje trideset i \u0161est obitelji za \u201eNovu Evangelizaciju\u201c 27-12-1987<\/h1>\n\n<div style=\"height:20px\" aria-hidden=\"true\" class=\"wp-block-spacer\"><\/div>\n\n<h4 class=\"has-text-align-center wp-block-heading\">Sv. Ivan Pavao II.<\/h4>\n\n<div style=\"height:20px\" aria-hidden=\"true\" class=\"wp-block-spacer\"><\/div>\n\n<p><strong>Blagdan Svete Obitelji. Castel Gandolfo (Rim), 27. prosinca 1987.<\/strong><\/p>\n\n<p><em>Trideset i \u0161est obitelji Neokatekumenskog puta primilo je iz Papinih ruku raspelo koje \u0107e ih pratiti u misionarskim mjestima u koja \u0107e po\u0107i.\u00a0Jednostavna sve\u010danost uru\u010denja bila je u Nedjelju ujutro, 27. prosinca u Castel Gandolfu, nakon uobi\u010dajenog marijanskog susreta Pape s vjernicima u molitvi Angelusa.<\/em><\/p>\n\n<p><em>Prisutnim obiteljima, Papa se obratio slijede\u0107im rije\u010dima:\u00a0 <\/em><\/p>\n\n<p>Predragi prijatelji, zahvaljujem vam za ovaj va\u0161 posjet danas u Castel Gandolfu, na dan tako zna\u010dajan za Bo\u017ei\u0107ne blagdane. Bo\u017ei\u0107 se slavi s velikim liturgijskim slavljem, tako\u0111er i s velikom radosti i sudjelovanjem naroda: ali mo\u017eda nismo dovoljno svjesni onoga \u0161to je Bo\u017ei\u0107<\/p>\n\n<p>Bo\u017ei\u0107 je po\u010detak jednog poslanja, bo\u017eanskog poslanja me\u0111u ljude. Bog koji se ra\u0111a kao Sin \u010dovje\u010dji od \u017eene, poslan je od Oca, od Oca nebeskoga, i ra\u0111a se da ispuni ovo poslanje. I odmah nakon Bo\u017ei\u0107a dolazi slavljenje dana\u0161njeg blagdana: Svete Obitelji. I to je vrlo zna\u010dajno, to zna\u010di da ovo bo\u017eansko poslanje, koje je postalo ljudsko po utjelovljenju Bo\u017eje Rije\u010di, ovo poslanje je povjereno na prvom mjestu obitelji.<\/p>\n\n<p>Ja vidim u ovom susretu i u razvijanju va\u0161eg Neokatekumenskog puta i  u misionarskom planu povjerenom raznim obiteljima \u2013 ne pojedinim osobama nego cijelim obiteljima \u2013 vidim izvr\u0161enje i ostvarenje ovog zna\u010dajnog doga\u0111aja koji pripada povijesti spasenja, povijesti bo\u017eanskog poslanja u cijelu obitelj \u010dovje\u010danstva, me\u0111u ljude, me\u0111u ljudski rod. I \u017eelim vam da sudjelujete u ovom bo\u017eanskom poslanju povjerenom Svetoj Obitelji unutar va\u0161ih obitelji, nadasve u \u017eivotu tih obitelji, \u017eivotu vjernom onome \u0161to je Bo\u017eja volja za ljudsku obitelj i \u0161to je pokazao u Svetoj Nazaretskoj Obitelji.<\/p>\n\n<p>Zatim, poslanje vas zove \u201ead extra\u201c, poslanje zna\u010di \u201ei\u0107i\u201c, \u201epodu\u010davati\u201c, ono \u0161to je Isus rekao apostolima na kraju svoga mesijanskog poslanja na ovoj zemlji. Ali Drugi Vatikanski Koncil vrlo dobro ka\u017ee da su ona dvanaestorica bili predstavnici \u010ditavog novog Izraela, uklju\u010duju\u0107i, naravno, i obitelj koja je temeljna stanica svakog naroda, starog i novog Izraela. Stoga njihovo poslanje mora zahvatiti obitelji: i to nastojimo ponovno otkriti, jer je to bilo kao malo sakriveno, nije bilo dovoljno vrednovano, nije bilo dovoljno ostvareno iako su u Crkvi bile mnoge dobre obiteljske tradicije; ali ova misionarska karakteristi\u010dnost jest jedna odre\u0111ena novina.&#013;\n&#013;\nVjetar va\u0161eg pokreta, ili bolje va\u0161eg Puta, ide upravo za tim da\u00a0ponovno otkrije ovu novost misionarske obitelji: Crkvu u\u00a0<em>status missionis,\u00a0<\/em>Crkvu kao cijelu misionarsku, obitelj u\u00a0<em>status missionis<\/em>\u00a0(stanju misije).<\/p>\n\n<p>\u017delim vam da hodate \u2013 hodati zna\u010di tako\u0111er i micati se \u2013 da dobro hodate ovim putem koji ste prona\u0161li na Neokatekumenskom Putu. <\/p>\n\n<p>\u017delim dati blagoslov svima vama ovdje nazo\u010dnima, onima koji se spremaju na poslanje u dalekim zemljama, a mo\u017eda i ne tako dalekim, ne uvijek geografski, nego vrlo \u010desto duhovno dalekima od vjere, od kr\u0161\u0107anske vizije \u017eivota. <\/p>\n\n<p>Eto to je poslanje obitelji: da pribli\u017ei neku obitelj, koja se je udaljila od vjere, potrebna je prisutnost obitelji, svjedo\u010danstvo obitelji, apostolat obitelji.<\/p>\n\n<figure class=\"wp-block-gallery columns-3 is-cropped wp-block-gallery-1 is-layout-flex wp-block-gallery-is-layout-flex\"><ul class=\"blocks-gallery-grid\"><li class=\"blocks-gallery-item\"><figure><img loading=\"lazy\" decoding=\"async\" width=\"703\" height=\"536\" src=\"https:\/\/neocatechumenaleiter.org\/wp-content\/uploads\/2020\/03\/Camino_Neocatecumenal_Juan_Pablo_II_audiencia_privada_envio_36_familias_mision_1987.jpg\" alt=\"\" data-id=\"2075\" data-full-url=\"https:\/\/neocatechumenaleiter.org\/wp-content\/uploads\/2020\/03\/Camino_Neocatecumenal_Juan_Pablo_II_audiencia_privada_envio_36_familias_mision_1987.jpg\" data-link=\"https:\/\/neocatechumenaleiter.org\/?attachment_id=2075\" class=\"wp-image-8510\" srcset=\"https:\/\/neocatechumenaleiter.org\/wp-content\/uploads\/2020\/03\/Camino_Neocatecumenal_Juan_Pablo_II_audiencia_privada_envio_36_familias_mision_1987.jpg 703w, https:\/\/neocatechumenaleiter.org\/wp-content\/uploads\/2020\/03\/Camino_Neocatecumenal_Juan_Pablo_II_audiencia_privada_envio_36_familias_mision_1987-300x229.jpg 300w\" sizes=\"auto, (max-width: 703px) 100vw, 703px\" \/><\/figure><\/li><li class=\"blocks-gallery-item\"><figure><img loading=\"lazy\" decoding=\"async\" width=\"701\" height=\"569\" src=\"https:\/\/neocatechumenaleiter.org\/wp-content\/uploads\/2020\/03\/Camino_Neocatecumenal_Juan_Pablo_II_audiencia_privada_envio_36_familias_mision_19873.jpg\" alt=\"\" data-id=\"2068\" data-full-url=\"https:\/\/neocatechumenaleiter.org\/wp-content\/uploads\/2020\/03\/Camino_Neocatecumenal_Juan_Pablo_II_audiencia_privada_envio_36_familias_mision_19873.jpg\" data-link=\"https:\/\/neocatechumenaleiter.org\/?attachment_id=2068\" class=\"wp-image-8512\" srcset=\"https:\/\/neocatechumenaleiter.org\/wp-content\/uploads\/2020\/03\/Camino_Neocatecumenal_Juan_Pablo_II_audiencia_privada_envio_36_familias_mision_19873.jpg 701w, https:\/\/neocatechumenaleiter.org\/wp-content\/uploads\/2020\/03\/Camino_Neocatecumenal_Juan_Pablo_II_audiencia_privada_envio_36_familias_mision_19873-300x244.jpg 300w\" sizes=\"auto, (max-width: 701px) 100vw, 701px\" \/><\/figure><\/li><li class=\"blocks-gallery-item\"><figure><img loading=\"lazy\" decoding=\"async\" width=\"768\" height=\"535\" src=\"https:\/\/neocatechumenaleiter.org\/wp-content\/uploads\/2020\/03\/Camino_Neocatecumenal_Juan_Pablo_II_audiencia_privada_envio_36_familias_mision_19872.jpg\" alt=\"\" data-id=\"2061\" data-full-url=\"https:\/\/neocatechumenaleiter.org\/wp-content\/uploads\/2020\/03\/Camino_Neocatecumenal_Juan_Pablo_II_audiencia_privada_envio_36_familias_mision_19872.jpg\" data-link=\"https:\/\/neocatechumenaleiter.org\/?attachment_id=2061\" class=\"wp-image-8514\" srcset=\"https:\/\/neocatechumenaleiter.org\/wp-content\/uploads\/2020\/03\/Camino_Neocatecumenal_Juan_Pablo_II_audiencia_privada_envio_36_familias_mision_19872.jpg 768w, https:\/\/neocatechumenaleiter.org\/wp-content\/uploads\/2020\/03\/Camino_Neocatecumenal_Juan_Pablo_II_audiencia_privada_envio_36_familias_mision_19872-300x209.jpg 300w\" sizes=\"auto, (max-width: 768px) 100vw, 768px\" \/><\/figure><\/li><\/ul><\/figure>","protected":false},"excerpt":{"rendered":"<p>Privatna audijencija slanje trideset i \u0161est obitelji za \u201eNovu Evangelizaciju\u201c 27-12-1987 Sv. Ivan Pavao II. Blagdan Svete Obitelji. Castel Gandolfo (Rim), 27. prosinca 1987. Trideset i \u0161est obitelji Neokatekumenskog puta primilo je iz Papinih ruku raspelo koje \u0107e ih pratiti u misionarskim mjestima u koja \u0107e po\u0107i.\u00a0Jednostavna sve\u010danost uru\u010denja bila je u Nedjelju ujutro, 27. prosinca u Castel Gandolfu, nakon uobi\u010dajenog marijanskog susreta Pape s vjernicima u molitvi Angelusa. Prisutnim<\/p>\n<div class=\"read-more\"><a class=\"btn read-more-btn\" href=\"https:\/\/neocatechumenaleiter.org\/hr\/rijeci-papa\/sv-ivan-pavao-ii\/privatna-audijencija-slanje-trideset-i-sest-obitelji-za-novu-evangelizaciju-27-12-1987\/\">Nastavi \u010ditati<\/a><\/div>\n","protected":false},"author":2,"featured_media":0,"parent":9680,"menu_order":47,"comment_status":"closed","ping_status":"closed","template":"","meta":{"footnotes":""},"class_list":["post-15746","page","type-page","status-publish","hentry"],"_links":{"self":[{"href":"https:\/\/neocatechumenaleiter.org\/hr\/wp-json\/wp\/v2\/pages\/15746","targetHints":{"allow":["GET"]}}],"collection":[{"href":"https:\/\/neocatechumenaleiter.org\/hr\/wp-json\/wp\/v2\/pages"}],"about":[{"href":"https:\/\/neocatechumenaleiter.org\/hr\/wp-json\/wp\/v2\/types\/page"}],"author":[{"embeddable":true,"href":"https:\/\/neocatechumenaleiter.org\/hr\/wp-json\/wp\/v2\/users\/2"}],"replies":[{"embeddable":true,"href":"https:\/\/neocatechumenaleiter.org\/hr\/wp-json\/wp\/v2\/comments?post=15746"}],"version-history":[{"count":5,"href":"https:\/\/neocatechumenaleiter.org\/hr\/wp-json\/wp\/v2\/pages\/15746\/revisions"}],"predecessor-version":[{"id":17096,"href":"https:\/\/neocatechumenaleiter.org\/hr\/wp-json\/wp\/v2\/pages\/15746\/revisions\/17096"}],"up":[{"embeddable":true,"href":"https:\/\/neocatechumenaleiter.org\/hr\/wp-json\/wp\/v2\/pages\/9680"}],"wp:attachment":[{"href":"https:\/\/neocatechumenaleiter.org\/hr\/wp-json\/wp\/v2\/media?parent=15746"}],"curies":[{"name":"wp","href":"https:\/\/api.w.org\/{rel}","templated":true}]}}