{"id":15904,"date":"2020-06-16T09:01:18","date_gmt":"2020-06-16T08:01:18","guid":{"rendered":"https:\/\/neocatechumenaleiter.org\/rijeci-papa\/sv-ivan-pavao-ii\/audijencija-s-mladima-neokatekumenskog-puta-27-3-1988\/"},"modified":"2020-10-02T13:01:58","modified_gmt":"2020-10-02T12:01:58","slug":"audijencija-s-mladima-neokatekumenskog-puta-27-3-1988","status":"publish","type":"page","link":"https:\/\/neocatechumenaleiter.org\/hr\/rijeci-papa\/sv-ivan-pavao-ii\/audijencija-s-mladima-neokatekumenskog-puta-27-3-1988\/","title":{"rendered":"Audijencija s mladima Neokatekumenskog puta 27-3-1988"},"content":{"rendered":"\n<h1 class=\"has-text-align-center wp-block-heading\">Audijencija s mladima Neokatekumenskog puta 27-3-1988<\/h1>\n\n<div style=\"height:20px\" aria-hidden=\"true\" class=\"wp-block-spacer\"><\/div>\n\n<h4 class=\"has-text-align-center wp-block-heading\">Sv. Ivan Pavao II.<\/h4>\n\n<div style=\"height:20px\" aria-hidden=\"true\" class=\"wp-block-spacer\"><\/div>\n\n<div class=\"wp-block-image\"><figure class=\"alignright size-medium\"><img loading=\"lazy\" decoding=\"async\" width=\"300\" height=\"252\" src=\"https:\/\/neocatechumenaleiter.org\/wp-content\/uploads\/2020\/03\/Camino_Neocatecumenal_Juan_Pablo_II_audiencia_con_los_jovenes_1988-300x252.jpg\" alt=\"\" class=\"wp-image-8407\" srcset=\"https:\/\/neocatechumenaleiter.org\/wp-content\/uploads\/2020\/03\/Camino_Neocatecumenal_Juan_Pablo_II_audiencia_con_los_jovenes_1988-300x252.jpg 300w, https:\/\/neocatechumenaleiter.org\/wp-content\/uploads\/2020\/03\/Camino_Neocatecumenal_Juan_Pablo_II_audiencia_con_los_jovenes_1988.jpg 665w\" sizes=\"auto, (max-width: 300px) 100vw, 300px\" \/><\/figure><\/div>\n\n<p><p><strong>Cvjetnica &#8211; Rim, 27. o\u017eujka 1988. (*)<\/strong><\/p><\/p>\n\n<p><p><em>Oko deset tisu\u0107a mladih sudjelovalo je na susretu Neokatekumenskog puta. Na Cvjetnicu su cijelo popodne bili okupljeni u Vatikanu, u auli Pavla VI., o\u010dekuju\u0107i, u molitvi, dolazak Svetog Oca.<\/em> <em>Nakon dvadeset godina velike krize, zvanja se ponovno pojavljuju u Katoli\u010dkoj Crkvi. Jedan pokazatelj tog procesa mogao se vidjeti ju\u010der, na Cvjetnicu, u auli Pavla VI, za vrijeme susreta dvije tisu\u0107e kantora i mladih iz neokatekumenskih zajednica sa Svetim Ocem.<\/em><\/p><\/p>\n\n<p><p><em>Dok su o\u010dekivali Svetog Oca, Kiko Arg\u00fcello, jedan od inicijatora Neokatekumenskog puta, zajedno sa Carmen Hern\u00e0ndez i ocem Mariom Pezzijem, vje\u017ebao je s prisutnima pjesme za Trodnevlje i Vazmeno bdijenje koje neokatekumeni slave cijelu no\u0107 i dr\u017ee za osovinu krsne duhovnosti. Nakon dolaska Svetog Oca, bogoslovi rimskog sjemeni\u0161ta Redemptoris Mater, pra\u0107eni palmama, u procesiji su donijeli drveni kip raspetog Krista, prirodne veli\u010dine, dar neokatekumenskih zajednica Ekvadora.<\/em> <em>\u201eDonositi svijetu raspetog Krista, ovu novu dimenziju ljubavi; \u2013\u00a0rekao je Kiko pred Papom \u2013\u00a0raspeti Krist je Radosna vijest. To nije primjer ugnjetavanja ili mazohizma. Danas svijet \u017eeli izbrisati raspelo i \u017eivi prestravljen pred bilo kojim trpljenjem. Krist je otvorio prijelaz preko smrti. Mi trpimo upravo jer ne ljubimo na ovaj na\u010din, potpuno se darivaju\u0107i drugome. Da li je mogu\u0107e ovako ljubiti? Da, jer nam on daje svoju narav, i \u0161alje nam s neba Duha Svetoga koji je pobijedio smrt i koji nam daruje vje\u010dni \u017eivot, vje\u010dni \u017eivot u nama, unutar nas; novi \u017eivot koji nam daje da mo\u017eemo ljubiti drugoga preko smrti, s njegovim manama. Tako ljubiti zna\u010di sre\u0107u. Kako ne nositi ovu vodu u pustinju dana\u0161njeg svijeta?\u201c.<\/em> <em>Zatim je Kiko pozvao da ustanu oni koji osje\u0107aju ili su ve\u0107 osje\u0107ali poziv na sve\u010deni\u0161tvo ili kontemplativni \u017eivot. \u0160ezdeset pet mladih do\u0161li su pred Svetog Oca: \u010detrdeset mladi\u0107a koji su ustali za sjemeni\u0161te i dvadeset pet djevojaka za samostane klauzure. <\/em><\/p><\/p>\n\n<p><p><em>Iznena\u0111uju\u0107e je vidjeti ovo cvjetanje zvanj\u00e2. U posljednje tri godine vi\u0161e od dvije tisu\u0107e mladih iz neokatekumenskih zajednica u\u0161lo je u razna sjemeni\u0161ta diljem svijeta da bi se pripremali na sve\u010deni\u0161tvo. U Rimu je otvoreno dijecezansko sjemeni\u0161te Redemptoris Mater da bi se u njemu formirali prezbiteri za novu evangelizaciju na koju poziva Ivan Pavao II. Ovi budu\u0107i prezbiteri ne sa\u010dinjavaju\u0107i neku novu kongregaciju, ve\u0107 polaze\u0107i iz svojih biskupija i podr\u017eavani svojim konkretnim zajednicama, po\u0107i \u0107e s obiteljima koje su zavr\u0161ile vrijeme katekumenske formacije i koje su se, na stotine, ponudile za evangelizaciju najsiroma\u0161nijih i najbjednijih raskr\u0161\u0107anjenih krajeva svijeta. <\/em><em>Slijede Papine rije\u010di:<\/em><\/p><\/p>\n\n<p>Ovim danom ulazimo u Veliki Tjedan i u isto vrijeme slavili smo tre\u0107i Svjetski dan mladih. Ovo smo jutro, nad grobom Sv. Petra slavili jedno i drugo. Vrlo sam zadovoljan \u0161to sam tu s vama mladima, pjevaju\u0107i, jer je ovo dan pjesme; \u201ePueri hebraeorum portantes ramos olivarum\u2026\u201c. Dobro znamo ovu antifonu Cvjetnice. To je dan za vas, mladi; da pjevate \u201eHosana! Blagoslovljen onaj koji dolazi u ime Gospodnje!\u201c. To je dan koji su navijestili proroci. Ali dobro znamo da nas Crkva, ovim radosnim i sve\u010danim slavljem palmi, vodi za ruku prema Kristovoj Muci. Ova prolazna radost skriva u sebi otajstvo Muke i kri\u017ea; tj. pashalno otajstvo.&#013;\nDanas se niste ovdje okupili samo da bi pjevali kao i mladi Jeruzalema, ve\u0107 da biste otkrili lik Raspetog, lik Isusa na kri\u017eu, u agoniji. Danas popodne, mnogo ste sati molili; meditirali i molili. Ulaze\u0107i u otajstvo Cvjetnice, otajstvo Kristove Muke, njegova kri\u017ea i Uskrsnu\u0107a, vi zajedni\u010dki razmatrate o Crkvom i o njezinom poslanju, jer je Krist umro na kri\u017eu da bi \u010dovje\u010danstvu dao novi \u017eivot.<\/p>\n\n<div class=\"wp-block-image\"><figure class=\"alignleft size-medium\"><img loading=\"lazy\" decoding=\"async\" width=\"300\" height=\"239\" src=\"https:\/\/neocatechumenaleiter.org\/wp-content\/uploads\/2020\/03\/Camino_Neocatecumenal_Juan_Pablo_II_audiencia_con_los_jovenes_1988_2-300x239.jpg\" alt=\"\" class=\"wp-image-8409\" srcset=\"https:\/\/neocatechumenaleiter.org\/wp-content\/uploads\/2020\/03\/Camino_Neocatecumenal_Juan_Pablo_II_audiencia_con_los_jovenes_1988_2-300x239.jpg 300w, https:\/\/neocatechumenaleiter.org\/wp-content\/uploads\/2020\/03\/Camino_Neocatecumenal_Juan_Pablo_II_audiencia_con_los_jovenes_1988_2.jpg 709w\" sizes=\"auto, (max-width: 300px) 100vw, 300px\" \/><\/figure><\/div>\n\n<p><p>Crkva je, kako ka\u017eu Sveti O\u010devi, utemeljena nadasve u trenutku Njegove smrti; iz njegova boka izvire na\u0161e spasenje. Na simboli\u010dan na\u010din otvara se jedna nova stvarnost, novo bo\u017eansko poslanje koje obuhva\u0107a \u010dovje\u010danstvo. Tako se ra\u0111a Crkva, Crkva koja je \u201eu Kristu kao sakrament \u2026 intimnog jedinstva s Bogom i jedinstva cijelog ljudskog roda\u201c kako nam ka\u017ee II. vatikanski sabor (L.G. 1). Isus je svoje u\u010denike pripremio na ovaj pashalni trenutak. Zapravo, nakon uskrsnu\u0107a, pojavit \u0107e se svojim u\u010denicima, probodenih ruku, nogu i boka, da bi im darovao Duha Svetoga i da bi im ve\u0107 navijestio ovo poslanje koje spada na njih, na ovaj novi Izrael kojeg su oni, Apostoli, pralik i po\u010detak.<\/p><\/p>\n\n<p>Tako Crkva zapo\u010dinje vr\u0161iti svoje poslanje i postaje misionarska. Ako ozbiljno razmi\u0161ljamo o pashalnom otajstvu Isusa Krista, ne mo\u017eemo Crkvu odvojiti od njegova otajstva i poslanja. Vi ovdje molite i razmi\u0161ljate o poslanju Crkve u \u010ditavom svijetu. Ovo poslanje tra\u017ei misionare, tra\u017ei apostole. Misionari nastavljaju poslanje apostola. II. vatikanski sabor nam ka\u017ee da je cijela Crkva misionarska po svojoj naravi. Misionarska zna\u010di apostolska; zna\u010di poslana. Vi \u017eivite ovaj trenutak poziva i poslanja Crkve koja je sastavljena od razli\u010ditih karizmi i slu\u017ebi. Ovo jedinstveno poslanje Crkve proizlazi, nadasve danas, i na temelju apostolata laika. Ali Crkvi i njezinu poslanju potrebni su sve\u0107eni\u010dki i redovni\u010dki pozivi. Vidio sam ovdje neke mlade koji su se spontano predstavili da bi rekli ovom zboru: \u201eEvo me, dolazim\u201c. Odmah sam pomislio da se ovakvo predanje mo\u017ee u\u010diniti samo pred Bogom. Ali ako se ono \u010dini tako\u0111er i pred ljudima, \u010dini se prije svega u obitelji, a vi ste jedna obitelj. Ukoliko se ovakvi odabiri mogu u\u010diniti ovako, spontano, snagom Duha Svetoga, tada to zna\u010di da ste vi jedna obitelj. Zbilja, ako jedan mladi\u0107 ili djevojka mo\u017ee izi\u0107i pred svih i re\u0107i pred svima raspetom Kristu: \u201eEvo, tvoj sam\u201c, to zna\u010di da vas Bog ljubi, da vas Bog zove.&#013;\nVeoma sam svjestan, duboko svjestan milosti sve\u0107eni\u010dkih zvanja i redovni\u010dkih zvanja. To je milost za one koji su pozvani, ali je u isto vrijeme i dar za zajednicu, za Crkvu, za njezino poslanje i za njezinu \u010dvrsto\u0107u. <\/p>\n\n<p>Ako je Crkva, kako nas podsje\u0107a Drugi vatikanski sabor, sve\u0107eni\u010dki narod, ako svi vjernici imaju jedno zajedni\u010dko sve\u0107eni\u0161tvo, ono krsno, utoliko se bolje vidi potreba onih koji su pozvani u sve\u0107eni\u0161tvo da bi pobu\u0111ivali svijest zajedni\u010dkog sve\u0107eni\u0161tva svima i izrazili ovu sve\u0107eni\u010dku karakteristiku svih dionika, a potom i slu\u017eili. Sve\u0107eni\u0161tvo je naime vrlo va\u017ena slu\u017eba.&#013;\nTo znamo tako\u0111er i iz negativnog i bolnog iskustva pomanjkanja sve\u0107eni\u010dkih i redovni\u010dkih zvanja. Crkva ne mo\u017ee biti to \u0161to jest ako ne te\u017ee\u0107i za Kraljevstvom nebeskim, \u0161tovi\u0161e anticipiraju\u0107i Bo\u017eje kraljevstvo ve\u0107 ovdje na zemlji. Osobe, mu\u0161karci i \u017eene, moraju biti sposobni slijediti Krista siroma\u0161noga, Krista djevi\u010danskoga, Krista poslu\u0161noga sve do smrti na kri\u017eu. Radi se o temeljnim, bitnim, sastavnim dimenzijama Crkve.<\/p>\n\n<p>Kad ima sve\u0107eni\u010dkih i redovni\u010dkih zvanja, ima se dokaz autenti\u010dnog katoli\u010danstva mjesnih Crkava, \u017eupa, kao i kr\u0161\u0107anskih obitelji. Neko\u0107, a mo\u017eda i danas ima obitelji koje me\u0111u njihovim sinovima i k\u0107erima imaju sve\u0107eni\u010dkih i redovni\u010dkih zvanja i time se ponose. Obitelj je, to znamo ku\u0107na Crkva, \u017eiva i \u017eivotvorna stanica Crkve. <\/p>\n\n<p>Time sam vam rekao ono \u0161to mi je le\u017ealo na srcu. Zahvalan sam roditeljima, obiteljima i zajednicama sposobnima da budu podneblje rasta i sazrijevanja sve\u0107eni\u010dkih i redovni\u010dkih zvanja uvijek i posvuda. Zahvalan sam va\u0161oj obitelji i va\u0161oj zajednici \u0161to se brinu da pobude, rastu i sazrijevaju zvanja. Na\u0161 raspeti i uskrsli Gospodin neka blagoslovi ovo djelo zvanj\u00e2 va\u0161e velike obitelji koja raste iz dana u dan. Na\u0161 Gospodin neka dade svima duboko i smiono kr\u0161\u0107ansko zvanje: zaru\u010dnicima zvanje za brak, supru\u017eni\u010dko, obiteljsko, zvanje roditelja i odgojitelja. Onima koji u sebi osje\u0107aju neko drugo zvanje, neka dade sposobnosti da slijede sve\u0107eni\u010dko ili redovni\u010dko zvanje, prihva\u0107aju\u0107i taj dar Duha koji uvijek dolazi iz probodena Srca na\u0161eg Spasitelja koji visi na kri\u017eu.<\/p>\n\n<p><p><em>(*) Usp.\u00a0<\/em><em>\u00bb<\/em><em>Avvenire<\/em><em>\u00ab<\/em><em>, 29. o\u017eujka 1988. i <\/em><em>\u00bb<\/em><em>L\u2019Osservatore Romano<\/em><em>\u00ab<\/em><em>, 28.-29. o\u017eujka 1988.<\/em><\/p><\/p>\n","protected":false},"excerpt":{"rendered":"<p>Audijencija s mladima Neokatekumenskog puta 27-3-1988 Sv. Ivan Pavao II. Cvjetnica &#8211; Rim, 27. o\u017eujka 1988. (*) Oko deset tisu\u0107a mladih sudjelovalo je na susretu Neokatekumenskog puta. Na Cvjetnicu su cijelo popodne bili okupljeni u Vatikanu, u auli Pavla VI., o\u010dekuju\u0107i, u molitvi, dolazak Svetog Oca. Nakon dvadeset godina velike krize, zvanja se ponovno pojavljuju u Katoli\u010dkoj Crkvi. Jedan pokazatelj tog procesa mogao se vidjeti ju\u010der, na Cvjetnicu, u auli<\/p>\n<div class=\"read-more\"><a class=\"btn read-more-btn\" href=\"https:\/\/neocatechumenaleiter.org\/hr\/rijeci-papa\/sv-ivan-pavao-ii\/audijencija-s-mladima-neokatekumenskog-puta-27-3-1988\/\">Nastavi \u010ditati<\/a><\/div>\n","protected":false},"author":2,"featured_media":0,"parent":9680,"menu_order":49,"comment_status":"closed","ping_status":"closed","template":"","meta":{"footnotes":""},"class_list":["post-15904","page","type-page","status-publish","hentry"],"_links":{"self":[{"href":"https:\/\/neocatechumenaleiter.org\/hr\/wp-json\/wp\/v2\/pages\/15904","targetHints":{"allow":["GET"]}}],"collection":[{"href":"https:\/\/neocatechumenaleiter.org\/hr\/wp-json\/wp\/v2\/pages"}],"about":[{"href":"https:\/\/neocatechumenaleiter.org\/hr\/wp-json\/wp\/v2\/types\/page"}],"author":[{"embeddable":true,"href":"https:\/\/neocatechumenaleiter.org\/hr\/wp-json\/wp\/v2\/users\/2"}],"replies":[{"embeddable":true,"href":"https:\/\/neocatechumenaleiter.org\/hr\/wp-json\/wp\/v2\/comments?post=15904"}],"version-history":[{"count":5,"href":"https:\/\/neocatechumenaleiter.org\/hr\/wp-json\/wp\/v2\/pages\/15904\/revisions"}],"predecessor-version":[{"id":18075,"href":"https:\/\/neocatechumenaleiter.org\/hr\/wp-json\/wp\/v2\/pages\/15904\/revisions\/18075"}],"up":[{"embeddable":true,"href":"https:\/\/neocatechumenaleiter.org\/hr\/wp-json\/wp\/v2\/pages\/9680"}],"wp:attachment":[{"href":"https:\/\/neocatechumenaleiter.org\/hr\/wp-json\/wp\/v2\/media?parent=15904"}],"curies":[{"name":"wp","href":"https:\/\/api.w.org\/{rel}","templated":true}]}}